{"id":4683,"date":"2025-01-19T12:20:05","date_gmt":"2025-01-19T10:20:05","guid":{"rendered":"https:\/\/blog.edu.turku.fi\/kerttulinlukio\/?page_id=4683"},"modified":"2025-03-10T14:02:33","modified_gmt":"2025-03-10T12:02:33","slug":"syyskuu-2024","status":"publish","type":"page","link":"https:\/\/blog.edu.turku.fi\/kerttulinlukio\/syyskuu-2024\/","title":{"rendered":"Syyskuu 2024"},"content":{"rendered":"<p>Kerttulin lukion syyskuu oli t\u00e4ynn\u00e4 kovaa ty\u00f6ntekoa, mutta my\u00f6s juhlintaa! Lukiolaisten usean lukuvuoden uurastus huipentui syksyn ylioppilaskirjoituksiin. Juhlatunnelmasta saatiin puolestaan nauttia TJ-100 p\u00e4iv\u00e4n aikana (kuvat alla)<\/p>\n<p><img loading=\"lazy\" decoding=\"async\" class=\"alignnone wp-image-4687 size-large\" src=\"https:\/\/blog.edu.turku.fi\/kerttulinlukio\/files\/2024\/11\/IMG_4426-195x300-1-195x300.jpg\" alt=\"\" width=\"195\" height=\"300\" \/><\/p>\n<p><img loading=\"lazy\" decoding=\"async\" class=\"alignnone wp-image-4684 size-large\" src=\"https:\/\/blog.edu.turku.fi\/kerttulinlukio\/files\/2024\/11\/9b2ee538-9d81-4f5a-a050-8566f0306aa3-1000x750.jpeg\" alt=\"\" width=\"1000\" height=\"750\" srcset=\"https:\/\/blog.edu.turku.fi\/kerttulinlukio\/files\/2024\/11\/9b2ee538-9d81-4f5a-a050-8566f0306aa3.jpeg 1000w, https:\/\/blog.edu.turku.fi\/kerttulinlukio\/files\/2024\/11\/9b2ee538-9d81-4f5a-a050-8566f0306aa3-300x225.jpeg 300w\" sizes=\"auto, (max-width: 709px) 85vw, (max-width: 909px) 67vw, (max-width: 1362px) 62vw, 840px\" \/><\/p>\n<p><img loading=\"lazy\" decoding=\"async\" class=\"alignnone wp-image-4685 size-large\" src=\"https:\/\/blog.edu.turku.fi\/kerttulinlukio\/files\/2024\/11\/0c8f59e2-a87b-4630-8b3b-9abf50983bf0-936x1000.jpeg\" alt=\"\" width=\"936\" height=\"1000\" srcset=\"https:\/\/blog.edu.turku.fi\/kerttulinlukio\/files\/2024\/11\/0c8f59e2-a87b-4630-8b3b-9abf50983bf0.jpeg 936w, https:\/\/blog.edu.turku.fi\/kerttulinlukio\/files\/2024\/11\/0c8f59e2-a87b-4630-8b3b-9abf50983bf0-281x300.jpeg 281w\" sizes=\"auto, (max-width: 709px) 85vw, (max-width: 909px) 67vw, (max-width: 1362px) 62vw, 840px\" \/><\/p>\n<p>Syyskuussa my\u00f6s py\u00f6r\u00e4hti k\u00e4yntiin kaikille ensimm\u00e4isen vuoden opiskelijoille yhteinen Mindful student -kurssi, jonka aikana pohdittiin miten itselle t\u00e4rkeit\u00e4 asioita voi ja kannattaa tasapainottaa kesken\u00e4\u00e4n. Lis\u00e4ksi koulumme UE-ryhm\u00e4t k\u00e4viv\u00e4t vierailemassa Turun synagogassa.<\/p>\n<p><img loading=\"lazy\" decoding=\"async\" class=\"alignnone wp-image-5006 size-large\" src=\"https:\/\/blog.edu.turku.fi\/kerttulinlukio\/files\/2025\/03\/synagoga-720x468.jpg\" alt=\"\" width=\"720\" height=\"468\" srcset=\"https:\/\/blog.edu.turku.fi\/kerttulinlukio\/files\/2025\/03\/synagoga.jpg 720w, https:\/\/blog.edu.turku.fi\/kerttulinlukio\/files\/2025\/03\/synagoga-300x195.jpg 300w\" sizes=\"auto, (max-width: 720px) 85vw, 720px\" \/><\/p>\n","protected":false},"excerpt":{"rendered":"<p>Kerttulin lukion syyskuu oli t\u00e4ynn\u00e4 kovaa ty\u00f6ntekoa, mutta my\u00f6s juhlintaa! Lukiolaisten usean lukuvuoden uurastus huipentui syksyn ylioppilaskirjoituksiin. Juhlatunnelmasta saatiin puolestaan nauttia TJ-100 p\u00e4iv\u00e4n aikana (kuvat alla) Syyskuussa my\u00f6s py\u00f6r\u00e4hti k\u00e4yntiin kaikille ensimm\u00e4isen vuoden opiskelijoille yhteinen Mindful student -kurssi, jonka aikana pohdittiin miten itselle t\u00e4rkeit\u00e4 asioita voi ja kannattaa tasapainottaa kesken\u00e4\u00e4n. Lis\u00e4ksi koulumme UE-ryhm\u00e4t k\u00e4viv\u00e4t vierailemassa &hellip; <a href=\"https:\/\/blog.edu.turku.fi\/kerttulinlukio\/syyskuu-2024\/\" class=\"more-link\">Jatka lukemista<span class=\"screen-reader-text\"> &#8221;Syyskuu 2024&#8221;<\/span><\/a><\/p>\n","protected":false},"author":3413,"featured_media":0,"parent":0,"menu_order":2,"comment_status":"closed","ping_status":"closed","template":"","meta":{"footnotes":""},"class_list":["post-4683","page","type-page","status-publish","hentry"],"_links":{"self":[{"href":"https:\/\/blog.edu.turku.fi\/kerttulinlukio\/wp-json\/wp\/v2\/pages\/4683","targetHints":{"allow":["GET"]}}],"collection":[{"href":"https:\/\/blog.edu.turku.fi\/kerttulinlukio\/wp-json\/wp\/v2\/pages"}],"about":[{"href":"https:\/\/blog.edu.turku.fi\/kerttulinlukio\/wp-json\/wp\/v2\/types\/page"}],"author":[{"embeddable":true,"href":"https:\/\/blog.edu.turku.fi\/kerttulinlukio\/wp-json\/wp\/v2\/users\/3413"}],"replies":[{"embeddable":true,"href":"https:\/\/blog.edu.turku.fi\/kerttulinlukio\/wp-json\/wp\/v2\/comments?post=4683"}],"version-history":[{"count":4,"href":"https:\/\/blog.edu.turku.fi\/kerttulinlukio\/wp-json\/wp\/v2\/pages\/4683\/revisions"}],"predecessor-version":[{"id":5007,"href":"https:\/\/blog.edu.turku.fi\/kerttulinlukio\/wp-json\/wp\/v2\/pages\/4683\/revisions\/5007"}],"wp:attachment":[{"href":"https:\/\/blog.edu.turku.fi\/kerttulinlukio\/wp-json\/wp\/v2\/media?parent=4683"}],"curies":[{"name":"wp","href":"https:\/\/api.w.org\/{rel}","templated":true}]}}