{"id":4638,"date":"2024-10-23T13:14:21","date_gmt":"2024-10-23T10:14:21","guid":{"rendered":"https:\/\/blog.edu.turku.fi\/kerttulinlukio\/?page_id=4638"},"modified":"2024-12-08T17:26:30","modified_gmt":"2024-12-08T15:26:30","slug":"elokuu-2024","status":"publish","type":"page","link":"https:\/\/blog.edu.turku.fi\/kerttulinlukio\/elokuu-2024\/","title":{"rendered":"Elokuu 2024"},"content":{"rendered":"<p>Opiskelijoiden lukuvuosi alkoi helteisess\u00e4 s\u00e4\u00e4ss\u00e4 8.8. Ensimm\u00e4isen vuoden opiskelijat saivat tietokoneet sek\u00e4 tutustuivat opiskeluymp\u00e4rist\u00f6\u00f6ns\u00e4 ja toisiinsa mm. koulusuunnistuksen avulla.<\/p>\n<p><img loading=\"lazy\" decoding=\"async\" class=\"wp-image-4501 size-large aligncenter\" src=\"https:\/\/blog.edu.turku.fi\/kerttulinlukio\/files\/2024\/08\/7b269296-4093-49f4-8a4e-6824179760f5-1000x750.jpg\" alt=\"\" width=\"1000\" height=\"750\" srcset=\"https:\/\/blog.edu.turku.fi\/kerttulinlukio\/files\/2024\/08\/7b269296-4093-49f4-8a4e-6824179760f5.jpg 1000w, https:\/\/blog.edu.turku.fi\/kerttulinlukio\/files\/2024\/08\/7b269296-4093-49f4-8a4e-6824179760f5-300x225.jpg 300w\" sizes=\"auto, (max-width: 709px) 85vw, (max-width: 909px) 67vw, (max-width: 1362px) 62vw, 840px\" \/><\/p>\n<p><img loading=\"lazy\" decoding=\"async\" class=\"wp-image-4502 size-large aligncenter\" src=\"https:\/\/blog.edu.turku.fi\/kerttulinlukio\/files\/2024\/08\/IMG_0466-640x480.jpg\" alt=\"\" width=\"640\" height=\"480\" srcset=\"https:\/\/blog.edu.turku.fi\/kerttulinlukio\/files\/2024\/08\/IMG_0466.jpg 640w, https:\/\/blog.edu.turku.fi\/kerttulinlukio\/files\/2024\/08\/IMG_0466-300x225.jpg 300w\" sizes=\"auto, (max-width: 640px) 85vw, 640px\" \/><\/p>\n<p><img loading=\"lazy\" decoding=\"async\" class=\"aligncenter wp-image-4505 size-large\" src=\"https:\/\/blog.edu.turku.fi\/kerttulinlukio\/files\/2024\/08\/93fce694-7979-4d5e-be8c-cd68c003fae9-918x1000.jpg\" alt=\"\" width=\"918\" height=\"1000\" srcset=\"https:\/\/blog.edu.turku.fi\/kerttulinlukio\/files\/2024\/08\/93fce694-7979-4d5e-be8c-cd68c003fae9.jpg 918w, https:\/\/blog.edu.turku.fi\/kerttulinlukio\/files\/2024\/08\/93fce694-7979-4d5e-be8c-cd68c003fae9-275x300.jpg 275w\" sizes=\"auto, (max-width: 709px) 85vw, (max-width: 909px) 67vw, (max-width: 1362px) 62vw, 840px\" \/><\/p>\n<p>Varsinainen tutustumisiltap\u00e4iv\u00e4 pidettiin perjantaina 16.8. Tuolloin leikitettiin opiskelijoita ja haastettiin opiskelijoiden luovuutta mm. torninrakennuskisoissa.<\/p>\n<p><img loading=\"lazy\" decoding=\"async\" class=\"aligncenter wp-image-4530 size-large\" src=\"https:\/\/blog.edu.turku.fi\/kerttulinlukio\/files\/2024\/08\/9ba518b2-bcd5-472f-8d1a-1d9d78fae308-750x1000.jpg\" alt=\"\" width=\"750\" height=\"1000\" srcset=\"https:\/\/blog.edu.turku.fi\/kerttulinlukio\/files\/2024\/08\/9ba518b2-bcd5-472f-8d1a-1d9d78fae308.jpg 750w, https:\/\/blog.edu.turku.fi\/kerttulinlukio\/files\/2024\/08\/9ba518b2-bcd5-472f-8d1a-1d9d78fae308-225x300.jpg 225w\" sizes=\"auto, (max-width: 750px) 85vw, 750px\" \/><img loading=\"lazy\" decoding=\"async\" class=\"aligncenter wp-image-4531 size-large\" src=\"https:\/\/blog.edu.turku.fi\/kerttulinlukio\/files\/2024\/08\/440d2a79-c1df-45ef-8074-a6a07e5ba474-750x1000.jpg\" alt=\"\" width=\"750\" height=\"1000\" srcset=\"https:\/\/blog.edu.turku.fi\/kerttulinlukio\/files\/2024\/08\/440d2a79-c1df-45ef-8074-a6a07e5ba474.jpg 750w, https:\/\/blog.edu.turku.fi\/kerttulinlukio\/files\/2024\/08\/440d2a79-c1df-45ef-8074-a6a07e5ba474-225x300.jpg 225w\" sizes=\"auto, (max-width: 750px) 85vw, 750px\" \/><img loading=\"lazy\" decoding=\"async\" class=\"aligncenter wp-image-4533 size-large\" src=\"https:\/\/blog.edu.turku.fi\/kerttulinlukio\/files\/2024\/08\/cc48863a-7ed2-46d0-900e-ff9c509568ed-750x1000.jpg\" alt=\"\" width=\"750\" height=\"1000\" srcset=\"https:\/\/blog.edu.turku.fi\/kerttulinlukio\/files\/2024\/08\/cc48863a-7ed2-46d0-900e-ff9c509568ed.jpg 750w, https:\/\/blog.edu.turku.fi\/kerttulinlukio\/files\/2024\/08\/cc48863a-7ed2-46d0-900e-ff9c509568ed-225x300.jpg 225w\" sizes=\"auto, (max-width: 750px) 85vw, 750px\" \/><img loading=\"lazy\" decoding=\"async\" class=\"aligncenter wp-image-4528 size-large\" src=\"https:\/\/blog.edu.turku.fi\/kerttulinlukio\/files\/2024\/08\/IMG_0547-640x480.jpg\" alt=\"\" width=\"640\" height=\"480\" srcset=\"https:\/\/blog.edu.turku.fi\/kerttulinlukio\/files\/2024\/08\/IMG_0547.jpg 640w, https:\/\/blog.edu.turku.fi\/kerttulinlukio\/files\/2024\/08\/IMG_0547-300x225.jpg 300w\" sizes=\"auto, (max-width: 640px) 85vw, 640px\" \/><img loading=\"lazy\" decoding=\"async\" class=\"aligncenter wp-image-4532 size-large\" src=\"https:\/\/blog.edu.turku.fi\/kerttulinlukio\/files\/2024\/08\/IMG_0549-rotated-480x640.jpg\" alt=\"\" width=\"480\" height=\"640\" srcset=\"https:\/\/blog.edu.turku.fi\/kerttulinlukio\/files\/2024\/08\/IMG_0549-rotated.jpg 480w, https:\/\/blog.edu.turku.fi\/kerttulinlukio\/files\/2024\/08\/IMG_0549-rotated-225x300.jpg 225w\" sizes=\"auto, (max-width: 480px) 85vw, 480px\" \/><\/p>\n","protected":false},"excerpt":{"rendered":"<p>Opiskelijoiden lukuvuosi alkoi helteisess\u00e4 s\u00e4\u00e4ss\u00e4 8.8. Ensimm\u00e4isen vuoden opiskelijat saivat tietokoneet sek\u00e4 tutustuivat opiskeluymp\u00e4rist\u00f6\u00f6ns\u00e4 ja toisiinsa mm. koulusuunnistuksen avulla. Varsinainen tutustumisiltap\u00e4iv\u00e4 pidettiin perjantaina 16.8. Tuolloin leikitettiin opiskelijoita ja haastettiin opiskelijoiden luovuutta mm. torninrakennuskisoissa.<\/p>\n","protected":false},"author":3272,"featured_media":0,"parent":0,"menu_order":0,"comment_status":"closed","ping_status":"closed","template":"","meta":{"footnotes":""},"class_list":["post-4638","page","type-page","status-publish","hentry"],"_links":{"self":[{"href":"https:\/\/blog.edu.turku.fi\/kerttulinlukio\/wp-json\/wp\/v2\/pages\/4638","targetHints":{"allow":["GET"]}}],"collection":[{"href":"https:\/\/blog.edu.turku.fi\/kerttulinlukio\/wp-json\/wp\/v2\/pages"}],"about":[{"href":"https:\/\/blog.edu.turku.fi\/kerttulinlukio\/wp-json\/wp\/v2\/types\/page"}],"author":[{"embeddable":true,"href":"https:\/\/blog.edu.turku.fi\/kerttulinlukio\/wp-json\/wp\/v2\/users\/3272"}],"replies":[{"embeddable":true,"href":"https:\/\/blog.edu.turku.fi\/kerttulinlukio\/wp-json\/wp\/v2\/comments?post=4638"}],"version-history":[{"count":4,"href":"https:\/\/blog.edu.turku.fi\/kerttulinlukio\/wp-json\/wp\/v2\/pages\/4638\/revisions"}],"predecessor-version":[{"id":4759,"href":"https:\/\/blog.edu.turku.fi\/kerttulinlukio\/wp-json\/wp\/v2\/pages\/4638\/revisions\/4759"}],"wp:attachment":[{"href":"https:\/\/blog.edu.turku.fi\/kerttulinlukio\/wp-json\/wp\/v2\/media?parent=4638"}],"curies":[{"name":"wp","href":"https:\/\/api.w.org\/{rel}","templated":true}]}}