{"id":4445,"date":"2024-05-31T17:13:49","date_gmt":"2024-05-31T14:13:49","guid":{"rendered":"https:\/\/blog.edu.turku.fi\/kerttulinlukio\/?page_id=4445"},"modified":"2024-05-31T17:21:49","modified_gmt":"2024-05-31T14:21:49","slug":"toukokuu-2024","status":"publish","type":"page","link":"https:\/\/blog.edu.turku.fi\/kerttulinlukio\/toukokuu-2024\/","title":{"rendered":"Toukokuu 2024"},"content":{"rendered":"<p><span style=\"font-weight: 400\">Toukokuussa kilpailtiin koulujen v\u00e4lisest\u00e4 mestaruudesta niin pes\u00e4pallossa kuin lentopallossakin. Kerttuli oli ly\u00f6m\u00e4t\u00f6n!<\/span><\/p>\n<p><img loading=\"lazy\" decoding=\"async\" class=\"wp-image-4340 size-large aligncenter\" src=\"https:\/\/blog.edu.turku.fi\/kerttulinlukio\/files\/2024\/05\/98aba165-3396-4aba-a603-beb1a3eb52de-750x1000.jpg\" alt=\"\" width=\"750\" height=\"1000\" srcset=\"https:\/\/blog.edu.turku.fi\/kerttulinlukio\/files\/2024\/05\/98aba165-3396-4aba-a603-beb1a3eb52de.jpg 750w, https:\/\/blog.edu.turku.fi\/kerttulinlukio\/files\/2024\/05\/98aba165-3396-4aba-a603-beb1a3eb52de-225x300.jpg 225w\" sizes=\"auto, (max-width: 750px) 85vw, 750px\" \/> <img loading=\"lazy\" decoding=\"async\" class=\"wp-image-4341 size-large aligncenter\" src=\"https:\/\/blog.edu.turku.fi\/kerttulinlukio\/files\/2024\/05\/1ce317ff-aeeb-458b-9b20-c01a03a209cc-1000x892.jpg\" alt=\"\" width=\"1000\" height=\"892\" srcset=\"https:\/\/blog.edu.turku.fi\/kerttulinlukio\/files\/2024\/05\/1ce317ff-aeeb-458b-9b20-c01a03a209cc.jpg 1000w, https:\/\/blog.edu.turku.fi\/kerttulinlukio\/files\/2024\/05\/1ce317ff-aeeb-458b-9b20-c01a03a209cc-300x268.jpg 300w\" sizes=\"auto, (max-width: 709px) 85vw, (max-width: 909px) 67vw, (max-width: 1362px) 62vw, 840px\" \/><img loading=\"lazy\" decoding=\"async\" class=\"aligncenter wp-image-4397 size-large\" src=\"https:\/\/blog.edu.turku.fi\/kerttulinlukio\/files\/2024\/05\/7e64e605-2930-47fd-8a0d-8eb81271c28f-640x587.jpg\" alt=\"\" width=\"640\" height=\"587\" srcset=\"https:\/\/blog.edu.turku.fi\/kerttulinlukio\/files\/2024\/05\/7e64e605-2930-47fd-8a0d-8eb81271c28f.jpg 640w, https:\/\/blog.edu.turku.fi\/kerttulinlukio\/files\/2024\/05\/7e64e605-2930-47fd-8a0d-8eb81271c28f-300x275.jpg 300w\" sizes=\"auto, (max-width: 640px) 85vw, 640px\" \/><\/p>\n<p><span style=\"font-weight: 400\">Vapun aattona koulussa oli turvallisuusteemaista tapahtumaa sek\u00e4 tutustumista Turun historiaan k\u00e4velykierroksella. Samalla pidettiin huolta ympr\u00e4rist\u00f6st\u00e4 osallistumalla Ylen Miljoona roskapussia -ker\u00e4yshaasteeseen.<\/span><\/p>\n<p><img loading=\"lazy\" decoding=\"async\" class=\"wp-image-4347 size-large aligncenter\" src=\"https:\/\/blog.edu.turku.fi\/kerttulinlukio\/files\/2024\/05\/thumbnail_IMG_9343-481x640.jpg\" alt=\"\" width=\"481\" height=\"640\" srcset=\"https:\/\/blog.edu.turku.fi\/kerttulinlukio\/files\/2024\/05\/thumbnail_IMG_9343.jpg 481w, https:\/\/blog.edu.turku.fi\/kerttulinlukio\/files\/2024\/05\/thumbnail_IMG_9343-225x300.jpg 225w\" sizes=\"auto, (max-width: 481px) 85vw, 481px\" \/> <img loading=\"lazy\" decoding=\"async\" class=\"wp-image-4346 size-large aligncenter\" src=\"https:\/\/blog.edu.turku.fi\/kerttulinlukio\/files\/2024\/05\/thumbnail_IMG_9345-481x640.jpg\" alt=\"\" width=\"481\" height=\"640\" srcset=\"https:\/\/blog.edu.turku.fi\/kerttulinlukio\/files\/2024\/05\/thumbnail_IMG_9345.jpg 481w, https:\/\/blog.edu.turku.fi\/kerttulinlukio\/files\/2024\/05\/thumbnail_IMG_9345-225x300.jpg 225w\" sizes=\"auto, (max-width: 481px) 85vw, 481px\" \/> <img loading=\"lazy\" decoding=\"async\" class=\"wp-image-4345 size-large aligncenter\" src=\"https:\/\/blog.edu.turku.fi\/kerttulinlukio\/files\/2024\/05\/thumbnail_IMG_9347-640x481.jpg\" alt=\"\" width=\"640\" height=\"481\" srcset=\"https:\/\/blog.edu.turku.fi\/kerttulinlukio\/files\/2024\/05\/thumbnail_IMG_9347.jpg 640w, https:\/\/blog.edu.turku.fi\/kerttulinlukio\/files\/2024\/05\/thumbnail_IMG_9347-300x225.jpg 300w\" sizes=\"auto, (max-width: 640px) 85vw, 640px\" \/> <img loading=\"lazy\" decoding=\"async\" class=\"wp-image-4348 size-large aligncenter\" src=\"https:\/\/blog.edu.turku.fi\/kerttulinlukio\/files\/2024\/05\/thumbnail_9ef35e40-881c-491e-a1e5-eb88d4d015ff-360x640.jpg\" alt=\"\" width=\"360\" height=\"640\" srcset=\"https:\/\/blog.edu.turku.fi\/kerttulinlukio\/files\/2024\/05\/thumbnail_9ef35e40-881c-491e-a1e5-eb88d4d015ff.jpg 360w, https:\/\/blog.edu.turku.fi\/kerttulinlukio\/files\/2024\/05\/thumbnail_9ef35e40-881c-491e-a1e5-eb88d4d015ff-169x300.jpg 169w\" sizes=\"auto, (max-width: 360px) 85vw, 360px\" \/> <img loading=\"lazy\" decoding=\"async\" class=\"wp-image-4350 size-large aligncenter\" src=\"https:\/\/blog.edu.turku.fi\/kerttulinlukio\/files\/2024\/05\/thumbnail_7a42c41d-c434-43c8-aca9-b73d6378dbf4-481x640.jpg\" alt=\"\" width=\"481\" height=\"640\" srcset=\"https:\/\/blog.edu.turku.fi\/kerttulinlukio\/files\/2024\/05\/thumbnail_7a42c41d-c434-43c8-aca9-b73d6378dbf4.jpg 481w, https:\/\/blog.edu.turku.fi\/kerttulinlukio\/files\/2024\/05\/thumbnail_7a42c41d-c434-43c8-aca9-b73d6378dbf4-225x300.jpg 225w\" sizes=\"auto, (max-width: 481px) 85vw, 481px\" \/> <img loading=\"lazy\" decoding=\"async\" class=\"wp-image-4349 size-large aligncenter\" src=\"https:\/\/blog.edu.turku.fi\/kerttulinlukio\/files\/2024\/05\/thumbnail_7f67fe62-bd6f-4bc8-9262-b5e21ba4ddd4-640x481.jpg\" alt=\"\" width=\"640\" height=\"481\" srcset=\"https:\/\/blog.edu.turku.fi\/kerttulinlukio\/files\/2024\/05\/thumbnail_7f67fe62-bd6f-4bc8-9262-b5e21ba4ddd4.jpg 640w, https:\/\/blog.edu.turku.fi\/kerttulinlukio\/files\/2024\/05\/thumbnail_7f67fe62-bd6f-4bc8-9262-b5e21ba4ddd4-300x225.jpg 300w\" sizes=\"auto, (max-width: 640px) 85vw, 640px\" \/><\/p>\n<p><span style=\"font-weight: 400\">Ulkomaillakin k\u00e4ytiin. Joukko reippaita nuoria k\u00e4vi Lontoossa.<\/span><\/p>\n<p><img loading=\"lazy\" decoding=\"async\" class=\"aligncenter wp-image-4380 size-large\" src=\"https:\/\/blog.edu.turku.fi\/kerttulinlukio\/files\/2024\/05\/IMG-20240508-WA0026-1000x750.jpg\" alt=\"\" width=\"1000\" height=\"750\" srcset=\"https:\/\/blog.edu.turku.fi\/kerttulinlukio\/files\/2024\/05\/IMG-20240508-WA0026.jpg 1000w, https:\/\/blog.edu.turku.fi\/kerttulinlukio\/files\/2024\/05\/IMG-20240508-WA0026-300x225.jpg 300w\" sizes=\"auto, (max-width: 709px) 85vw, (max-width: 909px) 67vw, (max-width: 1362px) 62vw, 840px\" \/> <img loading=\"lazy\" decoding=\"async\" class=\"aligncenter wp-image-4382 size-large\" src=\"https:\/\/blog.edu.turku.fi\/kerttulinlukio\/files\/2024\/05\/20240509_103051-1000x450.jpg\" alt=\"\" width=\"1000\" height=\"450\" srcset=\"https:\/\/blog.edu.turku.fi\/kerttulinlukio\/files\/2024\/05\/20240509_103051.jpg 1000w, https:\/\/blog.edu.turku.fi\/kerttulinlukio\/files\/2024\/05\/20240509_103051-300x135.jpg 300w\" sizes=\"auto, (max-width: 709px) 85vw, (max-width: 909px) 67vw, (max-width: 1362px) 62vw, 840px\" \/> <img loading=\"lazy\" decoding=\"async\" class=\"aligncenter wp-image-4384 size-large\" src=\"https:\/\/blog.edu.turku.fi\/kerttulinlukio\/files\/2024\/05\/IMG-20240505-WA0011-1000x750.jpg\" alt=\"\" width=\"1000\" height=\"750\" srcset=\"https:\/\/blog.edu.turku.fi\/kerttulinlukio\/files\/2024\/05\/IMG-20240505-WA0011.jpg 1000w, https:\/\/blog.edu.turku.fi\/kerttulinlukio\/files\/2024\/05\/IMG-20240505-WA0011-300x225.jpg 300w\" sizes=\"auto, (max-width: 709px) 85vw, (max-width: 909px) 67vw, (max-width: 1362px) 62vw, 840px\" \/> <img loading=\"lazy\" decoding=\"async\" class=\"aligncenter wp-image-4383 size-large\" src=\"https:\/\/blog.edu.turku.fi\/kerttulinlukio\/files\/2024\/05\/20240509_102220-693x1000.jpg\" alt=\"\" width=\"693\" height=\"1000\" srcset=\"https:\/\/blog.edu.turku.fi\/kerttulinlukio\/files\/2024\/05\/20240509_102220.jpg 693w, https:\/\/blog.edu.turku.fi\/kerttulinlukio\/files\/2024\/05\/20240509_102220-208x300.jpg 208w\" sizes=\"auto, (max-width: 693px) 85vw, 693px\" \/><\/p>\n<p><span style=\"font-weight: 400\">Toukokuussa pidettiin my\u00f6s jo perinteeksi muodostunut l\u00e4hiverkkotapahtuma LANit.<\/span><\/p>\n<p><img loading=\"lazy\" decoding=\"async\" class=\"aligncenter wp-image-4448 size-large\" src=\"https:\/\/blog.edu.turku.fi\/kerttulinlukio\/files\/2024\/05\/ca14d316-6fb6-4298-b7c4-fe5a16ae5934-1000x750.jpg\" alt=\"\" width=\"1000\" height=\"750\" srcset=\"https:\/\/blog.edu.turku.fi\/kerttulinlukio\/files\/2024\/05\/ca14d316-6fb6-4298-b7c4-fe5a16ae5934.jpg 1000w, https:\/\/blog.edu.turku.fi\/kerttulinlukio\/files\/2024\/05\/ca14d316-6fb6-4298-b7c4-fe5a16ae5934-300x225.jpg 300w\" sizes=\"auto, (max-width: 709px) 85vw, (max-width: 909px) 67vw, (max-width: 1362px) 62vw, 840px\" \/> <img loading=\"lazy\" decoding=\"async\" class=\"aligncenter wp-image-4449 size-large\" src=\"https:\/\/blog.edu.turku.fi\/kerttulinlukio\/files\/2024\/05\/6826348e-f8d0-466a-aea0-665d9eff2b64-1000x750.jpg\" alt=\"\" width=\"1000\" height=\"750\" srcset=\"https:\/\/blog.edu.turku.fi\/kerttulinlukio\/files\/2024\/05\/6826348e-f8d0-466a-aea0-665d9eff2b64.jpg 1000w, https:\/\/blog.edu.turku.fi\/kerttulinlukio\/files\/2024\/05\/6826348e-f8d0-466a-aea0-665d9eff2b64-300x225.jpg 300w\" sizes=\"auto, (max-width: 709px) 85vw, (max-width: 909px) 67vw, (max-width: 1362px) 62vw, 840px\" \/><\/p>\n<p><span style=\"font-weight: 400\">ICT-linjan ykk\u00f6set ja kakkoset p\u00e4\u00e4siv\u00e4t tutustumaan Turun yliopiston Teknilliseen tiedekuntaan.<\/span><\/p>\n<p><img loading=\"lazy\" decoding=\"async\" class=\"aligncenter wp-image-4390 size-large\" src=\"https:\/\/blog.edu.turku.fi\/kerttulinlukio\/files\/2024\/05\/KT2-suoristettu-1000x458.jpg\" alt=\"\" width=\"1000\" height=\"458\" srcset=\"https:\/\/blog.edu.turku.fi\/kerttulinlukio\/files\/2024\/05\/KT2-suoristettu.jpg 1000w, https:\/\/blog.edu.turku.fi\/kerttulinlukio\/files\/2024\/05\/KT2-suoristettu-300x137.jpg 300w\" sizes=\"auto, (max-width: 709px) 85vw, (max-width: 909px) 67vw, (max-width: 1362px) 62vw, 840px\" \/> <img loading=\"lazy\" decoding=\"async\" class=\"aligncenter wp-image-4389 size-large\" src=\"https:\/\/blog.edu.turku.fi\/kerttulinlukio\/files\/2024\/05\/KT2024-1000x650.jpg\" alt=\"\" width=\"1000\" height=\"650\" srcset=\"https:\/\/blog.edu.turku.fi\/kerttulinlukio\/files\/2024\/05\/KT2024.jpg 1000w, https:\/\/blog.edu.turku.fi\/kerttulinlukio\/files\/2024\/05\/KT2024-300x195.jpg 300w\" sizes=\"auto, (max-width: 709px) 85vw, (max-width: 909px) 67vw, (max-width: 1362px) 62vw, 840px\" \/> <img loading=\"lazy\" decoding=\"async\" class=\"aligncenter wp-image-4388 size-large\" src=\"https:\/\/blog.edu.turku.fi\/kerttulinlukio\/files\/2024\/05\/TIERS1-1000x674.jpg\" alt=\"\" width=\"1000\" height=\"674\" srcset=\"https:\/\/blog.edu.turku.fi\/kerttulinlukio\/files\/2024\/05\/TIERS1.jpg 1000w, https:\/\/blog.edu.turku.fi\/kerttulinlukio\/files\/2024\/05\/TIERS1-300x202.jpg 300w\" sizes=\"auto, (max-width: 709px) 85vw, (max-width: 909px) 67vw, (max-width: 1362px) 62vw, 840px\" \/><\/p>\n<p><span style=\"font-weight: 400\">Uskonnon kurssilaiset vierailivat <\/span><span style=\"font-weight: 400\">Pyh\u00e4n marttyyrikeisarinna Aleksandran kirkossa eli Turun ortodoksikirkossa tutustuen opastuksen avulla ortodoksiseen oppiin ja symboliikkaan.<\/span><\/p>\n<p><img loading=\"lazy\" decoding=\"async\" class=\"aligncenter wp-image-4406 size-large\" src=\"https:\/\/blog.edu.turku.fi\/kerttulinlukio\/files\/2024\/05\/Ortodoksi-450x1000.jpg\" alt=\"\" width=\"450\" height=\"1000\" srcset=\"https:\/\/blog.edu.turku.fi\/kerttulinlukio\/files\/2024\/05\/Ortodoksi.jpg 450w, https:\/\/blog.edu.turku.fi\/kerttulinlukio\/files\/2024\/05\/Ortodoksi-135x300.jpg 135w\" sizes=\"auto, (max-width: 450px) 85vw, 450px\" \/><\/p>\n<p><span style=\"font-weight: 400\">Lis\u00e4ksi koululla k\u00e4vi vierailijoita mm. biologian ja terveystiedon tunneilla\u00a0<\/span><\/p>\n<p><span style=\"font-weight: 400\">Kemian kursseilla vierailtiin valtakunnallisessa PET-keskuksessa, Turun yliopiston l\u00e4\u00e4ketieteellisess\u00e4 tiedekunnassa tutustumassa patologian alaan sek\u00e4 Turun yliopiston kemian laitoksella Aurumissa. Ja kev\u00e4\u00e4n viimeisen\u00e4 ty\u00f6kertana tutustuttiin luonnon omiin indikaattoriv\u00e4reihin.<\/span><\/p>\n<figure id=\"attachment_4413\" aria-describedby=\"caption-attachment-4413\" style=\"width: 640px\" class=\"wp-caption aligncenter\"><img loading=\"lazy\" decoding=\"async\" class=\"wp-image-4413 size-large\" src=\"https:\/\/blog.edu.turku.fi\/kerttulinlukio\/files\/2024\/05\/IMG_9466-640x480.jpg\" alt=\"\" width=\"640\" height=\"480\" srcset=\"https:\/\/blog.edu.turku.fi\/kerttulinlukio\/files\/2024\/05\/IMG_9466.jpg 640w, https:\/\/blog.edu.turku.fi\/kerttulinlukio\/files\/2024\/05\/IMG_9466-300x225.jpg 300w\" sizes=\"auto, (max-width: 640px) 85vw, 640px\" \/><figcaption id=\"caption-attachment-4413\" class=\"wp-caption-text\">Esittelij\u00e4mme Noora ja Edla<\/figcaption><\/figure>\n<figure id=\"attachment_4412\" aria-describedby=\"caption-attachment-4412\" style=\"width: 640px\" class=\"wp-caption aligncenter\"><img loading=\"lazy\" decoding=\"async\" class=\"wp-image-4412 size-large\" src=\"https:\/\/blog.edu.turku.fi\/kerttulinlukio\/files\/2024\/05\/IMG_9486-640x480.jpg\" alt=\"\" width=\"640\" height=\"480\" srcset=\"https:\/\/blog.edu.turku.fi\/kerttulinlukio\/files\/2024\/05\/IMG_9486.jpg 640w, https:\/\/blog.edu.turku.fi\/kerttulinlukio\/files\/2024\/05\/IMG_9486-300x225.jpg 300w\" sizes=\"auto, (max-width: 640px) 85vw, 640px\" \/><figcaption id=\"caption-attachment-4412\" class=\"wp-caption-text\">Nuoremme ja hiukkaskiihdytin<\/figcaption><\/figure>\n<figure id=\"attachment_4411\" aria-describedby=\"caption-attachment-4411\" style=\"width: 640px\" class=\"wp-caption aligncenter\"><img loading=\"lazy\" decoding=\"async\" class=\"wp-image-4411 size-large\" src=\"https:\/\/blog.edu.turku.fi\/kerttulinlukio\/files\/2024\/05\/IMG_9475-640x358.jpg\" alt=\"\" width=\"640\" height=\"358\" srcset=\"https:\/\/blog.edu.turku.fi\/kerttulinlukio\/files\/2024\/05\/IMG_9475.jpg 640w, https:\/\/blog.edu.turku.fi\/kerttulinlukio\/files\/2024\/05\/IMG_9475-300x168.jpg 300w\" sizes=\"auto, (max-width: 640px) 85vw, 640px\" \/><figcaption id=\"caption-attachment-4411\" class=\"wp-caption-text\">N\u00e4it\u00e4 positronis\u00e4teilij\u00f6it\u00e4 valmistetaan PET-keskuksessa<\/figcaption><\/figure>\n<figure id=\"attachment_4410\" aria-describedby=\"caption-attachment-4410\" style=\"width: 640px\" class=\"wp-caption aligncenter\"><img loading=\"lazy\" decoding=\"async\" class=\"wp-image-4410 size-large\" src=\"https:\/\/blog.edu.turku.fi\/kerttulinlukio\/files\/2024\/05\/IMG_9473-640x460.jpg\" alt=\"\" width=\"640\" height=\"460\" srcset=\"https:\/\/blog.edu.turku.fi\/kerttulinlukio\/files\/2024\/05\/IMG_9473.jpg 640w, https:\/\/blog.edu.turku.fi\/kerttulinlukio\/files\/2024\/05\/IMG_9473-300x216.jpg 300w\" sizes=\"auto, (max-width: 640px) 85vw, 640px\" \/><figcaption id=\"caption-attachment-4410\" class=\"wp-caption-text\">Yksinkertaistus PET-kuvauksen ideasta<\/figcaption><\/figure>\n<p><img loading=\"lazy\" decoding=\"async\" class=\"alignnone size-medium wp-image-4453\" src=\"https:\/\/blog.edu.turku.fi\/kerttulinlukio\/files\/2024\/05\/IMG_9520-rotated-225x300.jpg\" alt=\"\" width=\"225\" height=\"300\" srcset=\"https:\/\/blog.edu.turku.fi\/kerttulinlukio\/files\/2024\/05\/IMG_9520-rotated-225x300.jpg 225w, https:\/\/blog.edu.turku.fi\/kerttulinlukio\/files\/2024\/05\/IMG_9520-rotated.jpg 480w\" sizes=\"auto, (max-width: 225px) 85vw, 225px\" \/> <img loading=\"lazy\" decoding=\"async\" class=\"alignnone size-medium wp-image-4452\" src=\"https:\/\/blog.edu.turku.fi\/kerttulinlukio\/files\/2024\/05\/IMG_9521-rotated-225x300.jpg\" alt=\"\" width=\"225\" height=\"300\" srcset=\"https:\/\/blog.edu.turku.fi\/kerttulinlukio\/files\/2024\/05\/IMG_9521-rotated-225x300.jpg 225w, https:\/\/blog.edu.turku.fi\/kerttulinlukio\/files\/2024\/05\/IMG_9521-rotated.jpg 480w\" sizes=\"auto, (max-width: 225px) 85vw, 225px\" \/> <img loading=\"lazy\" decoding=\"async\" class=\"alignnone size-medium wp-image-4451\" src=\"https:\/\/blog.edu.turku.fi\/kerttulinlukio\/files\/2024\/05\/IMG_9528-rotated-225x300.jpg\" alt=\"\" width=\"225\" height=\"300\" srcset=\"https:\/\/blog.edu.turku.fi\/kerttulinlukio\/files\/2024\/05\/IMG_9528-rotated-225x300.jpg 225w, https:\/\/blog.edu.turku.fi\/kerttulinlukio\/files\/2024\/05\/IMG_9528-rotated.jpg 480w\" sizes=\"auto, (max-width: 225px) 85vw, 225px\" \/><img loading=\"lazy\" decoding=\"async\" class=\"size-medium wp-image-4455 aligncenter\" src=\"https:\/\/blog.edu.turku.fi\/kerttulinlukio\/files\/2024\/05\/IMG_9544-rotated-225x300.jpg\" alt=\"\" width=\"225\" height=\"300\" srcset=\"https:\/\/blog.edu.turku.fi\/kerttulinlukio\/files\/2024\/05\/IMG_9544-rotated-225x300.jpg 225w, https:\/\/blog.edu.turku.fi\/kerttulinlukio\/files\/2024\/05\/IMG_9544-rotated.jpg 480w\" sizes=\"auto, (max-width: 225px) 85vw, 225px\" \/><\/p>\n<p><span style=\"font-weight: 400\">Koeviikon p\u00e4\u00e4tteeksi vietettiin yhteinen toimintap\u00e4iv\u00e4 Urheilupuistossa kes\u00e4isest\u00e4 s\u00e4\u00e4st\u00e4 ja kivasta seurasta nauttien.<\/span><\/p>\n<p><img loading=\"lazy\" decoding=\"async\" class=\"aligncenter wp-image-4469 size-large\" src=\"https:\/\/blog.edu.turku.fi\/kerttulinlukio\/files\/2024\/05\/e6678b0f-a0bd-4755-beac-141cb081b462-480x640.jpg\" alt=\"\" width=\"480\" height=\"640\" srcset=\"https:\/\/blog.edu.turku.fi\/kerttulinlukio\/files\/2024\/05\/e6678b0f-a0bd-4755-beac-141cb081b462.jpg 480w, https:\/\/blog.edu.turku.fi\/kerttulinlukio\/files\/2024\/05\/e6678b0f-a0bd-4755-beac-141cb081b462-225x300.jpg 225w\" sizes=\"auto, (max-width: 480px) 85vw, 480px\" \/> <img loading=\"lazy\" decoding=\"async\" class=\"aligncenter wp-image-4470 size-large\" src=\"https:\/\/blog.edu.turku.fi\/kerttulinlukio\/files\/2024\/05\/IMG_9638-640x480.jpg\" alt=\"\" width=\"640\" height=\"480\" srcset=\"https:\/\/blog.edu.turku.fi\/kerttulinlukio\/files\/2024\/05\/IMG_9638.jpg 640w, https:\/\/blog.edu.turku.fi\/kerttulinlukio\/files\/2024\/05\/IMG_9638-300x225.jpg 300w\" sizes=\"auto, (max-width: 640px) 85vw, 640px\" \/> <img loading=\"lazy\" decoding=\"async\" class=\"aligncenter wp-image-4471 size-large\" src=\"https:\/\/blog.edu.turku.fi\/kerttulinlukio\/files\/2024\/05\/2deab7ad-a155-430d-be7e-a0fb2162c339-640x480.jpg\" alt=\"\" width=\"640\" height=\"480\" srcset=\"https:\/\/blog.edu.turku.fi\/kerttulinlukio\/files\/2024\/05\/2deab7ad-a155-430d-be7e-a0fb2162c339.jpg 640w, https:\/\/blog.edu.turku.fi\/kerttulinlukio\/files\/2024\/05\/2deab7ad-a155-430d-be7e-a0fb2162c339-300x225.jpg 300w\" sizes=\"auto, (max-width: 640px) 85vw, 640px\" \/> <img loading=\"lazy\" decoding=\"async\" class=\"aligncenter wp-image-4472 size-large\" src=\"https:\/\/blog.edu.turku.fi\/kerttulinlukio\/files\/2024\/05\/IMG_9621-rotated-480x640.jpg\" alt=\"\" width=\"480\" height=\"640\" srcset=\"https:\/\/blog.edu.turku.fi\/kerttulinlukio\/files\/2024\/05\/IMG_9621-rotated.jpg 480w, https:\/\/blog.edu.turku.fi\/kerttulinlukio\/files\/2024\/05\/IMG_9621-rotated-225x300.jpg 225w\" sizes=\"auto, (max-width: 480px) 85vw, 480px\" \/> <img loading=\"lazy\" decoding=\"async\" class=\"wp-image-4473 size-large aligncenter\" src=\"https:\/\/blog.edu.turku.fi\/kerttulinlukio\/files\/2024\/05\/IMG_9626-rotated-480x640.jpg\" alt=\"\" width=\"480\" height=\"640\" srcset=\"https:\/\/blog.edu.turku.fi\/kerttulinlukio\/files\/2024\/05\/IMG_9626-rotated.jpg 480w, https:\/\/blog.edu.turku.fi\/kerttulinlukio\/files\/2024\/05\/IMG_9626-rotated-225x300.jpg 225w\" sizes=\"auto, (max-width: 480px) 85vw, 480px\" \/> <img loading=\"lazy\" decoding=\"async\" class=\"aligncenter wp-image-4474 size-large\" src=\"https:\/\/blog.edu.turku.fi\/kerttulinlukio\/files\/2024\/05\/ba694718-8c27-481f-ac6b-78581c9569b7-480x640.jpg\" alt=\"\" width=\"480\" height=\"640\" srcset=\"https:\/\/blog.edu.turku.fi\/kerttulinlukio\/files\/2024\/05\/ba694718-8c27-481f-ac6b-78581c9569b7.jpg 480w, https:\/\/blog.edu.turku.fi\/kerttulinlukio\/files\/2024\/05\/ba694718-8c27-481f-ac6b-78581c9569b7-225x300.jpg 225w\" sizes=\"auto, (max-width: 480px) 85vw, 480px\" \/> <img loading=\"lazy\" decoding=\"async\" class=\"aligncenter wp-image-4475 size-large\" src=\"https:\/\/blog.edu.turku.fi\/kerttulinlukio\/files\/2024\/05\/5a4f9b05-8275-4b00-9074-26eed247e248-640x480.jpg\" alt=\"\" width=\"640\" height=\"480\" srcset=\"https:\/\/blog.edu.turku.fi\/kerttulinlukio\/files\/2024\/05\/5a4f9b05-8275-4b00-9074-26eed247e248.jpg 640w, https:\/\/blog.edu.turku.fi\/kerttulinlukio\/files\/2024\/05\/5a4f9b05-8275-4b00-9074-26eed247e248-300x225.jpg 300w\" sizes=\"auto, (max-width: 640px) 85vw, 640px\" \/><\/p>\n<p><img loading=\"lazy\" decoding=\"async\" class=\"aligncenter wp-image-4480 size-large\" src=\"https:\/\/blog.edu.turku.fi\/kerttulinlukio\/files\/2024\/05\/f99e1d40-b3c7-4210-80c1-bd8206966398-480x640.jpg\" alt=\"\" width=\"480\" height=\"640\" srcset=\"https:\/\/blog.edu.turku.fi\/kerttulinlukio\/files\/2024\/05\/f99e1d40-b3c7-4210-80c1-bd8206966398.jpg 480w, https:\/\/blog.edu.turku.fi\/kerttulinlukio\/files\/2024\/05\/f99e1d40-b3c7-4210-80c1-bd8206966398-225x300.jpg 225w\" sizes=\"auto, (max-width: 480px) 85vw, 480px\" \/> <img loading=\"lazy\" decoding=\"async\" class=\"aligncenter wp-image-4481 size-large\" src=\"https:\/\/blog.edu.turku.fi\/kerttulinlukio\/files\/2024\/05\/97ca800f-277d-4f9d-b54d-910eb06b7aaa-480x640.jpg\" alt=\"\" width=\"480\" height=\"640\" srcset=\"https:\/\/blog.edu.turku.fi\/kerttulinlukio\/files\/2024\/05\/97ca800f-277d-4f9d-b54d-910eb06b7aaa.jpg 480w, https:\/\/blog.edu.turku.fi\/kerttulinlukio\/files\/2024\/05\/97ca800f-277d-4f9d-b54d-910eb06b7aaa-225x300.jpg 225w\" sizes=\"auto, (max-width: 480px) 85vw, 480px\" \/> <img loading=\"lazy\" decoding=\"async\" class=\"aligncenter wp-image-4482 size-large\" src=\"https:\/\/blog.edu.turku.fi\/kerttulinlukio\/files\/2024\/05\/6fa55c4c-b638-4f41-bdca-4aaa2da3c01f-480x640.jpg\" alt=\"\" width=\"480\" height=\"640\" srcset=\"https:\/\/blog.edu.turku.fi\/kerttulinlukio\/files\/2024\/05\/6fa55c4c-b638-4f41-bdca-4aaa2da3c01f.jpg 480w, https:\/\/blog.edu.turku.fi\/kerttulinlukio\/files\/2024\/05\/6fa55c4c-b638-4f41-bdca-4aaa2da3c01f-225x300.jpg 225w\" sizes=\"auto, (max-width: 480px) 85vw, 480px\" \/> <img loading=\"lazy\" decoding=\"async\" class=\"aligncenter wp-image-4483 size-large\" src=\"https:\/\/blog.edu.turku.fi\/kerttulinlukio\/files\/2024\/05\/7e18a8e2-9458-4058-8d75-27275e5d79e4-480x640.jpg\" alt=\"\" width=\"480\" height=\"640\" \/> <img loading=\"lazy\" decoding=\"async\" class=\"aligncenter wp-image-4485 size-large\" src=\"https:\/\/blog.edu.turku.fi\/kerttulinlukio\/files\/2024\/05\/11636fac-16c8-4041-8803-af8e03e7f2d4-480x640.jpg\" alt=\"\" width=\"480\" height=\"640\" srcset=\"https:\/\/blog.edu.turku.fi\/kerttulinlukio\/files\/2024\/05\/11636fac-16c8-4041-8803-af8e03e7f2d4.jpg 480w, https:\/\/blog.edu.turku.fi\/kerttulinlukio\/files\/2024\/05\/11636fac-16c8-4041-8803-af8e03e7f2d4-225x300.jpg 225w\" sizes=\"auto, (max-width: 480px) 85vw, 480px\" \/> <img loading=\"lazy\" decoding=\"async\" class=\"aligncenter wp-image-4486 size-large\" src=\"https:\/\/blog.edu.turku.fi\/kerttulinlukio\/files\/2024\/05\/eaa0738a-7c19-4d4a-a790-b0b07823a086-296x640.jpg\" alt=\"\" width=\"296\" height=\"640\" \/> <img loading=\"lazy\" decoding=\"async\" class=\"aligncenter wp-image-4487 size-large\" src=\"https:\/\/blog.edu.turku.fi\/kerttulinlukio\/files\/2024\/05\/79d3d29a-ad71-477c-919b-d5cd7129bb6c-480x640.jpg\" alt=\"\" width=\"480\" height=\"640\" \/><\/p>\n<p>Sellainen oli Kerttulin toukokuu!<\/p>\n<p><span style=\"font-weight: 400\">\u00a0<\/span><\/p>\n","protected":false},"excerpt":{"rendered":"<p>Toukokuussa kilpailtiin koulujen v\u00e4lisest\u00e4 mestaruudesta niin pes\u00e4pallossa kuin lentopallossakin. Kerttuli oli ly\u00f6m\u00e4t\u00f6n! Vapun aattona koulussa oli turvallisuusteemaista tapahtumaa sek\u00e4 tutustumista Turun historiaan k\u00e4velykierroksella. Samalla pidettiin huolta ympr\u00e4rist\u00f6st\u00e4 osallistumalla Ylen Miljoona roskapussia -ker\u00e4yshaasteeseen. Ulkomaillakin k\u00e4ytiin. Joukko reippaita nuoria k\u00e4vi Lontoossa. Toukokuussa pidettiin my\u00f6s jo perinteeksi muodostunut l\u00e4hiverkkotapahtuma LANit. ICT-linjan ykk\u00f6set ja kakkoset p\u00e4\u00e4siv\u00e4t tutustumaan Turun yliopiston &hellip; <a href=\"https:\/\/blog.edu.turku.fi\/kerttulinlukio\/toukokuu-2024\/\" class=\"more-link\">Jatka lukemista<span class=\"screen-reader-text\"> &#8221;Toukokuu 2024&#8221;<\/span><\/a><\/p>\n","protected":false},"author":3272,"featured_media":0,"parent":0,"menu_order":0,"comment_status":"closed","ping_status":"closed","template":"","meta":{"footnotes":""},"class_list":["post-4445","page","type-page","status-publish","hentry"],"_links":{"self":[{"href":"https:\/\/blog.edu.turku.fi\/kerttulinlukio\/wp-json\/wp\/v2\/pages\/4445","targetHints":{"allow":["GET"]}}],"collection":[{"href":"https:\/\/blog.edu.turku.fi\/kerttulinlukio\/wp-json\/wp\/v2\/pages"}],"about":[{"href":"https:\/\/blog.edu.turku.fi\/kerttulinlukio\/wp-json\/wp\/v2\/types\/page"}],"author":[{"embeddable":true,"href":"https:\/\/blog.edu.turku.fi\/kerttulinlukio\/wp-json\/wp\/v2\/users\/3272"}],"replies":[{"embeddable":true,"href":"https:\/\/blog.edu.turku.fi\/kerttulinlukio\/wp-json\/wp\/v2\/comments?post=4445"}],"version-history":[{"count":9,"href":"https:\/\/blog.edu.turku.fi\/kerttulinlukio\/wp-json\/wp\/v2\/pages\/4445\/revisions"}],"predecessor-version":[{"id":4488,"href":"https:\/\/blog.edu.turku.fi\/kerttulinlukio\/wp-json\/wp\/v2\/pages\/4445\/revisions\/4488"}],"wp:attachment":[{"href":"https:\/\/blog.edu.turku.fi\/kerttulinlukio\/wp-json\/wp\/v2\/media?parent=4445"}],"curies":[{"name":"wp","href":"https:\/\/api.w.org\/{rel}","templated":true}]}}