{"id":4443,"date":"2024-05-31T13:29:08","date_gmt":"2024-05-31T10:29:08","guid":{"rendered":"https:\/\/blog.edu.turku.fi\/kerttulinlukio\/?page_id=4443"},"modified":"2024-05-31T13:29:08","modified_gmt":"2024-05-31T10:29:08","slug":"huhtikuu-2024","status":"publish","type":"page","link":"https:\/\/blog.edu.turku.fi\/kerttulinlukio\/huhtikuu-2024\/","title":{"rendered":"Huhtikuu 2024"},"content":{"rendered":"<p>Huhtikuu k\u00e4ynnistyi Kerttulissa p\u00e4\u00e4si\u00e4isloman j\u00e4lkitunnelmissa suoraan koeviikolla. Viel\u00e4 tiistaina loman j\u00e4lkeen j\u00e4rjestettiin kuitenkin p\u00e4\u00e4si\u00e4ismunajahti koululla.<\/p>\n<p><img loading=\"lazy\" decoding=\"async\" class=\"alignnone size-medium wp-image-4308\" src=\"https:\/\/blog.edu.turku.fi\/kerttulinlukio\/files\/2024\/04\/Paasiaismunajahti-214x300.jpg\" alt=\"\" width=\"214\" height=\"300\" srcset=\"https:\/\/blog.edu.turku.fi\/kerttulinlukio\/files\/2024\/04\/Paasiaismunajahti-214x300.jpg 214w, https:\/\/blog.edu.turku.fi\/kerttulinlukio\/files\/2024\/04\/Paasiaismunajahti.jpg 712w\" sizes=\"auto, (max-width: 214px) 85vw, 214px\" \/><img loading=\"lazy\" decoding=\"async\" class=\"alignnone size-medium wp-image-4305\" src=\"https:\/\/blog.edu.turku.fi\/kerttulinlukio\/files\/2024\/04\/Paasiaiskuva-300x300.jpg\" alt=\"\" width=\"300\" height=\"300\" srcset=\"https:\/\/blog.edu.turku.fi\/kerttulinlukio\/files\/2024\/04\/Paasiaiskuva-300x300.jpg 300w, https:\/\/blog.edu.turku.fi\/kerttulinlukio\/files\/2024\/04\/Paasiaiskuva-150x150.jpg 150w, https:\/\/blog.edu.turku.fi\/kerttulinlukio\/files\/2024\/04\/Paasiaiskuva.jpg 405w\" sizes=\"auto, (max-width: 300px) 85vw, 300px\" \/><\/p>\n<p>Mari Vukelicin vinkit opiskeluun t\u00e4ss\u00e4 kuussa:<\/p>\n<p><img loading=\"lazy\" decoding=\"async\" class=\"alignnone size-medium wp-image-4306\" src=\"https:\/\/blog.edu.turku.fi\/kerttulinlukio\/files\/2024\/04\/Opiskeluvinkki-4_1-300x300.png\" alt=\"\" width=\"300\" height=\"300\" srcset=\"https:\/\/blog.edu.turku.fi\/kerttulinlukio\/files\/2024\/04\/Opiskeluvinkki-4_1-300x300.png 300w, https:\/\/blog.edu.turku.fi\/kerttulinlukio\/files\/2024\/04\/Opiskeluvinkki-4_1-150x150.png 150w, https:\/\/blog.edu.turku.fi\/kerttulinlukio\/files\/2024\/04\/Opiskeluvinkki-4_1-1024x1024.png 1024w, https:\/\/blog.edu.turku.fi\/kerttulinlukio\/files\/2024\/04\/Opiskeluvinkki-4_1.png 1080w\" sizes=\"auto, (max-width: 300px) 85vw, 300px\" \/><img loading=\"lazy\" decoding=\"async\" class=\"alignnone size-medium wp-image-4307\" src=\"https:\/\/blog.edu.turku.fi\/kerttulinlukio\/files\/2024\/04\/Opiskeluvinkki-4_-2-300x300.png\" alt=\"\" width=\"300\" height=\"300\" srcset=\"https:\/\/blog.edu.turku.fi\/kerttulinlukio\/files\/2024\/04\/Opiskeluvinkki-4_-2-300x300.png 300w, https:\/\/blog.edu.turku.fi\/kerttulinlukio\/files\/2024\/04\/Opiskeluvinkki-4_-2-150x150.png 150w, https:\/\/blog.edu.turku.fi\/kerttulinlukio\/files\/2024\/04\/Opiskeluvinkki-4_-2-1024x1024.png 1024w, https:\/\/blog.edu.turku.fi\/kerttulinlukio\/files\/2024\/04\/Opiskeluvinkki-4_-2.png 1080w\" sizes=\"auto, (max-width: 300px) 85vw, 300px\" \/><\/p>\n<p>Laurin lakitiedon ryhm\u00e4 YH4.2 vieraili kuun vaihteessa Varsinais-Suomen k\u00e4r\u00e4j\u00e4oikeudessa. Siell\u00e4 k\u00e4siteltiin juttua, joka liittyi liikenneturvallisuuden vaarantamiseen ja pahoinpitelyyn. Opiskelijoiden mielest\u00e4 vierailu oli eritt\u00e4in mielenkiintoinen ja hy\u00f6dyllinen, ja osa olisi halunnut j\u00e4\u00e4d\u00e4 seuraamaan viel\u00e4 seuraavaakin istuntoa.<\/p>\n<p><img loading=\"lazy\" decoding=\"async\" class=\"alignnone size-medium wp-image-4304\" src=\"https:\/\/blog.edu.turku.fi\/kerttulinlukio\/files\/2024\/04\/Karajaoikeusvierailu-300x225.jpg\" alt=\"\" width=\"300\" height=\"225\" srcset=\"https:\/\/blog.edu.turku.fi\/kerttulinlukio\/files\/2024\/04\/Karajaoikeusvierailu-300x225.jpg 300w, https:\/\/blog.edu.turku.fi\/kerttulinlukio\/files\/2024\/04\/Karajaoikeusvierailu.jpg 640w\" sizes=\"auto, (max-width: 300px) 85vw, 300px\" \/><\/p>\n<p>Vantaan Viertolan koulun kouluampuminen j\u00e4rkytti laajasti koulumaailmaa huhtikuussa. My\u00f6s Kerttulissa opiskelijahuoltotiimi antoi keskusteluapua tarvittaessa.<\/p>\n<p>Huhtikuun alussa vietettiin kansallista opiskelijoiden mielenterveysviikkoa ja sen kunniaksi my\u00f6s koulullamme opiskelutuen henkil\u00f6kunta j\u00e4rjesti Opiskelijoiden mielenterveysp\u00e4iv\u00e4n keskiviikkona 10.4. P\u00e4iv\u00e4n kunniaksi j\u00e4rjestettiin opiskelijoiden mielenterveysviikon kahvit 2.krs aulassa. Vuoden 2024 opiskelijoiden mielenterveysviikon teemana olivat yhdenvertaisuus ja sosiaalinen saavutettavuus.<\/p>\n<p><img loading=\"lazy\" decoding=\"async\" class=\"alignnone size-medium wp-image-4311\" src=\"https:\/\/blog.edu.turku.fi\/kerttulinlukio\/files\/2024\/04\/Ilo-ja-onnellisuus-300x300.jpg\" alt=\"\" width=\"300\" height=\"300\" srcset=\"https:\/\/blog.edu.turku.fi\/kerttulinlukio\/files\/2024\/04\/Ilo-ja-onnellisuus-300x300.jpg 300w, https:\/\/blog.edu.turku.fi\/kerttulinlukio\/files\/2024\/04\/Ilo-ja-onnellisuus-150x150.jpg 150w, https:\/\/blog.edu.turku.fi\/kerttulinlukio\/files\/2024\/04\/Ilo-ja-onnellisuus.jpg 405w\" sizes=\"auto, (max-width: 300px) 85vw, 300px\" \/><\/p>\n<p>Huhtikuussa alkoi my\u00f6s Ylen miljoonan roskapussin kampanja, johon my\u00f6s Kerttuli osallistui. Kampanja jatkui koko loppu kev\u00e4\u00e4n 15.4.-5.6.2024.<\/p>\n<p><img loading=\"lazy\" decoding=\"async\" class=\"alignnone size-medium wp-image-4315\" src=\"https:\/\/blog.edu.turku.fi\/kerttulinlukio\/files\/2024\/04\/Yle_miljoona-roskapussia-300x163.jpg\" alt=\"\" width=\"300\" height=\"163\" srcset=\"https:\/\/blog.edu.turku.fi\/kerttulinlukio\/files\/2024\/04\/Yle_miljoona-roskapussia-300x163.jpg 300w, https:\/\/blog.edu.turku.fi\/kerttulinlukio\/files\/2024\/04\/Yle_miljoona-roskapussia.jpg 920w\" sizes=\"auto, (max-width: 300px) 85vw, 300px\" \/><\/p>\n<p>S\u00e4\u00e4 oli huhtikuussa hyvinkin keikkuva, kun viel\u00e4 aivan huhtikuun lopullakin saatiin kunnon takatalvi ja 20cm lunta sen my\u00f6t\u00e4. Blogissa pohdittiinkin erilaisia muita tapoja valmistella kev\u00e4tt\u00e4 ja ker\u00e4t\u00e4 kev\u00e4tfiilist\u00e4 talvisesta s\u00e4\u00e4st\u00e4 huolimatta.<\/p>\n<p><img loading=\"lazy\" decoding=\"async\" class=\"alignnone size-medium wp-image-4316\" src=\"https:\/\/blog.edu.turku.fi\/kerttulinlukio\/files\/2024\/04\/Tulvaniitty-225x300.jpeg\" alt=\"\" width=\"225\" height=\"300\" srcset=\"https:\/\/blog.edu.turku.fi\/kerttulinlukio\/files\/2024\/04\/Tulvaniitty-225x300.jpeg 225w, https:\/\/blog.edu.turku.fi\/kerttulinlukio\/files\/2024\/04\/Tulvaniitty.jpeg 750w\" sizes=\"auto, (max-width: 225px) 85vw, 225px\" \/><\/p>\n<p>&nbsp;<\/p>\n<p>Oppiaineissa tapahtunutta:<\/p>\n<ul>\n<li>PS 1 \u2013 ryhm\u00e4 sai Kerttuliin vieraakseen l\u00e4\u00e4ketieteen opiskelijoita, jotka tulivat pit\u00e4m\u00e4\u00e4n ryhm\u00e4lle stressinsietoon ja vireystilaan liittyv\u00e4n opetustuokion monitoimisalissa. Yksi opiskelijoista oli entinen kerttulilainen Iiro Koivula.<\/li>\n<\/ul>\n<p><img loading=\"lazy\" decoding=\"async\" class=\"alignnone size-medium wp-image-4326\" src=\"https:\/\/blog.edu.turku.fi\/kerttulinlukio\/files\/2024\/04\/Laakisvierailijat-2-154x300.jpg\" alt=\"\" width=\"154\" height=\"300\" \/><img loading=\"lazy\" decoding=\"async\" class=\"alignnone size-medium wp-image-4327\" src=\"https:\/\/blog.edu.turku.fi\/kerttulinlukio\/files\/2024\/04\/Laakisvierailijat-3-300x261.jpg\" alt=\"\" width=\"300\" height=\"261\" \/><img loading=\"lazy\" decoding=\"async\" class=\"alignnone size-medium wp-image-4328\" src=\"https:\/\/blog.edu.turku.fi\/kerttulinlukio\/files\/2024\/04\/Laakisvierailijat-4-267x300.jpg\" alt=\"\" width=\"267\" height=\"300\" srcset=\"https:\/\/blog.edu.turku.fi\/kerttulinlukio\/files\/2024\/04\/Laakisvierailijat-4-267x300.jpg 267w, https:\/\/blog.edu.turku.fi\/kerttulinlukio\/files\/2024\/04\/Laakisvierailijat-4.jpg 890w\" sizes=\"auto, (max-width: 267px) 85vw, 267px\" \/><\/p>\n<ul>\n<li>HYGIENIAPASSI-testitilaisuus pidettiin Kerttulissa 18.4.<\/li>\n<li>Urheilulukion testip\u00e4iv\u00e4 pidettiin 18.4. ysiluokkalaisille.<\/li>\n<li>Opotunneilla alustavien seuraavan vuoden opintovalintojen tekeminen alkoi.<\/li>\n<li>Turun yliopiston Bioteknologian laitoksen Molekulaarisen kasvibiologian ja Kerttulin lukion kumppanuuteen liittyen Petri Suorsa osallistui lev\u00e4soluissa tuotettavien biomolekyylien -tuoton ja tutkimuksen aloitustilaisuuteen Ruissalon kasvitieteellisess\u00e4 puutarhassa (The official opening of the University of Turku Algal Validation Facility \u201d<b>AlgaTech<\/b>\u201d.)<\/li>\n<\/ul>\n<p>Raidan RUA3 ruotsin opintojakson tunneilla vieraili my\u00f6s\u00a0<strong>kielil\u00e4hettil\u00e4s Karoliina Abrahamsson<\/strong>\u00a0kertomassa ruotsin kielen osaamisen hy\u00f6dyist\u00e4 ja kannustamassa k\u00e4ytt\u00e4m\u00e4\u00e4n kielt\u00e4 k\u00e4yt\u00e4nn\u00f6ss\u00e4. Abrahamsson vieraili kahdella tunnilla 17.4.<\/p>\n<p><img loading=\"lazy\" decoding=\"async\" class=\"alignnone size-medium wp-image-4329\" src=\"https:\/\/blog.edu.turku.fi\/kerttulinlukio\/files\/2024\/04\/Kielilahettilas-300x225.jpg\" alt=\"\" width=\"300\" height=\"225\" srcset=\"https:\/\/blog.edu.turku.fi\/kerttulinlukio\/files\/2024\/04\/Kielilahettilas-300x225.jpg 300w, https:\/\/blog.edu.turku.fi\/kerttulinlukio\/files\/2024\/04\/Kielilahettilas.jpg 1000w\" sizes=\"auto, (max-width: 300px) 85vw, 300px\" \/><\/p>\n<p>Huhtikuussa Kerttulin lukion <strong>tutor-opiskelijat ja opiskelijakunta olivat kev\u00e4tristeilyll\u00e4 Maarianhaminaan<\/strong>\u00a0ja takaisin. Maarianhaminan suuntaan ohjelmassa oli kokoustamista. Opiskelijakunta ja tutorit pohtivat esimerkiksi, millainen lukiomme on t\u00e4ll\u00e4 hetkell\u00e4 opiskelijoiden silmin. Lis\u00e4ksi suunniteltiin viel\u00e4 kev\u00e4\u00e4n tulevaa ohjelmaa. Paluumatkalla nautittiin yhdess\u00e4olosta ja auringosta! Molempiin suuntiin risteilij\u00e4t saivat nauttia my\u00f6s buffettien tarjoiluista.<\/p>\n<p><img loading=\"lazy\" decoding=\"async\" class=\"alignnone size-medium wp-image-4324\" src=\"https:\/\/blog.edu.turku.fi\/kerttulinlukio\/files\/2024\/04\/Risteilya-4-225x300.jpg\" alt=\"\" width=\"225\" height=\"300\" \/><img loading=\"lazy\" decoding=\"async\" class=\"alignnone size-medium wp-image-4323\" src=\"https:\/\/blog.edu.turku.fi\/kerttulinlukio\/files\/2024\/04\/Risteilya-3-225x300.jpg\" alt=\"\" width=\"225\" height=\"300\" srcset=\"https:\/\/blog.edu.turku.fi\/kerttulinlukio\/files\/2024\/04\/Risteilya-3-225x300.jpg 225w, https:\/\/blog.edu.turku.fi\/kerttulinlukio\/files\/2024\/04\/Risteilya-3.jpg 750w\" sizes=\"auto, (max-width: 225px) 85vw, 225px\" \/><img loading=\"lazy\" decoding=\"async\" class=\"alignnone size-medium wp-image-4322\" src=\"https:\/\/blog.edu.turku.fi\/kerttulinlukio\/files\/2024\/04\/Risteilya2-300x225.jpg\" alt=\"\" width=\"300\" height=\"225\" srcset=\"https:\/\/blog.edu.turku.fi\/kerttulinlukio\/files\/2024\/04\/Risteilya2-300x225.jpg 300w, https:\/\/blog.edu.turku.fi\/kerttulinlukio\/files\/2024\/04\/Risteilya2.jpg 1000w\" sizes=\"auto, (max-width: 300px) 85vw, 300px\" \/><img loading=\"lazy\" decoding=\"async\" class=\"alignnone size-medium wp-image-4321\" src=\"https:\/\/blog.edu.turku.fi\/kerttulinlukio\/files\/2024\/04\/Risteilya1-300x230.jpg\" alt=\"\" width=\"300\" height=\"230\" srcset=\"https:\/\/blog.edu.turku.fi\/kerttulinlukio\/files\/2024\/04\/Risteilya1-300x230.jpg 300w, https:\/\/blog.edu.turku.fi\/kerttulinlukio\/files\/2024\/04\/Risteilya1.jpg 1000w\" sizes=\"auto, (max-width: 300px) 85vw, 300px\" \/><\/p>\n<p>Huhtikuu huipentui viel\u00e4 vappuaattoon, jolloin pelattiin Turun lukioiden lentopalloturnaus, josta Kerttuli totta kai otti perinteisesti voiton.<\/p>\n<p><img loading=\"lazy\" decoding=\"async\" class=\"alignnone size-medium wp-image-4341\" src=\"https:\/\/blog.edu.turku.fi\/kerttulinlukio\/files\/2024\/05\/1ce317ff-aeeb-458b-9b20-c01a03a209cc-300x268.jpg\" alt=\"\" width=\"300\" height=\"268\" srcset=\"https:\/\/blog.edu.turku.fi\/kerttulinlukio\/files\/2024\/05\/1ce317ff-aeeb-458b-9b20-c01a03a209cc-300x268.jpg 300w, https:\/\/blog.edu.turku.fi\/kerttulinlukio\/files\/2024\/05\/1ce317ff-aeeb-458b-9b20-c01a03a209cc.jpg 1000w\" sizes=\"auto, (max-width: 300px) 85vw, 300px\" \/><\/p>\n<p>Vaappuaattona koululla koulup\u00e4iv\u00e4 loppui perinteisiin Vapun etkoihin, jossa jokainen ik\u00e4ryhm\u00e4 sai kiert\u00e4\u00e4 omia rastikierroksiaan. Ykk\u00f6sill\u00e4 oli perinteinen ensiaputeemainen kierros koululla ja kakkosilla paseru ulkona samalla roskia ker\u00e4illen roskahaasteeseen.<\/p>\n<p>&nbsp;<\/p>\n<p><img loading=\"lazy\" decoding=\"async\" class=\"alignnone size-medium wp-image-4344\" src=\"https:\/\/blog.edu.turku.fi\/kerttulinlukio\/files\/2024\/05\/thumbnail_IMG_9348-300x225.jpg\" alt=\"\" width=\"300\" height=\"225\" srcset=\"https:\/\/blog.edu.turku.fi\/kerttulinlukio\/files\/2024\/05\/thumbnail_IMG_9348-300x225.jpg 300w, https:\/\/blog.edu.turku.fi\/kerttulinlukio\/files\/2024\/05\/thumbnail_IMG_9348.jpg 640w\" sizes=\"auto, (max-width: 300px) 85vw, 300px\" \/><img loading=\"lazy\" decoding=\"async\" class=\"alignnone size-medium wp-image-4345\" src=\"https:\/\/blog.edu.turku.fi\/kerttulinlukio\/files\/2024\/05\/thumbnail_IMG_9347-300x225.jpg\" alt=\"\" width=\"300\" height=\"225\" srcset=\"https:\/\/blog.edu.turku.fi\/kerttulinlukio\/files\/2024\/05\/thumbnail_IMG_9347-300x225.jpg 300w, https:\/\/blog.edu.turku.fi\/kerttulinlukio\/files\/2024\/05\/thumbnail_IMG_9347.jpg 640w\" sizes=\"auto, (max-width: 300px) 85vw, 300px\" \/><img loading=\"lazy\" decoding=\"async\" class=\"alignnone size-medium wp-image-4346\" src=\"https:\/\/blog.edu.turku.fi\/kerttulinlukio\/files\/2024\/05\/thumbnail_IMG_9345-225x300.jpg\" alt=\"\" width=\"225\" height=\"300\" srcset=\"https:\/\/blog.edu.turku.fi\/kerttulinlukio\/files\/2024\/05\/thumbnail_IMG_9345-225x300.jpg 225w, https:\/\/blog.edu.turku.fi\/kerttulinlukio\/files\/2024\/05\/thumbnail_IMG_9345.jpg 481w\" sizes=\"auto, (max-width: 225px) 85vw, 225px\" \/><img loading=\"lazy\" decoding=\"async\" class=\"alignnone size-medium wp-image-4347\" src=\"https:\/\/blog.edu.turku.fi\/kerttulinlukio\/files\/2024\/05\/thumbnail_IMG_9343-225x300.jpg\" alt=\"\" width=\"225\" height=\"300\" srcset=\"https:\/\/blog.edu.turku.fi\/kerttulinlukio\/files\/2024\/05\/thumbnail_IMG_9343-225x300.jpg 225w, https:\/\/blog.edu.turku.fi\/kerttulinlukio\/files\/2024\/05\/thumbnail_IMG_9343.jpg 481w\" sizes=\"auto, (max-width: 225px) 85vw, 225px\" \/><img loading=\"lazy\" decoding=\"async\" class=\"alignnone size-medium wp-image-4348\" src=\"https:\/\/blog.edu.turku.fi\/kerttulinlukio\/files\/2024\/05\/thumbnail_9ef35e40-881c-491e-a1e5-eb88d4d015ff-169x300.jpg\" alt=\"\" width=\"169\" height=\"300\" srcset=\"https:\/\/blog.edu.turku.fi\/kerttulinlukio\/files\/2024\/05\/thumbnail_9ef35e40-881c-491e-a1e5-eb88d4d015ff-169x300.jpg 169w, https:\/\/blog.edu.turku.fi\/kerttulinlukio\/files\/2024\/05\/thumbnail_9ef35e40-881c-491e-a1e5-eb88d4d015ff.jpg 360w\" sizes=\"auto, (max-width: 169px) 85vw, 169px\" \/><img loading=\"lazy\" decoding=\"async\" class=\"alignnone size-medium wp-image-4349\" src=\"https:\/\/blog.edu.turku.fi\/kerttulinlukio\/files\/2024\/05\/thumbnail_7f67fe62-bd6f-4bc8-9262-b5e21ba4ddd4-300x225.jpg\" alt=\"\" width=\"300\" height=\"225\" srcset=\"https:\/\/blog.edu.turku.fi\/kerttulinlukio\/files\/2024\/05\/thumbnail_7f67fe62-bd6f-4bc8-9262-b5e21ba4ddd4-300x225.jpg 300w, https:\/\/blog.edu.turku.fi\/kerttulinlukio\/files\/2024\/05\/thumbnail_7f67fe62-bd6f-4bc8-9262-b5e21ba4ddd4.jpg 640w\" sizes=\"auto, (max-width: 300px) 85vw, 300px\" \/><img loading=\"lazy\" decoding=\"async\" class=\"alignnone size-medium wp-image-4350\" src=\"https:\/\/blog.edu.turku.fi\/kerttulinlukio\/files\/2024\/05\/thumbnail_7a42c41d-c434-43c8-aca9-b73d6378dbf4-225x300.jpg\" alt=\"\" width=\"225\" height=\"300\" srcset=\"https:\/\/blog.edu.turku.fi\/kerttulinlukio\/files\/2024\/05\/thumbnail_7a42c41d-c434-43c8-aca9-b73d6378dbf4-225x300.jpg 225w, https:\/\/blog.edu.turku.fi\/kerttulinlukio\/files\/2024\/05\/thumbnail_7a42c41d-c434-43c8-aca9-b73d6378dbf4.jpg 481w\" sizes=\"auto, (max-width: 225px) 85vw, 225px\" \/><img loading=\"lazy\" decoding=\"async\" class=\"alignnone size-medium wp-image-4353\" src=\"https:\/\/blog.edu.turku.fi\/kerttulinlukio\/files\/2024\/05\/256e284b-1c3f-4543-a893-8c55af6af9eb-1-169x300.jpg\" alt=\"\" width=\"169\" height=\"300\" srcset=\"https:\/\/blog.edu.turku.fi\/kerttulinlukio\/files\/2024\/05\/256e284b-1c3f-4543-a893-8c55af6af9eb-1-169x300.jpg 169w, https:\/\/blog.edu.turku.fi\/kerttulinlukio\/files\/2024\/05\/256e284b-1c3f-4543-a893-8c55af6af9eb-1.jpg 360w\" sizes=\"auto, (max-width: 169px) 85vw, 169px\" \/><\/p>\n<p>Sellainen oli Kerttulin huhtikuu 2024!<\/p>\n","protected":false},"excerpt":{"rendered":"<p>Huhtikuu k\u00e4ynnistyi Kerttulissa p\u00e4\u00e4si\u00e4isloman j\u00e4lkitunnelmissa suoraan koeviikolla. Viel\u00e4 tiistaina loman j\u00e4lkeen j\u00e4rjestettiin kuitenkin p\u00e4\u00e4si\u00e4ismunajahti koululla. Mari Vukelicin vinkit opiskeluun t\u00e4ss\u00e4 kuussa: Laurin lakitiedon ryhm\u00e4 YH4.2 vieraili kuun vaihteessa Varsinais-Suomen k\u00e4r\u00e4j\u00e4oikeudessa. Siell\u00e4 k\u00e4siteltiin juttua, joka liittyi liikenneturvallisuuden vaarantamiseen ja pahoinpitelyyn. Opiskelijoiden mielest\u00e4 vierailu oli eritt\u00e4in mielenkiintoinen ja hy\u00f6dyllinen, ja osa olisi halunnut j\u00e4\u00e4d\u00e4 seuraamaan viel\u00e4 seuraavaakin &hellip; <a href=\"https:\/\/blog.edu.turku.fi\/kerttulinlukio\/huhtikuu-2024\/\" class=\"more-link\">Jatka lukemista<span class=\"screen-reader-text\"> &#8221;Huhtikuu 2024&#8221;<\/span><\/a><\/p>\n","protected":false},"author":3367,"featured_media":0,"parent":0,"menu_order":0,"comment_status":"closed","ping_status":"closed","template":"","meta":{"footnotes":""},"class_list":["post-4443","page","type-page","status-publish","hentry"],"_links":{"self":[{"href":"https:\/\/blog.edu.turku.fi\/kerttulinlukio\/wp-json\/wp\/v2\/pages\/4443","targetHints":{"allow":["GET"]}}],"collection":[{"href":"https:\/\/blog.edu.turku.fi\/kerttulinlukio\/wp-json\/wp\/v2\/pages"}],"about":[{"href":"https:\/\/blog.edu.turku.fi\/kerttulinlukio\/wp-json\/wp\/v2\/types\/page"}],"author":[{"embeddable":true,"href":"https:\/\/blog.edu.turku.fi\/kerttulinlukio\/wp-json\/wp\/v2\/users\/3367"}],"replies":[{"embeddable":true,"href":"https:\/\/blog.edu.turku.fi\/kerttulinlukio\/wp-json\/wp\/v2\/comments?post=4443"}],"version-history":[{"count":3,"href":"https:\/\/blog.edu.turku.fi\/kerttulinlukio\/wp-json\/wp\/v2\/pages\/4443\/revisions"}],"predecessor-version":[{"id":4467,"href":"https:\/\/blog.edu.turku.fi\/kerttulinlukio\/wp-json\/wp\/v2\/pages\/4443\/revisions\/4467"}],"wp:attachment":[{"href":"https:\/\/blog.edu.turku.fi\/kerttulinlukio\/wp-json\/wp\/v2\/media?parent=4443"}],"curies":[{"name":"wp","href":"https:\/\/api.w.org\/{rel}","templated":true}]}}