{"id":4439,"date":"2024-05-30T20:29:10","date_gmt":"2024-05-30T17:29:10","guid":{"rendered":"https:\/\/blog.edu.turku.fi\/kerttulinlukio\/?page_id=4439"},"modified":"2024-05-30T20:29:10","modified_gmt":"2024-05-30T17:29:10","slug":"maaliskuu-2024","status":"publish","type":"page","link":"https:\/\/blog.edu.turku.fi\/kerttulinlukio\/maaliskuu-2024\/","title":{"rendered":"Maaliskuu 2024"},"content":{"rendered":"<p>Maaliskuussa alkoi valmistautuminen kev\u00e4\u00e4n YO-kokeisiin.<\/p>\n<p>Kuukausi starttasi kakkosvuotisten kotiv\u00e4enillalla. Illassa k\u00e4ytiin l\u00e4pi esimerkiksi Vanhojen tanssien kuvakollaasi muiden t\u00e4rkeiden k\u00e4yt\u00e4nn\u00f6n asioiden ohella.<\/p>\n<p><img loading=\"lazy\" decoding=\"async\" class=\"alignnone size-medium wp-image-4270\" src=\"https:\/\/blog.edu.turku.fi\/kerttulinlukio\/files\/2024\/03\/Kotivaenilta_1-300x181.jpeg\" alt=\"\" width=\"300\" height=\"181\" srcset=\"https:\/\/blog.edu.turku.fi\/kerttulinlukio\/files\/2024\/03\/Kotivaenilta_1-300x181.jpeg 300w, https:\/\/blog.edu.turku.fi\/kerttulinlukio\/files\/2024\/03\/Kotivaenilta_1.jpeg 1000w\" sizes=\"auto, (max-width: 300px) 85vw, 300px\" \/><img loading=\"lazy\" decoding=\"async\" class=\"alignnone size-medium wp-image-4271\" src=\"https:\/\/blog.edu.turku.fi\/kerttulinlukio\/files\/2024\/03\/Kotivaenilta_2-300x125.jpeg\" alt=\"\" width=\"300\" height=\"125\" srcset=\"https:\/\/blog.edu.turku.fi\/kerttulinlukio\/files\/2024\/03\/Kotivaenilta_2-300x125.jpeg 300w, https:\/\/blog.edu.turku.fi\/kerttulinlukio\/files\/2024\/03\/Kotivaenilta_2.jpeg 1000w\" sizes=\"auto, (max-width: 300px) 85vw, 300px\" \/><\/p>\n<p>Maaliskuussa vietettiin my\u00f6s &#8221;Pukeudu kuin isovanhempasi&#8221; -p\u00e4iv\u00e4\u00e4, johon henkil\u00f6kunta osallistui innolla.<\/p>\n<p><img loading=\"lazy\" decoding=\"async\" class=\"alignnone size-medium wp-image-4263\" src=\"https:\/\/blog.edu.turku.fi\/kerttulinlukio\/files\/2024\/03\/Kerttulin-vanhainkoti_1-225x300.jpeg\" alt=\"\" width=\"225\" height=\"300\" srcset=\"https:\/\/blog.edu.turku.fi\/kerttulinlukio\/files\/2024\/03\/Kerttulin-vanhainkoti_1-225x300.jpeg 225w, https:\/\/blog.edu.turku.fi\/kerttulinlukio\/files\/2024\/03\/Kerttulin-vanhainkoti_1.jpeg 750w\" sizes=\"auto, (max-width: 225px) 85vw, 225px\" \/><img loading=\"lazy\" decoding=\"async\" class=\"alignnone size-medium wp-image-4264\" src=\"https:\/\/blog.edu.turku.fi\/kerttulinlukio\/files\/2024\/03\/Kerttulin-vanahainkoti_2-187x300.jpeg\" alt=\"\" width=\"187\" height=\"300\" srcset=\"https:\/\/blog.edu.turku.fi\/kerttulinlukio\/files\/2024\/03\/Kerttulin-vanahainkoti_2-187x300.jpeg 187w, https:\/\/blog.edu.turku.fi\/kerttulinlukio\/files\/2024\/03\/Kerttulin-vanahainkoti_2.jpeg 623w\" sizes=\"auto, (max-width: 187px) 85vw, 187px\" \/><\/p>\n<p>YO-kokeet alkoivat 12.3.2024 \u00e4idinkielen ja kirjallisuuden lukutaidon kokeella ja kestiv\u00e4t 27.3. asti olevaan toiseen realikoep\u00e4iv\u00e4\u00e4n. Salit kalustettiin kisakuntoon ja blogissa ohjeistettiin j\u00e4nnityksen hallintaan ja lievitt\u00e4miseen. Abeille oli ensimm\u00e4ist\u00e4 kertaa tarjolla aamupalabaari ruokalassa, jossa sai itse rakentaa haluamansa voileiv\u00e4t kirjoitussaliin mukaan. Valmiita leipi\u00e4 ei siis en\u00e4\u00e4 tarjottu. Systeemi koettiin toimivaksi, sill\u00e4 jokainen sai haluamansa tyyppiset leiv\u00e4t ja toisaalta moni tuo t\u00e4ysin omat ev\u00e4\u00e4t.<\/p>\n<p>\u00c4idinkielen ja kirjallisuuden kirjoitustaidon kokeessa teemana oli onnellisuus ja sit\u00e4 pohdittiin my\u00f6s koulun blogissa. Jokaisen on hyv\u00e4 pys\u00e4hty\u00e4 arjessa omien onnellisuutta tuottavien asioiden \u00e4\u00e4relle.<\/p>\n<p><img loading=\"lazy\" decoding=\"async\" class=\"alignnone size-medium wp-image-4283\" src=\"https:\/\/blog.edu.turku.fi\/kerttulinlukio\/files\/2024\/03\/Kukkia_1-169x300.jpg\" alt=\"\" width=\"169\" height=\"300\" \/><img loading=\"lazy\" decoding=\"async\" class=\"alignnone size-medium wp-image-4284\" src=\"https:\/\/blog.edu.turku.fi\/kerttulinlukio\/files\/2024\/03\/Kukkia_2-169x300.jpg\" alt=\"\" width=\"169\" height=\"300\" \/><\/p>\n<p>Erityisopettaja-Marin kuukauden opiskeluvinkit olivat seuraavat:<\/p>\n<p><img loading=\"lazy\" decoding=\"async\" class=\"alignnone size-medium wp-image-4275\" src=\"https:\/\/blog.edu.turku.fi\/kerttulinlukio\/files\/2024\/03\/Opiskeluvinkki-3_1-300x300.png\" alt=\"\" width=\"300\" height=\"300\" \/><img loading=\"lazy\" decoding=\"async\" class=\"alignnone size-medium wp-image-4276\" src=\"https:\/\/blog.edu.turku.fi\/kerttulinlukio\/files\/2024\/03\/Opiskeluvinkki-3_2-300x300.png\" alt=\"\" width=\"300\" height=\"300\" \/><\/p>\n<p>\u00c4idinkielen ja kirjallisuuden lehtorimme Minna Moisanen oli haastateltuna Ylen digitaalisia oppimateriaaleja k\u00e4sittelev\u00e4\u00e4n juttuun. Tiivistetysti jutussa todetaan, ett\u00e4 digitaaliset oppimateriaalit ovat yleistyneet Suomen lukioissa, mutta niiden k\u00e4ytt\u00f6\u00f6n liittyy sek\u00e4 hy\u00f6tyj\u00e4 ett\u00e4 pulmia. Suomen lukioissa digitaalisten materiaalien m\u00e4\u00e4r\u00e4 on jopa 75-100% k\u00e4ytetyist\u00e4 materiaaleista. Moisanen puolustaa jutussa digilaitteita sek\u00e4 kirjoittamisen helppouden ett\u00e4 tarkistamisen tehokkuuden ansiosta. Toisaalta koneilta katsotaan helposti Netflixi\u00e4 tai shoppaillaan, ja koneiden k\u00e4ytt\u00f6 heikent\u00e4\u00e4kin monen opiskelijan keskistymist\u00e4 huomattavasti. Ylen mukaan on t\u00e4rke\u00e4\u00e4 l\u00f6yt\u00e4\u00e4 tasapaino hy\u00f6tyjen ja ongelmien v\u00e4lill\u00e4, jotta digitaalisuus palvelee oppimista parhaalla mahdollisella tavalla. Linkki juttuun:\u00a0<a href=\"https:\/\/yle.fi\/a\/74-20077941\">https:\/\/yle.fi\/a\/74-20077941<\/a><\/p>\n<p>Maaliskuussa opotunneilla vieraili my\u00f6s monia eri oppilaitosten opintoalojen esittelij\u00f6it\u00e4.<\/p>\n<p><img loading=\"lazy\" decoding=\"async\" class=\"alignnone size-medium wp-image-4286\" src=\"https:\/\/blog.edu.turku.fi\/kerttulinlukio\/files\/2024\/03\/Opovierailu_1-300x284.jpeg\" alt=\"\" width=\"300\" height=\"284\" srcset=\"https:\/\/blog.edu.turku.fi\/kerttulinlukio\/files\/2024\/03\/Opovierailu_1-300x284.jpeg 300w, https:\/\/blog.edu.turku.fi\/kerttulinlukio\/files\/2024\/03\/Opovierailu_1.jpeg 1000w\" sizes=\"auto, (max-width: 300px) 85vw, 300px\" \/><\/p>\n<p>Markku Rajala ja Katja Repo olivat esittelem\u00e4ss\u00e4 Turun AMK:n liiketalouden opintoja.<\/p>\n<p><img loading=\"lazy\" decoding=\"async\" class=\"alignnone size-medium wp-image-4287\" src=\"https:\/\/blog.edu.turku.fi\/kerttulinlukio\/files\/2024\/03\/Opovierailu_2_Elsa-Lampinen-300x300.jpg\" alt=\"\" width=\"300\" height=\"300\" srcset=\"https:\/\/blog.edu.turku.fi\/kerttulinlukio\/files\/2024\/03\/Opovierailu_2_Elsa-Lampinen-300x300.jpg 300w, https:\/\/blog.edu.turku.fi\/kerttulinlukio\/files\/2024\/03\/Opovierailu_2_Elsa-Lampinen-150x150.jpg 150w, https:\/\/blog.edu.turku.fi\/kerttulinlukio\/files\/2024\/03\/Opovierailu_2_Elsa-Lampinen.jpg 1000w\" sizes=\"auto, (max-width: 300px) 85vw, 300px\" \/><\/p>\n<p>Elsa Lampinen oli esittelem\u00e4ss\u00e4 maantieteen opintoja Turun yliopistossa.<\/p>\n<p><img loading=\"lazy\" decoding=\"async\" class=\"alignnone size-medium wp-image-4288\" src=\"https:\/\/blog.edu.turku.fi\/kerttulinlukio\/files\/2024\/03\/Opovierailu_3_Kaisa-Seppala-300x214.jpg\" alt=\"\" width=\"300\" height=\"214\" \/><\/p>\n<p>Kaisa Sepp\u00e4l\u00e4 oli esittelem\u00e4ss\u00e4 tuotantotalouden opintoja Aalto yliopistossa. Kaisa valmistui Kerttulista kev\u00e4\u00e4ll\u00e4 2023!<\/p>\n<p>Oppiaineissa tapahtunutta:<\/p>\n<ul>\n<li>Samuli Lepp\u00e4m\u00e4ki Eurooppanuoret-j\u00e4rjest\u00f6st\u00e4 tuli kertomaan parlamentin toiminnasta YH-tunnille ja Euroopan nuorten parlamentin edustaja piti Euroopan parlamentin p\u00e4\u00e4t\u00f6ksentekosimulaation.<\/li>\n<li>Ruotsin oppiaineessa pidettiin kirjoituskilpailu toisen vuosikurssin opiskelijoille.<\/li>\n<li>UE1-ryhm\u00e4t vierailivat Turun synagogassa oppaanaan Miiu Hasan.<\/li>\n<li>Yliopiston lehtori dosentti Tapio Eeva Turun yliopiston biologian laitokselta vieraili Kerttulissa kertomassa ymp\u00e4rist\u00f6ekologisista tutkimuksistaan Harjavallan raskasmetallisulaton vaikutusalueella. H\u00e4nen ker\u00e4\u00e4m\u00e4\u00e4ns\u00e4 dataa k\u00e4ytettiin oppilaiden tutkielmissa, jotka viimeisteltiin samalla. Lis\u00e4ksi dos. Eeva esitteli biologian laitoksen opetusta Turun yliopistossa.<\/li>\n<li>Ryhm\u00e4t BI03.2, 3.3 ja 3.5 sek\u00e4 GE01.7 olivat Ilari S\u00e4\u00e4ksj\u00e4rven luennolla<\/li>\n<li>Ryhm\u00e4 HI4 vieraili Turun linnassa.<\/li>\n<li>Fi1-ryhm\u00e4 vieraili W\u00e4in\u00f6 Aaltosen museossa tutustumassa Iiu Susirajan n\u00e4yttelyyn.<\/li>\n<\/ul>\n<p>Maaliskuussa saimme my\u00f6s kuulumisia opotuntien URAVARJOSTUS-projekteista. Opiskelijat olivat laatineet esityksi\u00e4 tekemist\u00e4\u00e4n ty\u00f6p\u00e4ivist\u00e4. Uravarjostus koettiin opettavana ja hy\u00f6dyllisen\u00e4.<\/p>\n<p><img loading=\"lazy\" decoding=\"async\" class=\"alignnone size-medium wp-image-4292\" src=\"https:\/\/blog.edu.turku.fi\/kerttulinlukio\/files\/2024\/03\/Uravarjostus_1-217x300.jpg\" alt=\"\" width=\"217\" height=\"300\" srcset=\"https:\/\/blog.edu.turku.fi\/kerttulinlukio\/files\/2024\/03\/Uravarjostus_1-217x300.jpg 217w, https:\/\/blog.edu.turku.fi\/kerttulinlukio\/files\/2024\/03\/Uravarjostus_1.jpg 722w\" sizes=\"auto, (max-width: 217px) 85vw, 217px\" \/><img loading=\"lazy\" decoding=\"async\" class=\"alignnone size-medium wp-image-4293\" src=\"https:\/\/blog.edu.turku.fi\/kerttulinlukio\/files\/2024\/03\/Uravarjostus_2-193x300.jpg\" alt=\"\" width=\"193\" height=\"300\" srcset=\"https:\/\/blog.edu.turku.fi\/kerttulinlukio\/files\/2024\/03\/Uravarjostus_2-193x300.jpg 193w, https:\/\/blog.edu.turku.fi\/kerttulinlukio\/files\/2024\/03\/Uravarjostus_2.jpg 642w\" sizes=\"auto, (max-width: 193px) 85vw, 193px\" \/><img loading=\"lazy\" decoding=\"async\" class=\"alignnone size-medium wp-image-4294\" src=\"https:\/\/blog.edu.turku.fi\/kerttulinlukio\/files\/2024\/03\/Uravarjostus_7-252x300.jpg\" alt=\"\" width=\"252\" height=\"300\" srcset=\"https:\/\/blog.edu.turku.fi\/kerttulinlukio\/files\/2024\/03\/Uravarjostus_7-252x300.jpg 252w, https:\/\/blog.edu.turku.fi\/kerttulinlukio\/files\/2024\/03\/Uravarjostus_7.jpg 840w\" sizes=\"auto, (max-width: 252px) 85vw, 252px\" \/><\/p>\n<p>Maaliskuun lopussa alkoi my\u00f6s p\u00e4\u00e4si\u00e4isloma, kun pitk\u00e4perjantai osui t\u00e4n\u00e4 vuonna p\u00e4iv\u00e4\u00e4n 29.3.2024.<\/p>\n<p>Sellainen oli Kerttulin maaliskuu 2024!<\/p>\n<p>&nbsp;<\/p>\n","protected":false},"excerpt":{"rendered":"<p>Maaliskuussa alkoi valmistautuminen kev\u00e4\u00e4n YO-kokeisiin. Kuukausi starttasi kakkosvuotisten kotiv\u00e4enillalla. Illassa k\u00e4ytiin l\u00e4pi esimerkiksi Vanhojen tanssien kuvakollaasi muiden t\u00e4rkeiden k\u00e4yt\u00e4nn\u00f6n asioiden ohella. Maaliskuussa vietettiin my\u00f6s &#8221;Pukeudu kuin isovanhempasi&#8221; -p\u00e4iv\u00e4\u00e4, johon henkil\u00f6kunta osallistui innolla. YO-kokeet alkoivat 12.3.2024 \u00e4idinkielen ja kirjallisuuden lukutaidon kokeella ja kestiv\u00e4t 27.3. asti olevaan toiseen realikoep\u00e4iv\u00e4\u00e4n. Salit kalustettiin kisakuntoon ja blogissa ohjeistettiin j\u00e4nnityksen hallintaan &hellip; <a href=\"https:\/\/blog.edu.turku.fi\/kerttulinlukio\/maaliskuu-2024\/\" class=\"more-link\">Jatka lukemista<span class=\"screen-reader-text\"> &#8221;Maaliskuu 2024&#8221;<\/span><\/a><\/p>\n","protected":false},"author":3367,"featured_media":0,"parent":0,"menu_order":0,"comment_status":"closed","ping_status":"closed","template":"","meta":{"footnotes":""},"class_list":["post-4439","page","type-page","status-publish","hentry"],"_links":{"self":[{"href":"https:\/\/blog.edu.turku.fi\/kerttulinlukio\/wp-json\/wp\/v2\/pages\/4439","targetHints":{"allow":["GET"]}}],"collection":[{"href":"https:\/\/blog.edu.turku.fi\/kerttulinlukio\/wp-json\/wp\/v2\/pages"}],"about":[{"href":"https:\/\/blog.edu.turku.fi\/kerttulinlukio\/wp-json\/wp\/v2\/types\/page"}],"author":[{"embeddable":true,"href":"https:\/\/blog.edu.turku.fi\/kerttulinlukio\/wp-json\/wp\/v2\/users\/3367"}],"replies":[{"embeddable":true,"href":"https:\/\/blog.edu.turku.fi\/kerttulinlukio\/wp-json\/wp\/v2\/comments?post=4439"}],"version-history":[{"count":3,"href":"https:\/\/blog.edu.turku.fi\/kerttulinlukio\/wp-json\/wp\/v2\/pages\/4439\/revisions"}],"predecessor-version":[{"id":4442,"href":"https:\/\/blog.edu.turku.fi\/kerttulinlukio\/wp-json\/wp\/v2\/pages\/4439\/revisions\/4442"}],"wp:attachment":[{"href":"https:\/\/blog.edu.turku.fi\/kerttulinlukio\/wp-json\/wp\/v2\/media?parent=4439"}],"curies":[{"name":"wp","href":"https:\/\/api.w.org\/{rel}","templated":true}]}}