{"id":4437,"date":"2024-05-30T20:28:37","date_gmt":"2024-05-30T17:28:37","guid":{"rendered":"https:\/\/blog.edu.turku.fi\/kerttulinlukio\/?page_id=4437"},"modified":"2024-05-30T20:28:37","modified_gmt":"2024-05-30T17:28:37","slug":"tammikuu-2024","status":"publish","type":"page","link":"https:\/\/blog.edu.turku.fi\/kerttulinlukio\/tammikuu-2024\/","title":{"rendered":"Tammikuu 2024"},"content":{"rendered":"<p>Uusi vuosi k\u00e4ynnistyi Kerttulissa normaalin ty\u00f6skentelyn merkeiss\u00e4. Kuukauden alussa pidettiin my\u00f6s esittelyillat ysiluokkalaisille. Toivottavasti mukana oli monia uusia kerttulilaisia!<\/p>\n<p><strong>Esittelyillat:<\/strong><\/p>\n<p><strong>Urheilulinja: Maanantaina 15.1. klo 17.45 lajiesittelyt ja klo 18.30 yleisesittely<\/strong><\/p>\n<p><strong>ICT- ja yleislinja: Tiistaina 16.1. klo 18.30\u00a0<\/strong><\/p>\n<p><img loading=\"lazy\" decoding=\"async\" class=\"alignnone size-medium wp-image-4144\" src=\"https:\/\/blog.edu.turku.fi\/kerttulinlukio\/files\/2024\/01\/urheilulukioesittely-300x233.png\" alt=\"\" width=\"300\" height=\"233\" srcset=\"https:\/\/blog.edu.turku.fi\/kerttulinlukio\/files\/2024\/01\/urheilulukioesittely-300x233.png 300w, https:\/\/blog.edu.turku.fi\/kerttulinlukio\/files\/2024\/01\/urheilulukioesittely.png 773w\" sizes=\"auto, (max-width: 300px) 85vw, 300px\" \/><img loading=\"lazy\" decoding=\"async\" class=\"alignnone size-medium wp-image-4143\" src=\"https:\/\/blog.edu.turku.fi\/kerttulinlukio\/files\/2024\/01\/ICT_lukion-esittelyilta-300x233.png\" alt=\"\" width=\"300\" height=\"233\" srcset=\"https:\/\/blog.edu.turku.fi\/kerttulinlukio\/files\/2024\/01\/ICT_lukion-esittelyilta-300x233.png 300w, https:\/\/blog.edu.turku.fi\/kerttulinlukio\/files\/2024\/01\/ICT_lukion-esittelyilta.png 773w\" sizes=\"auto, (max-width: 300px) 85vw, 300px\" \/><\/p>\n<p><img loading=\"lazy\" decoding=\"async\" class=\"alignnone size-medium wp-image-4151\" src=\"https:\/\/blog.edu.turku.fi\/kerttulinlukio\/files\/2024\/01\/Esittelyilta_1-300x169.jpg\" alt=\"\" width=\"300\" height=\"169\" \/><img loading=\"lazy\" decoding=\"async\" class=\"alignnone size-medium wp-image-4152\" src=\"https:\/\/blog.edu.turku.fi\/kerttulinlukio\/files\/2024\/01\/Esittelyilta_2-169x300.jpg\" alt=\"\" width=\"169\" height=\"300\" \/><img loading=\"lazy\" decoding=\"async\" class=\"alignnone size-medium wp-image-4153\" src=\"https:\/\/blog.edu.turku.fi\/kerttulinlukio\/files\/2024\/01\/Esittelyilta_3-225x300.jpg\" alt=\"\" width=\"225\" height=\"300\" \/><img loading=\"lazy\" decoding=\"async\" class=\"alignnone size-medium wp-image-4154\" src=\"https:\/\/blog.edu.turku.fi\/kerttulinlukio\/files\/2024\/01\/Esittelyilta_4-300x225.jpg\" alt=\"\" width=\"300\" height=\"225\" srcset=\"https:\/\/blog.edu.turku.fi\/kerttulinlukio\/files\/2024\/01\/Esittelyilta_4-300x225.jpg 300w, https:\/\/blog.edu.turku.fi\/kerttulinlukio\/files\/2024\/01\/Esittelyilta_4.jpg 1000w\" sizes=\"auto, (max-width: 300px) 85vw, 300px\" \/><\/p>\n<p>Marraskuisesta Leobenin vierailusta julkaistiin my\u00f6s raportti, joka on luettavissa osoitteessa\u00a0<a href=\"http:\/\/t.co\/lLW6ZmQRlX\">http:\/\/t.co\/lLW6ZmQRlX<\/a><\/p>\n<p>Tammikuussa alkoi my\u00f6s tulevan Italian projektin suunnittelu lukuvuodelle 2024-2025 ja siit\u00e4 j\u00e4rjestettiin infotilaisuus.<\/p>\n<p>18.1.2024 pidettiin valtakunnallinen Maantiedekilpailu, eli opiskelija p\u00e4\u00e4siv\u00e4t osoittamaan luonnontieteen taitojaan j\u00e4lleen kerran.<\/p>\n<p>Kerttulin opiskelija Andrei Belogurovin ICT-opintojen lopputy\u00f6 sai tammikuussa tunnustusta Helsingin Sanomia my\u00f6ten! Andrei koodasi Turun kaupungin Minecraft-pelin sis\u00e4\u00e4n. Ty\u00f6ss\u00e4\u00e4n Belogurov k\u00e4ytti hyv\u00e4kseen kaupungin avoimia aineistoja, kuten laserkeilausaineistoja, ilmakuvia ja 3D-malleja. Belogurov kuvaa prosessiaan haastavaksi ja joutui sel\u00e4tt\u00e4m\u00e4\u00e4n useita ongelmia, kuten tulvivan Halisten kosken. Lopputulos on kuitenkin huikaiseva, ja nyt kuka tahansa voi seikkailla Minecraft-Turussa!<\/p>\n<p>Hienoa Andrei!<\/p>\n<p>Hesarin juttu: <a href=\"https:\/\/www.hs.fi\/kotimaa\/turku\/art-2000010120224.html\">https:\/\/www.hs.fi\/kotimaa\/turku\/art-2000010120224.html<\/a><\/p>\n<p>Katso Minecraft-kaupungin videoesittely:\u00a0<a href=\"https:\/\/www.youtube.com\/watch?v=yzO7G7EHWyA\">https:\/\/www.youtube.com\/watch?v=yzO7G7EHWyA<\/a><\/p>\n<p><img loading=\"lazy\" decoding=\"async\" class=\"alignnone size-medium wp-image-4155\" src=\"https:\/\/blog.edu.turku.fi\/kerttulinlukio\/files\/2024\/01\/Minecraft-Turku-300x165.jpg\" alt=\"\" width=\"300\" height=\"165\" srcset=\"https:\/\/blog.edu.turku.fi\/kerttulinlukio\/files\/2024\/01\/Minecraft-Turku-300x165.jpg 300w, https:\/\/blog.edu.turku.fi\/kerttulinlukio\/files\/2024\/01\/Minecraft-Turku.jpg 1000w\" sizes=\"auto, (max-width: 300px) 85vw, 300px\" \/><\/p>\n<p>&nbsp;<\/p>\n<p>Erityisopettaja Mari Vukelicin vinkit tammikuun opiskeluun:<\/p>\n<p><img loading=\"lazy\" decoding=\"async\" class=\"alignnone size-medium wp-image-4156\" src=\"https:\/\/blog.edu.turku.fi\/kerttulinlukio\/files\/2024\/01\/Opiskelutekniikkaa_thumbnail_opiskelu1.1_-korjattu-300x300.png\" alt=\"\" width=\"300\" height=\"300\" srcset=\"https:\/\/blog.edu.turku.fi\/kerttulinlukio\/files\/2024\/01\/Opiskelutekniikkaa_thumbnail_opiskelu1.1_-korjattu-300x300.png 300w, https:\/\/blog.edu.turku.fi\/kerttulinlukio\/files\/2024\/01\/Opiskelutekniikkaa_thumbnail_opiskelu1.1_-korjattu-150x150.png 150w, https:\/\/blog.edu.turku.fi\/kerttulinlukio\/files\/2024\/01\/Opiskelutekniikkaa_thumbnail_opiskelu1.1_-korjattu-1024x1024.png 1024w, https:\/\/blog.edu.turku.fi\/kerttulinlukio\/files\/2024\/01\/Opiskelutekniikkaa_thumbnail_opiskelu1.1_-korjattu.png 1080w\" sizes=\"auto, (max-width: 300px) 85vw, 300px\" \/><img loading=\"lazy\" decoding=\"async\" class=\"alignnone size-medium wp-image-4157\" src=\"https:\/\/blog.edu.turku.fi\/kerttulinlukio\/files\/2024\/01\/Opiskelutaidot_1-ok-2-300x300.png\" alt=\"\" width=\"300\" height=\"300\" srcset=\"https:\/\/blog.edu.turku.fi\/kerttulinlukio\/files\/2024\/01\/Opiskelutaidot_1-ok-2-300x300.png 300w, https:\/\/blog.edu.turku.fi\/kerttulinlukio\/files\/2024\/01\/Opiskelutaidot_1-ok-2-150x150.png 150w, https:\/\/blog.edu.turku.fi\/kerttulinlukio\/files\/2024\/01\/Opiskelutaidot_1-ok-2-1024x1024.png 1024w, https:\/\/blog.edu.turku.fi\/kerttulinlukio\/files\/2024\/01\/Opiskelutaidot_1-ok-2.png 1080w\" sizes=\"auto, (max-width: 300px) 85vw, 300px\" \/><\/p>\n<p>Tammikuu huipentui Varsinais-Suomen urheilugaalaan, jossa palkittiin monia kerttulilaisia.<\/p>\n<p>Vuoden nuori urheilija: Lotte-Line Ekstr\u00f6m, suunnistus<\/p>\n<p>Paavo Nurmi keskuksen kannatuspalkinto: Milla Granlund, salibandy<\/p>\n<p>Lajiensa parhaat:<\/p>\n<p>Aliisa Soini, uinti<\/p>\n<p>Silja Koskinen, alppilajit<\/p>\n<p>Lis\u00e4ksi palkituissa oli lukuisia vanhoja kerttulilaisia, kuten vuoden urheilija Wilma Murto! Wilman valmentaja ja akatemiavalmentajamme Jarno Koivunen voitti my\u00f6s vuoden valmentajan palkinnon!<\/p>\n<p><img loading=\"lazy\" decoding=\"async\" class=\"alignnone size-medium wp-image-4161\" src=\"https:\/\/blog.edu.turku.fi\/kerttulinlukio\/files\/2024\/01\/Varsinais-Suomen-urheilugaala24-300x225.jpeg\" alt=\"\" width=\"300\" height=\"225\" srcset=\"https:\/\/blog.edu.turku.fi\/kerttulinlukio\/files\/2024\/01\/Varsinais-Suomen-urheilugaala24-300x225.jpeg 300w, https:\/\/blog.edu.turku.fi\/kerttulinlukio\/files\/2024\/01\/Varsinais-Suomen-urheilugaala24.jpeg 1000w\" sizes=\"auto, (max-width: 300px) 85vw, 300px\" \/><\/p>\n<p>My\u00f6s Wanhojen tanssien harjoitukset olivat tammikuussa hyv\u00e4ss\u00e4 vauhdissa ja oma tanssiakin p\u00e4\u00e4stiin jo harjoittelemaan.<\/p>\n<p><img loading=\"lazy\" decoding=\"async\" class=\"alignnone size-medium wp-image-4162\" src=\"https:\/\/blog.edu.turku.fi\/kerttulinlukio\/files\/2024\/01\/Vanhojen-treenit_1-300x225.jpeg\" alt=\"\" width=\"300\" height=\"225\" srcset=\"https:\/\/blog.edu.turku.fi\/kerttulinlukio\/files\/2024\/01\/Vanhojen-treenit_1-300x225.jpeg 300w, https:\/\/blog.edu.turku.fi\/kerttulinlukio\/files\/2024\/01\/Vanhojen-treenit_1.jpeg 1000w\" sizes=\"auto, (max-width: 300px) 85vw, 300px\" \/><img loading=\"lazy\" decoding=\"async\" class=\"alignnone size-medium wp-image-4163\" src=\"https:\/\/blog.edu.turku.fi\/kerttulinlukio\/files\/2024\/01\/Vanhojen-treenit_2-300x225.jpeg\" alt=\"\" width=\"300\" height=\"225\" srcset=\"https:\/\/blog.edu.turku.fi\/kerttulinlukio\/files\/2024\/01\/Vanhojen-treenit_2-300x225.jpeg 300w, https:\/\/blog.edu.turku.fi\/kerttulinlukio\/files\/2024\/01\/Vanhojen-treenit_2.jpeg 1000w\" sizes=\"auto, (max-width: 300px) 85vw, 300px\" \/><img loading=\"lazy\" decoding=\"async\" class=\"alignnone size-medium wp-image-4164\" src=\"https:\/\/blog.edu.turku.fi\/kerttulinlukio\/files\/2024\/01\/Vanhojen-treenit_3-300x225.jpeg\" alt=\"\" width=\"300\" height=\"225\" srcset=\"https:\/\/blog.edu.turku.fi\/kerttulinlukio\/files\/2024\/01\/Vanhojen-treenit_3-300x225.jpeg 300w, https:\/\/blog.edu.turku.fi\/kerttulinlukio\/files\/2024\/01\/Vanhojen-treenit_3.jpeg 1000w\" sizes=\"auto, (max-width: 300px) 85vw, 300px\" \/><\/p>\n<p>Sellainen oli Kerttulin tammikuu 2024!<\/p>\n<p>&nbsp;<\/p>\n","protected":false},"excerpt":{"rendered":"<p>Uusi vuosi k\u00e4ynnistyi Kerttulissa normaalin ty\u00f6skentelyn merkeiss\u00e4. Kuukauden alussa pidettiin my\u00f6s esittelyillat ysiluokkalaisille. Toivottavasti mukana oli monia uusia kerttulilaisia! Esittelyillat: Urheilulinja: Maanantaina 15.1. klo 17.45 lajiesittelyt ja klo 18.30 yleisesittely ICT- ja yleislinja: Tiistaina 16.1. klo 18.30\u00a0 Marraskuisesta Leobenin vierailusta julkaistiin my\u00f6s raportti, joka on luettavissa osoitteessa\u00a0http:\/\/t.co\/lLW6ZmQRlX Tammikuussa alkoi my\u00f6s tulevan Italian projektin suunnittelu lukuvuodelle &hellip; <a href=\"https:\/\/blog.edu.turku.fi\/kerttulinlukio\/tammikuu-2024\/\" class=\"more-link\">Jatka lukemista<span class=\"screen-reader-text\"> &#8221;Tammikuu 2024&#8221;<\/span><\/a><\/p>\n","protected":false},"author":3367,"featured_media":0,"parent":0,"menu_order":0,"comment_status":"closed","ping_status":"closed","template":"","meta":{"footnotes":""},"class_list":["post-4437","page","type-page","status-publish","hentry"],"_links":{"self":[{"href":"https:\/\/blog.edu.turku.fi\/kerttulinlukio\/wp-json\/wp\/v2\/pages\/4437","targetHints":{"allow":["GET"]}}],"collection":[{"href":"https:\/\/blog.edu.turku.fi\/kerttulinlukio\/wp-json\/wp\/v2\/pages"}],"about":[{"href":"https:\/\/blog.edu.turku.fi\/kerttulinlukio\/wp-json\/wp\/v2\/types\/page"}],"author":[{"embeddable":true,"href":"https:\/\/blog.edu.turku.fi\/kerttulinlukio\/wp-json\/wp\/v2\/users\/3367"}],"replies":[{"embeddable":true,"href":"https:\/\/blog.edu.turku.fi\/kerttulinlukio\/wp-json\/wp\/v2\/comments?post=4437"}],"version-history":[{"count":1,"href":"https:\/\/blog.edu.turku.fi\/kerttulinlukio\/wp-json\/wp\/v2\/pages\/4437\/revisions"}],"predecessor-version":[{"id":4438,"href":"https:\/\/blog.edu.turku.fi\/kerttulinlukio\/wp-json\/wp\/v2\/pages\/4437\/revisions\/4438"}],"wp:attachment":[{"href":"https:\/\/blog.edu.turku.fi\/kerttulinlukio\/wp-json\/wp\/v2\/media?parent=4437"}],"curies":[{"name":"wp","href":"https:\/\/api.w.org\/{rel}","templated":true}]}}