{"id":429,"date":"2019-01-12T17:23:15","date_gmt":"2019-01-12T15:23:15","guid":{"rendered":"https:\/\/blog.edu.turku.fi\/kerttulinlukio\/?page_id=429"},"modified":"2019-04-10T17:54:39","modified_gmt":"2019-04-10T14:54:39","slug":"tammikuu","status":"publish","type":"page","link":"https:\/\/blog.edu.turku.fi\/kerttulinlukio\/tammikuu\/","title":{"rendered":"Tammikuu"},"content":{"rendered":"<p>&nbsp;<\/p>\n<p><strong><img loading=\"lazy\" decoding=\"async\" class=\"alignright size-medium wp-image-701\" src=\"https:\/\/blog.edu.turku.fi\/kerttulinlukio\/files\/2019\/04\/IMG_2817-300x200.jpg\" alt=\"\" width=\"300\" height=\"200\" \/>Esittelyillat tuleville opiskelijoille<\/strong><\/p>\n<p>Kerttulin lukion esittelyillat j\u00e4rjestettiin maanantaina 21.1.2019 tuleville yleis- ja ICT-linjalaisille sek\u00e4 tiistaina 22.1.2019 tuleville urheilulinjalaisille. Tilaisuudet vetiv\u00e4t salin t\u00e4yteen \u00e4\u00e4ri\u00e4\u00e4n my\u00f6ten. Aluksi kuultiin rehtorin yleisesittely, jonka j\u00e4lkeen vierailla oli mahdollisuus tutustua koulu-taloon. Luokissa opettajat esitteliv\u00e4t oppiaineitaan ja vastasivat esille nousseisiin kysymyksiin.<\/p>\n<p><strong><img loading=\"lazy\" decoding=\"async\" class=\"alignright size-medium wp-image-430\" src=\"https:\/\/blog.edu.turku.fi\/kerttulinlukio\/files\/2019\/01\/Onnimanni-130x139.jpg\" alt=\"\" width=\"130\" height=\"139\" \/>WilmaTen-pelill\u00e4 yleis\u00f6n suosikiksi<\/strong><\/p>\n<p>Ohjelmistoyhti\u00f6 Visma j\u00e4rjesti vuoden 2018 lopussa Wilma Goes Gaming -pelisuunnittelukilpailun otsikolla \u201cMillainen peli Wilma olisi?\u201d. Koska koulun ja kodin v\u00e4linen viestint\u00e4j\u00e4rjestelm\u00e4 Wilma t\u00e4ytt\u00e4\u00e4 18 vuotta, siihen haluttiin saada uudenlaista n\u00e4k\u00f6kulmaa. Wilma Goes Gaming -pelisuunnittelukilpailun parhaimmisto palkittiin Helsingiss\u00e4 10.1.2019. Yleis\u00f6n suosikiksi nousi turkulaisen, Kerttulin ICT-lukiossa ensimm\u00e4ist\u00e4 vuotta opiskelevan Onnimanni Hannosen suunnittelema peli WilmaTen, jolla voi harjoitella kymmensormij\u00e4rjestelm\u00e4\u00e4. Peli on yksinkertaisuudessaan sek\u00e4 hy\u00f6dyllinen ett\u00e4 innostava. Pelaajan on kirjoitettava oikein Wilma-sovelluksesta tulevat viestit (sanat) annetussa ajassa. Hiukan Tetris-henkinen peli koukutti Vaasan yliopistolla pelatussa Vaasa Game Days -tapahtumassa.<\/p>\n","protected":false},"excerpt":{"rendered":"<p>&nbsp; Esittelyillat tuleville opiskelijoille Kerttulin lukion esittelyillat j\u00e4rjestettiin maanantaina 21.1.2019 tuleville yleis- ja ICT-linjalaisille sek\u00e4 tiistaina 22.1.2019 tuleville urheilulinjalaisille. Tilaisuudet vetiv\u00e4t salin t\u00e4yteen \u00e4\u00e4ri\u00e4\u00e4n my\u00f6ten. Aluksi kuultiin rehtorin yleisesittely, jonka j\u00e4lkeen vierailla oli mahdollisuus tutustua koulu-taloon. Luokissa opettajat esitteliv\u00e4t oppiaineitaan ja vastasivat esille nousseisiin kysymyksiin. WilmaTen-pelill\u00e4 yleis\u00f6n suosikiksi Ohjelmistoyhti\u00f6 Visma j\u00e4rjesti vuoden 2018 lopussa Wilma &hellip; <a href=\"https:\/\/blog.edu.turku.fi\/kerttulinlukio\/tammikuu\/\" class=\"more-link\">Jatka lukemista<span class=\"screen-reader-text\"> &#8221;Tammikuu&#8221;<\/span><\/a><\/p>\n","protected":false},"author":2522,"featured_media":0,"parent":0,"menu_order":0,"comment_status":"closed","ping_status":"closed","template":"","meta":{"footnotes":""},"class_list":["post-429","page","type-page","status-publish","hentry"],"_links":{"self":[{"href":"https:\/\/blog.edu.turku.fi\/kerttulinlukio\/wp-json\/wp\/v2\/pages\/429","targetHints":{"allow":["GET"]}}],"collection":[{"href":"https:\/\/blog.edu.turku.fi\/kerttulinlukio\/wp-json\/wp\/v2\/pages"}],"about":[{"href":"https:\/\/blog.edu.turku.fi\/kerttulinlukio\/wp-json\/wp\/v2\/types\/page"}],"author":[{"embeddable":true,"href":"https:\/\/blog.edu.turku.fi\/kerttulinlukio\/wp-json\/wp\/v2\/users\/2522"}],"replies":[{"embeddable":true,"href":"https:\/\/blog.edu.turku.fi\/kerttulinlukio\/wp-json\/wp\/v2\/comments?post=429"}],"version-history":[{"count":3,"href":"https:\/\/blog.edu.turku.fi\/kerttulinlukio\/wp-json\/wp\/v2\/pages\/429\/revisions"}],"predecessor-version":[{"id":708,"href":"https:\/\/blog.edu.turku.fi\/kerttulinlukio\/wp-json\/wp\/v2\/pages\/429\/revisions\/708"}],"wp:attachment":[{"href":"https:\/\/blog.edu.turku.fi\/kerttulinlukio\/wp-json\/wp\/v2\/media?parent=429"}],"curies":[{"name":"wp","href":"https:\/\/api.w.org\/{rel}","templated":true}]}}