{"id":4104,"date":"2023-12-31T19:00:27","date_gmt":"2023-12-31T17:00:27","guid":{"rendered":"https:\/\/blog.edu.turku.fi\/kerttulinlukio\/?page_id=4104"},"modified":"2024-01-01T11:17:33","modified_gmt":"2024-01-01T09:17:33","slug":"joulukuu-2023","status":"publish","type":"page","link":"https:\/\/blog.edu.turku.fi\/kerttulinlukio\/joulukuu-2023\/","title":{"rendered":"Joulukuu 2023"},"content":{"rendered":"<p>Joulukuu alkoi 58 ylioppilaan lakituksella. Juhlaa vietettiin Tuomiokirkossa.<\/p>\n<p><img loading=\"lazy\" decoding=\"async\" class=\"alignnone size-medium wp-image-4024\" src=\"https:\/\/blog.edu.turku.fi\/kerttulinlukio\/files\/2023\/12\/PHOTO-2023-12-02-13-56-12-4-225x300.jpg\" alt=\"\" width=\"225\" height=\"300\" srcset=\"https:\/\/blog.edu.turku.fi\/kerttulinlukio\/files\/2023\/12\/PHOTO-2023-12-02-13-56-12-4-225x300.jpg 225w, https:\/\/blog.edu.turku.fi\/kerttulinlukio\/files\/2023\/12\/PHOTO-2023-12-02-13-56-12-4.jpg 480w\" sizes=\"auto, (max-width: 225px) 85vw, 225px\" \/> <img loading=\"lazy\" decoding=\"async\" class=\"alignnone size-medium wp-image-4023\" src=\"https:\/\/blog.edu.turku.fi\/kerttulinlukio\/files\/2023\/12\/IMG_8509-rotated-225x300.jpg\" alt=\"\" width=\"225\" height=\"300\" srcset=\"https:\/\/blog.edu.turku.fi\/kerttulinlukio\/files\/2023\/12\/IMG_8509-rotated-225x300.jpg 225w, https:\/\/blog.edu.turku.fi\/kerttulinlukio\/files\/2023\/12\/IMG_8509-rotated.jpg 480w\" sizes=\"auto, (max-width: 225px) 85vw, 225px\" \/> <img loading=\"lazy\" decoding=\"async\" class=\"alignnone size-medium wp-image-4021\" src=\"https:\/\/blog.edu.turku.fi\/kerttulinlukio\/files\/2023\/12\/PHOTO-2023-12-02-13-56-12-1-225x300.jpg\" alt=\"\" width=\"225\" height=\"300\" srcset=\"https:\/\/blog.edu.turku.fi\/kerttulinlukio\/files\/2023\/12\/PHOTO-2023-12-02-13-56-12-1-225x300.jpg 225w, https:\/\/blog.edu.turku.fi\/kerttulinlukio\/files\/2023\/12\/PHOTO-2023-12-02-13-56-12-1.jpg 750w\" sizes=\"auto, (max-width: 225px) 85vw, 225px\" \/><img loading=\"lazy\" decoding=\"async\" class=\"alignnone size-medium wp-image-4025\" src=\"https:\/\/blog.edu.turku.fi\/kerttulinlukio\/files\/2023\/12\/PHOTO-2023-12-02-13-56-12-3-300x225.jpg\" alt=\"\" width=\"300\" height=\"225\" srcset=\"https:\/\/blog.edu.turku.fi\/kerttulinlukio\/files\/2023\/12\/PHOTO-2023-12-02-13-56-12-3-300x225.jpg 300w, https:\/\/blog.edu.turku.fi\/kerttulinlukio\/files\/2023\/12\/PHOTO-2023-12-02-13-56-12-3.jpg 1000w\" sizes=\"auto, (max-width: 300px) 85vw, 300px\" \/><\/p>\n<p>ICT-linjalaiset viettiv\u00e4t y\u00f6n Kerttulissa laneissa pelaten. Kivaa kuulemma oli.<\/p>\n<p><img loading=\"lazy\" decoding=\"async\" class=\"alignnone size-medium wp-image-4046\" src=\"https:\/\/blog.edu.turku.fi\/kerttulinlukio\/files\/2023\/12\/5dd31448-aeb7-447a-ba2d-f69632fb69eb-225x300.jpg\" alt=\"\" width=\"225\" height=\"300\" srcset=\"https:\/\/blog.edu.turku.fi\/kerttulinlukio\/files\/2023\/12\/5dd31448-aeb7-447a-ba2d-f69632fb69eb-225x300.jpg 225w, https:\/\/blog.edu.turku.fi\/kerttulinlukio\/files\/2023\/12\/5dd31448-aeb7-447a-ba2d-f69632fb69eb.jpg 480w\" sizes=\"auto, (max-width: 225px) 85vw, 225px\" \/> <img loading=\"lazy\" decoding=\"async\" class=\"alignnone size-medium wp-image-4049\" src=\"https:\/\/blog.edu.turku.fi\/kerttulinlukio\/files\/2023\/12\/38d0ad62-dd4f-4817-bd84-694ad82ad482-225x300.jpg\" alt=\"\" width=\"225\" height=\"300\" srcset=\"https:\/\/blog.edu.turku.fi\/kerttulinlukio\/files\/2023\/12\/38d0ad62-dd4f-4817-bd84-694ad82ad482-225x300.jpg 225w, https:\/\/blog.edu.turku.fi\/kerttulinlukio\/files\/2023\/12\/38d0ad62-dd4f-4817-bd84-694ad82ad482.jpg 750w\" sizes=\"auto, (max-width: 225px) 85vw, 225px\" \/> <img loading=\"lazy\" decoding=\"async\" class=\"alignnone size-medium wp-image-4050\" src=\"https:\/\/blog.edu.turku.fi\/kerttulinlukio\/files\/2023\/12\/30faac48-1d2f-4ab3-b644-d502703b7bc9-300x225.jpg\" alt=\"\" width=\"300\" height=\"225\" srcset=\"https:\/\/blog.edu.turku.fi\/kerttulinlukio\/files\/2023\/12\/30faac48-1d2f-4ab3-b644-d502703b7bc9-300x225.jpg 300w, https:\/\/blog.edu.turku.fi\/kerttulinlukio\/files\/2023\/12\/30faac48-1d2f-4ab3-b644-d502703b7bc9.jpg 640w\" sizes=\"auto, (max-width: 300px) 85vw, 300px\" \/> <img loading=\"lazy\" decoding=\"async\" class=\"alignnone size-medium wp-image-4048\" src=\"https:\/\/blog.edu.turku.fi\/kerttulinlukio\/files\/2023\/12\/5a1c5276-0f76-4f84-89f8-ba02795f59da-300x225.jpg\" alt=\"\" width=\"300\" height=\"225\" srcset=\"https:\/\/blog.edu.turku.fi\/kerttulinlukio\/files\/2023\/12\/5a1c5276-0f76-4f84-89f8-ba02795f59da-300x225.jpg 300w, https:\/\/blog.edu.turku.fi\/kerttulinlukio\/files\/2023\/12\/5a1c5276-0f76-4f84-89f8-ba02795f59da.jpg 640w\" sizes=\"auto, (max-width: 300px) 85vw, 300px\" \/> <img loading=\"lazy\" decoding=\"async\" class=\"alignnone size-medium wp-image-4047\" src=\"https:\/\/blog.edu.turku.fi\/kerttulinlukio\/files\/2023\/12\/a1a8d9c6-17e4-48f9-87d3-be782199efdb-300x225.jpg\" alt=\"\" width=\"300\" height=\"225\" srcset=\"https:\/\/blog.edu.turku.fi\/kerttulinlukio\/files\/2023\/12\/a1a8d9c6-17e4-48f9-87d3-be782199efdb-300x225.jpg 300w, https:\/\/blog.edu.turku.fi\/kerttulinlukio\/files\/2023\/12\/a1a8d9c6-17e4-48f9-87d3-be782199efdb.jpg 640w\" sizes=\"auto, (max-width: 300px) 85vw, 300px\" \/> <img loading=\"lazy\" decoding=\"async\" class=\"alignnone size-medium wp-image-4044\" src=\"https:\/\/blog.edu.turku.fi\/kerttulinlukio\/files\/2023\/12\/38565321-e0b0-418a-8f43-44ca8cb292f9-300x225.jpg\" alt=\"\" width=\"300\" height=\"225\" srcset=\"https:\/\/blog.edu.turku.fi\/kerttulinlukio\/files\/2023\/12\/38565321-e0b0-418a-8f43-44ca8cb292f9-300x225.jpg 300w, https:\/\/blog.edu.turku.fi\/kerttulinlukio\/files\/2023\/12\/38565321-e0b0-418a-8f43-44ca8cb292f9.jpg 640w\" sizes=\"auto, (max-width: 300px) 85vw, 300px\" \/><\/p>\n<p>Joulukuussa Kerttulin opiskelijat olivat voitokkaita koripallossa. Kapteeni Saku luotsasi joukkueensa turnauksen voittoon.<\/p>\n<p><img loading=\"lazy\" decoding=\"async\" class=\"alignnone size-medium wp-image-4106\" src=\"https:\/\/blog.edu.turku.fi\/kerttulinlukio\/files\/2023\/12\/3659971d-1d0a-408f-bf24-034e00b8ce35-225x300.jpg\" alt=\"\" width=\"225\" height=\"300\" srcset=\"https:\/\/blog.edu.turku.fi\/kerttulinlukio\/files\/2023\/12\/3659971d-1d0a-408f-bf24-034e00b8ce35-225x300.jpg 225w, https:\/\/blog.edu.turku.fi\/kerttulinlukio\/files\/2023\/12\/3659971d-1d0a-408f-bf24-034e00b8ce35.jpg 750w\" sizes=\"auto, (max-width: 225px) 85vw, 225px\" \/> <img loading=\"lazy\" decoding=\"async\" class=\"alignnone size-medium wp-image-4107\" src=\"https:\/\/blog.edu.turku.fi\/kerttulinlukio\/files\/2023\/12\/2af5a522-ad5e-4d27-a253-19c43419703b-225x300.jpg\" alt=\"\" width=\"225\" height=\"300\" srcset=\"https:\/\/blog.edu.turku.fi\/kerttulinlukio\/files\/2023\/12\/2af5a522-ad5e-4d27-a253-19c43419703b-225x300.jpg 225w, https:\/\/blog.edu.turku.fi\/kerttulinlukio\/files\/2023\/12\/2af5a522-ad5e-4d27-a253-19c43419703b.jpg 750w\" sizes=\"auto, (max-width: 225px) 85vw, 225px\" \/><\/p>\n<p>ICT-linjalaiset tutustuivat kiertotalouteen ja tulevaisuuden ICT-ammatteihin Oy Dell Ab:n edustajien johdolla. P\u00e4iv\u00e4n tapahtumista voi lukea t\u00e4\u00e4lt\u00e4: <a href=\"https:\/\/www.ictlukio.com\/single-post\/kierr%C3%A4tystaloutta-ja-tulevaisuuden-ict-ammatteja-yhteisty%C3%B6ss%C3%A4-dellin-kanssa\">https:\/\/www.ictlukio.com\/single-post\/kierr%C3%A4tystaloutta-ja-tulevaisuuden-ict-ammatteja-yhteisty%C3%B6ss%C3%A4-dellin-kanssa<\/a><\/p>\n<p>Viimeisell\u00e4 ty\u00f6viikolla palattiin perusasioiden \u00e4\u00e4reen, eli j\u00e4tettiin tietokoneet ja puhelimet kotiin tai v\u00e4hint\u00e4\u00e4n kassiin. Opettajat saivat kokea ihastuttavia tilanteita, joissa opiskelijat aidosti ja oikeasti olivat vuorovaikutuksessa toistensa ja opettajien kanssa ihan &#8221;face to face&#8221;. Lis\u00e4\u00e4 t\u00e4llaista!<\/p>\n<p><img loading=\"lazy\" decoding=\"async\" class=\"size-medium wp-image-4117 aligncenter\" src=\"https:\/\/blog.edu.turku.fi\/kerttulinlukio\/files\/2023\/12\/7a983fe9-e413-4c7c-8262-22e613d2b6fd-300x225.jpg\" alt=\"\" width=\"300\" height=\"225\" srcset=\"https:\/\/blog.edu.turku.fi\/kerttulinlukio\/files\/2023\/12\/7a983fe9-e413-4c7c-8262-22e613d2b6fd-300x225.jpg 300w, https:\/\/blog.edu.turku.fi\/kerttulinlukio\/files\/2023\/12\/7a983fe9-e413-4c7c-8262-22e613d2b6fd.jpg 1000w\" sizes=\"auto, (max-width: 300px) 85vw, 300px\" \/><\/p>\n<p>Joulunalusviikolla opiskelijoilla oli my\u00f6s tilaisuus viett\u00e4\u00e4 v\u00e4lituntejaan pipareita koristellen. Piparipajassa k\u00e4vi arviolta 150 opiskelijaa. Lis\u00e4ksi OPKH j\u00e4rjesti pient\u00e4 jouluista ohjelmaa, jossa oli mm. jo perinteeksi muodostunut tortunsy\u00f6ntikisa.<\/p>\n<p><img loading=\"lazy\" decoding=\"async\" class=\"alignnone size-medium wp-image-4122\" src=\"https:\/\/blog.edu.turku.fi\/kerttulinlukio\/files\/2023\/12\/5cb5f6d4-147c-4ff6-acb3-37ea167c9697-300x225.jpg\" alt=\"\" width=\"300\" height=\"225\" srcset=\"https:\/\/blog.edu.turku.fi\/kerttulinlukio\/files\/2023\/12\/5cb5f6d4-147c-4ff6-acb3-37ea167c9697-300x225.jpg 300w, https:\/\/blog.edu.turku.fi\/kerttulinlukio\/files\/2023\/12\/5cb5f6d4-147c-4ff6-acb3-37ea167c9697.jpg 1000w\" sizes=\"auto, (max-width: 300px) 85vw, 300px\" \/> <img loading=\"lazy\" decoding=\"async\" class=\"alignnone size-medium wp-image-4120\" src=\"https:\/\/blog.edu.turku.fi\/kerttulinlukio\/files\/2023\/12\/IMG_8592-300x225.jpg\" alt=\"\" width=\"300\" height=\"225\" srcset=\"https:\/\/blog.edu.turku.fi\/kerttulinlukio\/files\/2023\/12\/IMG_8592-300x225.jpg 300w, https:\/\/blog.edu.turku.fi\/kerttulinlukio\/files\/2023\/12\/IMG_8592.jpg 640w\" sizes=\"auto, (max-width: 300px) 85vw, 300px\" \/> <img loading=\"lazy\" decoding=\"async\" class=\"alignnone size-medium wp-image-4119\" src=\"https:\/\/blog.edu.turku.fi\/kerttulinlukio\/files\/2023\/12\/IMG_8595-300x225.jpg\" alt=\"\" width=\"300\" height=\"225\" srcset=\"https:\/\/blog.edu.turku.fi\/kerttulinlukio\/files\/2023\/12\/IMG_8595-300x225.jpg 300w, https:\/\/blog.edu.turku.fi\/kerttulinlukio\/files\/2023\/12\/IMG_8595.jpg 640w\" sizes=\"auto, (max-width: 300px) 85vw, 300px\" \/> <img loading=\"lazy\" decoding=\"async\" class=\"alignnone size-medium wp-image-4121\" src=\"https:\/\/blog.edu.turku.fi\/kerttulinlukio\/files\/2023\/12\/c29951f3-bf03-4c4d-8191-90c6b66724da-300x300.jpg\" alt=\"\" width=\"300\" height=\"300\" srcset=\"https:\/\/blog.edu.turku.fi\/kerttulinlukio\/files\/2023\/12\/c29951f3-bf03-4c4d-8191-90c6b66724da-300x300.jpg 300w, https:\/\/blog.edu.turku.fi\/kerttulinlukio\/files\/2023\/12\/c29951f3-bf03-4c4d-8191-90c6b66724da-150x150.jpg 150w, https:\/\/blog.edu.turku.fi\/kerttulinlukio\/files\/2023\/12\/c29951f3-bf03-4c4d-8191-90c6b66724da.jpg 1000w\" sizes=\"auto, (max-width: 300px) 85vw, 300px\" \/><\/p>\n<p><img loading=\"lazy\" decoding=\"async\" class=\"alignnone size-medium wp-image-4118\" src=\"https:\/\/blog.edu.turku.fi\/kerttulinlukio\/files\/2023\/12\/IMG_8597-300x225.jpg\" alt=\"\" width=\"300\" height=\"225\" srcset=\"https:\/\/blog.edu.turku.fi\/kerttulinlukio\/files\/2023\/12\/IMG_8597-300x225.jpg 300w, https:\/\/blog.edu.turku.fi\/kerttulinlukio\/files\/2023\/12\/IMG_8597.jpg 640w\" sizes=\"auto, (max-width: 300px) 85vw, 300px\" \/> <img loading=\"lazy\" decoding=\"async\" class=\"alignnone size-medium wp-image-4116\" src=\"https:\/\/blog.edu.turku.fi\/kerttulinlukio\/files\/2023\/12\/53ab3c49-db53-4215-98f9-3c23cbb87601-300x189.jpg\" alt=\"\" width=\"300\" height=\"189\" srcset=\"https:\/\/blog.edu.turku.fi\/kerttulinlukio\/files\/2023\/12\/53ab3c49-db53-4215-98f9-3c23cbb87601-300x189.jpg 300w, https:\/\/blog.edu.turku.fi\/kerttulinlukio\/files\/2023\/12\/53ab3c49-db53-4215-98f9-3c23cbb87601.jpg 1000w\" sizes=\"auto, (max-width: 300px) 85vw, 300px\" \/><\/p>\n<p>Joululomalle l\u00e4hdettiin joulukirkon ja koululla j\u00e4rjestetyn joulutapahtuman j\u00e4lkeen. Kirkossa saimme nauttia mm. lukiomme upeiden muusikoiden esityksist\u00e4.<\/p>\n<p>Emma-Lina Laaksonen lauloi kanteleen s\u00e4estyksell\u00e4 Carola H\u00e4ggkvistin kappaleen Himlen i min famn, Matias Sj\u00f6lund esitti flyygelill\u00e4 Yiruman kappaleen River Flows in You ja lopuksi Bel\u00e9n Lorenzo Del Toro lauloi Tuovi Katteluksen s\u00e4est\u00e4m\u00e4n\u00e4 kappaleen Have Yourself a Merry Little Christmas.<\/p>\n<p><img loading=\"lazy\" decoding=\"async\" class=\"alignnone size-medium wp-image-4115\" src=\"https:\/\/blog.edu.turku.fi\/kerttulinlukio\/files\/2023\/12\/IMG_8618-rotated-225x300.jpg\" alt=\"\" width=\"225\" height=\"300\" srcset=\"https:\/\/blog.edu.turku.fi\/kerttulinlukio\/files\/2023\/12\/IMG_8618-rotated-225x300.jpg 225w, https:\/\/blog.edu.turku.fi\/kerttulinlukio\/files\/2023\/12\/IMG_8618-rotated.jpg 480w\" sizes=\"auto, (max-width: 225px) 85vw, 225px\" \/> <img loading=\"lazy\" decoding=\"async\" class=\"alignnone size-medium wp-image-4113\" src=\"https:\/\/blog.edu.turku.fi\/kerttulinlukio\/files\/2023\/12\/IMG_8626-rotated-225x300.jpg\" alt=\"\" width=\"225\" height=\"300\" srcset=\"https:\/\/blog.edu.turku.fi\/kerttulinlukio\/files\/2023\/12\/IMG_8626-rotated-225x300.jpg 225w, https:\/\/blog.edu.turku.fi\/kerttulinlukio\/files\/2023\/12\/IMG_8626-rotated.jpg 480w\" sizes=\"auto, (max-width: 225px) 85vw, 225px\" \/> <img loading=\"lazy\" decoding=\"async\" class=\"alignnone size-medium wp-image-4112\" src=\"https:\/\/blog.edu.turku.fi\/kerttulinlukio\/files\/2023\/12\/IMG_8636-rotated-225x300.jpg\" alt=\"\" width=\"225\" height=\"300\" srcset=\"https:\/\/blog.edu.turku.fi\/kerttulinlukio\/files\/2023\/12\/IMG_8636-rotated-225x300.jpg 225w, https:\/\/blog.edu.turku.fi\/kerttulinlukio\/files\/2023\/12\/IMG_8636-rotated.jpg 480w\" sizes=\"auto, (max-width: 225px) 85vw, 225px\" \/><img loading=\"lazy\" decoding=\"async\" class=\"alignnone size-medium wp-image-4114\" src=\"https:\/\/blog.edu.turku.fi\/kerttulinlukio\/files\/2023\/12\/IMG_8623-300x225.jpg\" alt=\"\" width=\"300\" height=\"225\" srcset=\"https:\/\/blog.edu.turku.fi\/kerttulinlukio\/files\/2023\/12\/IMG_8623-300x225.jpg 300w, https:\/\/blog.edu.turku.fi\/kerttulinlukio\/files\/2023\/12\/IMG_8623.jpg 640w\" sizes=\"auto, (max-width: 300px) 85vw, 300px\" \/><\/p>\n<p>Sellainen oli Kerttulin joulukuu.<\/p>\n","protected":false},"excerpt":{"rendered":"<p>Joulukuu alkoi 58 ylioppilaan lakituksella. Juhlaa vietettiin Tuomiokirkossa. ICT-linjalaiset viettiv\u00e4t y\u00f6n Kerttulissa laneissa pelaten. Kivaa kuulemma oli. Joulukuussa Kerttulin opiskelijat olivat voitokkaita koripallossa. Kapteeni Saku luotsasi joukkueensa turnauksen voittoon. ICT-linjalaiset tutustuivat kiertotalouteen ja tulevaisuuden ICT-ammatteihin Oy Dell Ab:n edustajien johdolla. P\u00e4iv\u00e4n tapahtumista voi lukea t\u00e4\u00e4lt\u00e4: https:\/\/www.ictlukio.com\/single-post\/kierr%C3%A4tystaloutta-ja-tulevaisuuden-ict-ammatteja-yhteisty%C3%B6ss%C3%A4-dellin-kanssa Viimeisell\u00e4 ty\u00f6viikolla palattiin perusasioiden \u00e4\u00e4reen, eli j\u00e4tettiin tietokoneet ja &hellip; <a href=\"https:\/\/blog.edu.turku.fi\/kerttulinlukio\/joulukuu-2023\/\" class=\"more-link\">Jatka lukemista<span class=\"screen-reader-text\"> &#8221;Joulukuu 2023&#8221;<\/span><\/a><\/p>\n","protected":false},"author":3272,"featured_media":0,"parent":0,"menu_order":0,"comment_status":"closed","ping_status":"closed","template":"","meta":{"footnotes":""},"class_list":["post-4104","page","type-page","status-publish","hentry"],"_links":{"self":[{"href":"https:\/\/blog.edu.turku.fi\/kerttulinlukio\/wp-json\/wp\/v2\/pages\/4104","targetHints":{"allow":["GET"]}}],"collection":[{"href":"https:\/\/blog.edu.turku.fi\/kerttulinlukio\/wp-json\/wp\/v2\/pages"}],"about":[{"href":"https:\/\/blog.edu.turku.fi\/kerttulinlukio\/wp-json\/wp\/v2\/types\/page"}],"author":[{"embeddable":true,"href":"https:\/\/blog.edu.turku.fi\/kerttulinlukio\/wp-json\/wp\/v2\/users\/3272"}],"replies":[{"embeddable":true,"href":"https:\/\/blog.edu.turku.fi\/kerttulinlukio\/wp-json\/wp\/v2\/comments?post=4104"}],"version-history":[{"count":11,"href":"https:\/\/blog.edu.turku.fi\/kerttulinlukio\/wp-json\/wp\/v2\/pages\/4104\/revisions"}],"predecessor-version":[{"id":4131,"href":"https:\/\/blog.edu.turku.fi\/kerttulinlukio\/wp-json\/wp\/v2\/pages\/4104\/revisions\/4131"}],"wp:attachment":[{"href":"https:\/\/blog.edu.turku.fi\/kerttulinlukio\/wp-json\/wp\/v2\/media?parent=4104"}],"curies":[{"name":"wp","href":"https:\/\/api.w.org\/{rel}","templated":true}]}}