{"id":4097,"date":"2024-05-28T11:58:51","date_gmt":"2024-05-28T08:58:51","guid":{"rendered":"https:\/\/blog.edu.turku.fi\/kerttulinlukio\/?page_id=4097"},"modified":"2024-05-28T11:58:51","modified_gmt":"2024-05-28T08:58:51","slug":"marraskuu-2023","status":"publish","type":"page","link":"https:\/\/blog.edu.turku.fi\/kerttulinlukio\/marraskuu-2023\/","title":{"rendered":"Marraskuu 2023"},"content":{"rendered":"<p>Marraskuu oli Kerttulissa tapahtumat\u00e4yteinen!<\/p>\n<p>Ryhm\u00e4nohjaajat tarjosivat kakkosille perinteiset puoliv\u00e4lipullat.<\/p>\n<p><img loading=\"lazy\" decoding=\"async\" class=\"alignnone size-medium wp-image-3961\" src=\"https:\/\/blog.edu.turku.fi\/kerttulinlukio\/files\/2023\/11\/Puolivalipulla_1-300x225.jpg\" alt=\"\" width=\"300\" height=\"225\" srcset=\"https:\/\/blog.edu.turku.fi\/kerttulinlukio\/files\/2023\/11\/Puolivalipulla_1-300x225.jpg 300w, https:\/\/blog.edu.turku.fi\/kerttulinlukio\/files\/2023\/11\/Puolivalipulla_1.jpg 640w\" sizes=\"auto, (max-width: 300px) 85vw, 300px\" \/><img loading=\"lazy\" decoding=\"async\" class=\"alignnone size-medium wp-image-3962\" src=\"https:\/\/blog.edu.turku.fi\/kerttulinlukio\/files\/2023\/11\/Puolivalipulla_2-300x225.jpg\" alt=\"\" width=\"300\" height=\"225\" srcset=\"https:\/\/blog.edu.turku.fi\/kerttulinlukio\/files\/2023\/11\/Puolivalipulla_2-300x225.jpg 300w, https:\/\/blog.edu.turku.fi\/kerttulinlukio\/files\/2023\/11\/Puolivalipulla_2.jpg 640w\" sizes=\"auto, (max-width: 300px) 85vw, 300px\" \/><img loading=\"lazy\" decoding=\"async\" class=\"alignnone size-medium wp-image-3963\" src=\"https:\/\/blog.edu.turku.fi\/kerttulinlukio\/files\/2023\/11\/Puolivalipulla_3-300x225.jpg\" alt=\"\" width=\"300\" height=\"225\" srcset=\"https:\/\/blog.edu.turku.fi\/kerttulinlukio\/files\/2023\/11\/Puolivalipulla_3-300x225.jpg 300w, https:\/\/blog.edu.turku.fi\/kerttulinlukio\/files\/2023\/11\/Puolivalipulla_3.jpg 640w\" sizes=\"auto, (max-width: 300px) 85vw, 300px\" \/><img loading=\"lazy\" decoding=\"async\" class=\"alignnone size-medium wp-image-3964\" src=\"https:\/\/blog.edu.turku.fi\/kerttulinlukio\/files\/2023\/11\/Pullat-225x300.jpg\" alt=\"\" width=\"225\" height=\"300\" srcset=\"https:\/\/blog.edu.turku.fi\/kerttulinlukio\/files\/2023\/11\/Pullat-225x300.jpg 225w, https:\/\/blog.edu.turku.fi\/kerttulinlukio\/files\/2023\/11\/Pullat.jpg 481w\" sizes=\"auto, (max-width: 225px) 85vw, 225px\" \/><\/p>\n<p>Kerttuli menestyi my\u00f6s erinomaisesti koulujen v\u00e4lisess\u00e4 salibandyturnauksessa. Tytt\u00f6jen joukkue voitti oman turnauksensa ja poikien joukkueista toinen voitti turnauksen ja toinen pronssia!<\/p>\n<p><img loading=\"lazy\" decoding=\"async\" class=\"alignnone size-medium wp-image-3969\" src=\"https:\/\/blog.edu.turku.fi\/kerttulinlukio\/files\/2023\/11\/Sahlytytot-300x200.jpeg\" alt=\"\" width=\"300\" height=\"200\" srcset=\"https:\/\/blog.edu.turku.fi\/kerttulinlukio\/files\/2023\/11\/Sahlytytot-300x200.jpeg 300w, https:\/\/blog.edu.turku.fi\/kerttulinlukio\/files\/2023\/11\/Sahlytytot.jpeg 1000w\" sizes=\"auto, (max-width: 300px) 85vw, 300px\" \/><\/p>\n<p>Kerttulilaiset menestyiv\u00e4t my\u00f6s Nelj\u00e4n tieteen kisoissa. Aarni Linderborg, Joakim Lauas, Eelis Majasuo, Niila Kuusisto, Matias Sj\u00f6lund ja Onni Lehtinen kilpailivat kemiassa ja Onni Lehtinen p\u00e4\u00e4si loppukilpailuun asti. Matematiikassa kilpailivat Patrick Pinom\u00e4ki, Samuli M\u00e4kel\u00e4 ja Matias Sj\u00f6lund. Tietotekniikassa kilpaili Andrei Belogurov.<\/p>\n<p><img loading=\"lazy\" decoding=\"async\" class=\"alignnone size-medium wp-image-3939\" src=\"https:\/\/blog.edu.turku.fi\/kerttulinlukio\/files\/2023\/10\/4tiet-some-2023-kokonainen-300x300-1-300x300.jpg\" alt=\"\" width=\"300\" height=\"300\" srcset=\"https:\/\/blog.edu.turku.fi\/kerttulinlukio\/files\/2023\/10\/4tiet-some-2023-kokonainen-300x300-1.jpg 300w, https:\/\/blog.edu.turku.fi\/kerttulinlukio\/files\/2023\/10\/4tiet-some-2023-kokonainen-300x300-1-150x150.jpg 150w\" sizes=\"auto, (max-width: 300px) 85vw, 300px\" \/><\/p>\n<p>Kerttulissa pidettiin marraskuussa my\u00f6s Kerttuli-viikko 6.-10.11., jolloin v\u00e4lituntisin j\u00e4rjestettiin pient\u00e4 kisailua ja erilaisia rasteja. Opiskelijat innostuivat erityisesti Piip\u00e4\u00e4-kilpailusta, jossa tuli osata piin desimaaleja. Veikka Iivonen voitti Piip\u00e4\u00e4-kisan suvereenisti luettelemalla ulkoa 500 piin desimaalia. Palkinnoksi h\u00e4n sai yht\u00e4 monta suklaakonvehtia. Muutkin voittajat osasivat yli 100 desimaalia ja saivat my\u00f6s suklaisia palkintoja.<\/p>\n<p><img loading=\"lazy\" decoding=\"async\" class=\"alignnone size-medium wp-image-3953\" src=\"https:\/\/blog.edu.turku.fi\/kerttulinlukio\/files\/2023\/10\/image-239x300.png\" alt=\"\" width=\"239\" height=\"300\" srcset=\"https:\/\/blog.edu.turku.fi\/kerttulinlukio\/files\/2023\/10\/image-239x300.png 239w, https:\/\/blog.edu.turku.fi\/kerttulinlukio\/files\/2023\/10\/image.png 760w\" sizes=\"auto, (max-width: 239px) 85vw, 239px\" \/><img loading=\"lazy\" decoding=\"async\" class=\"alignnone size-medium wp-image-4010\" src=\"https:\/\/blog.edu.turku.fi\/kerttulinlukio\/files\/2023\/11\/Piipaakisa_Veikka-225x300.jpg\" alt=\"\" width=\"225\" height=\"300\" srcset=\"https:\/\/blog.edu.turku.fi\/kerttulinlukio\/files\/2023\/11\/Piipaakisa_Veikka-225x300.jpg 225w, https:\/\/blog.edu.turku.fi\/kerttulinlukio\/files\/2023\/11\/Piipaakisa_Veikka.jpg 750w\" sizes=\"auto, (max-width: 225px) 85vw, 225px\" \/><img loading=\"lazy\" decoding=\"async\" class=\"alignnone size-medium wp-image-4011\" src=\"https:\/\/blog.edu.turku.fi\/kerttulinlukio\/files\/2023\/11\/Piipaakisa_1-225x300.jpg\" alt=\"\" width=\"225\" height=\"300\" srcset=\"https:\/\/blog.edu.turku.fi\/kerttulinlukio\/files\/2023\/11\/Piipaakisa_1-225x300.jpg 225w, https:\/\/blog.edu.turku.fi\/kerttulinlukio\/files\/2023\/11\/Piipaakisa_1.jpg 750w\" sizes=\"auto, (max-width: 225px) 85vw, 225px\" \/><img loading=\"lazy\" decoding=\"async\" class=\"alignnone size-medium wp-image-4012\" src=\"https:\/\/blog.edu.turku.fi\/kerttulinlukio\/files\/2023\/11\/Piipaakisa_2-225x300.jpg\" alt=\"\" width=\"225\" height=\"300\" srcset=\"https:\/\/blog.edu.turku.fi\/kerttulinlukio\/files\/2023\/11\/Piipaakisa_2-225x300.jpg 225w, https:\/\/blog.edu.turku.fi\/kerttulinlukio\/files\/2023\/11\/Piipaakisa_2.jpg 750w\" sizes=\"auto, (max-width: 225px) 85vw, 225px\" \/><img loading=\"lazy\" decoding=\"async\" class=\"alignnone size-medium wp-image-4013\" src=\"https:\/\/blog.edu.turku.fi\/kerttulinlukio\/files\/2023\/11\/Piipaakisa_3-225x300.jpg\" alt=\"\" width=\"225\" height=\"300\" srcset=\"https:\/\/blog.edu.turku.fi\/kerttulinlukio\/files\/2023\/11\/Piipaakisa_3-225x300.jpg 225w, https:\/\/blog.edu.turku.fi\/kerttulinlukio\/files\/2023\/11\/Piipaakisa_3.jpg 750w\" sizes=\"auto, (max-width: 225px) 85vw, 225px\" \/><img loading=\"lazy\" decoding=\"async\" class=\"alignnone size-medium wp-image-4014\" src=\"https:\/\/blog.edu.turku.fi\/kerttulinlukio\/files\/2023\/11\/Piipaakisa_4-225x300.jpg\" alt=\"\" width=\"225\" height=\"300\" srcset=\"https:\/\/blog.edu.turku.fi\/kerttulinlukio\/files\/2023\/11\/Piipaakisa_4-225x300.jpg 225w, https:\/\/blog.edu.turku.fi\/kerttulinlukio\/files\/2023\/11\/Piipaakisa_4.jpg 750w\" sizes=\"auto, (max-width: 225px) 85vw, 225px\" \/><\/p>\n<p>Kerttulilaiset osallistuivat my\u00f6s Harppi-festareille 11.11. TSYK:in lukion kanssa. Festarit pidettiin t\u00e4n\u00e4 vuonna Maunulan lukiossa. Ohjelmassa oli pelailua, pizzaa ja mielenkiintoisia esityksi\u00e4.<\/p>\n<p><img loading=\"lazy\" decoding=\"async\" class=\"alignnone size-medium wp-image-3975\" src=\"https:\/\/blog.edu.turku.fi\/kerttulinlukio\/files\/2023\/11\/Harppi-festarit_2-225x300.jpg\" alt=\"\" width=\"225\" height=\"300\" srcset=\"https:\/\/blog.edu.turku.fi\/kerttulinlukio\/files\/2023\/11\/Harppi-festarit_2-225x300.jpg 225w, https:\/\/blog.edu.turku.fi\/kerttulinlukio\/files\/2023\/11\/Harppi-festarit_2.jpg 750w\" sizes=\"auto, (max-width: 225px) 85vw, 225px\" \/><img loading=\"lazy\" decoding=\"async\" class=\"alignnone size-medium wp-image-3976\" src=\"https:\/\/blog.edu.turku.fi\/kerttulinlukio\/files\/2023\/11\/Harppi-festarit_3-225x300.jpg\" alt=\"\" width=\"225\" height=\"300\" srcset=\"https:\/\/blog.edu.turku.fi\/kerttulinlukio\/files\/2023\/11\/Harppi-festarit_3-225x300.jpg 225w, https:\/\/blog.edu.turku.fi\/kerttulinlukio\/files\/2023\/11\/Harppi-festarit_3.jpg 750w\" sizes=\"auto, (max-width: 225px) 85vw, 225px\" \/><img loading=\"lazy\" decoding=\"async\" class=\"alignnone size-medium wp-image-3977\" src=\"https:\/\/blog.edu.turku.fi\/kerttulinlukio\/files\/2023\/11\/Harppi-festarit_4-225x300.jpg\" alt=\"\" width=\"225\" height=\"300\" srcset=\"https:\/\/blog.edu.turku.fi\/kerttulinlukio\/files\/2023\/11\/Harppi-festarit_4-225x300.jpg 225w, https:\/\/blog.edu.turku.fi\/kerttulinlukio\/files\/2023\/11\/Harppi-festarit_4.jpg 750w\" sizes=\"auto, (max-width: 225px) 85vw, 225px\" \/><img loading=\"lazy\" decoding=\"async\" class=\"alignnone size-medium wp-image-3978\" src=\"https:\/\/blog.edu.turku.fi\/kerttulinlukio\/files\/2023\/11\/Harppi-festarit_5-225x300.jpg\" alt=\"\" width=\"225\" height=\"300\" srcset=\"https:\/\/blog.edu.turku.fi\/kerttulinlukio\/files\/2023\/11\/Harppi-festarit_5-225x300.jpg 225w, https:\/\/blog.edu.turku.fi\/kerttulinlukio\/files\/2023\/11\/Harppi-festarit_5.jpg 750w\" sizes=\"auto, (max-width: 225px) 85vw, 225px\" \/><img loading=\"lazy\" decoding=\"async\" class=\"alignnone size-medium wp-image-3979\" src=\"https:\/\/blog.edu.turku.fi\/kerttulinlukio\/files\/2023\/11\/Harppi-festarit_6-225x300.jpg\" alt=\"\" width=\"225\" height=\"300\" srcset=\"https:\/\/blog.edu.turku.fi\/kerttulinlukio\/files\/2023\/11\/Harppi-festarit_6-225x300.jpg 225w, https:\/\/blog.edu.turku.fi\/kerttulinlukio\/files\/2023\/11\/Harppi-festarit_6.jpg 750w\" sizes=\"auto, (max-width: 225px) 85vw, 225px\" \/><img loading=\"lazy\" decoding=\"async\" class=\"alignnone size-medium wp-image-3980\" src=\"https:\/\/blog.edu.turku.fi\/kerttulinlukio\/files\/2023\/11\/Harppi-festarit_7-225x300.jpg\" alt=\"\" width=\"225\" height=\"300\" srcset=\"https:\/\/blog.edu.turku.fi\/kerttulinlukio\/files\/2023\/11\/Harppi-festarit_7-225x300.jpg 225w, https:\/\/blog.edu.turku.fi\/kerttulinlukio\/files\/2023\/11\/Harppi-festarit_7.jpg 750w\" sizes=\"auto, (max-width: 225px) 85vw, 225px\" \/><img loading=\"lazy\" decoding=\"async\" class=\"alignnone size-medium wp-image-3981\" src=\"https:\/\/blog.edu.turku.fi\/kerttulinlukio\/files\/2023\/11\/Harppi-festarit_8-225x300.jpg\" alt=\"\" width=\"225\" height=\"300\" srcset=\"https:\/\/blog.edu.turku.fi\/kerttulinlukio\/files\/2023\/11\/Harppi-festarit_8-225x300.jpg 225w, https:\/\/blog.edu.turku.fi\/kerttulinlukio\/files\/2023\/11\/Harppi-festarit_8.jpg 750w\" sizes=\"auto, (max-width: 225px) 85vw, 225px\" \/><img loading=\"lazy\" decoding=\"async\" class=\"alignnone size-medium wp-image-3982\" src=\"https:\/\/blog.edu.turku.fi\/kerttulinlukio\/files\/2023\/11\/Harppi-festarit_9-225x300.jpg\" alt=\"\" width=\"225\" height=\"300\" srcset=\"https:\/\/blog.edu.turku.fi\/kerttulinlukio\/files\/2023\/11\/Harppi-festarit_9-225x300.jpg 225w, https:\/\/blog.edu.turku.fi\/kerttulinlukio\/files\/2023\/11\/Harppi-festarit_9.jpg 750w\" sizes=\"auto, (max-width: 225px) 85vw, 225px\" \/><\/p>\n<p>Viikolla 46 Kerttulista oli my\u00f6s opettajia ja opiskelijoita ulkomaan vierailulla It\u00e4vallan Leobenissa. Reissulla opiskelijat majoittuivat perheiss\u00e4 ja tutustuivat it\u00e4valtalaiseen yst\u00e4vyyslukioon. Matka oli oikein onnistunut!<\/p>\n<p><img loading=\"lazy\" decoding=\"async\" class=\"alignnone size-medium wp-image-3988\" src=\"https:\/\/blog.edu.turku.fi\/kerttulinlukio\/files\/2023\/11\/Leoben_5-300x138.jpg\" alt=\"\" width=\"300\" height=\"138\" srcset=\"https:\/\/blog.edu.turku.fi\/kerttulinlukio\/files\/2023\/11\/Leoben_5-300x138.jpg 300w, https:\/\/blog.edu.turku.fi\/kerttulinlukio\/files\/2023\/11\/Leoben_5.jpg 1000w\" sizes=\"auto, (max-width: 300px) 85vw, 300px\" \/><img loading=\"lazy\" decoding=\"async\" class=\"alignnone size-medium wp-image-3989\" src=\"https:\/\/blog.edu.turku.fi\/kerttulinlukio\/files\/2023\/11\/Leoben_1-300x138.jpg\" alt=\"\" width=\"300\" height=\"138\" srcset=\"https:\/\/blog.edu.turku.fi\/kerttulinlukio\/files\/2023\/11\/Leoben_1-300x138.jpg 300w, https:\/\/blog.edu.turku.fi\/kerttulinlukio\/files\/2023\/11\/Leoben_1.jpg 1000w\" sizes=\"auto, (max-width: 300px) 85vw, 300px\" \/><img loading=\"lazy\" decoding=\"async\" class=\"alignnone size-medium wp-image-3990\" src=\"https:\/\/blog.edu.turku.fi\/kerttulinlukio\/files\/2023\/11\/Leoben_2-300x138.jpg\" alt=\"\" width=\"300\" height=\"138\" srcset=\"https:\/\/blog.edu.turku.fi\/kerttulinlukio\/files\/2023\/11\/Leoben_2-300x138.jpg 300w, https:\/\/blog.edu.turku.fi\/kerttulinlukio\/files\/2023\/11\/Leoben_2.jpg 1000w\" sizes=\"auto, (max-width: 300px) 85vw, 300px\" \/><img loading=\"lazy\" decoding=\"async\" class=\"alignnone size-medium wp-image-3992\" src=\"https:\/\/blog.edu.turku.fi\/kerttulinlukio\/files\/2023\/11\/Leoben_3-300x138.jpg\" alt=\"\" width=\"300\" height=\"138\" srcset=\"https:\/\/blog.edu.turku.fi\/kerttulinlukio\/files\/2023\/11\/Leoben_3-300x138.jpg 300w, https:\/\/blog.edu.turku.fi\/kerttulinlukio\/files\/2023\/11\/Leoben_3.jpg 1000w\" sizes=\"auto, (max-width: 300px) 85vw, 300px\" \/><img loading=\"lazy\" decoding=\"async\" class=\"alignnone size-medium wp-image-3993\" src=\"https:\/\/blog.edu.turku.fi\/kerttulinlukio\/files\/2023\/11\/Leoben_6-300x138.jpg\" alt=\"\" width=\"300\" height=\"138\" srcset=\"https:\/\/blog.edu.turku.fi\/kerttulinlukio\/files\/2023\/11\/Leoben_6-300x138.jpg 300w, https:\/\/blog.edu.turku.fi\/kerttulinlukio\/files\/2023\/11\/Leoben_6.jpg 1000w\" sizes=\"auto, (max-width: 300px) 85vw, 300px\" \/><img loading=\"lazy\" decoding=\"async\" class=\"alignnone size-medium wp-image-3994\" src=\"https:\/\/blog.edu.turku.fi\/kerttulinlukio\/files\/2023\/11\/Leoben_7-300x300.jpg\" alt=\"\" width=\"300\" height=\"300\" srcset=\"https:\/\/blog.edu.turku.fi\/kerttulinlukio\/files\/2023\/11\/Leoben_7-300x300.jpg 300w, https:\/\/blog.edu.turku.fi\/kerttulinlukio\/files\/2023\/11\/Leoben_7-150x150.jpg 150w, https:\/\/blog.edu.turku.fi\/kerttulinlukio\/files\/2023\/11\/Leoben_7.jpg 1000w\" sizes=\"auto, (max-width: 300px) 85vw, 300px\" \/><img loading=\"lazy\" decoding=\"async\" class=\"alignnone size-medium wp-image-3995\" src=\"https:\/\/blog.edu.turku.fi\/kerttulinlukio\/files\/2023\/11\/Leoben_4-138x300.jpg\" alt=\"\" width=\"138\" height=\"300\" srcset=\"https:\/\/blog.edu.turku.fi\/kerttulinlukio\/files\/2023\/11\/Leoben_4-138x300.jpg 138w, https:\/\/blog.edu.turku.fi\/kerttulinlukio\/files\/2023\/11\/Leoben_4.jpg 461w\" sizes=\"auto, (max-width: 138px) 85vw, 138px\" \/><\/p>\n<p>&nbsp;<\/p>\n","protected":false},"excerpt":{"rendered":"<p>Marraskuu oli Kerttulissa tapahtumat\u00e4yteinen! Ryhm\u00e4nohjaajat tarjosivat kakkosille perinteiset puoliv\u00e4lipullat. Kerttuli menestyi my\u00f6s erinomaisesti koulujen v\u00e4lisess\u00e4 salibandyturnauksessa. Tytt\u00f6jen joukkue voitti oman turnauksensa ja poikien joukkueista toinen voitti turnauksen ja toinen pronssia! Kerttulilaiset menestyiv\u00e4t my\u00f6s Nelj\u00e4n tieteen kisoissa. Aarni Linderborg, Joakim Lauas, Eelis Majasuo, Niila Kuusisto, Matias Sj\u00f6lund ja Onni Lehtinen kilpailivat kemiassa ja Onni Lehtinen p\u00e4\u00e4si &hellip; <a href=\"https:\/\/blog.edu.turku.fi\/kerttulinlukio\/marraskuu-2023\/\" class=\"more-link\">Jatka lukemista<span class=\"screen-reader-text\"> &#8221;Marraskuu 2023&#8221;<\/span><\/a><\/p>\n","protected":false},"author":3367,"featured_media":0,"parent":0,"menu_order":0,"comment_status":"closed","ping_status":"closed","template":"","meta":{"footnotes":""},"class_list":["post-4097","page","type-page","status-publish","hentry"],"_links":{"self":[{"href":"https:\/\/blog.edu.turku.fi\/kerttulinlukio\/wp-json\/wp\/v2\/pages\/4097","targetHints":{"allow":["GET"]}}],"collection":[{"href":"https:\/\/blog.edu.turku.fi\/kerttulinlukio\/wp-json\/wp\/v2\/pages"}],"about":[{"href":"https:\/\/blog.edu.turku.fi\/kerttulinlukio\/wp-json\/wp\/v2\/types\/page"}],"author":[{"embeddable":true,"href":"https:\/\/blog.edu.turku.fi\/kerttulinlukio\/wp-json\/wp\/v2\/users\/3367"}],"replies":[{"embeddable":true,"href":"https:\/\/blog.edu.turku.fi\/kerttulinlukio\/wp-json\/wp\/v2\/comments?post=4097"}],"version-history":[{"count":1,"href":"https:\/\/blog.edu.turku.fi\/kerttulinlukio\/wp-json\/wp\/v2\/pages\/4097\/revisions"}],"predecessor-version":[{"id":4110,"href":"https:\/\/blog.edu.turku.fi\/kerttulinlukio\/wp-json\/wp\/v2\/pages\/4097\/revisions\/4110"}],"wp:attachment":[{"href":"https:\/\/blog.edu.turku.fi\/kerttulinlukio\/wp-json\/wp\/v2\/media?parent=4097"}],"curies":[{"name":"wp","href":"https:\/\/api.w.org\/{rel}","templated":true}]}}