{"id":4086,"date":"2023-12-21T10:34:39","date_gmt":"2023-12-21T08:34:39","guid":{"rendered":"https:\/\/blog.edu.turku.fi\/kerttulinlukio\/?page_id=4086"},"modified":"2023-12-21T10:34:39","modified_gmt":"2023-12-21T08:34:39","slug":"syyskuu-2023","status":"publish","type":"page","link":"https:\/\/blog.edu.turku.fi\/kerttulinlukio\/syyskuu-2023\/","title":{"rendered":"Syyskuu 2023"},"content":{"rendered":"<p>Syyskuussa Kerttulissa abiturientit juhlivat TJ100-p\u00e4iv\u00e4\u00e4 Ruisrock-teemalla. Paikalla oli artisteja ja j\u00e4rjestysmiehi\u00e4 sek\u00e4 iloista festarikansaa. Artistit esiintyiv\u00e4t kakkoskerrokseen rakennetulla festarilavalla.<\/p>\n<p><img loading=\"lazy\" decoding=\"async\" class=\"alignnone size-medium wp-image-3828\" src=\"https:\/\/blog.edu.turku.fi\/kerttulinlukio\/files\/2023\/09\/TJ100_9-225x300.jpg\" alt=\"\" width=\"225\" height=\"300\" srcset=\"https:\/\/blog.edu.turku.fi\/kerttulinlukio\/files\/2023\/09\/TJ100_9-225x300.jpg 225w, https:\/\/blog.edu.turku.fi\/kerttulinlukio\/files\/2023\/09\/TJ100_9.jpg 768w\" sizes=\"auto, (max-width: 225px) 85vw, 225px\" \/><img loading=\"lazy\" decoding=\"async\" class=\"alignnone size-medium wp-image-3827\" src=\"https:\/\/blog.edu.turku.fi\/kerttulinlukio\/files\/2023\/09\/TJ100_8-225x300.jpg\" alt=\"\" width=\"225\" height=\"300\" srcset=\"https:\/\/blog.edu.turku.fi\/kerttulinlukio\/files\/2023\/09\/TJ100_8-225x300.jpg 225w, https:\/\/blog.edu.turku.fi\/kerttulinlukio\/files\/2023\/09\/TJ100_8.jpg 768w\" sizes=\"auto, (max-width: 225px) 85vw, 225px\" \/><img loading=\"lazy\" decoding=\"async\" class=\"alignnone size-medium wp-image-3826\" src=\"https:\/\/blog.edu.turku.fi\/kerttulinlukio\/files\/2023\/09\/TJ100_7-225x300.jpg\" alt=\"\" width=\"225\" height=\"300\" srcset=\"https:\/\/blog.edu.turku.fi\/kerttulinlukio\/files\/2023\/09\/TJ100_7-225x300.jpg 225w, https:\/\/blog.edu.turku.fi\/kerttulinlukio\/files\/2023\/09\/TJ100_7.jpg 768w\" sizes=\"auto, (max-width: 225px) 85vw, 225px\" \/><img loading=\"lazy\" decoding=\"async\" class=\"alignnone size-medium wp-image-3825\" src=\"https:\/\/blog.edu.turku.fi\/kerttulinlukio\/files\/2023\/09\/TJ100_6-225x300.jpg\" alt=\"\" width=\"225\" height=\"300\" srcset=\"https:\/\/blog.edu.turku.fi\/kerttulinlukio\/files\/2023\/09\/TJ100_6-225x300.jpg 225w, https:\/\/blog.edu.turku.fi\/kerttulinlukio\/files\/2023\/09\/TJ100_6.jpg 768w\" sizes=\"auto, (max-width: 225px) 85vw, 225px\" \/><img loading=\"lazy\" decoding=\"async\" class=\"alignnone size-medium wp-image-3824\" src=\"https:\/\/blog.edu.turku.fi\/kerttulinlukio\/files\/2023\/09\/TJ100_5-225x300.jpg\" alt=\"\" width=\"225\" height=\"300\" srcset=\"https:\/\/blog.edu.turku.fi\/kerttulinlukio\/files\/2023\/09\/TJ100_5-225x300.jpg 225w, https:\/\/blog.edu.turku.fi\/kerttulinlukio\/files\/2023\/09\/TJ100_5.jpg 768w\" sizes=\"auto, (max-width: 225px) 85vw, 225px\" \/><img loading=\"lazy\" decoding=\"async\" class=\"alignnone size-medium wp-image-3823\" src=\"https:\/\/blog.edu.turku.fi\/kerttulinlukio\/files\/2023\/09\/TJ100_4-225x300.jpg\" alt=\"\" width=\"225\" height=\"300\" srcset=\"https:\/\/blog.edu.turku.fi\/kerttulinlukio\/files\/2023\/09\/TJ100_4-225x300.jpg 225w, https:\/\/blog.edu.turku.fi\/kerttulinlukio\/files\/2023\/09\/TJ100_4.jpg 768w\" sizes=\"auto, (max-width: 225px) 85vw, 225px\" \/><img loading=\"lazy\" decoding=\"async\" class=\"alignnone size-medium wp-image-3822\" src=\"https:\/\/blog.edu.turku.fi\/kerttulinlukio\/files\/2023\/09\/TJ100_3-225x300.jpg\" alt=\"\" width=\"225\" height=\"300\" srcset=\"https:\/\/blog.edu.turku.fi\/kerttulinlukio\/files\/2023\/09\/TJ100_3-225x300.jpg 225w, https:\/\/blog.edu.turku.fi\/kerttulinlukio\/files\/2023\/09\/TJ100_3.jpg 768w\" sizes=\"auto, (max-width: 225px) 85vw, 225px\" \/><img loading=\"lazy\" decoding=\"async\" class=\"alignnone size-medium wp-image-3821\" src=\"https:\/\/blog.edu.turku.fi\/kerttulinlukio\/files\/2023\/09\/TJ100_2-225x300.jpg\" alt=\"\" width=\"225\" height=\"300\" srcset=\"https:\/\/blog.edu.turku.fi\/kerttulinlukio\/files\/2023\/09\/TJ100_2-225x300.jpg 225w, https:\/\/blog.edu.turku.fi\/kerttulinlukio\/files\/2023\/09\/TJ100_2.jpg 768w\" sizes=\"auto, (max-width: 225px) 85vw, 225px\" \/><img loading=\"lazy\" decoding=\"async\" class=\"alignnone size-medium wp-image-3820\" src=\"https:\/\/blog.edu.turku.fi\/kerttulinlukio\/files\/2023\/09\/TJ100_1-225x300.jpg\" alt=\"\" width=\"225\" height=\"300\" srcset=\"https:\/\/blog.edu.turku.fi\/kerttulinlukio\/files\/2023\/09\/TJ100_1-225x300.jpg 225w, https:\/\/blog.edu.turku.fi\/kerttulinlukio\/files\/2023\/09\/TJ100_1.jpg 768w\" sizes=\"auto, (max-width: 225px) 85vw, 225px\" \/><\/p>\n<p>Syyskuussa koulutaloa alettiin valmistella my\u00f6s YO-kirjoituksia varten. Salit kalustettiin ja tunteja ja ruokailuja pidettiin poikkeustiloissa. Tunteja oli esimerkiksi AMK:n tiloissa evakossa.<\/p>\n<p><img loading=\"lazy\" decoding=\"async\" class=\"alignnone size-medium wp-image-4084\" src=\"https:\/\/blog.edu.turku.fi\/kerttulinlukio\/files\/2023\/12\/AMKsali-300x169.jpeg\" alt=\"\" width=\"300\" height=\"169\" srcset=\"https:\/\/blog.edu.turku.fi\/kerttulinlukio\/files\/2023\/12\/AMKsali-300x169.jpeg 300w, https:\/\/blog.edu.turku.fi\/kerttulinlukio\/files\/2023\/12\/AMKsali.jpeg 1000w\" sizes=\"auto, (max-width: 300px) 85vw, 300px\" \/><img loading=\"lazy\" decoding=\"async\" class=\"alignnone size-medium wp-image-4083\" src=\"https:\/\/blog.edu.turku.fi\/kerttulinlukio\/files\/2023\/12\/IMG_7904-rotated-300x225.jpg\" alt=\"\" width=\"300\" height=\"225\" srcset=\"https:\/\/blog.edu.turku.fi\/kerttulinlukio\/files\/2023\/12\/IMG_7904-rotated-300x225.jpg 300w, https:\/\/blog.edu.turku.fi\/kerttulinlukio\/files\/2023\/12\/IMG_7904-rotated.jpg 640w\" sizes=\"auto, (max-width: 300px) 85vw, 300px\" \/><img loading=\"lazy\" decoding=\"async\" class=\"alignnone size-medium wp-image-3871\" src=\"https:\/\/blog.edu.turku.fi\/kerttulinlukio\/files\/2023\/09\/Yo-sali_Mauno-225x300.jpeg\" alt=\"\" width=\"225\" height=\"300\" srcset=\"https:\/\/blog.edu.turku.fi\/kerttulinlukio\/files\/2023\/09\/Yo-sali_Mauno-225x300.jpeg 225w, https:\/\/blog.edu.turku.fi\/kerttulinlukio\/files\/2023\/09\/Yo-sali_Mauno.jpeg 750w\" sizes=\"auto, (max-width: 225px) 85vw, 225px\" \/><\/p>\n<p>Syksyn YO-kirjoitukset alkoivat syyskuun puolessa v\u00e4liss\u00e4 \u00e4idinkielen ja kirjallisuuden lukutaidon kokeella ja kestiv\u00e4t noin kahden viikon ajan.<\/p>\n<p>Syyskuussa kerttulilaiset osallistuivat my\u00f6s Cyber Battle Bootcamp -tapahtumaan.<img loading=\"lazy\" decoding=\"async\" class=\"alignnone size-medium wp-image-3873\" src=\"https:\/\/blog.edu.turku.fi\/kerttulinlukio\/files\/2023\/09\/Cyber-Battle-Bootcamp-300x187.jpeg\" alt=\"\" width=\"300\" height=\"187\" srcset=\"https:\/\/blog.edu.turku.fi\/kerttulinlukio\/files\/2023\/09\/Cyber-Battle-Bootcamp-300x187.jpeg 300w, https:\/\/blog.edu.turku.fi\/kerttulinlukio\/files\/2023\/09\/Cyber-Battle-Bootcamp.jpeg 901w\" sizes=\"auto, (max-width: 300px) 85vw, 300px\" \/><\/p>\n<p>Koululla vietettiin my\u00f6s Pukeudu harrastuksesi mukaan -p\u00e4iv\u00e4\u00e4.<\/p>\n<p><img loading=\"lazy\" decoding=\"async\" class=\"alignnone size-medium wp-image-3872\" src=\"https:\/\/blog.edu.turku.fi\/kerttulinlukio\/files\/2023\/09\/Pukeudu-harrastuksesi-mukaan-300x297.jpeg\" alt=\"\" width=\"300\" height=\"297\" srcset=\"https:\/\/blog.edu.turku.fi\/kerttulinlukio\/files\/2023\/09\/Pukeudu-harrastuksesi-mukaan-300x297.jpeg 300w, https:\/\/blog.edu.turku.fi\/kerttulinlukio\/files\/2023\/09\/Pukeudu-harrastuksesi-mukaan-150x150.jpeg 150w, https:\/\/blog.edu.turku.fi\/kerttulinlukio\/files\/2023\/09\/Pukeudu-harrastuksesi-mukaan-1024x1014.jpeg 1024w, https:\/\/blog.edu.turku.fi\/kerttulinlukio\/files\/2023\/09\/Pukeudu-harrastuksesi-mukaan.jpeg 1080w\" sizes=\"auto, (max-width: 300px) 85vw, 300px\" \/><\/p>\n<p>Sellainen oli Kerttulin syyskuu!<\/p>\n","protected":false},"excerpt":{"rendered":"<p>Syyskuussa Kerttulissa abiturientit juhlivat TJ100-p\u00e4iv\u00e4\u00e4 Ruisrock-teemalla. Paikalla oli artisteja ja j\u00e4rjestysmiehi\u00e4 sek\u00e4 iloista festarikansaa. Artistit esiintyiv\u00e4t kakkoskerrokseen rakennetulla festarilavalla. Syyskuussa koulutaloa alettiin valmistella my\u00f6s YO-kirjoituksia varten. Salit kalustettiin ja tunteja ja ruokailuja pidettiin poikkeustiloissa. Tunteja oli esimerkiksi AMK:n tiloissa evakossa. Syksyn YO-kirjoitukset alkoivat syyskuun puolessa v\u00e4liss\u00e4 \u00e4idinkielen ja kirjallisuuden lukutaidon kokeella ja kestiv\u00e4t noin kahden &hellip; <a href=\"https:\/\/blog.edu.turku.fi\/kerttulinlukio\/syyskuu-2023\/\" class=\"more-link\">Jatka lukemista<span class=\"screen-reader-text\"> &#8221;Syyskuu 2023&#8221;<\/span><\/a><\/p>\n","protected":false},"author":3367,"featured_media":0,"parent":0,"menu_order":0,"comment_status":"closed","ping_status":"closed","template":"","meta":{"footnotes":""},"class_list":["post-4086","page","type-page","status-publish","hentry"],"_links":{"self":[{"href":"https:\/\/blog.edu.turku.fi\/kerttulinlukio\/wp-json\/wp\/v2\/pages\/4086","targetHints":{"allow":["GET"]}}],"collection":[{"href":"https:\/\/blog.edu.turku.fi\/kerttulinlukio\/wp-json\/wp\/v2\/pages"}],"about":[{"href":"https:\/\/blog.edu.turku.fi\/kerttulinlukio\/wp-json\/wp\/v2\/types\/page"}],"author":[{"embeddable":true,"href":"https:\/\/blog.edu.turku.fi\/kerttulinlukio\/wp-json\/wp\/v2\/users\/3367"}],"replies":[{"embeddable":true,"href":"https:\/\/blog.edu.turku.fi\/kerttulinlukio\/wp-json\/wp\/v2\/comments?post=4086"}],"version-history":[{"count":1,"href":"https:\/\/blog.edu.turku.fi\/kerttulinlukio\/wp-json\/wp\/v2\/pages\/4086\/revisions"}],"predecessor-version":[{"id":4090,"href":"https:\/\/blog.edu.turku.fi\/kerttulinlukio\/wp-json\/wp\/v2\/pages\/4086\/revisions\/4090"}],"wp:attachment":[{"href":"https:\/\/blog.edu.turku.fi\/kerttulinlukio\/wp-json\/wp\/v2\/media?parent=4086"}],"curies":[{"name":"wp","href":"https:\/\/api.w.org\/{rel}","templated":true}]}}