{"id":4085,"date":"2023-12-21T11:05:40","date_gmt":"2023-12-21T09:05:40","guid":{"rendered":"https:\/\/blog.edu.turku.fi\/kerttulinlukio\/?page_id=4085"},"modified":"2023-12-21T11:05:40","modified_gmt":"2023-12-21T09:05:40","slug":"lokakuu-2023","status":"publish","type":"page","link":"https:\/\/blog.edu.turku.fi\/kerttulinlukio\/lokakuu-2023\/","title":{"rendered":"Lokakuu 2023"},"content":{"rendered":"<p>Lokakuussa Kerttuliin valittiin uusi hallitus edustamaan opiskelijakuntaa. Hallituksessa kaudella 2023-2024 puhetta johtaa Lex Ylik\u00e4nn\u00f6 sek\u00e4 Eino S\u00f6derlund. Taloudesta pit\u00e4v\u00e4t huolen Onni Lehtinen ja Niklas Sissonen. Kaiken kirjaa yl\u00f6s Aurora Koskensalo ja yritysyhteisty\u00f6st\u00e4 vastaa Sofia Hassila. Sometiimiin kuuluvat Jade Myllyniemi sek\u00e4 Eino Siipi, ja tapahtumien ideointia koordinoi Oskari Heino. Joona Aaltonen ja Jussi Suonvieri huolehtivat siit\u00e4, ett\u00e4 opiskelijoilla on aina kahvia saatavilla.<\/p>\n<p><img loading=\"lazy\" decoding=\"async\" class=\"size-medium wp-image-3908 aligncenter\" src=\"https:\/\/blog.edu.turku.fi\/kerttulinlukio\/files\/2023\/10\/933272ac-3aac-4223-b757-f03ba96a5f9d-300x225.jpg\" alt=\"\" width=\"300\" height=\"225\" srcset=\"https:\/\/blog.edu.turku.fi\/kerttulinlukio\/files\/2023\/10\/933272ac-3aac-4223-b757-f03ba96a5f9d-300x225.jpg 300w, https:\/\/blog.edu.turku.fi\/kerttulinlukio\/files\/2023\/10\/933272ac-3aac-4223-b757-f03ba96a5f9d.jpg 640w\" sizes=\"auto, (max-width: 300px) 85vw, 300px\" \/><\/p>\n<p>Hallitus organisoi Ketturyhm\u00e4n kanssa lokakuun alussa koulup\u00e4iv\u00e4n p\u00e4\u00e4tteeksi leffa-, peli- ja pitsaillan. <img loading=\"lazy\" decoding=\"async\" class=\"alignnone size-medium wp-image-3910\" src=\"https:\/\/blog.edu.turku.fi\/kerttulinlukio\/files\/2023\/10\/89ebc085-6e63-4bd5-9643-8df871907b13-225x300.jpg\" alt=\"\" width=\"225\" height=\"300\" srcset=\"https:\/\/blog.edu.turku.fi\/kerttulinlukio\/files\/2023\/10\/89ebc085-6e63-4bd5-9643-8df871907b13-225x300.jpg 225w, https:\/\/blog.edu.turku.fi\/kerttulinlukio\/files\/2023\/10\/89ebc085-6e63-4bd5-9643-8df871907b13.jpg 750w\" sizes=\"auto, (max-width: 225px) 85vw, 225px\" \/> <img loading=\"lazy\" decoding=\"async\" class=\"alignnone size-medium wp-image-3909\" src=\"https:\/\/blog.edu.turku.fi\/kerttulinlukio\/files\/2023\/10\/IMG_8036-171x300.jpg\" alt=\"\" width=\"171\" height=\"300\" srcset=\"https:\/\/blog.edu.turku.fi\/kerttulinlukio\/files\/2023\/10\/IMG_8036-171x300.jpg 171w, https:\/\/blog.edu.turku.fi\/kerttulinlukio\/files\/2023\/10\/IMG_8036.jpg 365w\" sizes=\"auto, (max-width: 171px) 85vw, 171px\" \/> <img loading=\"lazy\" decoding=\"async\" class=\"alignnone size-medium wp-image-3907\" src=\"https:\/\/blog.edu.turku.fi\/kerttulinlukio\/files\/2023\/10\/ab4da4d4-dfd2-4578-a518-5c65efae4514-225x300.jpg\" alt=\"\" width=\"225\" height=\"300\" srcset=\"https:\/\/blog.edu.turku.fi\/kerttulinlukio\/files\/2023\/10\/ab4da4d4-dfd2-4578-a518-5c65efae4514-225x300.jpg 225w, https:\/\/blog.edu.turku.fi\/kerttulinlukio\/files\/2023\/10\/ab4da4d4-dfd2-4578-a518-5c65efae4514.jpg 480w\" sizes=\"auto, (max-width: 225px) 85vw, 225px\" \/><img loading=\"lazy\" decoding=\"async\" class=\"alignnone size-medium wp-image-4088\" src=\"https:\/\/blog.edu.turku.fi\/kerttulinlukio\/files\/2023\/12\/c42d1baf-7af7-43a4-aaea-b4296878bde9-1-150x300.jpg\" alt=\"\" width=\"150\" height=\"300\" srcset=\"https:\/\/blog.edu.turku.fi\/kerttulinlukio\/files\/2023\/12\/c42d1baf-7af7-43a4-aaea-b4296878bde9-1-150x300.jpg 150w, https:\/\/blog.edu.turku.fi\/kerttulinlukio\/files\/2023\/12\/c42d1baf-7af7-43a4-aaea-b4296878bde9-1.jpg 500w\" sizes=\"auto, (max-width: 150px) 85vw, 150px\" \/><img loading=\"lazy\" decoding=\"async\" class=\"alignnone size-medium wp-image-3884\" src=\"https:\/\/blog.edu.turku.fi\/kerttulinlukio\/files\/2023\/10\/Mekot-227x300.jpg\" alt=\"\" width=\"227\" height=\"300\" srcset=\"https:\/\/blog.edu.turku.fi\/kerttulinlukio\/files\/2023\/10\/Mekot-227x300.jpg 227w, https:\/\/blog.edu.turku.fi\/kerttulinlukio\/files\/2023\/10\/Mekot.jpg 573w\" sizes=\"auto, (max-width: 227px) 85vw, 227px\" \/><\/p>\n<p>Kerttulilaiset osallistuivat my\u00f6s vanhojentanssimekkojen kierr\u00e4tystapahtumaan. Tapahtuman paikaksi valikoitui TSYK.<\/p>\n<p>Lukioiden v\u00e4lill\u00e4 otettiin mittaa salibandyturnauksessa. Turnauksessa poikien toinen Kerttulin joukkueista sai pronssia ja toinen voitti koko turnauksen.<\/p>\n<p><img loading=\"lazy\" decoding=\"async\" class=\"alignnone size-medium wp-image-3970\" src=\"https:\/\/blog.edu.turku.fi\/kerttulinlukio\/files\/2023\/11\/Sahlypojat_2-300x225.jpeg\" alt=\"\" width=\"300\" height=\"225\" srcset=\"https:\/\/blog.edu.turku.fi\/kerttulinlukio\/files\/2023\/11\/Sahlypojat_2-300x225.jpeg 300w, https:\/\/blog.edu.turku.fi\/kerttulinlukio\/files\/2023\/11\/Sahlypojat_2.jpeg 1000w\" sizes=\"auto, (max-width: 300px) 85vw, 300px\" \/> <img loading=\"lazy\" decoding=\"async\" class=\"alignnone size-medium wp-image-3968\" src=\"https:\/\/blog.edu.turku.fi\/kerttulinlukio\/files\/2023\/11\/Sahlypojat_1-300x225.jpeg\" alt=\"\" width=\"300\" height=\"225\" srcset=\"https:\/\/blog.edu.turku.fi\/kerttulinlukio\/files\/2023\/11\/Sahlypojat_1-300x225.jpeg 300w, https:\/\/blog.edu.turku.fi\/kerttulinlukio\/files\/2023\/11\/Sahlypojat_1.jpeg 1000w\" sizes=\"auto, (max-width: 300px) 85vw, 300px\" \/><\/p>\n<p>Lokakuun viimeisen\u00e4 p\u00e4iv\u00e4n\u00e4 juhlittiin halloweenia.<\/p>\n<p><img loading=\"lazy\" decoding=\"async\" class=\"alignnone size-medium wp-image-3940\" src=\"https:\/\/blog.edu.turku.fi\/kerttulinlukio\/files\/2023\/10\/Halloweenmainos-212x300.png\" alt=\"\" width=\"212\" height=\"300\" srcset=\"https:\/\/blog.edu.turku.fi\/kerttulinlukio\/files\/2023\/10\/Halloweenmainos-212x300.png 212w, https:\/\/blog.edu.turku.fi\/kerttulinlukio\/files\/2023\/10\/Halloweenmainos.png 707w\" sizes=\"auto, (max-width: 212px) 85vw, 212px\" \/> <img loading=\"lazy\" decoding=\"async\" class=\"alignnone size-medium wp-image-3959\" src=\"https:\/\/blog.edu.turku.fi\/kerttulinlukio\/files\/2023\/11\/Opettajien-Halloween-asuja-225x300.jpeg\" alt=\"\" width=\"225\" height=\"300\" srcset=\"https:\/\/blog.edu.turku.fi\/kerttulinlukio\/files\/2023\/11\/Opettajien-Halloween-asuja-225x300.jpeg 225w, https:\/\/blog.edu.turku.fi\/kerttulinlukio\/files\/2023\/11\/Opettajien-Halloween-asuja.jpeg 750w\" sizes=\"auto, (max-width: 225px) 85vw, 225px\" \/> <img loading=\"lazy\" decoding=\"async\" class=\"alignnone size-medium wp-image-3966\" src=\"https:\/\/blog.edu.turku.fi\/kerttulinlukio\/files\/2023\/11\/Oskari-Halloweenina-225x300.jpg\" alt=\"\" width=\"225\" height=\"300\" srcset=\"https:\/\/blog.edu.turku.fi\/kerttulinlukio\/files\/2023\/11\/Oskari-Halloweenina-225x300.jpg 225w, https:\/\/blog.edu.turku.fi\/kerttulinlukio\/files\/2023\/11\/Oskari-Halloweenina.jpg 481w\" sizes=\"auto, (max-width: 225px) 85vw, 225px\" \/> <img loading=\"lazy\" decoding=\"async\" class=\"alignnone size-medium wp-image-3960\" src=\"https:\/\/blog.edu.turku.fi\/kerttulinlukio\/files\/2023\/11\/Meri-Halloweenina-300x258.jpeg\" alt=\"\" width=\"300\" height=\"258\" srcset=\"https:\/\/blog.edu.turku.fi\/kerttulinlukio\/files\/2023\/11\/Meri-Halloweenina-300x258.jpeg 300w, https:\/\/blog.edu.turku.fi\/kerttulinlukio\/files\/2023\/11\/Meri-Halloweenina.jpeg 1000w\" sizes=\"auto, (max-width: 300px) 85vw, 300px\" \/><\/p>\n<p>Sellainen oli Kerttulin lokakuu.<\/p>\n","protected":false},"excerpt":{"rendered":"<p>Lokakuussa Kerttuliin valittiin uusi hallitus edustamaan opiskelijakuntaa. Hallituksessa kaudella 2023-2024 puhetta johtaa Lex Ylik\u00e4nn\u00f6 sek\u00e4 Eino S\u00f6derlund. Taloudesta pit\u00e4v\u00e4t huolen Onni Lehtinen ja Niklas Sissonen. Kaiken kirjaa yl\u00f6s Aurora Koskensalo ja yritysyhteisty\u00f6st\u00e4 vastaa Sofia Hassila. Sometiimiin kuuluvat Jade Myllyniemi sek\u00e4 Eino Siipi, ja tapahtumien ideointia koordinoi Oskari Heino. Joona Aaltonen ja Jussi Suonvieri huolehtivat siit\u00e4, &hellip; <a href=\"https:\/\/blog.edu.turku.fi\/kerttulinlukio\/lokakuu-2023\/\" class=\"more-link\">Jatka lukemista<span class=\"screen-reader-text\"> &#8221;Lokakuu 2023&#8221;<\/span><\/a><\/p>\n","protected":false},"author":3272,"featured_media":0,"parent":0,"menu_order":0,"comment_status":"closed","ping_status":"closed","template":"","meta":{"footnotes":""},"class_list":["post-4085","page","type-page","status-publish","hentry"],"_links":{"self":[{"href":"https:\/\/blog.edu.turku.fi\/kerttulinlukio\/wp-json\/wp\/v2\/pages\/4085","targetHints":{"allow":["GET"]}}],"collection":[{"href":"https:\/\/blog.edu.turku.fi\/kerttulinlukio\/wp-json\/wp\/v2\/pages"}],"about":[{"href":"https:\/\/blog.edu.turku.fi\/kerttulinlukio\/wp-json\/wp\/v2\/types\/page"}],"author":[{"embeddable":true,"href":"https:\/\/blog.edu.turku.fi\/kerttulinlukio\/wp-json\/wp\/v2\/users\/3272"}],"replies":[{"embeddable":true,"href":"https:\/\/blog.edu.turku.fi\/kerttulinlukio\/wp-json\/wp\/v2\/comments?post=4085"}],"version-history":[{"count":8,"href":"https:\/\/blog.edu.turku.fi\/kerttulinlukio\/wp-json\/wp\/v2\/pages\/4085\/revisions"}],"predecessor-version":[{"id":4102,"href":"https:\/\/blog.edu.turku.fi\/kerttulinlukio\/wp-json\/wp\/v2\/pages\/4085\/revisions\/4102"}],"wp:attachment":[{"href":"https:\/\/blog.edu.turku.fi\/kerttulinlukio\/wp-json\/wp\/v2\/media?parent=4085"}],"curies":[{"name":"wp","href":"https:\/\/api.w.org\/{rel}","templated":true}]}}