{"id":3839,"date":"2023-09-17T16:45:09","date_gmt":"2023-09-17T13:45:09","guid":{"rendered":"https:\/\/blog.edu.turku.fi\/kerttulinlukio\/?page_id=3839"},"modified":"2023-09-17T16:45:09","modified_gmt":"2023-09-17T13:45:09","slug":"elokuu-2023","status":"publish","type":"page","link":"https:\/\/blog.edu.turku.fi\/kerttulinlukio\/elokuu-2023\/","title":{"rendered":"Elokuu 2023"},"content":{"rendered":"<p><img loading=\"lazy\" decoding=\"async\" class=\"size-medium wp-image-3841 alignright\" src=\"https:\/\/blog.edu.turku.fi\/kerttulinlukio\/files\/2023\/09\/IMG_4534-300x144.jpg\" alt=\"\" width=\"300\" height=\"144\" srcset=\"https:\/\/blog.edu.turku.fi\/kerttulinlukio\/files\/2023\/09\/IMG_4534-300x144.jpg 300w, https:\/\/blog.edu.turku.fi\/kerttulinlukio\/files\/2023\/09\/IMG_4534.jpg 640w\" sizes=\"auto, (max-width: 300px) 85vw, 300px\" \/>Lukuvuosi alkoi kes\u00e4isess\u00e4 s\u00e4\u00e4ss\u00e4 torstaina 10.8. ryhm\u00e4nohjauksilla. Ykk\u00f6set saivat uutuuttaan hohtavat tietokoneensa ja tutustuivat ryhm\u00e4nohjaajiensa sek\u00e4 tutoreiden opastuksella koulun tiloihin sek\u00e4 k\u00e4yt\u00e4nt\u00f6ihin. Perjantaina 11.8. alkoi varsinainen kouluty\u00f6.<\/p>\n<p>Toisella kouluviikolla oli poistumisharjoitukset, valokuvaus sek\u00e4 ykk\u00f6sten tutustumisiltap\u00e4iv\u00e4 Vartiovuorenm\u00e4ell\u00e4.<\/p>\n<p><img loading=\"lazy\" decoding=\"async\" class=\"alignnone size-medium wp-image-3789\" src=\"https:\/\/blog.edu.turku.fi\/kerttulinlukio\/files\/2023\/08\/7d2c2204-875c-4c90-89f2-fd6e3e21310b-225x300.jpg\" alt=\"\" width=\"225\" height=\"300\" \/> <img loading=\"lazy\" decoding=\"async\" class=\"alignnone size-medium wp-image-3787\" src=\"https:\/\/blog.edu.turku.fi\/kerttulinlukio\/files\/2023\/08\/ba0978b3-c346-4b0f-919f-bc0cf3e8aaac-225x300.jpg\" alt=\"\" width=\"225\" height=\"300\" srcset=\"https:\/\/blog.edu.turku.fi\/kerttulinlukio\/files\/2023\/08\/ba0978b3-c346-4b0f-919f-bc0cf3e8aaac-225x300.jpg 225w, https:\/\/blog.edu.turku.fi\/kerttulinlukio\/files\/2023\/08\/ba0978b3-c346-4b0f-919f-bc0cf3e8aaac.jpg 750w\" sizes=\"auto, (max-width: 225px) 85vw, 225px\" \/> <img loading=\"lazy\" decoding=\"async\" class=\"alignnone size-medium wp-image-3847\" src=\"https:\/\/blog.edu.turku.fi\/kerttulinlukio\/files\/2023\/09\/IMG_6141-225x300.jpg\" alt=\"\" width=\"225\" height=\"300\" srcset=\"https:\/\/blog.edu.turku.fi\/kerttulinlukio\/files\/2023\/09\/IMG_6141-225x300.jpg 225w, https:\/\/blog.edu.turku.fi\/kerttulinlukio\/files\/2023\/09\/IMG_6141.jpg 750w\" sizes=\"auto, (max-width: 225px) 85vw, 225px\" \/> <img loading=\"lazy\" decoding=\"async\" class=\"alignnone size-medium wp-image-3795\" src=\"https:\/\/blog.edu.turku.fi\/kerttulinlukio\/files\/2023\/08\/thumbnail_PHOTO-2023-08-18-13-50-50-225x300.jpg\" alt=\"\" width=\"225\" height=\"300\" srcset=\"https:\/\/blog.edu.turku.fi\/kerttulinlukio\/files\/2023\/08\/thumbnail_PHOTO-2023-08-18-13-50-50-225x300.jpg 225w, https:\/\/blog.edu.turku.fi\/kerttulinlukio\/files\/2023\/08\/thumbnail_PHOTO-2023-08-18-13-50-50.jpg 481w\" sizes=\"auto, (max-width: 225px) 85vw, 225px\" \/> <img loading=\"lazy\" decoding=\"async\" class=\"alignnone size-medium wp-image-3846\" src=\"https:\/\/blog.edu.turku.fi\/kerttulinlukio\/files\/2023\/09\/IMG_6146-225x300.jpg\" alt=\"\" width=\"225\" height=\"300\" srcset=\"https:\/\/blog.edu.turku.fi\/kerttulinlukio\/files\/2023\/09\/IMG_6146-225x300.jpg 225w, https:\/\/blog.edu.turku.fi\/kerttulinlukio\/files\/2023\/09\/IMG_6146.jpg 750w\" sizes=\"auto, (max-width: 225px) 85vw, 225px\" \/> <img loading=\"lazy\" decoding=\"async\" class=\"alignnone size-medium wp-image-3844\" src=\"https:\/\/blog.edu.turku.fi\/kerttulinlukio\/files\/2023\/09\/IMG_6152-225x300.jpg\" alt=\"\" width=\"225\" height=\"300\" srcset=\"https:\/\/blog.edu.turku.fi\/kerttulinlukio\/files\/2023\/09\/IMG_6152-225x300.jpg 225w, https:\/\/blog.edu.turku.fi\/kerttulinlukio\/files\/2023\/09\/IMG_6152.jpg 750w\" sizes=\"auto, (max-width: 225px) 85vw, 225px\" \/><img loading=\"lazy\" decoding=\"async\" class=\"alignnone size-medium wp-image-3785\" src=\"https:\/\/blog.edu.turku.fi\/kerttulinlukio\/files\/2023\/08\/4fc46fbe-56a6-4869-a867-d6f329d12bac-300x225.jpg\" alt=\"\" width=\"300\" height=\"225\" srcset=\"https:\/\/blog.edu.turku.fi\/kerttulinlukio\/files\/2023\/08\/4fc46fbe-56a6-4869-a867-d6f329d12bac-300x225.jpg 300w, https:\/\/blog.edu.turku.fi\/kerttulinlukio\/files\/2023\/08\/4fc46fbe-56a6-4869-a867-d6f329d12bac.jpg 640w\" sizes=\"auto, (max-width: 300px) 85vw, 300px\" \/><img loading=\"lazy\" decoding=\"async\" class=\"alignnone size-medium wp-image-3851\" src=\"https:\/\/blog.edu.turku.fi\/kerttulinlukio\/files\/2023\/09\/IMG_6174-300x225.jpg\" alt=\"\" width=\"300\" height=\"225\" srcset=\"https:\/\/blog.edu.turku.fi\/kerttulinlukio\/files\/2023\/09\/IMG_6174-300x225.jpg 300w, https:\/\/blog.edu.turku.fi\/kerttulinlukio\/files\/2023\/09\/IMG_6174.jpg 1000w\" sizes=\"auto, (max-width: 300px) 85vw, 300px\" \/><\/p>\n<p>Toisella kouluviikolla k\u00e4ynnistyiv\u00e4t viikoittaiset \u00e4idinkielen treenit ja matikkapaja. Lis\u00e4ksi Kerttulin lukion ja Turun yliopiston teknillisen tiedekunnan yhteinen koodauskerho alkoi yliopistonm\u00e4ell\u00e4.<\/p>\n<p>N\u00e4in kului Kerttulin elokuu.<\/p>\n","protected":false},"excerpt":{"rendered":"<p>Lukuvuosi alkoi kes\u00e4isess\u00e4 s\u00e4\u00e4ss\u00e4 torstaina 10.8. ryhm\u00e4nohjauksilla. Ykk\u00f6set saivat uutuuttaan hohtavat tietokoneensa ja tutustuivat ryhm\u00e4nohjaajiensa sek\u00e4 tutoreiden opastuksella koulun tiloihin sek\u00e4 k\u00e4yt\u00e4nt\u00f6ihin. Perjantaina 11.8. alkoi varsinainen kouluty\u00f6. Toisella kouluviikolla oli poistumisharjoitukset, valokuvaus sek\u00e4 ykk\u00f6sten tutustumisiltap\u00e4iv\u00e4 Vartiovuorenm\u00e4ell\u00e4. Toisella kouluviikolla k\u00e4ynnistyiv\u00e4t viikoittaiset \u00e4idinkielen treenit ja matikkapaja. Lis\u00e4ksi Kerttulin lukion ja Turun yliopiston teknillisen tiedekunnan yhteinen koodauskerho alkoi &hellip; <a href=\"https:\/\/blog.edu.turku.fi\/kerttulinlukio\/elokuu-2023\/\" class=\"more-link\">Jatka lukemista<span class=\"screen-reader-text\"> &#8221;Elokuu 2023&#8221;<\/span><\/a><\/p>\n","protected":false},"author":3272,"featured_media":0,"parent":0,"menu_order":0,"comment_status":"closed","ping_status":"closed","template":"","meta":{"footnotes":""},"class_list":["post-3839","page","type-page","status-publish","hentry"],"_links":{"self":[{"href":"https:\/\/blog.edu.turku.fi\/kerttulinlukio\/wp-json\/wp\/v2\/pages\/3839","targetHints":{"allow":["GET"]}}],"collection":[{"href":"https:\/\/blog.edu.turku.fi\/kerttulinlukio\/wp-json\/wp\/v2\/pages"}],"about":[{"href":"https:\/\/blog.edu.turku.fi\/kerttulinlukio\/wp-json\/wp\/v2\/types\/page"}],"author":[{"embeddable":true,"href":"https:\/\/blog.edu.turku.fi\/kerttulinlukio\/wp-json\/wp\/v2\/users\/3272"}],"replies":[{"embeddable":true,"href":"https:\/\/blog.edu.turku.fi\/kerttulinlukio\/wp-json\/wp\/v2\/comments?post=3839"}],"version-history":[{"count":12,"href":"https:\/\/blog.edu.turku.fi\/kerttulinlukio\/wp-json\/wp\/v2\/pages\/3839\/revisions"}],"predecessor-version":[{"id":3864,"href":"https:\/\/blog.edu.turku.fi\/kerttulinlukio\/wp-json\/wp\/v2\/pages\/3839\/revisions\/3864"}],"wp:attachment":[{"href":"https:\/\/blog.edu.turku.fi\/kerttulinlukio\/wp-json\/wp\/v2\/media?parent=3839"}],"curies":[{"name":"wp","href":"https:\/\/api.w.org\/{rel}","templated":true}]}}