{"id":3757,"date":"2023-06-12T12:16:17","date_gmt":"2023-06-12T09:16:17","guid":{"rendered":"https:\/\/blog.edu.turku.fi\/kerttulinlukio\/?page_id=3757"},"modified":"2023-06-12T12:16:17","modified_gmt":"2023-06-12T09:16:17","slug":"huhtikuu-2023","status":"publish","type":"page","link":"https:\/\/blog.edu.turku.fi\/kerttulinlukio\/huhtikuu-2023\/","title":{"rendered":"Huhtikuu 2023"},"content":{"rendered":"<p>19.4.-22.4.\u00a0 Saksan\u00a0 historia ja kulttuuri -teemaopintojakson ryhm\u00e4 vieraili Berliiniss\u00e4 <img loading=\"lazy\" decoding=\"async\" class=\"alignnone size-medium wp-image-3193\" src=\"https:\/\/blog.edu.turku.fi\/kerttulinlukio\/files\/2023\/04\/IMG_7179-300x225.jpg\" alt=\"\" width=\"300\" height=\"225\" \/>ja saimme samaan aikaan Kerttuliin vieraiksi 25 opiskelijaa ja kaksi opettajaa veronalaisesta yst\u00e4vyyskoulustamme Liceo Maffeista Italiasta. <img loading=\"lazy\" decoding=\"async\" class=\"alignnone size-medium wp-image-3181\" src=\"https:\/\/blog.edu.turku.fi\/kerttulinlukio\/files\/2023\/04\/IMG_7131-300x225.jpg\" alt=\"\" width=\"300\" height=\"225\" srcset=\"https:\/\/blog.edu.turku.fi\/kerttulinlukio\/files\/2023\/04\/IMG_7131-300x225.jpg 300w, https:\/\/blog.edu.turku.fi\/kerttulinlukio\/files\/2023\/04\/IMG_7131.jpg 320w\" sizes=\"auto, (max-width: 300px) 85vw, 300px\" \/> <img loading=\"lazy\" decoding=\"async\" class=\"alignnone size-medium wp-image-3183\" src=\"https:\/\/blog.edu.turku.fi\/kerttulinlukio\/files\/2023\/04\/IMG_7130-rotated-225x300.jpg\" alt=\"\" width=\"225\" height=\"300\" srcset=\"https:\/\/blog.edu.turku.fi\/kerttulinlukio\/files\/2023\/04\/IMG_7130-rotated-225x300.jpg 225w, https:\/\/blog.edu.turku.fi\/kerttulinlukio\/files\/2023\/04\/IMG_7130-rotated.jpg 240w\" sizes=\"auto, (max-width: 225px) 85vw, 225px\" \/> <img loading=\"lazy\" decoding=\"async\" class=\"alignnone size-medium wp-image-3184\" src=\"https:\/\/blog.edu.turku.fi\/kerttulinlukio\/files\/2023\/04\/IMG_7137-300x225.jpg\" alt=\"\" width=\"300\" height=\"225\" \/> <img loading=\"lazy\" decoding=\"async\" class=\"alignnone size-medium wp-image-3185\" src=\"https:\/\/blog.edu.turku.fi\/kerttulinlukio\/files\/2023\/04\/IMG_7155-300x225.jpg\" alt=\"\" width=\"300\" height=\"225\" \/> <img loading=\"lazy\" decoding=\"async\" class=\"alignnone size-medium wp-image-3186\" src=\"https:\/\/blog.edu.turku.fi\/kerttulinlukio\/files\/2023\/04\/IMG_7165-rotated-225x300.jpg\" alt=\"\" width=\"225\" height=\"300\" \/> <img loading=\"lazy\" decoding=\"async\" class=\"alignnone size-medium wp-image-3187\" src=\"https:\/\/blog.edu.turku.fi\/kerttulinlukio\/files\/2023\/04\/IMG_7151-300x225.jpg\" alt=\"\" width=\"300\" height=\"225\" \/><\/p>\n<p>20.4. koululla j\u00e4rjestettiin hygieniapassin suoritustilaisuus.<\/p>\n<p>21.4.<strong> Beyond challenge<\/strong>-tiedekisan voitti opiskelijamme <strong>Ilona Taittonen<\/strong> ja kolmannelle sijalle ylsi <strong>Kaisa Sepp\u00e4l\u00e4.<\/strong><\/p>\n<p>27.4. koulustamme oli opiskelijoita mukana kansallisen veteraanip\u00e4iv\u00e4n juhlassa, joka j\u00e4rjestettiin Turussa.<\/p>\n<p>Huhtikuussa k\u00e4ytiin my\u00f6s katsomassa kuukauden pohjoimaista elokuvaa, voitettiin tuttuun tapaan lukioiden v\u00e4linen lentopalloturnaus sek\u00e4 vietettiin vapun etkoja turvallisuusteemaisesti ja patsask\u00e4velyn merkeiss\u00e4.<\/p>\n","protected":false},"excerpt":{"rendered":"<p>19.4.-22.4.\u00a0 Saksan\u00a0 historia ja kulttuuri -teemaopintojakson ryhm\u00e4 vieraili Berliiniss\u00e4 ja saimme samaan aikaan Kerttuliin vieraiksi 25 opiskelijaa ja kaksi opettajaa veronalaisesta yst\u00e4vyyskoulustamme Liceo Maffeista Italiasta. 20.4. koululla j\u00e4rjestettiin hygieniapassin suoritustilaisuus. 21.4. Beyond challenge-tiedekisan voitti opiskelijamme Ilona Taittonen ja kolmannelle sijalle ylsi Kaisa Sepp\u00e4l\u00e4. 27.4. koulustamme oli opiskelijoita mukana kansallisen veteraanip\u00e4iv\u00e4n juhlassa, joka j\u00e4rjestettiin Turussa. Huhtikuussa &hellip; <a href=\"https:\/\/blog.edu.turku.fi\/kerttulinlukio\/huhtikuu-2023\/\" class=\"more-link\">Jatka lukemista<span class=\"screen-reader-text\"> &#8221;Huhtikuu 2023&#8221;<\/span><\/a><\/p>\n","protected":false},"author":3187,"featured_media":0,"parent":0,"menu_order":0,"comment_status":"closed","ping_status":"closed","template":"","meta":{"footnotes":""},"class_list":["post-3757","page","type-page","status-publish","hentry"],"_links":{"self":[{"href":"https:\/\/blog.edu.turku.fi\/kerttulinlukio\/wp-json\/wp\/v2\/pages\/3757","targetHints":{"allow":["GET"]}}],"collection":[{"href":"https:\/\/blog.edu.turku.fi\/kerttulinlukio\/wp-json\/wp\/v2\/pages"}],"about":[{"href":"https:\/\/blog.edu.turku.fi\/kerttulinlukio\/wp-json\/wp\/v2\/types\/page"}],"author":[{"embeddable":true,"href":"https:\/\/blog.edu.turku.fi\/kerttulinlukio\/wp-json\/wp\/v2\/users\/3187"}],"replies":[{"embeddable":true,"href":"https:\/\/blog.edu.turku.fi\/kerttulinlukio\/wp-json\/wp\/v2\/comments?post=3757"}],"version-history":[{"count":1,"href":"https:\/\/blog.edu.turku.fi\/kerttulinlukio\/wp-json\/wp\/v2\/pages\/3757\/revisions"}],"predecessor-version":[{"id":3758,"href":"https:\/\/blog.edu.turku.fi\/kerttulinlukio\/wp-json\/wp\/v2\/pages\/3757\/revisions\/3758"}],"wp:attachment":[{"href":"https:\/\/blog.edu.turku.fi\/kerttulinlukio\/wp-json\/wp\/v2\/media?parent=3757"}],"curies":[{"name":"wp","href":"https:\/\/api.w.org\/{rel}","templated":true}]}}