{"id":3332,"date":"2023-06-06T16:17:36","date_gmt":"2023-06-06T13:17:36","guid":{"rendered":"https:\/\/blog.edu.turku.fi\/kerttulinlukio\/?page_id=3332"},"modified":"2023-06-06T16:17:36","modified_gmt":"2023-06-06T13:17:36","slug":"maaliskuu-2023","status":"publish","type":"page","link":"https:\/\/blog.edu.turku.fi\/kerttulinlukio\/maaliskuu-2023\/","title":{"rendered":"Maaliskuu 2023"},"content":{"rendered":"<p>Maaliskuussa pidettiin yo-kokeet. Ohessa on Mauno valmiina vastaanottamaan aamun kokelaat.<\/p>\n<p><img loading=\"lazy\" decoding=\"async\" class=\"size-medium wp-image-3338 aligncenter\" src=\"https:\/\/blog.edu.turku.fi\/kerttulinlukio\/files\/2023\/06\/Mauno-valmiina-lahtoon-300x225.jpg\" alt=\"\" width=\"300\" height=\"225\" srcset=\"https:\/\/blog.edu.turku.fi\/kerttulinlukio\/files\/2023\/06\/Mauno-valmiina-lahtoon-300x225.jpg 300w, https:\/\/blog.edu.turku.fi\/kerttulinlukio\/files\/2023\/06\/Mauno-valmiina-lahtoon.jpg 640w\" sizes=\"auto, (max-width: 300px) 85vw, 300px\" \/><\/p>\n<p>Lis\u00e4ksi palkittiin Nelj\u00e4n tieteen kisojen menestyji\u00e4, pidettiin vaalipaneelia ja Monitoimisalissa pidettiin TECH-roadshow.<\/p>\n<p><img loading=\"lazy\" decoding=\"async\" class=\"size-medium wp-image-3107 aligncenter\" src=\"https:\/\/blog.edu.turku.fi\/kerttulinlukio\/files\/2023\/03\/IMG_6226-300x225.jpg\" alt=\"4 tieteen kisojen palkintojenjakotilaisuus\" width=\"300\" height=\"225\" srcset=\"https:\/\/blog.edu.turku.fi\/kerttulinlukio\/files\/2023\/03\/IMG_6226-300x225.jpg 300w, https:\/\/blog.edu.turku.fi\/kerttulinlukio\/files\/2023\/03\/IMG_6226.jpg 640w\" sizes=\"auto, (max-width: 300px) 85vw, 300px\" \/><img loading=\"lazy\" decoding=\"async\" class=\"alignnone size-medium wp-image-3336\" src=\"https:\/\/blog.edu.turku.fi\/kerttulinlukio\/files\/2023\/06\/Vaalipaneeli-1-225x300.jpg\" alt=\"\" width=\"225\" height=\"300\" \/> <img loading=\"lazy\" decoding=\"async\" class=\"alignnone size-medium wp-image-3337\" src=\"https:\/\/blog.edu.turku.fi\/kerttulinlukio\/files\/2023\/06\/Vaalipaneeli-2-225x300.jpg\" alt=\"\" width=\"225\" height=\"300\" \/><\/p>\n<p>Lukiolla k\u00e4vi esittelij\u00f6it\u00e4 mm. Helsingin yliopiston el\u00e4inl\u00e4\u00e4ketieteellisest\u00e4 tiedekunnasta sek\u00e4 Maanpuolustuskorkeakoulusta.<\/p>\n<p>Terveystiedon opiskelijat vierailivat TULE-tietokeskuksessa ja YH-kurssi sai vieraakseen Ville Niinist\u00f6n.<\/p>\n<figure id=\"attachment_3151\" aria-describedby=\"caption-attachment-3151\" style=\"width: 135px\" class=\"wp-caption aligncenter\"><img loading=\"lazy\" decoding=\"async\" class=\"size-medium wp-image-3151\" src=\"https:\/\/blog.edu.turku.fi\/kerttulinlukio\/files\/2023\/03\/20230320_123841-135x300.jpg\" alt=\"\" width=\"135\" height=\"300\" srcset=\"https:\/\/blog.edu.turku.fi\/kerttulinlukio\/files\/2023\/03\/20230320_123841-135x300.jpg 135w, https:\/\/blog.edu.turku.fi\/kerttulinlukio\/files\/2023\/03\/20230320_123841.jpg 450w\" sizes=\"auto, (max-width: 135px) 85vw, 135px\" \/><figcaption id=\"caption-attachment-3151\" class=\"wp-caption-text\">Kerttulilaiset vierailulla Tule-keskuksessa 20.3.<\/figcaption><\/figure>\n","protected":false},"excerpt":{"rendered":"<p>Maaliskuussa pidettiin yo-kokeet. Ohessa on Mauno valmiina vastaanottamaan aamun kokelaat. Lis\u00e4ksi palkittiin Nelj\u00e4n tieteen kisojen menestyji\u00e4, pidettiin vaalipaneelia ja Monitoimisalissa pidettiin TECH-roadshow. Lukiolla k\u00e4vi esittelij\u00f6it\u00e4 mm. Helsingin yliopiston el\u00e4inl\u00e4\u00e4ketieteellisest\u00e4 tiedekunnasta sek\u00e4 Maanpuolustuskorkeakoulusta. Terveystiedon opiskelijat vierailivat TULE-tietokeskuksessa ja YH-kurssi sai vieraakseen Ville Niinist\u00f6n.<\/p>\n","protected":false},"author":3272,"featured_media":0,"parent":0,"menu_order":0,"comment_status":"closed","ping_status":"closed","template":"","meta":{"footnotes":""},"class_list":["post-3332","page","type-page","status-publish","hentry"],"_links":{"self":[{"href":"https:\/\/blog.edu.turku.fi\/kerttulinlukio\/wp-json\/wp\/v2\/pages\/3332","targetHints":{"allow":["GET"]}}],"collection":[{"href":"https:\/\/blog.edu.turku.fi\/kerttulinlukio\/wp-json\/wp\/v2\/pages"}],"about":[{"href":"https:\/\/blog.edu.turku.fi\/kerttulinlukio\/wp-json\/wp\/v2\/types\/page"}],"author":[{"embeddable":true,"href":"https:\/\/blog.edu.turku.fi\/kerttulinlukio\/wp-json\/wp\/v2\/users\/3272"}],"replies":[{"embeddable":true,"href":"https:\/\/blog.edu.turku.fi\/kerttulinlukio\/wp-json\/wp\/v2\/comments?post=3332"}],"version-history":[{"count":5,"href":"https:\/\/blog.edu.turku.fi\/kerttulinlukio\/wp-json\/wp\/v2\/pages\/3332\/revisions"}],"predecessor-version":[{"id":3340,"href":"https:\/\/blog.edu.turku.fi\/kerttulinlukio\/wp-json\/wp\/v2\/pages\/3332\/revisions\/3340"}],"wp:attachment":[{"href":"https:\/\/blog.edu.turku.fi\/kerttulinlukio\/wp-json\/wp\/v2\/media?parent=3332"}],"curies":[{"name":"wp","href":"https:\/\/api.w.org\/{rel}","templated":true}]}}