{"id":33,"date":"2018-09-16T20:19:36","date_gmt":"2018-09-16T17:19:36","guid":{"rendered":"https:\/\/blog.edu.turku.fi\/kerttulinlukio\/?page_id=33"},"modified":"2018-10-04T15:52:45","modified_gmt":"2018-10-04T12:52:45","slug":"moikka-maailma","status":"publish","type":"page","link":"https:\/\/blog.edu.turku.fi\/kerttulinlukio\/moikka-maailma\/","title":{"rendered":"Yleist\u00e4"},"content":{"rendered":"<p><img loading=\"lazy\" decoding=\"async\" class=\"size-thumbnail wp-image-66 alignleft\" src=\"https:\/\/blog.edu.turku.fi\/kerttulinlukio\/files\/2018\/09\/2018-02-14-PHOTO-00000407-150x150.jpg\" alt=\"\" width=\"150\" height=\"150\" \/>T\u00e4ss\u00e4 blogissa kerrotaan Kerttulin lukion kuulumisista. P\u00e4\u00e4set lukemaan ajankohtaisista tapahtumista, opintomatkoista, vierailuista ja vierailijoista\u00a0sek\u00e4 opiskelijoiden saavutuksista. Toivottavasti viihdyt seurassamme.<\/p>\n<p>&nbsp;<\/p>\n","protected":false},"excerpt":{"rendered":"<p>T\u00e4ss\u00e4 blogissa kerrotaan Kerttulin lukion kuulumisista. P\u00e4\u00e4set lukemaan ajankohtaisista tapahtumista, opintomatkoista, vierailuista ja vierailijoista\u00a0sek\u00e4 opiskelijoiden saavutuksista. Toivottavasti viihdyt seurassamme. &nbsp;<\/p>\n","protected":false},"author":2522,"featured_media":0,"parent":0,"menu_order":0,"comment_status":"closed","ping_status":"closed","template":"","meta":{"footnotes":""},"class_list":["post-33","page","type-page","status-publish","hentry"],"_links":{"self":[{"href":"https:\/\/blog.edu.turku.fi\/kerttulinlukio\/wp-json\/wp\/v2\/pages\/33","targetHints":{"allow":["GET"]}}],"collection":[{"href":"https:\/\/blog.edu.turku.fi\/kerttulinlukio\/wp-json\/wp\/v2\/pages"}],"about":[{"href":"https:\/\/blog.edu.turku.fi\/kerttulinlukio\/wp-json\/wp\/v2\/types\/page"}],"author":[{"embeddable":true,"href":"https:\/\/blog.edu.turku.fi\/kerttulinlukio\/wp-json\/wp\/v2\/users\/2522"}],"replies":[{"embeddable":true,"href":"https:\/\/blog.edu.turku.fi\/kerttulinlukio\/wp-json\/wp\/v2\/comments?post=33"}],"version-history":[{"count":15,"href":"https:\/\/blog.edu.turku.fi\/kerttulinlukio\/wp-json\/wp\/v2\/pages\/33\/revisions"}],"predecessor-version":[{"id":86,"href":"https:\/\/blog.edu.turku.fi\/kerttulinlukio\/wp-json\/wp\/v2\/pages\/33\/revisions\/86"}],"wp:attachment":[{"href":"https:\/\/blog.edu.turku.fi\/kerttulinlukio\/wp-json\/wp\/v2\/media?parent=33"}],"curies":[{"name":"wp","href":"https:\/\/api.w.org\/{rel}","templated":true}]}}