{"id":3011,"date":"2023-02-22T10:45:39","date_gmt":"2023-02-22T08:45:39","guid":{"rendered":"https:\/\/blog.edu.turku.fi\/kerttulinlukio\/?page_id=3011"},"modified":"2023-02-22T10:45:39","modified_gmt":"2023-02-22T08:45:39","slug":"joulukuu-2022","status":"publish","type":"page","link":"https:\/\/blog.edu.turku.fi\/kerttulinlukio\/joulukuu-2022\/","title":{"rendered":"Joulukuu 2022"},"content":{"rendered":"<p>Joulukuussa ryhm\u00e4 p\u00e4\u00e4si vierailemaan biokemian laitoksella.<\/p>\n<p><img loading=\"lazy\" decoding=\"async\" class=\"alignnone size-medium wp-image-3016\" src=\"https:\/\/blog.edu.turku.fi\/kerttulinlukio\/files\/2023\/02\/Vierailu-biokemialla-1-300x225.jpg\" alt=\"\" width=\"300\" height=\"225\" \/> <img loading=\"lazy\" decoding=\"async\" class=\"alignnone size-medium wp-image-3017\" src=\"https:\/\/blog.edu.turku.fi\/kerttulinlukio\/files\/2023\/02\/Vierailu-biokemialla2-1-225x300.jpg\" alt=\"\" width=\"225\" height=\"300\" \/> <img loading=\"lazy\" decoding=\"async\" class=\"alignnone size-medium wp-image-3018\" src=\"https:\/\/blog.edu.turku.fi\/kerttulinlukio\/files\/2023\/02\/Vierailu-biokemialla3-2-225x300.jpg\" alt=\"\" width=\"225\" height=\"300\" \/><\/p>\n<p>Lauantaina 3.12. vietettiin Kerttulin lukion lakkiaisia ja itsen\u00e4isyysjuhlaa Turun tuomiokirkossa. Saimme nauttia upeista musiikki ja lausuntaesityksist\u00e4, lehtori Minna Moisanen piti puheen, uuden ylioppilaan puheesta vastasi Eeli Heikkil\u00e4.<\/p>\n<p><img loading=\"lazy\" decoding=\"async\" class=\"alignnone size-medium wp-image-2864\" src=\"https:\/\/blog.edu.turku.fi\/kerttulinlukio\/files\/2022\/12\/Hiski-ja-Atiy-255x300.jpg\" alt=\"\" width=\"255\" height=\"300\" srcset=\"https:\/\/blog.edu.turku.fi\/kerttulinlukio\/files\/2022\/12\/Hiski-ja-Atiy-255x300.jpg 255w, https:\/\/blog.edu.turku.fi\/kerttulinlukio\/files\/2022\/12\/Hiski-ja-Atiy.jpg 851w\" sizes=\"auto, (max-width: 255px) 85vw, 255px\" \/> <img loading=\"lazy\" decoding=\"async\" class=\"alignnone size-medium wp-image-2865\" src=\"https:\/\/blog.edu.turku.fi\/kerttulinlukio\/files\/2022\/12\/Aapo-ja-Lauri-300x225.jpg\" alt=\"\" width=\"300\" height=\"225\" srcset=\"https:\/\/blog.edu.turku.fi\/kerttulinlukio\/files\/2022\/12\/Aapo-ja-Lauri-300x225.jpg 300w, https:\/\/blog.edu.turku.fi\/kerttulinlukio\/files\/2022\/12\/Aapo-ja-Lauri.jpg 1000w\" sizes=\"auto, (max-width: 300px) 85vw, 300px\" \/> <img loading=\"lazy\" decoding=\"async\" class=\"alignnone size-medium wp-image-2866\" src=\"https:\/\/blog.edu.turku.fi\/kerttulinlukio\/files\/2022\/12\/Fanny-ja-Artturi-241x300.jpg\" alt=\"\" width=\"241\" height=\"300\" srcset=\"https:\/\/blog.edu.turku.fi\/kerttulinlukio\/files\/2022\/12\/Fanny-ja-Artturi-241x300.jpg 241w, https:\/\/blog.edu.turku.fi\/kerttulinlukio\/files\/2022\/12\/Fanny-ja-Artturi.jpg 802w\" sizes=\"auto, (max-width: 241px) 85vw, 241px\" \/> <img loading=\"lazy\" decoding=\"async\" class=\"alignnone size-medium wp-image-2867\" src=\"https:\/\/blog.edu.turku.fi\/kerttulinlukio\/files\/2022\/12\/Minna-Moisanen-127x300.jpg\" alt=\"\" width=\"127\" height=\"300\" srcset=\"https:\/\/blog.edu.turku.fi\/kerttulinlukio\/files\/2022\/12\/Minna-Moisanen-127x300.jpg 127w, https:\/\/blog.edu.turku.fi\/kerttulinlukio\/files\/2022\/12\/Minna-Moisanen.jpg 424w\" sizes=\"auto, (max-width: 127px) 85vw, 127px\" \/> <img loading=\"lazy\" decoding=\"async\" class=\"alignnone size-medium wp-image-2868\" src=\"https:\/\/blog.edu.turku.fi\/kerttulinlukio\/files\/2022\/12\/Eeli-Heikkila-236x300.jpg\" alt=\"\" width=\"236\" height=\"300\" srcset=\"https:\/\/blog.edu.turku.fi\/kerttulinlukio\/files\/2022\/12\/Eeli-Heikkila-236x300.jpg 236w, https:\/\/blog.edu.turku.fi\/kerttulinlukio\/files\/2022\/12\/Eeli-Heikkila.jpg 787w\" sizes=\"auto, (max-width: 236px) 85vw, 236px\" \/> <img loading=\"lazy\" decoding=\"async\" class=\"alignnone size-medium wp-image-2869\" src=\"https:\/\/blog.edu.turku.fi\/kerttulinlukio\/files\/2022\/12\/Uudet-ylioppilaat-300x243.jpg\" alt=\"\" width=\"300\" height=\"243\" srcset=\"https:\/\/blog.edu.turku.fi\/kerttulinlukio\/files\/2022\/12\/Uudet-ylioppilaat-300x243.jpg 300w, https:\/\/blog.edu.turku.fi\/kerttulinlukio\/files\/2022\/12\/Uudet-ylioppilaat.jpg 1000w\" sizes=\"auto, (max-width: 300px) 85vw, 300px\" \/><\/p>\n<p>Kerttulin lukion joukkue voitti perjantaina 16.12. pelatussa lukioiden v\u00e4lisess\u00e4 sekakoristurnauksessa kultaa. Onnea koko joukkueelle!<\/p>\n<p><img loading=\"lazy\" decoding=\"async\" class=\"alignnone size-medium wp-image-2887\" src=\"https:\/\/blog.edu.turku.fi\/kerttulinlukio\/files\/2022\/12\/Koris-300x170.jpg\" alt=\"\" width=\"300\" height=\"170\" \/><\/p>\n<p>Perjantaina 16.12. k\u00e4ytiin joulukirkossa ja vaihtoehtotilaisuus pidettiin koululla.<\/p>\n<p>16.12.-17.12. vietettiin koululla perinteisi\u00e4 Laneja ICT-linjalaisten j\u00e4rjest\u00e4m\u00e4n\u00e4.<\/p>\n<p><img loading=\"lazy\" decoding=\"async\" class=\"alignnone size-medium wp-image-3019\" src=\"https:\/\/blog.edu.turku.fi\/kerttulinlukio\/files\/2023\/02\/Lanit-300x156.jpg\" alt=\"\" width=\"300\" height=\"156\" srcset=\"https:\/\/blog.edu.turku.fi\/kerttulinlukio\/files\/2023\/02\/Lanit-300x156.jpg 300w, https:\/\/blog.edu.turku.fi\/kerttulinlukio\/files\/2023\/02\/Lanit.jpg 1024w\" sizes=\"auto, (max-width: 300px) 85vw, 300px\" \/><\/p>\n<p>Maanantaina 19.12. oli vuorossa lyhytelokuvap\u00e4iv\u00e4, jossa kaikki ryhm\u00e4t p\u00e4\u00e4siv\u00e4t vuorollaan monitoimisaliin katsomaan nelj\u00e4 lyhytelokuvaa sek\u00e4 keskustelemaan niist\u00e4 ja \u00e4\u00e4nest\u00e4m\u00e4\u00e4n parhaasta. <a href=\"https:\/\/lyhytelokuvapaiva.fi\/jarjesta\/pop-up-paketit\/ihmefilmi\/\">https:\/\/lyhytelokuvapaiva.fi\/jarjesta\/pop-up-paketit\/ihmefilmi\/<\/a><\/p>\n<p><img loading=\"lazy\" decoding=\"async\" class=\"alignnone size-medium wp-image-2883\" src=\"https:\/\/blog.edu.turku.fi\/kerttulinlukio\/files\/2022\/12\/Screenshot-2022-12-18-at-20-25-53-Helsinki-International-Film-Festival-RA-SHORTS-\u2013-YLEISON-SUOSIKIT-300x141.png\" alt=\"\" width=\"300\" height=\"141\" \/><\/p>\n<p>Tiistaina 20.12. vietettiin opiskelijakunnan innoittamana jouluista pukeutumisp\u00e4iv\u00e4\u00e4.<\/p>\n<p>Keskiviikkona 21.12. pidimme digitt\u00f6m\u00e4n koulup\u00e4iv\u00e4n, vieraanamme oli muun muassa Muhku-koira, kyn\u00e4\u00e4kin taidettiin tarvita tavallista enemm\u00e4n ja lopuksi saimme nauttia opiskelijakunnan jouluisesta ohjelmasta monitoimisalissa ennen joululomille l\u00e4ht\u00f6\u00e4.<\/p>\n<p><img loading=\"lazy\" decoding=\"async\" class=\"alignnone size-medium wp-image-2882\" src=\"https:\/\/blog.edu.turku.fi\/kerttulinlukio\/files\/2022\/12\/Digivapaapaiva_21jouluk2022-212x300.png\" alt=\"\" width=\"212\" height=\"300\" srcset=\"https:\/\/blog.edu.turku.fi\/kerttulinlukio\/files\/2022\/12\/Digivapaapaiva_21jouluk2022-212x300.png 212w, https:\/\/blog.edu.turku.fi\/kerttulinlukio\/files\/2022\/12\/Digivapaapaiva_21jouluk2022.png 707w\" sizes=\"auto, (max-width: 212px) 85vw, 212px\" \/><img loading=\"lazy\" decoding=\"async\" class=\"alignnone size-medium wp-image-3020\" src=\"https:\/\/blog.edu.turku.fi\/kerttulinlukio\/files\/2023\/02\/digivapaa-300x209.jpg\" alt=\"\" width=\"300\" height=\"209\" srcset=\"https:\/\/blog.edu.turku.fi\/kerttulinlukio\/files\/2023\/02\/digivapaa-300x209.jpg 300w, https:\/\/blog.edu.turku.fi\/kerttulinlukio\/files\/2023\/02\/digivapaa.jpg 1000w\" sizes=\"auto, (max-width: 300px) 85vw, 300px\" \/><\/p>\n","protected":false},"excerpt":{"rendered":"<p>Joulukuussa ryhm\u00e4 p\u00e4\u00e4si vierailemaan biokemian laitoksella. Lauantaina 3.12. vietettiin Kerttulin lukion lakkiaisia ja itsen\u00e4isyysjuhlaa Turun tuomiokirkossa. Saimme nauttia upeista musiikki ja lausuntaesityksist\u00e4, lehtori Minna Moisanen piti puheen, uuden ylioppilaan puheesta vastasi Eeli Heikkil\u00e4. Kerttulin lukion joukkue voitti perjantaina 16.12. pelatussa lukioiden v\u00e4lisess\u00e4 sekakoristurnauksessa kultaa. Onnea koko joukkueelle! Perjantaina 16.12. k\u00e4ytiin joulukirkossa ja vaihtoehtotilaisuus pidettiin koululla. &hellip; <a href=\"https:\/\/blog.edu.turku.fi\/kerttulinlukio\/joulukuu-2022\/\" class=\"more-link\">Jatka lukemista<span class=\"screen-reader-text\"> &#8221;Joulukuu 2022&#8221;<\/span><\/a><\/p>\n","protected":false},"author":3187,"featured_media":0,"parent":0,"menu_order":0,"comment_status":"closed","ping_status":"closed","template":"","meta":{"footnotes":""},"class_list":["post-3011","page","type-page","status-publish","hentry"],"_links":{"self":[{"href":"https:\/\/blog.edu.turku.fi\/kerttulinlukio\/wp-json\/wp\/v2\/pages\/3011","targetHints":{"allow":["GET"]}}],"collection":[{"href":"https:\/\/blog.edu.turku.fi\/kerttulinlukio\/wp-json\/wp\/v2\/pages"}],"about":[{"href":"https:\/\/blog.edu.turku.fi\/kerttulinlukio\/wp-json\/wp\/v2\/types\/page"}],"author":[{"embeddable":true,"href":"https:\/\/blog.edu.turku.fi\/kerttulinlukio\/wp-json\/wp\/v2\/users\/3187"}],"replies":[{"embeddable":true,"href":"https:\/\/blog.edu.turku.fi\/kerttulinlukio\/wp-json\/wp\/v2\/comments?post=3011"}],"version-history":[{"count":1,"href":"https:\/\/blog.edu.turku.fi\/kerttulinlukio\/wp-json\/wp\/v2\/pages\/3011\/revisions"}],"predecessor-version":[{"id":3021,"href":"https:\/\/blog.edu.turku.fi\/kerttulinlukio\/wp-json\/wp\/v2\/pages\/3011\/revisions\/3021"}],"wp:attachment":[{"href":"https:\/\/blog.edu.turku.fi\/kerttulinlukio\/wp-json\/wp\/v2\/media?parent=3011"}],"curies":[{"name":"wp","href":"https:\/\/api.w.org\/{rel}","templated":true}]}}