{"id":2893,"date":"2023-01-08T15:04:15","date_gmt":"2023-01-08T13:04:15","guid":{"rendered":"https:\/\/blog.edu.turku.fi\/kerttulinlukio\/?page_id=2893"},"modified":"2023-01-08T15:04:15","modified_gmt":"2023-01-08T13:04:15","slug":"marraskuu-2022","status":"publish","type":"page","link":"https:\/\/blog.edu.turku.fi\/kerttulinlukio\/marraskuu-2022\/","title":{"rendered":"Marraskuu 2022"},"content":{"rendered":"<p><span style=\"font-weight: 400\">Marraskuussa Kerttulin lukiosta osallistuttiin Nelj\u00e4n tieteen kisoihin sek\u00e4 s\u00e4b\u00e4kisoihin. Menestyst\u00e4 ja kokemusta kerttulilaisille tuli kaikista kisoista!\u00a0<\/span><\/p>\n<p><img loading=\"lazy\" decoding=\"async\" class=\"alignnone size-medium wp-image-2911\" src=\"https:\/\/blog.edu.turku.fi\/kerttulinlukio\/files\/2023\/01\/IMG_0640-300x225.jpg\" alt=\"\" width=\"300\" height=\"225\" srcset=\"https:\/\/blog.edu.turku.fi\/kerttulinlukio\/files\/2023\/01\/IMG_0640-300x225.jpg 300w, https:\/\/blog.edu.turku.fi\/kerttulinlukio\/files\/2023\/01\/IMG_0640.jpg 1000w\" sizes=\"auto, (max-width: 300px) 85vw, 300px\" \/> <img loading=\"lazy\" decoding=\"async\" class=\"alignnone size-medium wp-image-2912\" src=\"https:\/\/blog.edu.turku.fi\/kerttulinlukio\/files\/2023\/01\/IMG_0632-300x225.jpg\" alt=\"\" width=\"300\" height=\"225\" srcset=\"https:\/\/blog.edu.turku.fi\/kerttulinlukio\/files\/2023\/01\/IMG_0632-300x225.jpg 300w, https:\/\/blog.edu.turku.fi\/kerttulinlukio\/files\/2023\/01\/IMG_0632.jpg 1000w\" sizes=\"auto, (max-width: 300px) 85vw, 300px\" \/><\/p>\n<p><span style=\"font-weight: 400\">3.11. oli 2. vuosikurssin opiskelijoilla opinnot puolimatkassa. T\u00e4t\u00e4 juhlistettiin RO-tuokiossa puoliv\u00e4lipullilla.<\/span><\/p>\n<p><img loading=\"lazy\" decoding=\"async\" class=\"alignnone size-medium wp-image-2914\" src=\"https:\/\/blog.edu.turku.fi\/kerttulinlukio\/files\/2023\/01\/DSC_2885-1-300x169.jpg\" alt=\"\" width=\"300\" height=\"169\" srcset=\"https:\/\/blog.edu.turku.fi\/kerttulinlukio\/files\/2023\/01\/DSC_2885-1-300x169.jpg 300w, https:\/\/blog.edu.turku.fi\/kerttulinlukio\/files\/2023\/01\/DSC_2885-1.jpg 1000w\" sizes=\"auto, (max-width: 300px) 85vw, 300px\" \/> <img loading=\"lazy\" decoding=\"async\" class=\"alignnone size-medium wp-image-2915\" src=\"https:\/\/blog.edu.turku.fi\/kerttulinlukio\/files\/2023\/01\/DSC_2890-300x169.jpg\" alt=\"\" width=\"300\" height=\"169\" srcset=\"https:\/\/blog.edu.turku.fi\/kerttulinlukio\/files\/2023\/01\/DSC_2890-300x169.jpg 300w, https:\/\/blog.edu.turku.fi\/kerttulinlukio\/files\/2023\/01\/DSC_2890.jpg 1000w\" sizes=\"auto, (max-width: 300px) 85vw, 300px\" \/><\/p>\n<p><span style=\"font-weight: 400\">Lis\u00e4ksi 3.11. saimme vieraaksemme urheilutoimittaja ja tietokirjailija Kaj Kunnaksen. H\u00e4n keskusteli mm. opiskelijoiden kanssa kielten<\/span><span style=\"font-weight: 400\"> opiskelun merkityksest\u00e4. <\/span><\/p>\n<p><img loading=\"lazy\" decoding=\"async\" class=\"alignnone size-medium wp-image-2916\" src=\"https:\/\/blog.edu.turku.fi\/kerttulinlukio\/files\/2023\/01\/Kunnas-300x265.jpg\" alt=\"\" width=\"300\" height=\"265\" srcset=\"https:\/\/blog.edu.turku.fi\/kerttulinlukio\/files\/2023\/01\/Kunnas-300x265.jpg 300w, https:\/\/blog.edu.turku.fi\/kerttulinlukio\/files\/2023\/01\/Kunnas.jpg 757w\" sizes=\"auto, (max-width: 300px) 85vw, 300px\" \/><\/p>\n<p><span style=\"font-weight: 400\">8.11. Kerttulin lukiossa oli avoimet ovet Kerttuli tutuksi -teemalla. Paikalle saapui talon t\u00e4ydelt\u00e4 kiinnostuneita tulevia lukiolaisia ja heid\u00e4n huoltajiaan.<\/span><\/p>\n<p><img loading=\"lazy\" decoding=\"async\" class=\"alignnone size-medium wp-image-2898\" src=\"https:\/\/blog.edu.turku.fi\/kerttulinlukio\/files\/2023\/01\/Kerttuli-tutuksi-225x300.jpg\" alt=\"\" width=\"225\" height=\"300\" srcset=\"https:\/\/blog.edu.turku.fi\/kerttulinlukio\/files\/2023\/01\/Kerttuli-tutuksi-225x300.jpg 225w, https:\/\/blog.edu.turku.fi\/kerttulinlukio\/files\/2023\/01\/Kerttuli-tutuksi.jpg 750w\" sizes=\"auto, (max-width: 225px) 85vw, 225px\" \/>\u00a0 <img loading=\"lazy\" decoding=\"async\" class=\"alignnone size-medium wp-image-2895\" src=\"https:\/\/blog.edu.turku.fi\/kerttulinlukio\/files\/2023\/01\/Kerttuli-tutuksi-kemia-1-225x300.jpg\" alt=\"\" width=\"225\" height=\"300\" srcset=\"https:\/\/blog.edu.turku.fi\/kerttulinlukio\/files\/2023\/01\/Kerttuli-tutuksi-kemia-1-225x300.jpg 225w, https:\/\/blog.edu.turku.fi\/kerttulinlukio\/files\/2023\/01\/Kerttuli-tutuksi-kemia-1.jpg 750w\" sizes=\"auto, (max-width: 225px) 85vw, 225px\" \/>\u00a0 <img loading=\"lazy\" decoding=\"async\" class=\"alignnone size-medium wp-image-2896\" src=\"https:\/\/blog.edu.turku.fi\/kerttulinlukio\/files\/2023\/01\/Kerttuli-tutuksi-kemia-2-225x300.jpg\" alt=\"\" width=\"225\" height=\"300\" srcset=\"https:\/\/blog.edu.turku.fi\/kerttulinlukio\/files\/2023\/01\/Kerttuli-tutuksi-kemia-2-225x300.jpg 225w, https:\/\/blog.edu.turku.fi\/kerttulinlukio\/files\/2023\/01\/Kerttuli-tutuksi-kemia-2.jpg 750w\" sizes=\"auto, (max-width: 225px) 85vw, 225px\" \/><img loading=\"lazy\" decoding=\"async\" class=\"alignnone size-medium wp-image-2899\" src=\"https:\/\/blog.edu.turku.fi\/kerttulinlukio\/files\/2023\/01\/Kerttuli-tutuksi-biologia-1-225x300.jpg\" alt=\"\" width=\"225\" height=\"300\" srcset=\"https:\/\/blog.edu.turku.fi\/kerttulinlukio\/files\/2023\/01\/Kerttuli-tutuksi-biologia-1-225x300.jpg 225w, https:\/\/blog.edu.turku.fi\/kerttulinlukio\/files\/2023\/01\/Kerttuli-tutuksi-biologia-1.jpg 750w\" sizes=\"auto, (max-width: 225px) 85vw, 225px\" \/>\u00a0 <img loading=\"lazy\" decoding=\"async\" class=\"alignnone size-medium wp-image-2900\" src=\"https:\/\/blog.edu.turku.fi\/kerttulinlukio\/files\/2023\/01\/Kerttuli-tutuksi-filosofia-225x300.jpg\" alt=\"\" width=\"225\" height=\"300\" srcset=\"https:\/\/blog.edu.turku.fi\/kerttulinlukio\/files\/2023\/01\/Kerttuli-tutuksi-filosofia-225x300.jpg 225w, https:\/\/blog.edu.turku.fi\/kerttulinlukio\/files\/2023\/01\/Kerttuli-tutuksi-filosofia.jpg 750w\" sizes=\"auto, (max-width: 225px) 85vw, 225px\" \/> \u00a0<img loading=\"lazy\" decoding=\"async\" class=\"alignnone size-medium wp-image-2897\" src=\"https:\/\/blog.edu.turku.fi\/kerttulinlukio\/files\/2023\/01\/Kerttuli-tutuksi-uskonto-225x300.jpg\" alt=\"\" width=\"225\" height=\"300\" srcset=\"https:\/\/blog.edu.turku.fi\/kerttulinlukio\/files\/2023\/01\/Kerttuli-tutuksi-uskonto-225x300.jpg 225w, https:\/\/blog.edu.turku.fi\/kerttulinlukio\/files\/2023\/01\/Kerttuli-tutuksi-uskonto.jpg 480w\" sizes=\"auto, (max-width: 225px) 85vw, 225px\" \/><\/p>\n<p><span style=\"font-weight: 400\">Lauantaina 12.11. bussillinen innokkaita opiskelijoita l\u00e4hti Helsinkiin Maunulan yhteiskoulussa pidett\u00e4ville Harppi-festareille. P\u00e4iv\u00e4n parasta antia olivat hyv\u00e4t luennot, ty\u00f6pajat, pelit ja ennen kaikkea hyv\u00e4 ruoka ja seura.<\/span><\/p>\n<p><img loading=\"lazy\" decoding=\"async\" class=\"alignnone size-medium wp-image-2907\" src=\"https:\/\/blog.edu.turku.fi\/kerttulinlukio\/files\/2023\/01\/Harppi-4-300x225.jpg\" alt=\"\" width=\"300\" height=\"225\" srcset=\"https:\/\/blog.edu.turku.fi\/kerttulinlukio\/files\/2023\/01\/Harppi-4-300x225.jpg 300w, https:\/\/blog.edu.turku.fi\/kerttulinlukio\/files\/2023\/01\/Harppi-4.jpg 640w\" sizes=\"auto, (max-width: 300px) 85vw, 300px\" \/> <img loading=\"lazy\" decoding=\"async\" class=\"alignnone size-medium wp-image-2903\" src=\"https:\/\/blog.edu.turku.fi\/kerttulinlukio\/files\/2023\/01\/Harppi-5-300x225.jpg\" alt=\"\" width=\"300\" height=\"225\" \/><\/p>\n<p><img loading=\"lazy\" decoding=\"async\" class=\"alignnone size-medium wp-image-2904\" src=\"https:\/\/blog.edu.turku.fi\/kerttulinlukio\/files\/2023\/01\/Harppi-1-225x300.jpg\" alt=\"\" width=\"225\" height=\"300\" \/> <img loading=\"lazy\" decoding=\"async\" class=\"alignnone size-medium wp-image-2905\" src=\"https:\/\/blog.edu.turku.fi\/kerttulinlukio\/files\/2023\/01\/Harppi-2-225x300.jpg\" alt=\"\" width=\"225\" height=\"300\" srcset=\"https:\/\/blog.edu.turku.fi\/kerttulinlukio\/files\/2023\/01\/Harppi-2-225x300.jpg 225w, https:\/\/blog.edu.turku.fi\/kerttulinlukio\/files\/2023\/01\/Harppi-2.jpg 481w\" sizes=\"auto, (max-width: 225px) 85vw, 225px\" \/><\/p>\n<p><img loading=\"lazy\" decoding=\"async\" class=\"size-medium wp-image-2909 alignright\" src=\"https:\/\/blog.edu.turku.fi\/kerttulinlukio\/files\/2023\/01\/Sofia-Virta-300x225.jpg\" alt=\"\" width=\"300\" height=\"225\" srcset=\"https:\/\/blog.edu.turku.fi\/kerttulinlukio\/files\/2023\/01\/Sofia-Virta-300x225.jpg 300w, https:\/\/blog.edu.turku.fi\/kerttulinlukio\/files\/2023\/01\/Sofia-Virta.jpg 1000w\" sizes=\"auto, (max-width: 300px) 85vw, 300px\" \/><\/p>\n<p>Vihreiden kansanedustaja Sofia Virta k\u00e4vi 14.11. puhumassa lukiolaisille yhteiskunnallisesta vaikuttamisesta.<\/p>\n<p>&nbsp;<\/p>\n<p>&nbsp;<\/p>\n<p>&nbsp;<\/p>\n<p><span style=\"font-weight: 400\"><img loading=\"lazy\" decoding=\"async\" class=\"size-medium wp-image-2834 alignleft\" src=\"https:\/\/blog.edu.turku.fi\/kerttulinlukio\/files\/2022\/11\/Suomen-filosofian-olympiavalmennusmaajoukkue-225x300.jpg\" alt=\"\" width=\"225\" height=\"300\" srcset=\"https:\/\/blog.edu.turku.fi\/kerttulinlukio\/files\/2022\/11\/Suomen-filosofian-olympiavalmennusmaajoukkue-225x300.jpg 225w, https:\/\/blog.edu.turku.fi\/kerttulinlukio\/files\/2022\/11\/Suomen-filosofian-olympiavalmennusmaajoukkue.jpg 750w\" sizes=\"auto, (max-width: 225px) 85vw, 225px\" \/><\/span><\/p>\n<p><span style=\"font-weight: 400\">Liia Matikainen ja Hiski Valkeinen Kerttulista valittiin Suomen filosofian olympiamaajoukkueeseen. Onnea Liialle ja Hiskille!<\/span><\/p>\n","protected":false},"excerpt":{"rendered":"<p>Marraskuussa Kerttulin lukiosta osallistuttiin Nelj\u00e4n tieteen kisoihin sek\u00e4 s\u00e4b\u00e4kisoihin. Menestyst\u00e4 ja kokemusta kerttulilaisille tuli kaikista kisoista!\u00a0 3.11. oli 2. vuosikurssin opiskelijoilla opinnot puolimatkassa. T\u00e4t\u00e4 juhlistettiin RO-tuokiossa puoliv\u00e4lipullilla. Lis\u00e4ksi 3.11. saimme vieraaksemme urheilutoimittaja ja tietokirjailija Kaj Kunnaksen. H\u00e4n keskusteli mm. opiskelijoiden kanssa kielten opiskelun merkityksest\u00e4. 8.11. Kerttulin lukiossa oli avoimet ovet Kerttuli tutuksi -teemalla. Paikalle saapui &hellip; <a href=\"https:\/\/blog.edu.turku.fi\/kerttulinlukio\/marraskuu-2022\/\" class=\"more-link\">Jatka lukemista<span class=\"screen-reader-text\"> &#8221;Marraskuu 2022&#8221;<\/span><\/a><\/p>\n","protected":false},"author":3272,"featured_media":0,"parent":0,"menu_order":0,"comment_status":"closed","ping_status":"closed","template":"","meta":{"footnotes":""},"class_list":["post-2893","page","type-page","status-publish","hentry"],"_links":{"self":[{"href":"https:\/\/blog.edu.turku.fi\/kerttulinlukio\/wp-json\/wp\/v2\/pages\/2893","targetHints":{"allow":["GET"]}}],"collection":[{"href":"https:\/\/blog.edu.turku.fi\/kerttulinlukio\/wp-json\/wp\/v2\/pages"}],"about":[{"href":"https:\/\/blog.edu.turku.fi\/kerttulinlukio\/wp-json\/wp\/v2\/types\/page"}],"author":[{"embeddable":true,"href":"https:\/\/blog.edu.turku.fi\/kerttulinlukio\/wp-json\/wp\/v2\/users\/3272"}],"replies":[{"embeddable":true,"href":"https:\/\/blog.edu.turku.fi\/kerttulinlukio\/wp-json\/wp\/v2\/comments?post=2893"}],"version-history":[{"count":12,"href":"https:\/\/blog.edu.turku.fi\/kerttulinlukio\/wp-json\/wp\/v2\/pages\/2893\/revisions"}],"predecessor-version":[{"id":2927,"href":"https:\/\/blog.edu.turku.fi\/kerttulinlukio\/wp-json\/wp\/v2\/pages\/2893\/revisions\/2927"}],"wp:attachment":[{"href":"https:\/\/blog.edu.turku.fi\/kerttulinlukio\/wp-json\/wp\/v2\/media?parent=2893"}],"curies":[{"name":"wp","href":"https:\/\/api.w.org\/{rel}","templated":true}]}}