{"id":2780,"date":"2022-10-23T19:09:26","date_gmt":"2022-10-23T16:09:26","guid":{"rendered":"https:\/\/blog.edu.turku.fi\/kerttulinlukio\/?page_id=2780"},"modified":"2022-10-23T19:09:26","modified_gmt":"2022-10-23T16:09:26","slug":"lokakuu-2022","status":"publish","type":"page","link":"https:\/\/blog.edu.turku.fi\/kerttulinlukio\/lokakuu-2022\/","title":{"rendered":"Lokakuu 2022"},"content":{"rendered":"<p>Lokakuun alussa olivat syksyn ylioppilaskirjoitukset ja lukuvuoden ensimm\u00e4inen koeviikko j\u00e4\u00e4neet taakse.<\/p>\n<p>Koulumme kansainv\u00e4lisyysprojekti veronalaisen yst\u00e4vyyskoulumme kanssa jatkui 11 vuoden tauon j\u00e4lkeen, kun meilt\u00e4 l\u00e4hti 23 opiskelijan ryhm\u00e4 kahden opettajan, Mirkka Maisilan ja Raita Aution kanssa viikon vierailulle Liceo Scipione Maffei-lukioon. Matka onnistui hienosti ja opiskelijat pitiv\u00e4t blogia matkan aikana.Italialaisten vastavierailu Turkuun on luvassa huhtikuussa.<\/p>\n<p><a href=\"https:\/\/sites.google.com\/edu.turku.fi\/verona-turku\/etusivu\">https:\/\/sites.google.com\/edu.turku.fi\/verona-turku\/etusivu<\/a><\/p>\n<p><img loading=\"lazy\" decoding=\"async\" class=\"alignnone size-medium wp-image-2740\" src=\"https:\/\/blog.edu.turku.fi\/kerttulinlukio\/files\/2022\/10\/IMG_6635-300x225.jpg\" alt=\"\" width=\"300\" height=\"225\" srcset=\"https:\/\/blog.edu.turku.fi\/kerttulinlukio\/files\/2022\/10\/IMG_6635-300x225.jpg 300w, https:\/\/blog.edu.turku.fi\/kerttulinlukio\/files\/2022\/10\/IMG_6635.jpg 320w\" sizes=\"auto, (max-width: 300px) 85vw, 300px\" \/><img loading=\"lazy\" decoding=\"async\" class=\"alignnone size-medium wp-image-2741\" src=\"https:\/\/blog.edu.turku.fi\/kerttulinlukio\/files\/2022\/10\/IMG_6686-300x225.jpg\" alt=\"\" width=\"300\" height=\"225\" srcset=\"https:\/\/blog.edu.turku.fi\/kerttulinlukio\/files\/2022\/10\/IMG_6686-300x225.jpg 300w, https:\/\/blog.edu.turku.fi\/kerttulinlukio\/files\/2022\/10\/IMG_6686.jpg 320w\" sizes=\"auto, (max-width: 300px) 85vw, 300px\" \/><\/p>\n<p>Koulun pihaa ja n\u00e4kym\u00e4 Veronan kaupunkiin.<\/p>\n<p>Ryhm\u00e4 retkeili Venetsiassa ja Sirmionessa Garda-j\u00e4rven etel\u00e4osassa.<img loading=\"lazy\" decoding=\"async\" class=\"alignnone size-medium wp-image-2738\" src=\"https:\/\/blog.edu.turku.fi\/kerttulinlukio\/files\/2022\/10\/IMG_6750-300x225.jpg\" alt=\"\" width=\"300\" height=\"225\" srcset=\"https:\/\/blog.edu.turku.fi\/kerttulinlukio\/files\/2022\/10\/IMG_6750-300x225.jpg 300w, https:\/\/blog.edu.turku.fi\/kerttulinlukio\/files\/2022\/10\/IMG_6750.jpg 320w\" sizes=\"auto, (max-width: 300px) 85vw, 300px\" \/><img loading=\"lazy\" decoding=\"async\" class=\"alignnone size-medium wp-image-2781\" src=\"https:\/\/blog.edu.turku.fi\/kerttulinlukio\/files\/2022\/10\/Sirmione-300x200.jpg\" alt=\"\" width=\"300\" height=\"200\" \/><\/p>\n<p>Lokakuussa tarjottiin l\u00e4hialueiden yl\u00e4koulujen opinto-ohjaajille aamukahvit ja pidettiin ensimm\u00e4isen vuoden opiskelijoiden huoltajailta.<\/p>\n<p>Lokakuussa vietettiin my\u00f6s viikon ansaittu syysloma viikolla 42.<\/p>\n","protected":false},"excerpt":{"rendered":"<p>Lokakuun alussa olivat syksyn ylioppilaskirjoitukset ja lukuvuoden ensimm\u00e4inen koeviikko j\u00e4\u00e4neet taakse. Koulumme kansainv\u00e4lisyysprojekti veronalaisen yst\u00e4vyyskoulumme kanssa jatkui 11 vuoden tauon j\u00e4lkeen, kun meilt\u00e4 l\u00e4hti 23 opiskelijan ryhm\u00e4 kahden opettajan, Mirkka Maisilan ja Raita Aution kanssa viikon vierailulle Liceo Scipione Maffei-lukioon. Matka onnistui hienosti ja opiskelijat pitiv\u00e4t blogia matkan aikana.Italialaisten vastavierailu Turkuun on luvassa huhtikuussa. https:\/\/sites.google.com\/edu.turku.fi\/verona-turku\/etusivu &hellip; <a href=\"https:\/\/blog.edu.turku.fi\/kerttulinlukio\/lokakuu-2022\/\" class=\"more-link\">Jatka lukemista<span class=\"screen-reader-text\"> &#8221;Lokakuu 2022&#8221;<\/span><\/a><\/p>\n","protected":false},"author":3187,"featured_media":0,"parent":0,"menu_order":0,"comment_status":"closed","ping_status":"closed","template":"","meta":{"footnotes":""},"class_list":["post-2780","page","type-page","status-publish","hentry"],"_links":{"self":[{"href":"https:\/\/blog.edu.turku.fi\/kerttulinlukio\/wp-json\/wp\/v2\/pages\/2780","targetHints":{"allow":["GET"]}}],"collection":[{"href":"https:\/\/blog.edu.turku.fi\/kerttulinlukio\/wp-json\/wp\/v2\/pages"}],"about":[{"href":"https:\/\/blog.edu.turku.fi\/kerttulinlukio\/wp-json\/wp\/v2\/types\/page"}],"author":[{"embeddable":true,"href":"https:\/\/blog.edu.turku.fi\/kerttulinlukio\/wp-json\/wp\/v2\/users\/3187"}],"replies":[{"embeddable":true,"href":"https:\/\/blog.edu.turku.fi\/kerttulinlukio\/wp-json\/wp\/v2\/comments?post=2780"}],"version-history":[{"count":1,"href":"https:\/\/blog.edu.turku.fi\/kerttulinlukio\/wp-json\/wp\/v2\/pages\/2780\/revisions"}],"predecessor-version":[{"id":2782,"href":"https:\/\/blog.edu.turku.fi\/kerttulinlukio\/wp-json\/wp\/v2\/pages\/2780\/revisions\/2782"}],"wp:attachment":[{"href":"https:\/\/blog.edu.turku.fi\/kerttulinlukio\/wp-json\/wp\/v2\/media?parent=2780"}],"curies":[{"name":"wp","href":"https:\/\/api.w.org\/{rel}","templated":true}]}}