{"id":2768,"date":"2022-10-23T18:32:33","date_gmt":"2022-10-23T15:32:33","guid":{"rendered":"https:\/\/blog.edu.turku.fi\/kerttulinlukio\/?page_id=2768"},"modified":"2022-10-23T18:39:01","modified_gmt":"2022-10-23T15:39:01","slug":"elokuu-3","status":"publish","type":"page","link":"https:\/\/blog.edu.turku.fi\/kerttulinlukio\/elokuu-3\/","title":{"rendered":"Elokuu 2022"},"content":{"rendered":"<p>Lukuvuosi alkoi helteisess\u00e4 s\u00e4\u00e4ss\u00e4 keskiviikkona 10.8. Torstaina oli urheilijoilla lajitapaamisia ja varsinainen kouluty\u00f6 alkoi silloin. Toisella kouluviikolla oli koulukuvaus ja Kerttulin uudet ykk\u00f6set tutustuivat koulun ymp\u00e4rist\u00f6\u00f6n ja toisiinsa Kerttulimazing -racessa.<\/p>\n<p><img loading=\"lazy\" decoding=\"async\" class=\"alignnone size-medium wp-image-2769\" src=\"https:\/\/blog.edu.turku.fi\/kerttulinlukio\/files\/2022\/10\/Kerttuliamazing-300x225.jpg\" alt=\"\" width=\"300\" height=\"225\" srcset=\"https:\/\/blog.edu.turku.fi\/kerttulinlukio\/files\/2022\/10\/Kerttuliamazing-300x225.jpg 300w, https:\/\/blog.edu.turku.fi\/kerttulinlukio\/files\/2022\/10\/Kerttuliamazing.jpg 1000w\" sizes=\"auto, (max-width: 300px) 85vw, 300px\" \/> <img loading=\"lazy\" decoding=\"async\" class=\"alignnone size-medium wp-image-2770\" src=\"https:\/\/blog.edu.turku.fi\/kerttulinlukio\/files\/2022\/10\/Kerttuliamazing2-300x225.jpg\" alt=\"\" width=\"300\" height=\"225\" \/> <img loading=\"lazy\" decoding=\"async\" class=\"alignnone size-medium wp-image-2771\" src=\"https:\/\/blog.edu.turku.fi\/kerttulinlukio\/files\/2022\/10\/Kerttuliamazing3-300x225.jpg\" alt=\"\" width=\"300\" height=\"225\" \/> <img loading=\"lazy\" decoding=\"async\" class=\"alignnone size-medium wp-image-2772\" src=\"https:\/\/blog.edu.turku.fi\/kerttulinlukio\/files\/2022\/10\/Kerttuliamazing4-225x300.jpg\" alt=\"\" width=\"225\" height=\"300\" \/><\/p>\n<p>Koulullemme tuli vierailemaan\u00a0 kansanedustaja Ville Valkonen ja Lukiolaisten liitto esitt\u00e4ytyi. My\u00f6s koulumme opiskelijahuoltohenkil\u00f6t esitteliv\u00e4t itsens\u00e4 uusille lukiolaisille.<\/p>\n<p><img loading=\"lazy\" decoding=\"async\" class=\"alignnone size-medium wp-image-2603\" src=\"https:\/\/blog.edu.turku.fi\/kerttulinlukio\/files\/2022\/08\/PHOTO-2022-08-19-15-32-24-300x271.jpg\" alt=\"\" width=\"300\" height=\"271\" srcset=\"https:\/\/blog.edu.turku.fi\/kerttulinlukio\/files\/2022\/08\/PHOTO-2022-08-19-15-32-24-300x271.jpg 300w, https:\/\/blog.edu.turku.fi\/kerttulinlukio\/files\/2022\/08\/PHOTO-2022-08-19-15-32-24.jpg 1000w\" sizes=\"auto, (max-width: 300px) 85vw, 300px\" \/><\/p>\n<p>Matikkapaja ja \u00e4idinkielen treenit py\u00f6r\u00e4htiv\u00e4t j\u00e4lleen k\u00e4yntiin ja syksyn ylioppilaskirjoituksiin osallistuvat opiskelivat ahkerasti viimeisill\u00e4 kursseillaan ja valmistautuivat prelimin\u00e4\u00e4reihin.<\/p>\n<p>Uutta oli Kerttulin lukion ja Turun yliopiston teknillisen tiedekunnan yhteinen koodauskerho.<\/p>\n<p>V\u00e4lituntisin pelattiin pingist\u00e4 ja n\u00e4htiinp\u00e4 rehtorinkin osallistuvan otteluihin.<\/p>\n<p><img loading=\"lazy\" decoding=\"async\" class=\"alignnone size-medium wp-image-2773\" src=\"https:\/\/blog.edu.turku.fi\/kerttulinlukio\/files\/2022\/10\/thumbnail_PHOTO-2022-08-31-11-30-04-300x225.jpg\" alt=\"\" width=\"300\" height=\"225\" \/>Viralliset valvojat ja kiivas matsi.<\/p>\n<p>P\u00e4\u00e4simme my\u00f6s koulumme entisen opiskelijan seiv\u00e4shypp\u00e4\u00e4j\u00e4 Wilma Murron Euroopan mestaruuden ansiosta Helsingin sanomiin.<\/p>\n<p><a href=\"https:\/\/www.hs.fi\/kotimaa\/turku\/art-2000009011775.html\">https:\/\/www.hs.fi\/kotimaa\/turku\/art-2000009011775.html<\/a><\/p>\n","protected":false},"excerpt":{"rendered":"<p>Lukuvuosi alkoi helteisess\u00e4 s\u00e4\u00e4ss\u00e4 keskiviikkona 10.8. Torstaina oli urheilijoilla lajitapaamisia ja varsinainen kouluty\u00f6 alkoi silloin. Toisella kouluviikolla oli koulukuvaus ja Kerttulin uudet ykk\u00f6set tutustuivat koulun ymp\u00e4rist\u00f6\u00f6n ja toisiinsa Kerttulimazing -racessa. Koulullemme tuli vierailemaan\u00a0 kansanedustaja Ville Valkonen ja Lukiolaisten liitto esitt\u00e4ytyi. My\u00f6s koulumme opiskelijahuoltohenkil\u00f6t esitteliv\u00e4t itsens\u00e4 uusille lukiolaisille. Matikkapaja ja \u00e4idinkielen treenit py\u00f6r\u00e4htiv\u00e4t j\u00e4lleen k\u00e4yntiin ja &hellip; <a href=\"https:\/\/blog.edu.turku.fi\/kerttulinlukio\/elokuu-3\/\" class=\"more-link\">Jatka lukemista<span class=\"screen-reader-text\"> &#8221;Elokuu 2022&#8221;<\/span><\/a><\/p>\n","protected":false},"author":3187,"featured_media":0,"parent":0,"menu_order":0,"comment_status":"closed","ping_status":"closed","template":"","meta":{"footnotes":""},"class_list":["post-2768","page","type-page","status-publish","hentry"],"_links":{"self":[{"href":"https:\/\/blog.edu.turku.fi\/kerttulinlukio\/wp-json\/wp\/v2\/pages\/2768","targetHints":{"allow":["GET"]}}],"collection":[{"href":"https:\/\/blog.edu.turku.fi\/kerttulinlukio\/wp-json\/wp\/v2\/pages"}],"about":[{"href":"https:\/\/blog.edu.turku.fi\/kerttulinlukio\/wp-json\/wp\/v2\/types\/page"}],"author":[{"embeddable":true,"href":"https:\/\/blog.edu.turku.fi\/kerttulinlukio\/wp-json\/wp\/v2\/users\/3187"}],"replies":[{"embeddable":true,"href":"https:\/\/blog.edu.turku.fi\/kerttulinlukio\/wp-json\/wp\/v2\/comments?post=2768"}],"version-history":[{"count":2,"href":"https:\/\/blog.edu.turku.fi\/kerttulinlukio\/wp-json\/wp\/v2\/pages\/2768\/revisions"}],"predecessor-version":[{"id":2778,"href":"https:\/\/blog.edu.turku.fi\/kerttulinlukio\/wp-json\/wp\/v2\/pages\/2768\/revisions\/2778"}],"wp:attachment":[{"href":"https:\/\/blog.edu.turku.fi\/kerttulinlukio\/wp-json\/wp\/v2\/media?parent=2768"}],"curies":[{"name":"wp","href":"https:\/\/api.w.org\/{rel}","templated":true}]}}