{"id":2720,"date":"2022-11-14T12:09:05","date_gmt":"2022-11-14T10:09:05","guid":{"rendered":"https:\/\/blog.edu.turku.fi\/kerttulinlukio\/?page_id=2720"},"modified":"2022-11-14T12:09:05","modified_gmt":"2022-11-14T10:09:05","slug":"syyskuu-2022","status":"publish","type":"page","link":"https:\/\/blog.edu.turku.fi\/kerttulinlukio\/syyskuu-2022\/","title":{"rendered":"Syyskuu 2022"},"content":{"rendered":"<p><strong>Abien TJ100<\/strong><\/p>\n<p>Abit juhlivat perjantaina 2.9.2022 TJ100-p\u00e4iv\u00e4\u00e4ns\u00e4 riehakkain menoin. K\u00e4yt\u00e4vill\u00e4 kulki toinen toistaan pelottavampia vankikarkureita, gangstereita ja karhukoplia. Ja tekiv\u00e4tp\u00e4 he monenmoista pient\u00e4 hauskaa ja osin arveluttavaakin j\u00e4yn\u00e4\u00e4.<\/p>\n<p><img loading=\"lazy\" decoding=\"async\" class=\"wp-image-2644 alignleft\" src=\"https:\/\/blog.edu.turku.fi\/kerttulinlukio\/files\/2022\/08\/02e8aae1-6a78-4709-8d18-69fe136d1376-300x225.jpg\" alt=\"\" width=\"237\" height=\"178\" srcset=\"https:\/\/blog.edu.turku.fi\/kerttulinlukio\/files\/2022\/08\/02e8aae1-6a78-4709-8d18-69fe136d1376-300x225.jpg 300w, https:\/\/blog.edu.turku.fi\/kerttulinlukio\/files\/2022\/08\/02e8aae1-6a78-4709-8d18-69fe136d1376.jpg 1000w\" sizes=\"auto, (max-width: 237px) 85vw, 237px\" \/><img loading=\"lazy\" decoding=\"async\" class=\"wp-image-2725 alignnone\" src=\"https:\/\/blog.edu.turku.fi\/kerttulinlukio\/files\/2022\/09\/IMG_4799-300x225.jpg\" alt=\"\" width=\"247\" height=\"185\" \/><img loading=\"lazy\" decoding=\"async\" class=\"wp-image-2722 alignleft\" src=\"https:\/\/blog.edu.turku.fi\/kerttulinlukio\/files\/2022\/09\/IMG_4805-rotated-225x300.jpg\" alt=\"\" width=\"134\" height=\"179\" \/><\/p>\n<p>Syyskuussa my\u00f6s ryhdist\u00e4ydyttiin pullojen ja t\u00f6lkkien kierr\u00e4tt\u00e4misess\u00e4 sek\u00e4 vietettiin h\u00e4vikkiviikkoa.<\/p>\n<p><strong>Vierailuilla k\u00e4ytiin ja vierailijoita vastaanotettiin.<\/strong><\/p>\n<p><img loading=\"lazy\" decoding=\"async\" class=\"size-medium wp-image-2724 aligncenter\" src=\"https:\/\/blog.edu.turku.fi\/kerttulinlukio\/files\/2022\/09\/20220923_104117-1-300x97.jpg\" alt=\"\" width=\"300\" height=\"97\" \/><\/p>\n<p>HI5-kurssilaiset vierailivat Turun linnassa ja TE1- ja TE2-kurssilaisilla oli vierailevia luennoitsijoita oppitunneilla. Terveydenhoitaja piti oppitunnin seksuaalisuudesta, seksuaalisesta h\u00e4irinn\u00e4st\u00e4 ja v\u00e4kivallasta.\u00a0 Lis\u00e4ksi TE2-opintojakson opiskelijat saivat vieraita TULE-keskuksesta. Opiskelijat tekiv\u00e4t ryhmiss\u00e4 postereita nuorten selk\u00e4-, niska- ja hartiakivuista sek\u00e4 univajeen merkityksest\u00e4 TULE-terveyteen. Fysioterapeutti Milka Reponen piti informatiivisen ja mielenkiintoisen oppitunnin.<\/p>\n<p><img loading=\"lazy\" decoding=\"async\" class=\"size-medium wp-image-2723 aligncenter\" src=\"https:\/\/blog.edu.turku.fi\/kerttulinlukio\/files\/2022\/09\/20220923_104042-1-300x170.jpg\" alt=\"\" width=\"300\" height=\"170\" \/><\/p>\n<p><strong>Muita tapahtumia<\/strong><\/p>\n<p>ICT-lukion opiskelijoista kaksi joukkuetta osallistui Cyber Battle of Nordic-Baltics 2022 virtuaaliselle bootcampille syyskuisena viikonloppuna. Tavoitteena oli p\u00e4\u00e4st\u00e4 kisailemaan &#8221;valkohattuhakkeroinnissa&#8221; muiden joukkueiden kanssa lokakuun lopulla Viron Tartossa.<\/p>\n<p>Syyskuussa opettajat j\u00e4rjestiv\u00e4t, valvoivat ja korjasivat syksyn yo-kokeet. Kokelaita oli enimmill\u00e4\u00e4n paikalla kahden salillisen ja kolmen luokan verran. Hyvin selvittiin taas t\u00e4st\u00e4kin urakasta.<\/p>\n<p>&nbsp;<\/p>\n<p>&nbsp;<\/p>\n<p>&nbsp;<\/p>\n","protected":false},"excerpt":{"rendered":"<p>Abien TJ100 Abit juhlivat perjantaina 2.9.2022 TJ100-p\u00e4iv\u00e4\u00e4ns\u00e4 riehakkain menoin. K\u00e4yt\u00e4vill\u00e4 kulki toinen toistaan pelottavampia vankikarkureita, gangstereita ja karhukoplia. Ja tekiv\u00e4tp\u00e4 he monenmoista pient\u00e4 hauskaa ja osin arveluttavaakin j\u00e4yn\u00e4\u00e4. Syyskuussa my\u00f6s ryhdist\u00e4ydyttiin pullojen ja t\u00f6lkkien kierr\u00e4tt\u00e4misess\u00e4 sek\u00e4 vietettiin h\u00e4vikkiviikkoa. Vierailuilla k\u00e4ytiin ja vierailijoita vastaanotettiin. HI5-kurssilaiset vierailivat Turun linnassa ja TE1- ja TE2-kurssilaisilla oli vierailevia luennoitsijoita oppitunneilla. &hellip; <a href=\"https:\/\/blog.edu.turku.fi\/kerttulinlukio\/syyskuu-2022\/\" class=\"more-link\">Jatka lukemista<span class=\"screen-reader-text\"> &#8221;Syyskuu 2022&#8221;<\/span><\/a><\/p>\n","protected":false},"author":3272,"featured_media":0,"parent":0,"menu_order":0,"comment_status":"closed","ping_status":"closed","template":"","meta":{"footnotes":""},"class_list":["post-2720","page","type-page","status-publish","hentry"],"_links":{"self":[{"href":"https:\/\/blog.edu.turku.fi\/kerttulinlukio\/wp-json\/wp\/v2\/pages\/2720","targetHints":{"allow":["GET"]}}],"collection":[{"href":"https:\/\/blog.edu.turku.fi\/kerttulinlukio\/wp-json\/wp\/v2\/pages"}],"about":[{"href":"https:\/\/blog.edu.turku.fi\/kerttulinlukio\/wp-json\/wp\/v2\/types\/page"}],"author":[{"embeddable":true,"href":"https:\/\/blog.edu.turku.fi\/kerttulinlukio\/wp-json\/wp\/v2\/users\/3272"}],"replies":[{"embeddable":true,"href":"https:\/\/blog.edu.turku.fi\/kerttulinlukio\/wp-json\/wp\/v2\/comments?post=2720"}],"version-history":[{"count":4,"href":"https:\/\/blog.edu.turku.fi\/kerttulinlukio\/wp-json\/wp\/v2\/pages\/2720\/revisions"}],"predecessor-version":[{"id":2831,"href":"https:\/\/blog.edu.turku.fi\/kerttulinlukio\/wp-json\/wp\/v2\/pages\/2720\/revisions\/2831"}],"wp:attachment":[{"href":"https:\/\/blog.edu.turku.fi\/kerttulinlukio\/wp-json\/wp\/v2\/media?parent=2720"}],"curies":[{"name":"wp","href":"https:\/\/api.w.org\/{rel}","templated":true}]}}