{"id":2577,"date":"2022-06-06T13:04:33","date_gmt":"2022-06-06T10:04:33","guid":{"rendered":"https:\/\/blog.edu.turku.fi\/kerttulinlukio\/?page_id=2577"},"modified":"2022-06-06T13:04:33","modified_gmt":"2022-06-06T10:04:33","slug":"tammikuu-6","status":"publish","type":"page","link":"https:\/\/blog.edu.turku.fi\/kerttulinlukio\/tammikuu-6\/","title":{"rendered":"Tammikuu"},"content":{"rendered":"<p>Uusi lukukausi alkoi maanantaina 10.1. ja sit\u00e4 seuraavalla viikolla pidettiin Kerttulin lukion esittelyillat tuleville lukiolaisille 18.1. ja 19.1. et\u00e4n\u00e4 Teamsissa.<\/p>\n<p>Liikkuva lukio-hankkeen ansiosta koulullemme saatiin k\u00e4sipainoja kunnon kohottamiseen.<\/p>\n<p><img loading=\"lazy\" decoding=\"async\" class=\"alignnone size-medium wp-image-2375\" src=\"https:\/\/blog.edu.turku.fi\/kerttulinlukio\/files\/2022\/01\/IMG-20220128-WA0000-225x300.jpg\" alt=\"\" width=\"225\" height=\"300\" srcset=\"https:\/\/blog.edu.turku.fi\/kerttulinlukio\/files\/2022\/01\/IMG-20220128-WA0000-225x300.jpg 225w, https:\/\/blog.edu.turku.fi\/kerttulinlukio\/files\/2022\/01\/IMG-20220128-WA0000.jpg 768w\" sizes=\"auto, (max-width: 225px) 85vw, 225px\" \/><img loading=\"lazy\" decoding=\"async\" class=\"alignnone size-medium wp-image-2374\" src=\"https:\/\/blog.edu.turku.fi\/kerttulinlukio\/files\/2022\/01\/IMG-20220128-WA0002-225x300.jpg\" alt=\"\" width=\"225\" height=\"300\" srcset=\"https:\/\/blog.edu.turku.fi\/kerttulinlukio\/files\/2022\/01\/IMG-20220128-WA0002-225x300.jpg 225w, https:\/\/blog.edu.turku.fi\/kerttulinlukio\/files\/2022\/01\/IMG-20220128-WA0002.jpg 750w\" sizes=\"auto, (max-width: 225px) 85vw, 225px\" \/><\/p>\n<p>Abiturienttien valtakunnallinen ruotsin kirjoituskilpailu pidettiin koulussamme 19.1. ja t\u00e4n\u00e4 vuonna abiturienttimme Alina Loikas sijoittui finalistien joukkoon ja sai diplomin sek\u00e4 kirjapalkinnon!<\/p>\n","protected":false},"excerpt":{"rendered":"<p>Uusi lukukausi alkoi maanantaina 10.1. ja sit\u00e4 seuraavalla viikolla pidettiin Kerttulin lukion esittelyillat tuleville lukiolaisille 18.1. ja 19.1. et\u00e4n\u00e4 Teamsissa. Liikkuva lukio-hankkeen ansiosta koulullemme saatiin k\u00e4sipainoja kunnon kohottamiseen. Abiturienttien valtakunnallinen ruotsin kirjoituskilpailu pidettiin koulussamme 19.1. ja t\u00e4n\u00e4 vuonna abiturienttimme Alina Loikas sijoittui finalistien joukkoon ja sai diplomin sek\u00e4 kirjapalkinnon!<\/p>\n","protected":false},"author":3187,"featured_media":0,"parent":0,"menu_order":0,"comment_status":"closed","ping_status":"closed","template":"","meta":{"footnotes":""},"class_list":["post-2577","page","type-page","status-publish","hentry"],"_links":{"self":[{"href":"https:\/\/blog.edu.turku.fi\/kerttulinlukio\/wp-json\/wp\/v2\/pages\/2577","targetHints":{"allow":["GET"]}}],"collection":[{"href":"https:\/\/blog.edu.turku.fi\/kerttulinlukio\/wp-json\/wp\/v2\/pages"}],"about":[{"href":"https:\/\/blog.edu.turku.fi\/kerttulinlukio\/wp-json\/wp\/v2\/types\/page"}],"author":[{"embeddable":true,"href":"https:\/\/blog.edu.turku.fi\/kerttulinlukio\/wp-json\/wp\/v2\/users\/3187"}],"replies":[{"embeddable":true,"href":"https:\/\/blog.edu.turku.fi\/kerttulinlukio\/wp-json\/wp\/v2\/comments?post=2577"}],"version-history":[{"count":3,"href":"https:\/\/blog.edu.turku.fi\/kerttulinlukio\/wp-json\/wp\/v2\/pages\/2577\/revisions"}],"predecessor-version":[{"id":2580,"href":"https:\/\/blog.edu.turku.fi\/kerttulinlukio\/wp-json\/wp\/v2\/pages\/2577\/revisions\/2580"}],"wp:attachment":[{"href":"https:\/\/blog.edu.turku.fi\/kerttulinlukio\/wp-json\/wp\/v2\/media?parent=2577"}],"curies":[{"name":"wp","href":"https:\/\/api.w.org\/{rel}","templated":true}]}}