{"id":2550,"date":"2022-06-06T12:05:57","date_gmt":"2022-06-06T09:05:57","guid":{"rendered":"https:\/\/blog.edu.turku.fi\/kerttulinlukio\/?page_id=2550"},"modified":"2022-06-06T12:05:57","modified_gmt":"2022-06-06T09:05:57","slug":"kesakuu-2","status":"publish","type":"page","link":"https:\/\/blog.edu.turku.fi\/kerttulinlukio\/kesakuu-2\/","title":{"rendered":"Kes\u00e4kuu"},"content":{"rendered":"<p>Lukuvuosi jatkui muutaman p\u00e4iv\u00e4n kes\u00e4kuun puolelle. 1.-3.6. pidettiin viel\u00e4 viimeiset kokeet ja r\u00e4stikokeet.<\/p>\n<p>2.6.-3.6 j\u00e4rjestettiin ICT-linjalaisten toimintailtap\u00e4iv\u00e4+lanit<\/p>\n<p><img loading=\"lazy\" decoding=\"async\" class=\"alignnone size-medium wp-image-2564\" src=\"https:\/\/blog.edu.turku.fi\/kerttulinlukio\/files\/2022\/06\/PHOTO-2022-06-02-18-54-36-300x225.jpg\" alt=\"\" width=\"300\" height=\"225\" srcset=\"https:\/\/blog.edu.turku.fi\/kerttulinlukio\/files\/2022\/06\/PHOTO-2022-06-02-18-54-36-300x225.jpg 300w, https:\/\/blog.edu.turku.fi\/kerttulinlukio\/files\/2022\/06\/PHOTO-2022-06-02-18-54-36.jpg 320w\" sizes=\"auto, (max-width: 300px) 85vw, 300px\" \/><img loading=\"lazy\" decoding=\"async\" class=\"alignnone size-medium wp-image-2563\" src=\"https:\/\/blog.edu.turku.fi\/kerttulinlukio\/files\/2022\/06\/PHOTO-2022-06-02-20-15-05-300x225.jpg\" alt=\"\" width=\"300\" height=\"225\" \/><\/p>\n<p>3.6. muut lukiolaiset opettajineen kisailivat Kupittaan puistossa retkip\u00e4iv\u00e4n merkeiss\u00e4.<\/p>\n<p><img loading=\"lazy\" decoding=\"async\" class=\"alignnone size-medium wp-image-2562\" src=\"https:\/\/blog.edu.turku.fi\/kerttulinlukio\/files\/2022\/06\/PHOTO-2022-06-03-13-25-40-300x225.jpg\" alt=\"\" width=\"300\" height=\"225\" srcset=\"https:\/\/blog.edu.turku.fi\/kerttulinlukio\/files\/2022\/06\/PHOTO-2022-06-03-13-25-40-300x225.jpg 300w, https:\/\/blog.edu.turku.fi\/kerttulinlukio\/files\/2022\/06\/PHOTO-2022-06-03-13-25-40.jpg 1024w\" sizes=\"auto, (max-width: 300px) 85vw, 300px\" \/><img loading=\"lazy\" decoding=\"async\" class=\"alignnone size-medium wp-image-2561\" src=\"https:\/\/blog.edu.turku.fi\/kerttulinlukio\/files\/2022\/06\/PHOTO-2022-06-03-13-25-401-300x225.jpg\" alt=\"\" width=\"300\" height=\"225\" srcset=\"https:\/\/blog.edu.turku.fi\/kerttulinlukio\/files\/2022\/06\/PHOTO-2022-06-03-13-25-401-300x225.jpg 300w, https:\/\/blog.edu.turku.fi\/kerttulinlukio\/files\/2022\/06\/PHOTO-2022-06-03-13-25-401.jpg 1024w\" sizes=\"auto, (max-width: 300px) 85vw, 300px\" \/><img loading=\"lazy\" decoding=\"async\" class=\"alignnone size-medium wp-image-2560\" src=\"https:\/\/blog.edu.turku.fi\/kerttulinlukio\/files\/2022\/06\/PHOTO-2022-06-03-13-25-41-300x225.jpg\" alt=\"\" width=\"300\" height=\"225\" srcset=\"https:\/\/blog.edu.turku.fi\/kerttulinlukio\/files\/2022\/06\/PHOTO-2022-06-03-13-25-41-300x225.jpg 300w, https:\/\/blog.edu.turku.fi\/kerttulinlukio\/files\/2022\/06\/PHOTO-2022-06-03-13-25-41.jpg 1024w\" sizes=\"auto, (max-width: 300px) 85vw, 300px\" \/><\/p>\n<p>4.6. pidettiin ensimm\u00e4isen vuoden opiskelijoiden lukuvuoden 21-22 p\u00e4\u00e4t\u00f6stilaisuus aamulla koululla. Juhan leipoma k\u00e4\u00e4retorttu maistui hyvin.<\/p>\n<p><img loading=\"lazy\" decoding=\"async\" class=\"alignnone size-medium wp-image-2553\" src=\"https:\/\/blog.edu.turku.fi\/kerttulinlukio\/files\/2022\/06\/PHOTO-2022-06-04-10-02-57-225x300.jpg\" alt=\"\" width=\"225\" height=\"300\" srcset=\"https:\/\/blog.edu.turku.fi\/kerttulinlukio\/files\/2022\/06\/PHOTO-2022-06-04-10-02-57-225x300.jpg 225w, https:\/\/blog.edu.turku.fi\/kerttulinlukio\/files\/2022\/06\/PHOTO-2022-06-04-10-02-57.jpg 750w\" sizes=\"auto, (max-width: 225px) 85vw, 225px\" \/> \u00a0 <img loading=\"lazy\" decoding=\"async\" class=\"alignnone size-medium wp-image-2552\" src=\"https:\/\/blog.edu.turku.fi\/kerttulinlukio\/files\/2022\/06\/PHOTO-2022-06-04-10-02-571-225x300.jpg\" alt=\"\" width=\"225\" height=\"300\" srcset=\"https:\/\/blog.edu.turku.fi\/kerttulinlukio\/files\/2022\/06\/PHOTO-2022-06-04-10-02-571-225x300.jpg 225w, https:\/\/blog.edu.turku.fi\/kerttulinlukio\/files\/2022\/06\/PHOTO-2022-06-04-10-02-571.jpg 750w\" sizes=\"auto, (max-width: 225px) 85vw, 225px\" \/><img loading=\"lazy\" decoding=\"async\" class=\"alignnone size-medium wp-image-2551\" src=\"https:\/\/blog.edu.turku.fi\/kerttulinlukio\/files\/2022\/06\/PHOTO-2022-06-04-10-02-58-300x225.jpg\" alt=\"\" width=\"300\" height=\"225\" srcset=\"https:\/\/blog.edu.turku.fi\/kerttulinlukio\/files\/2022\/06\/PHOTO-2022-06-04-10-02-58-300x225.jpg 300w, https:\/\/blog.edu.turku.fi\/kerttulinlukio\/files\/2022\/06\/PHOTO-2022-06-04-10-02-58.jpg 320w\" sizes=\"auto, (max-width: 300px) 85vw, 300px\" \/><\/p>\n<p>Kerttulin lukion ylioppilasjuhlaa vietettiin perinteiseen tapaan Logomossa 4.6. klo 11.<\/p>\n<p><img loading=\"lazy\" decoding=\"async\" class=\"alignnone size-medium wp-image-2559\" src=\"https:\/\/blog.edu.turku.fi\/kerttulinlukio\/files\/2022\/06\/IMG_6260-rotated-225x300.jpg\" alt=\"\" width=\"225\" height=\"300\" srcset=\"https:\/\/blog.edu.turku.fi\/kerttulinlukio\/files\/2022\/06\/IMG_6260-rotated-225x300.jpg 225w, https:\/\/blog.edu.turku.fi\/kerttulinlukio\/files\/2022\/06\/IMG_6260-rotated.jpg 240w\" sizes=\"auto, (max-width: 225px) 85vw, 225px\" \/>Rehtori Tapio Laine avasi tilaisuuden.<\/p>\n<p><img loading=\"lazy\" decoding=\"async\" class=\"alignnone size-medium wp-image-2558\" src=\"https:\/\/blog.edu.turku.fi\/kerttulinlukio\/files\/2022\/06\/IMG_6262-300x225.jpg\" alt=\"\" width=\"300\" height=\"225\" srcset=\"https:\/\/blog.edu.turku.fi\/kerttulinlukio\/files\/2022\/06\/IMG_6262-300x225.jpg 300w, https:\/\/blog.edu.turku.fi\/kerttulinlukio\/files\/2022\/06\/IMG_6262.jpg 320w\" sizes=\"auto, (max-width: 300px) 85vw, 300px\" \/><\/p>\n<p>Musiikista vastasivat Fanny Virsula, Hiski Valkeinen ja opettaja Marko Syrj\u00e4l\u00e4inen<\/p>\n<p><img loading=\"lazy\" decoding=\"async\" class=\"alignnone size-medium wp-image-2557\" src=\"https:\/\/blog.edu.turku.fi\/kerttulinlukio\/files\/2022\/06\/IMG_6263-rotated-225x300.jpg\" alt=\"\" width=\"225\" height=\"300\" srcset=\"https:\/\/blog.edu.turku.fi\/kerttulinlukio\/files\/2022\/06\/IMG_6263-rotated-225x300.jpg 225w, https:\/\/blog.edu.turku.fi\/kerttulinlukio\/files\/2022\/06\/IMG_6263-rotated.jpg 240w\" sizes=\"auto, (max-width: 225px) 85vw, 225px\" \/><\/p>\n<p>\u00c4idinkielen lehtori Minna Lepom\u00e4ki piti ryhm\u00e4nohjaajien puheen.<\/p>\n<p><img loading=\"lazy\" decoding=\"async\" class=\"alignnone size-medium wp-image-2556\" src=\"https:\/\/blog.edu.turku.fi\/kerttulinlukio\/files\/2022\/06\/IMG_6271-rotated-225x300.jpg\" alt=\"\" width=\"225\" height=\"300\" srcset=\"https:\/\/blog.edu.turku.fi\/kerttulinlukio\/files\/2022\/06\/IMG_6271-rotated-225x300.jpg 225w, https:\/\/blog.edu.turku.fi\/kerttulinlukio\/files\/2022\/06\/IMG_6271-rotated.jpg 240w\" sizes=\"auto, (max-width: 225px) 85vw, 225px\" \/><\/p>\n<p>Stipendej\u00e4 olivat jakamassa Kaisa Leiwo Turun kauppakamarin ICT-valiokunnasta, koulun entinen lehtori Mia Peltom\u00e4ki ja Timo Vuorisalo Varsinais-Suomen kulttuurirahastosta. Kuvassa Iiris Hemi\u00f6, joka sai Suomen kulttuurirahaston Yrj\u00f6 Koskisen stipendin parhaista pisteist\u00e4 \u00e4idinkieless\u00e4.<\/p>\n<p><img loading=\"lazy\" decoding=\"async\" class=\"alignnone size-medium wp-image-2554\" src=\"https:\/\/blog.edu.turku.fi\/kerttulinlukio\/files\/2022\/06\/IMG_6278-300x225.jpg\" alt=\"\" width=\"300\" height=\"225\" srcset=\"https:\/\/blog.edu.turku.fi\/kerttulinlukio\/files\/2022\/06\/IMG_6278-300x225.jpg 300w, https:\/\/blog.edu.turku.fi\/kerttulinlukio\/files\/2022\/06\/IMG_6278.jpg 320w\" sizes=\"auto, (max-width: 300px) 85vw, 300px\" \/><img loading=\"lazy\" decoding=\"async\" class=\"alignnone size-medium wp-image-2555\" src=\"https:\/\/blog.edu.turku.fi\/kerttulinlukio\/files\/2022\/06\/IMG_6276-300x225.jpg\" alt=\"\" width=\"300\" height=\"225\" srcset=\"https:\/\/blog.edu.turku.fi\/kerttulinlukio\/files\/2022\/06\/IMG_6276-300x225.jpg 300w, https:\/\/blog.edu.turku.fi\/kerttulinlukio\/files\/2022\/06\/IMG_6276.jpg 320w\" sizes=\"auto, (max-width: 300px) 85vw, 300px\" \/><\/p>\n<p>Ylioppilastodistusten jakamisen sek\u00e4 ylioppilaaksi julistamisen j\u00e4lkeen sek\u00e4 Gaudeamus igitur-laulun kaiuttua uuden ylioppilaan puheen pitiv\u00e4t Nenna Westman ja Veikka Saren.<\/p>\n","protected":false},"excerpt":{"rendered":"<p>Lukuvuosi jatkui muutaman p\u00e4iv\u00e4n kes\u00e4kuun puolelle. 1.-3.6. pidettiin viel\u00e4 viimeiset kokeet ja r\u00e4stikokeet. 2.6.-3.6 j\u00e4rjestettiin ICT-linjalaisten toimintailtap\u00e4iv\u00e4+lanit 3.6. muut lukiolaiset opettajineen kisailivat Kupittaan puistossa retkip\u00e4iv\u00e4n merkeiss\u00e4. 4.6. pidettiin ensimm\u00e4isen vuoden opiskelijoiden lukuvuoden 21-22 p\u00e4\u00e4t\u00f6stilaisuus aamulla koululla. Juhan leipoma k\u00e4\u00e4retorttu maistui hyvin. \u00a0 Kerttulin lukion ylioppilasjuhlaa vietettiin perinteiseen tapaan Logomossa 4.6. klo 11. Rehtori Tapio Laine &hellip; <a href=\"https:\/\/blog.edu.turku.fi\/kerttulinlukio\/kesakuu-2\/\" class=\"more-link\">Jatka lukemista<span class=\"screen-reader-text\"> &#8221;Kes\u00e4kuu&#8221;<\/span><\/a><\/p>\n","protected":false},"author":3187,"featured_media":0,"parent":0,"menu_order":0,"comment_status":"closed","ping_status":"closed","template":"","meta":{"footnotes":""},"class_list":["post-2550","page","type-page","status-publish","hentry"],"_links":{"self":[{"href":"https:\/\/blog.edu.turku.fi\/kerttulinlukio\/wp-json\/wp\/v2\/pages\/2550","targetHints":{"allow":["GET"]}}],"collection":[{"href":"https:\/\/blog.edu.turku.fi\/kerttulinlukio\/wp-json\/wp\/v2\/pages"}],"about":[{"href":"https:\/\/blog.edu.turku.fi\/kerttulinlukio\/wp-json\/wp\/v2\/types\/page"}],"author":[{"embeddable":true,"href":"https:\/\/blog.edu.turku.fi\/kerttulinlukio\/wp-json\/wp\/v2\/users\/3187"}],"replies":[{"embeddable":true,"href":"https:\/\/blog.edu.turku.fi\/kerttulinlukio\/wp-json\/wp\/v2\/comments?post=2550"}],"version-history":[{"count":1,"href":"https:\/\/blog.edu.turku.fi\/kerttulinlukio\/wp-json\/wp\/v2\/pages\/2550\/revisions"}],"predecessor-version":[{"id":2565,"href":"https:\/\/blog.edu.turku.fi\/kerttulinlukio\/wp-json\/wp\/v2\/pages\/2550\/revisions\/2565"}],"wp:attachment":[{"href":"https:\/\/blog.edu.turku.fi\/kerttulinlukio\/wp-json\/wp\/v2\/media?parent=2550"}],"curies":[{"name":"wp","href":"https:\/\/api.w.org\/{rel}","templated":true}]}}