{"id":2510,"date":"2022-05-11T12:36:03","date_gmt":"2022-05-11T09:36:03","guid":{"rendered":"https:\/\/blog.edu.turku.fi\/kerttulinlukio\/?page_id=2510"},"modified":"2022-05-11T12:36:03","modified_gmt":"2022-05-11T09:36:03","slug":"huhtikuu-3","status":"publish","type":"page","link":"https:\/\/blog.edu.turku.fi\/kerttulinlukio\/huhtikuu-3\/","title":{"rendered":"Huhtikuu"},"content":{"rendered":"<p>Abiturientit juhlivat penkkareita perjantaina 1.4. tyylill\u00e4. Ajankohta oli tavallisesta poikkeava, mutta tunnelma oli korkealla.<\/p>\n<p><img loading=\"lazy\" decoding=\"async\" class=\"alignnone size-medium wp-image-2454\" src=\"https:\/\/blog.edu.turku.fi\/kerttulinlukio\/files\/2022\/04\/IMG20220401143242__01-300x190.jpg\" alt=\"\" width=\"300\" height=\"190\" \/> <img loading=\"lazy\" decoding=\"async\" class=\"alignnone wp-image-2455\" src=\"https:\/\/blog.edu.turku.fi\/kerttulinlukio\/files\/2022\/04\/penkkarit-1-300x204.jpg\" alt=\"\" width=\"278\" height=\"189\" srcset=\"https:\/\/blog.edu.turku.fi\/kerttulinlukio\/files\/2022\/04\/penkkarit-1-300x204.jpg 300w, https:\/\/blog.edu.turku.fi\/kerttulinlukio\/files\/2022\/04\/penkkarit-1.jpg 1000w\" sizes=\"auto, (max-width: 278px) 85vw, 278px\" \/><\/p>\n<p><img loading=\"lazy\" decoding=\"async\" class=\"alignnone size-medium wp-image-2456\" src=\"https:\/\/blog.edu.turku.fi\/kerttulinlukio\/files\/2022\/04\/IMG20220401122149-300x225.jpg\" alt=\"\" width=\"300\" height=\"225\" \/> <img loading=\"lazy\" decoding=\"async\" class=\"alignnone wp-image-2457\" src=\"https:\/\/blog.edu.turku.fi\/kerttulinlukio\/files\/2022\/04\/thumbnail_IMG20220401122058__01-300x248.jpg\" alt=\"\" width=\"272\" height=\"225\" \/><\/p>\n<p><img loading=\"lazy\" decoding=\"async\" class=\"alignnone size-medium wp-image-2459\" src=\"https:\/\/blog.edu.turku.fi\/kerttulinlukio\/files\/2022\/04\/IMG20220401125525-300x225.jpg\" alt=\"\" width=\"300\" height=\"225\" \/> <img loading=\"lazy\" decoding=\"async\" class=\"alignnone size-medium wp-image-2458\" src=\"https:\/\/blog.edu.turku.fi\/kerttulinlukio\/files\/2022\/04\/IMG20220401125454__01-1-300x225.jpg\" alt=\"\" width=\"300\" height=\"225\" \/><\/p>\n<p>ICT-lukion ykk\u00f6set osallistuivat Turun korkeakoulujen Demo-dayhin 11.4.2022.<\/p>\n<p>Toisen vuoden opiskelija Aino Kujari tuli valituksi Suomen toiseksi edustajaksi toukokuun lopulla pidett\u00e4viin filosofian olympialaisiin Lissaboniin. Onnea Ainolle olympiapaikasta ja tsemppi\u00e4 kisoihin!<\/p>\n<p><img loading=\"lazy\" decoding=\"async\" class=\"size-medium wp-image-2405 aligncenter\" src=\"https:\/\/blog.edu.turku.fi\/kerttulinlukio\/files\/2022\/02\/IMG-20220208-WA0000-1-225x300.jpg\" alt=\"\" width=\"225\" height=\"300\" srcset=\"https:\/\/blog.edu.turku.fi\/kerttulinlukio\/files\/2022\/02\/IMG-20220208-WA0000-1-225x300.jpg 225w, https:\/\/blog.edu.turku.fi\/kerttulinlukio\/files\/2022\/02\/IMG-20220208-WA0000-1.jpg 750w\" sizes=\"auto, (max-width: 225px) 85vw, 225px\" \/><\/p>\n<p>Keskiviikkona 20.4. koululla oli t\u00e4ysi salillinen kuuntelemassa tietokirjailija-biologi Juha Kauppista.<\/p>\n<p><img loading=\"lazy\" decoding=\"async\" class=\"alignnone size-medium wp-image-2487\" src=\"https:\/\/blog.edu.turku.fi\/kerttulinlukio\/files\/2022\/04\/IMG-20220420-WA0001-01-300x228.jpeg\" alt=\"\" width=\"300\" height=\"228\" srcset=\"https:\/\/blog.edu.turku.fi\/kerttulinlukio\/files\/2022\/04\/IMG-20220420-WA0001-01-300x228.jpeg 300w, https:\/\/blog.edu.turku.fi\/kerttulinlukio\/files\/2022\/04\/IMG-20220420-WA0001-01.jpeg 794w\" sizes=\"auto, (max-width: 300px) 85vw, 300px\" \/> <img loading=\"lazy\" decoding=\"async\" class=\"alignnone wp-image-2485\" src=\"https:\/\/blog.edu.turku.fi\/kerttulinlukio\/files\/2022\/04\/IMG-20220420-WA0002-01-300x240.jpeg\" alt=\"\" width=\"288\" height=\"230\" srcset=\"https:\/\/blog.edu.turku.fi\/kerttulinlukio\/files\/2022\/04\/IMG-20220420-WA0002-01-300x240.jpeg 300w, https:\/\/blog.edu.turku.fi\/kerttulinlukio\/files\/2022\/04\/IMG-20220420-WA0002-01.jpeg 1000w\" sizes=\"auto, (max-width: 288px) 85vw, 288px\" \/><\/p>\n<p>Kerttulissa valmistauduttiin perjantaina 29.4. vappuun mm. ensiaputaitoja opetellen ja historialliseen Turkuun tutustuen. Opiskelijakunta j\u00e4rjesti ker\u00e4yksen Ukrainan hyv\u00e4ksi.<\/p>\n<p><img loading=\"lazy\" decoding=\"async\" class=\"alignnone size-medium wp-image-2511\" src=\"https:\/\/blog.edu.turku.fi\/kerttulinlukio\/files\/2022\/05\/IMG20220429092545__01-300x284.jpg\" alt=\"\" width=\"300\" height=\"284\" srcset=\"https:\/\/blog.edu.turku.fi\/kerttulinlukio\/files\/2022\/05\/IMG20220429092545__01-300x284.jpg 300w, https:\/\/blog.edu.turku.fi\/kerttulinlukio\/files\/2022\/05\/IMG20220429092545__01.jpg 1000w\" sizes=\"auto, (max-width: 300px) 85vw, 300px\" \/> <img loading=\"lazy\" decoding=\"async\" class=\"alignnone size-medium wp-image-2513\" src=\"https:\/\/blog.edu.turku.fi\/kerttulinlukio\/files\/2022\/05\/IMG20220429102147__01-300x214.jpg\" alt=\"\" width=\"300\" height=\"214\" srcset=\"https:\/\/blog.edu.turku.fi\/kerttulinlukio\/files\/2022\/05\/IMG20220429102147__01-300x214.jpg 300w, https:\/\/blog.edu.turku.fi\/kerttulinlukio\/files\/2022\/05\/IMG20220429102147__01.jpg 1000w\" sizes=\"auto, (max-width: 300px) 85vw, 300px\" \/> <img loading=\"lazy\" decoding=\"async\" class=\"alignnone size-medium wp-image-2512\" src=\"https:\/\/blog.edu.turku.fi\/kerttulinlukio\/files\/2022\/05\/IMG20220429101001__01-300x260.jpg\" alt=\"\" width=\"300\" height=\"260\" srcset=\"https:\/\/blog.edu.turku.fi\/kerttulinlukio\/files\/2022\/05\/IMG20220429101001__01-300x260.jpg 300w, https:\/\/blog.edu.turku.fi\/kerttulinlukio\/files\/2022\/05\/IMG20220429101001__01.jpg 1000w\" sizes=\"auto, (max-width: 300px) 85vw, 300px\" \/>\u00a0 <img loading=\"lazy\" decoding=\"async\" class=\"alignnone size-medium wp-image-2514\" src=\"https:\/\/blog.edu.turku.fi\/kerttulinlukio\/files\/2022\/05\/IMG20220429102624__01-217x300.jpg\" alt=\"\" width=\"217\" height=\"300\" srcset=\"https:\/\/blog.edu.turku.fi\/kerttulinlukio\/files\/2022\/05\/IMG20220429102624__01-217x300.jpg 217w, https:\/\/blog.edu.turku.fi\/kerttulinlukio\/files\/2022\/05\/IMG20220429102624__01.jpg 722w\" sizes=\"auto, (max-width: 217px) 85vw, 217px\" \/><\/p>\n<p><img loading=\"lazy\" decoding=\"async\" class=\"alignnone size-medium wp-image-2515\" src=\"https:\/\/blog.edu.turku.fi\/kerttulinlukio\/files\/2022\/05\/IMG20220429103437__01-292x300.jpg\" alt=\"\" width=\"292\" height=\"300\" srcset=\"https:\/\/blog.edu.turku.fi\/kerttulinlukio\/files\/2022\/05\/IMG20220429103437__01-292x300.jpg 292w, https:\/\/blog.edu.turku.fi\/kerttulinlukio\/files\/2022\/05\/IMG20220429103437__01.jpg 972w\" sizes=\"auto, (max-width: 292px) 85vw, 292px\" \/> <img loading=\"lazy\" decoding=\"async\" class=\"alignnone wp-image-2516\" src=\"https:\/\/blog.edu.turku.fi\/kerttulinlukio\/files\/2022\/05\/IMG20220429112439__01-300x256.jpg\" alt=\"\" width=\"345\" height=\"294\" srcset=\"https:\/\/blog.edu.turku.fi\/kerttulinlukio\/files\/2022\/05\/IMG20220429112439__01-300x256.jpg 300w, https:\/\/blog.edu.turku.fi\/kerttulinlukio\/files\/2022\/05\/IMG20220429112439__01.jpg 1000w\" sizes=\"auto, (max-width: 345px) 85vw, 345px\" \/><\/p>\n<p>&nbsp;<\/p>\n","protected":false},"excerpt":{"rendered":"<p>Abiturientit juhlivat penkkareita perjantaina 1.4. tyylill\u00e4. Ajankohta oli tavallisesta poikkeava, mutta tunnelma oli korkealla. ICT-lukion ykk\u00f6set osallistuivat Turun korkeakoulujen Demo-dayhin 11.4.2022. Toisen vuoden opiskelija Aino Kujari tuli valituksi Suomen toiseksi edustajaksi toukokuun lopulla pidett\u00e4viin filosofian olympialaisiin Lissaboniin. Onnea Ainolle olympiapaikasta ja tsemppi\u00e4 kisoihin! Keskiviikkona 20.4. koululla oli t\u00e4ysi salillinen kuuntelemassa tietokirjailija-biologi Juha Kauppista. Kerttulissa valmistauduttiin &hellip; <a href=\"https:\/\/blog.edu.turku.fi\/kerttulinlukio\/huhtikuu-3\/\" class=\"more-link\">Jatka lukemista<span class=\"screen-reader-text\"> &#8221;Huhtikuu&#8221;<\/span><\/a><\/p>\n","protected":false},"author":1021,"featured_media":0,"parent":0,"menu_order":0,"comment_status":"closed","ping_status":"closed","template":"","meta":{"footnotes":""},"class_list":["post-2510","page","type-page","status-publish","hentry"],"_links":{"self":[{"href":"https:\/\/blog.edu.turku.fi\/kerttulinlukio\/wp-json\/wp\/v2\/pages\/2510","targetHints":{"allow":["GET"]}}],"collection":[{"href":"https:\/\/blog.edu.turku.fi\/kerttulinlukio\/wp-json\/wp\/v2\/pages"}],"about":[{"href":"https:\/\/blog.edu.turku.fi\/kerttulinlukio\/wp-json\/wp\/v2\/types\/page"}],"author":[{"embeddable":true,"href":"https:\/\/blog.edu.turku.fi\/kerttulinlukio\/wp-json\/wp\/v2\/users\/1021"}],"replies":[{"embeddable":true,"href":"https:\/\/blog.edu.turku.fi\/kerttulinlukio\/wp-json\/wp\/v2\/comments?post=2510"}],"version-history":[{"count":1,"href":"https:\/\/blog.edu.turku.fi\/kerttulinlukio\/wp-json\/wp\/v2\/pages\/2510\/revisions"}],"predecessor-version":[{"id":2517,"href":"https:\/\/blog.edu.turku.fi\/kerttulinlukio\/wp-json\/wp\/v2\/pages\/2510\/revisions\/2517"}],"wp:attachment":[{"href":"https:\/\/blog.edu.turku.fi\/kerttulinlukio\/wp-json\/wp\/v2\/media?parent=2510"}],"curies":[{"name":"wp","href":"https:\/\/api.w.org\/{rel}","templated":true}]}}