{"id":2433,"date":"2022-03-14T13:49:26","date_gmt":"2022-03-14T11:49:26","guid":{"rendered":"https:\/\/blog.edu.turku.fi\/kerttulinlukio\/?page_id=2433"},"modified":"2022-03-14T13:49:26","modified_gmt":"2022-03-14T11:49:26","slug":"helmikuu-3","status":"publish","type":"page","link":"https:\/\/blog.edu.turku.fi\/kerttulinlukio\/helmikuu-3\/","title":{"rendered":"Helmikuu"},"content":{"rendered":"<p>Liikkuva lukio \u2013hankkeen puitteissa koululle saatiin k\u00e4sipainoja opiskelijoiden k\u00e4ytt\u00f6\u00f6n. K\u00e4sipainot l\u00f6ytyv\u00e4t lukion k\u00e4yt\u00e4vilt\u00e4, joten niit\u00e4 voi k\u00e4ytt\u00e4\u00e4 esimerkiksi v\u00e4litunnilla.<\/p>\n<p><img loading=\"lazy\" decoding=\"async\" class=\"alignnone size-medium wp-image-2374\" src=\"https:\/\/blog.edu.turku.fi\/kerttulinlukio\/files\/2022\/01\/IMG-20220128-WA0002-225x300.jpg\" alt=\"\" width=\"225\" height=\"300\" srcset=\"https:\/\/blog.edu.turku.fi\/kerttulinlukio\/files\/2022\/01\/IMG-20220128-WA0002-225x300.jpg 225w, https:\/\/blog.edu.turku.fi\/kerttulinlukio\/files\/2022\/01\/IMG-20220128-WA0002.jpg 750w\" sizes=\"auto, (max-width: 225px) 85vw, 225px\" \/> <img loading=\"lazy\" decoding=\"async\" class=\"alignnone size-medium wp-image-2375\" src=\"https:\/\/blog.edu.turku.fi\/kerttulinlukio\/files\/2022\/01\/IMG-20220128-WA0000-225x300.jpg\" alt=\"\" width=\"225\" height=\"300\" srcset=\"https:\/\/blog.edu.turku.fi\/kerttulinlukio\/files\/2022\/01\/IMG-20220128-WA0000-225x300.jpg 225w, https:\/\/blog.edu.turku.fi\/kerttulinlukio\/files\/2022\/01\/IMG-20220128-WA0000.jpg 768w\" sizes=\"auto, (max-width: 225px) 85vw, 225px\" \/><\/p>\n<p>Kolmannen jakson arviointiviikko alkoi keskiviikkona 2.2. R\u00e4stikoe pidettiin maanantaina 14.2. ja uusintakoe maaliskuun puolella.<\/p>\n<p>Viikolla 7 vietettiin ansaittua talvilomaa. \u00a0Talviset s\u00e4\u00e4t suosivat lomailijoita, maailman poliittinen tilanne ei niink\u00e4\u00e4n.<\/p>\n<p>Kaisu Sepp\u00e4l\u00e4 palkittiin Kerttulin parhaana Talousgurukilpailussa. Onnea Kaisulle! Talousguru on lukiolaisten valtakunnallinen taloustietokilpailu. Talousgurun perustivat Finanssiala ry:n edelt\u00e4j\u00e4 Suomen Pankkiyhdistys ja Historian ja yhteiskuntaopin opettajien liitto HYOL ry vuonna 1997.<\/p>\n<p><img loading=\"lazy\" decoding=\"async\" class=\"size-medium wp-image-2404 aligncenter\" src=\"https:\/\/blog.edu.turku.fi\/kerttulinlukio\/files\/2022\/02\/IMG-20220208-WA0000-225x300.jpg\" alt=\"\" width=\"225\" height=\"300\" srcset=\"https:\/\/blog.edu.turku.fi\/kerttulinlukio\/files\/2022\/02\/IMG-20220208-WA0000-225x300.jpg 225w, https:\/\/blog.edu.turku.fi\/kerttulinlukio\/files\/2022\/02\/IMG-20220208-WA0000.jpg 750w\" sizes=\"auto, (max-width: 225px) 85vw, 225px\" \/><\/p>\n<p><img loading=\"lazy\" decoding=\"async\" class=\"size-medium wp-image-2406 alignleft\" src=\"https:\/\/blog.edu.turku.fi\/kerttulinlukio\/files\/2022\/02\/IMG_20220218_083212-300x256.jpg\" alt=\"\" width=\"300\" height=\"256\" srcset=\"https:\/\/blog.edu.turku.fi\/kerttulinlukio\/files\/2022\/02\/IMG_20220218_083212-300x256.jpg 300w, https:\/\/blog.edu.turku.fi\/kerttulinlukio\/files\/2022\/02\/IMG_20220218_083212.jpg 1000w\" sizes=\"auto, (max-width: 300px) 85vw, 300px\" \/>OP2-kurssilla vieraili Turun AMK:n Olivia Vekka ja Business Akatemian Mari Meril\u00e4inen kertomassa Turun alueella tarjolla olevista kes\u00e4ty\u00f6mahdollisuuksista lukiolaisille.<\/p>\n","protected":false},"excerpt":{"rendered":"<p>Liikkuva lukio \u2013hankkeen puitteissa koululle saatiin k\u00e4sipainoja opiskelijoiden k\u00e4ytt\u00f6\u00f6n. K\u00e4sipainot l\u00f6ytyv\u00e4t lukion k\u00e4yt\u00e4vilt\u00e4, joten niit\u00e4 voi k\u00e4ytt\u00e4\u00e4 esimerkiksi v\u00e4litunnilla. Kolmannen jakson arviointiviikko alkoi keskiviikkona 2.2. R\u00e4stikoe pidettiin maanantaina 14.2. ja uusintakoe maaliskuun puolella. Viikolla 7 vietettiin ansaittua talvilomaa. \u00a0Talviset s\u00e4\u00e4t suosivat lomailijoita, maailman poliittinen tilanne ei niink\u00e4\u00e4n. Kaisu Sepp\u00e4l\u00e4 palkittiin Kerttulin parhaana Talousgurukilpailussa. Onnea Kaisulle! &hellip; <a href=\"https:\/\/blog.edu.turku.fi\/kerttulinlukio\/helmikuu-3\/\" class=\"more-link\">Jatka lukemista<span class=\"screen-reader-text\"> &#8221;Helmikuu&#8221;<\/span><\/a><\/p>\n","protected":false},"author":1021,"featured_media":0,"parent":0,"menu_order":0,"comment_status":"closed","ping_status":"closed","template":"","meta":{"footnotes":""},"class_list":["post-2433","page","type-page","status-publish","hentry"],"_links":{"self":[{"href":"https:\/\/blog.edu.turku.fi\/kerttulinlukio\/wp-json\/wp\/v2\/pages\/2433","targetHints":{"allow":["GET"]}}],"collection":[{"href":"https:\/\/blog.edu.turku.fi\/kerttulinlukio\/wp-json\/wp\/v2\/pages"}],"about":[{"href":"https:\/\/blog.edu.turku.fi\/kerttulinlukio\/wp-json\/wp\/v2\/types\/page"}],"author":[{"embeddable":true,"href":"https:\/\/blog.edu.turku.fi\/kerttulinlukio\/wp-json\/wp\/v2\/users\/1021"}],"replies":[{"embeddable":true,"href":"https:\/\/blog.edu.turku.fi\/kerttulinlukio\/wp-json\/wp\/v2\/comments?post=2433"}],"version-history":[{"count":1,"href":"https:\/\/blog.edu.turku.fi\/kerttulinlukio\/wp-json\/wp\/v2\/pages\/2433\/revisions"}],"predecessor-version":[{"id":2434,"href":"https:\/\/blog.edu.turku.fi\/kerttulinlukio\/wp-json\/wp\/v2\/pages\/2433\/revisions\/2434"}],"wp:attachment":[{"href":"https:\/\/blog.edu.turku.fi\/kerttulinlukio\/wp-json\/wp\/v2\/media?parent=2433"}],"curies":[{"name":"wp","href":"https:\/\/api.w.org\/{rel}","templated":true}]}}