{"id":240,"date":"2018-11-12T15:10:17","date_gmt":"2018-11-12T13:10:17","guid":{"rendered":"https:\/\/blog.edu.turku.fi\/kerttulinlukio\/?page_id=240"},"modified":"2018-11-12T15:11:44","modified_gmt":"2018-11-12T13:11:44","slug":"informaatioteknologiaa-ict","status":"publish","type":"page","link":"https:\/\/blog.edu.turku.fi\/kerttulinlukio\/informaatioteknologiaa-ict\/","title":{"rendered":"Informaatioteknologiaa (ICT)"},"content":{"rendered":"<p><a href=\"https:\/\/www.ictlukio.com\/blogi\">Informaatioteknologian ajankohtaisia tapahtumia p\u00e4\u00e4see lukemaan t\u00e4st\u00e4.<\/a><\/p>\n","protected":false},"excerpt":{"rendered":"<p>Informaatioteknologian ajankohtaisia tapahtumia p\u00e4\u00e4see lukemaan t\u00e4st\u00e4.<\/p>\n","protected":false},"author":2522,"featured_media":0,"parent":0,"menu_order":0,"comment_status":"closed","ping_status":"closed","template":"","meta":{"footnotes":""},"class_list":["post-240","page","type-page","status-publish","hentry"],"_links":{"self":[{"href":"https:\/\/blog.edu.turku.fi\/kerttulinlukio\/wp-json\/wp\/v2\/pages\/240","targetHints":{"allow":["GET"]}}],"collection":[{"href":"https:\/\/blog.edu.turku.fi\/kerttulinlukio\/wp-json\/wp\/v2\/pages"}],"about":[{"href":"https:\/\/blog.edu.turku.fi\/kerttulinlukio\/wp-json\/wp\/v2\/types\/page"}],"author":[{"embeddable":true,"href":"https:\/\/blog.edu.turku.fi\/kerttulinlukio\/wp-json\/wp\/v2\/users\/2522"}],"replies":[{"embeddable":true,"href":"https:\/\/blog.edu.turku.fi\/kerttulinlukio\/wp-json\/wp\/v2\/comments?post=240"}],"version-history":[{"count":3,"href":"https:\/\/blog.edu.turku.fi\/kerttulinlukio\/wp-json\/wp\/v2\/pages\/240\/revisions"}],"predecessor-version":[{"id":243,"href":"https:\/\/blog.edu.turku.fi\/kerttulinlukio\/wp-json\/wp\/v2\/pages\/240\/revisions\/243"}],"wp:attachment":[{"href":"https:\/\/blog.edu.turku.fi\/kerttulinlukio\/wp-json\/wp\/v2\/media?parent=240"}],"curies":[{"name":"wp","href":"https:\/\/api.w.org\/{rel}","templated":true}]}}