{"id":234,"date":"2018-11-12T15:02:15","date_gmt":"2018-11-12T13:02:15","guid":{"rendered":"https:\/\/blog.edu.turku.fi\/kerttulinlukio\/?page_id=234"},"modified":"2018-12-05T09:31:17","modified_gmt":"2018-12-05T07:31:17","slug":"marraskuu","status":"publish","type":"page","link":"https:\/\/blog.edu.turku.fi\/kerttulinlukio\/marraskuu\/","title":{"rendered":"Marraskuu"},"content":{"rendered":"<p><strong>Yritysvierailu<\/strong><\/p>\n<p><img loading=\"lazy\" decoding=\"async\" class=\"alignright size-medium wp-image-318\" src=\"https:\/\/blog.edu.turku.fi\/kerttulinlukio\/files\/2018\/12\/yritysvierailu_marraskuu-026-300x225.jpg\" alt=\"\" width=\"300\" height=\"225\" \/>YH6 taloustiedon syvent\u00e4v\u00e4ll\u00e4 kurssilla teimme yritysvierailun Turun Osuuskauppaan. Koep\u00e4iv\u00e4n\u00e4 tapasimme Radisson Blu Marina Palace hotellin edess\u00e4, josta meid\u00e4t johdatettiin kokoushuoneeseen. Hotellin ty\u00f6ntekij\u00e4 kertoi ty\u00f6nkuvastaan. Pienen esittelyn j\u00e4lkeen l\u00e4hdimme hisseill\u00e4 yl\u00f6s, jossa meille esiteltiin kolmen eri hintatyypin huonetta, joissa kaikissa oli maanl\u00e4heinen sisustus. Kalliimpien kahden hengen huoneiden varustukseen kuului poreamme ja n\u00e4kym\u00e4 Aurajoelle. Sviitti\u00e4 emme valitettavasti p\u00e4\u00e4sseet katsomaan, koska se oli varattu. Huonekierrosten j\u00e4lkeen palasimme takaisin kokoushuoneeseen, jossa saimme kakkua ja virvokkeita.<\/p>\n<p>Turun Osuuskaupan talousjohtaja Hannamari Reunanen piti meille esitelm\u00e4n valmiiksi antamiemme kysymysten pohjalta. H\u00e4n kertoi omasta polustaan talousjohtajaksi, ja mink\u00e4laisia muita reittej\u00e4 pitkin voi p\u00e4\u00e4st\u00e4 t\u00f6ihin Turun Osuuskauppaan. Talousjohtaja esitteli osuuskaupan toimintaa ja tulevaisuuden suunnitelmia. Suurimmaksi asiaksi nousi nuorten huomioiminen uusissa investoinneissa. Kuulimme Wiklundiin avattavasta uudesta kahvilasta, joka on suunniteltu opiskelijat ja nuoret mieless\u00e4. Samoin mielenkiintoiselta kuulosti tieto, ett\u00e4 Wiklundin katolle tullaan avaamaan terassi. \u00a0Talousjohtaja halusi lopuksi kuulla meilt\u00e4, mit\u00e4 haluaisimme Turun Osuuskaupalta tulevaisuudessa ja mink\u00e4lainen merkitys heid\u00e4n tarjoamillaan palveluilla on ollut el\u00e4m\u00e4\u00e4mme. T\u00e4st\u00e4 yritysvierailusta sai hyv\u00e4n k\u00e4sityksen siit\u00e4, miten Turun Osuuskauppa toimii ja millaisia tulevaisuuden suunnitelmia heill\u00e4 on.<\/p>\n<p>Niilo Kurki<\/p>\n<p><strong>Kauppatieteilij\u00e4 Ville Valkosen vierailu 20. marraskuuta<\/strong><\/p>\n<p><img loading=\"lazy\" decoding=\"async\" class=\"alignright size-medium wp-image-316\" src=\"https:\/\/blog.edu.turku.fi\/kerttulinlukio\/files\/2018\/12\/IMG_2629-300x200.jpg\" alt=\"\" width=\"300\" height=\"200\" \/>Vaurastuminen on mahdollista kaikille, kertoi kauppatieteilij\u00e4, yritt\u00e4j\u00e4 ja sijoittaja Ville Valkonen Kerttulin lukiolaisille. Valkonen aloitti esitelm\u00e4ns\u00e4 antamalla neuvoja siit\u00e4, miten oma talous saadaan hallintaan: k\u00e4yt\u00e4 pidemp\u00e4\u00e4n, osta halvemmalla ja k\u00e4yt\u00e4 v\u00e4hemm\u00e4n sek\u00e4 varaudu yll\u00e4tt\u00e4viin menoihin vararahastolla.<\/p>\n<p>Valkonen kertoi, ett\u00e4 noin kolmasosalla suomalaisista on rahahuolia ja noin viidesosalla raha hallitsee el\u00e4m\u00e4\u00e4.\u00a0 Ylivelkaantuminen on kasvava ongelma Suomessa. Ylivelkaantumisen syit\u00e4 ovat oman el\u00e4m\u00e4nhallinnan ongelmat, kuten p\u00e4ihteet, peliriippuvuus, sairastuminen tai osaamattomuus raha-asioiden hoidossa. Lis\u00e4ksi pikavippien ja kulutusluottojen aggressiivinen mainonta ja sosiaaliturvan ongelmat tukevat velkaantumista. Talousvaikeuksien ensimm\u00e4isi\u00e4 h\u00e4lytysmerkkej\u00e4 ovat esimerkiksi seuraavat: vuokra ja muut laskut maksetaan my\u00f6h\u00e4ss\u00e4 sek\u00e4 ruoka ostetaan luotolla.<\/p>\n<p>Kun oma talous on hallinnassa, eli menot on sopeutettu tuloihin, voidaan aloittaa sijoittaminen ihan pienist\u00e4 muutaman kymmenen euron summista kuukaudessa. Avaa asuntos\u00e4\u00e4st\u00f6tili, sijoita arvopapereihin tai kiinteist\u00f6ihin. Aloita pienin askelin, ota selv\u00e4\u00e4 sijoittamisesta ja muista, ett\u00e4 riski ja tuotto kulkevat k\u00e4si k\u00e4dess\u00e4. Jos haluat suurempaa tuottoa, joudut ottamaan my\u00f6s suuremman riskin, valitse erikoistumisalueesi ja hajauta. Kuukausis\u00e4\u00e4st\u00e4minen on helpoin tapa aloittaa osakesijoittaminen. Avaa pankissa arvo-osuustili ja anna ostotoimeksianto. \u201dHelppoa ja yksinkertaista\u201d ,vakuutti sijoittaja Valkonen. Lopuksi h\u00e4n suositteli kaikille ainakin seuraavan kirjan lukemista: Totuus taloudestasi (kirjoittanut Majasalmi).<\/p>\n<p>Ulla Koiranen<\/p>\n<p><strong>Vili Halava kirjoitti enn\u00e4tystuloksen yo-kirjoituksissa<\/strong><\/p>\n<p><img loading=\"lazy\" decoding=\"async\" class=\"alignright size-medium wp-image-326\" src=\"https:\/\/blog.edu.turku.fi\/kerttulinlukio\/files\/2018\/12\/Vili-300x235.jpg\" alt=\"\" width=\"300\" height=\"235\" \/>Useat eri tiedotusv\u00e4lineet uutisoivat ylioppilaskirjoitusten laudatur-menestyj\u00e4n tittelin tulleen Turkuun Kerttulin lukioon. Vili kirjoitti seitsem\u00e4n laudaturia ja yhden eximian, mik\u00e4 on todella upea saavutus. Oheisista linkeist\u00e4 p\u00e4\u00e4see lukemaan Vilin haastattelun ja katsomaan Ylen uutista aiheesta.<\/p>\n<p><a href=\"https:\/\/www.ess.fi\/uutiset\/kotimaa\/art2500079\">https:\/\/www.ess.fi\/uutiset\/kotimaa\/art2500079<\/a><\/p>\n<p><a href=\"https:\/\/yle.fi\/uutiset\/3-10516285\">https:\/\/yle.fi\/uutiset\/3-10516285<\/a><\/p>\n<p>&nbsp;<\/p>\n<p><strong><img loading=\"lazy\" decoding=\"async\" class=\"alignright size-thumbnail wp-image-272\" src=\"https:\/\/blog.edu.turku.fi\/kerttulinlukio\/files\/2018\/11\/K\u00e4r\u00e4jill\u00e4-150x150.jpg\" alt=\"\" width=\"150\" height=\"150\" \/>Vierailuja<\/strong><\/p>\n<p><span style=\"color: #000000\">O<\/span>sa\u00a0 lakitiedon ryhm\u00e4l\u00e4isist\u00e4 oli tutustumassa\u00a0 Varsinais-Suomen k\u00e4r\u00e4j\u00e4oikeuteen 19. marraskuuta.<\/p>\n<p>&nbsp;<\/p>\n<p><strong>Kerttulin ICT-lukion opiskelijat k\u00e4viv\u00e4t Raunistulan alakoulussa opettamassa bin\u00e4\u00e4rimatematiikkaa.<\/strong><\/p>\n<p><a href=\"http:\/\/www.turku.fi\/uutinen\/2018-11-12_binaarimatematiikkaa-isanpaivaksi-raunistulan-alakoulussa\">Lis\u00e4\u00e4 vierailusta voit lukea t\u00e4\u00e4lt\u00e4.<\/a><\/p>\n<p>&nbsp;<\/p>\n<p><strong>Berliini -kurssin matkap\u00e4iv\u00e4kirja 30.10. \u2013 2.11.2018\u00a0\u00a0\u00a0\u00a0\u00a0\u00a0\u00a0\u00a0\u00a0\u00a0\u00a0\u00a0\u00a0\u00a0\u00a0\u00a0\u00a0\u00a0\u00a0\u00a0\u00a0\u00a0\u00a0\u00a0\u00a0\u00a0\u00a0\u00a0\u00a0\u00a0\u00a0\u00a0\u00a0\u00a0\u00a0\u00a0\u00a0\u00a0\u00a0\u00a0\u00a0\u00a0\u00a0\u00a0\u00a0\u00a0\u00a0\u00a0\u00a0 <\/strong><\/p>\n<p>Tiistai 30.10.<br \/>\nMatka alkoi koulusta sujuvasti bussilla Helsingin suuntaan. Aikaisesta l\u00e4hd\u00f6st\u00e4 huolimatta kaikki olivat ajoissa paikalla ja koulun aamupalaev\u00e4\u00e4t maistuivat. Berliinin lentoasemalta saimme metro- ja bussikortin, Welcome cardin ja hotellille saavuimme ensimm\u00e4isen suunnistusryhm\u00e4n johdolla iltap\u00e4iv\u00e4ll\u00e4 k\u00e4ytt\u00e4en julkisia liikennev\u00e4lineit\u00e4. Hotelliin majoittumisen ja lounastauon j\u00e4lkeen tutustuimme ensimm\u00e4isiin kohteisiin. Ohjelmassa oli It\u00e4-Berliinin arkkitehtuuria, historiaa ja kiertok\u00e4vely<a href=\"https:\/\/www.visitberlin.de\/en\/alexanderplatz\"> Alexanderplatzin<\/a> tuntumassa, josta l\u00f6ytyiv\u00e4t tv-torni, Weltzeituhr eli maailmankello ja ostoskeskus Alexa.<\/p>\n<p>Keskiviikko 31.10.<br \/>\n<img loading=\"lazy\" decoding=\"async\" class=\"alignright size-medium wp-image-231\" src=\"https:\/\/blog.edu.turku.fi\/kerttulinlukio\/files\/2018\/11\/Valtiop\u00e4iv\u00e4t-300x225.jpg\" alt=\"\" width=\"300\" height=\"225\" \/>Innokkaina odotimme uutta j\u00e4nnitt\u00e4v\u00e4\u00e4 p\u00e4iv\u00e4\u00e4, niin ettemme malttaneet pysy\u00e4 p\u00f6ksyiss\u00e4mme. Ensimm\u00e4inen kohteemme oli liittop\u00e4iv\u00e4talo Reichstag ja tutustuminen Bundestagin toimintaan ja historiaan. Perusteellisesta turvatarkastuksesta selvitty\u00e4mme saimme hienon opastuksen liittop\u00e4iv\u00e4talossa. Seuraavaksi sipsuttelimme Brandenburgin portille, mutta Egyptin presidentin majoittuminen viereiseen hotelli Adloniin esti kuvien <img loading=\"lazy\" decoding=\"async\" class=\"alignright size-medium wp-image-230\" src=\"https:\/\/blog.edu.turku.fi\/kerttulinlukio\/files\/2018\/11\/Muuri-300x225.jpg\" alt=\"\" width=\"300\" height=\"225\" \/>ottamisen portin etupuolelta. Matkamme jatkui Holokaustin muistomerkille, jonka n\u00e4keminen oli pys\u00e4ytt\u00e4v\u00e4 ja koskettava kokemus. Turistikierroksemme j\u00e4lkeen saimme vapaa-aikaa lounasta ja ostoksia varten. Seuraava n\u00e4ht\u00e4vyys oli Preussin kuninkaalle Fredrik I:lle kuulunut <a href=\"https:\/\/www.visitberlin.de\/en\/charlottenburg-palace-old-palace\">Charlottenburgin linna<\/a>, jossa saimme ihastella lukuisia koristeellisia huoneita ja kaunista puutarhaa. Sitten pidimme lev\u00e4hdystauon hotellilla, jonka j\u00e4lkeen suuntasimme Berliinin muurille East Side Galleryn taideteoksia katselemaan ja nauttimaan illallista Kreuzbergiin hotellin l\u00e4heisyyteen.<\/p>\n<p>Torstai 1.11.<br \/>\n<img loading=\"lazy\" decoding=\"async\" class=\"alignright size-medium wp-image-229\" src=\"https:\/\/blog.edu.turku.fi\/kerttulinlukio\/files\/2018\/11\/Tiedemuseo-300x225.jpg\" alt=\"\" width=\"300\" height=\"225\" \/>Torstai alkoi matkalla kohti Tekniikan museota. Museosta l\u00f6ytyi valtava m\u00e4\u00e4r\u00e4 teknisi\u00e4 laitteita aina maailman ensimm\u00e4isest\u00e4 tietokoneesta lentokoneisiin ja optisiin harjoihin. Tekniikan museon j\u00e4lkeen piipahdimme Checkpoint Charliella, entisell\u00e4 It\u00e4- ja L\u00e4nsi-Berliinin v\u00e4lisell\u00e4 rajanylityspaikalla. Sielt\u00e4 suuntasimme kohti <a href=\"https:\/\/www.visitberlin.de\/de\/kaiser-wilhelm-gedaechtnis-kirche\">Ged\u00e4chtniskirche\u00e4<\/a> joka on 2. <img loading=\"lazy\" decoding=\"async\" class=\"alignright size-medium wp-image-232\" src=\"https:\/\/blog.edu.turku.fi\/kerttulinlukio\/files\/2018\/11\/Sonycenter-300x225.jpg\" alt=\"\" width=\"300\" height=\"225\" \/>maailmansodassa pahoin vaurioitunut kirkko. Sen j\u00e4lkeen oli vuorossa kaikkien odottama kolmen tunnin shoppailuhetki. K\u00e4vimme muun muassa KaDeWessa, joka on Manner-Euroopan suurin tavaratalo per\u00e4ti seitsem\u00e4ll\u00e4 kerroksellaan. Vaiherikkaan p\u00e4iv\u00e4n viimeisen\u00e4, muttei v\u00e4h\u00e4isimp\u00e4n\u00e4 kohteena oli Potsdamer Platz ja moderni Sony Center, jossa vapaa-aikaa oli tunti kahvin ja ruoan merkeiss\u00e4. Illan p\u00e4\u00e4tteeksi l\u00e4hdimme kohti hotellia jalat uupuneina, mutta mieli iloisena.<\/p>\n<p>Perjantai 2.11.<br \/>\nViimeisen p\u00e4iv\u00e4n kohokohtana oli<a href=\"https:\/\/www.ddr-museum.de\/en\"> DDR-museo<\/a>, jossa saimme kokeilla, millaista el\u00e4m\u00e4 It\u00e4-Saksassa oli. Niin tavallisen ihmisen arki kuin Stasin salaisuudetkin avautuivat uudella tavalla, kun p\u00e4\u00e4si istumaan it\u00e4saksalaisessa olohuoneessa ja vaikka kokeilemaan millaista oli olla salaisen poliisin, Stasin kuulusteltavana. Lounastauon j\u00e4lkeen p\u00e4\u00e4simme erin\u00e4isten j\u00e4nnitt\u00e4vien vaiheiden j\u00e4lkeen sopivasti lentoasemalle. Auf Wiedersehen, Deutschland!<\/p>\n<p>Teksti on kurssilaisten ryhm\u00e4ty\u00f6n tulosta.<\/p>\n","protected":false},"excerpt":{"rendered":"<p>Yritysvierailu YH6 taloustiedon syvent\u00e4v\u00e4ll\u00e4 kurssilla teimme yritysvierailun Turun Osuuskauppaan. Koep\u00e4iv\u00e4n\u00e4 tapasimme Radisson Blu Marina Palace hotellin edess\u00e4, josta meid\u00e4t johdatettiin kokoushuoneeseen. Hotellin ty\u00f6ntekij\u00e4 kertoi ty\u00f6nkuvastaan. Pienen esittelyn j\u00e4lkeen l\u00e4hdimme hisseill\u00e4 yl\u00f6s, jossa meille esiteltiin kolmen eri hintatyypin huonetta, joissa kaikissa oli maanl\u00e4heinen sisustus. Kalliimpien kahden hengen huoneiden varustukseen kuului poreamme ja n\u00e4kym\u00e4 Aurajoelle. Sviitti\u00e4 emme &hellip; <a href=\"https:\/\/blog.edu.turku.fi\/kerttulinlukio\/marraskuu\/\" class=\"more-link\">Jatka lukemista<span class=\"screen-reader-text\"> &#8221;Marraskuu&#8221;<\/span><\/a><\/p>\n","protected":false},"author":2522,"featured_media":0,"parent":0,"menu_order":0,"comment_status":"closed","ping_status":"closed","template":"","meta":{"footnotes":""},"class_list":["post-234","page","type-page","status-publish","hentry"],"_links":{"self":[{"href":"https:\/\/blog.edu.turku.fi\/kerttulinlukio\/wp-json\/wp\/v2\/pages\/234","targetHints":{"allow":["GET"]}}],"collection":[{"href":"https:\/\/blog.edu.turku.fi\/kerttulinlukio\/wp-json\/wp\/v2\/pages"}],"about":[{"href":"https:\/\/blog.edu.turku.fi\/kerttulinlukio\/wp-json\/wp\/v2\/types\/page"}],"author":[{"embeddable":true,"href":"https:\/\/blog.edu.turku.fi\/kerttulinlukio\/wp-json\/wp\/v2\/users\/2522"}],"replies":[{"embeddable":true,"href":"https:\/\/blog.edu.turku.fi\/kerttulinlukio\/wp-json\/wp\/v2\/comments?post=234"}],"version-history":[{"count":23,"href":"https:\/\/blog.edu.turku.fi\/kerttulinlukio\/wp-json\/wp\/v2\/pages\/234\/revisions"}],"predecessor-version":[{"id":327,"href":"https:\/\/blog.edu.turku.fi\/kerttulinlukio\/wp-json\/wp\/v2\/pages\/234\/revisions\/327"}],"wp:attachment":[{"href":"https:\/\/blog.edu.turku.fi\/kerttulinlukio\/wp-json\/wp\/v2\/media?parent=234"}],"curies":[{"name":"wp","href":"https:\/\/api.w.org\/{rel}","templated":true}]}}