{"id":2327,"date":"2021-12-18T10:56:20","date_gmt":"2021-12-18T08:56:20","guid":{"rendered":"https:\/\/blog.edu.turku.fi\/kerttulinlukio\/?page_id=2327"},"modified":"2021-12-18T10:56:20","modified_gmt":"2021-12-18T08:56:20","slug":"marraskuu-2021","status":"publish","type":"page","link":"https:\/\/blog.edu.turku.fi\/kerttulinlukio\/marraskuu-2021\/","title":{"rendered":"Marraskuu 2021"},"content":{"rendered":"<h1>Pullaa ja suunnistusta<\/h1>\n<p>Kakkosvuoden opiskelijoille pidettiin puoliv\u00e4lin tapahtuma ja ykk\u00f6set saivat suunnistaa Kerttulimazing-p\u00e4iv\u00e4n\u00e4 tutustuen toisiinsa samalla. Abiturientit tutustuivat et\u00e4n\u00e4 korkeakouluihin.<\/p>\n<p>Ykk\u00f6si\u00e4 ty\u00f6v\u00e4enopiston rastilla<\/p>\n<p><img loading=\"lazy\" decoding=\"async\" class=\"alignnone size-medium wp-image-2317\" src=\"https:\/\/blog.edu.turku.fi\/kerttulinlukio\/files\/2021\/12\/Amazing-sisalla-\u2013-kopio-300x225.jpg\" alt=\"\" width=\"300\" height=\"225\" srcset=\"https:\/\/blog.edu.turku.fi\/kerttulinlukio\/files\/2021\/12\/Amazing-sisalla-\u2013-kopio-300x225.jpg 300w, https:\/\/blog.edu.turku.fi\/kerttulinlukio\/files\/2021\/12\/Amazing-sisalla-\u2013-kopio.jpg 1000w\" sizes=\"auto, (max-width: 300px) 85vw, 300px\" \/> <img loading=\"lazy\" decoding=\"async\" class=\"alignnone size-medium wp-image-2318\" src=\"https:\/\/blog.edu.turku.fi\/kerttulinlukio\/files\/2021\/12\/Amazing-ulkona-\u2013-kopio-300x225.jpg\" alt=\"\" width=\"300\" height=\"225\" srcset=\"https:\/\/blog.edu.turku.fi\/kerttulinlukio\/files\/2021\/12\/Amazing-ulkona-\u2013-kopio-300x225.jpg 300w, https:\/\/blog.edu.turku.fi\/kerttulinlukio\/files\/2021\/12\/Amazing-ulkona-\u2013-kopio.jpg 1000w\" sizes=\"auto, (max-width: 300px) 85vw, 300px\" \/><\/p>\n<p>Puoliv\u00e4lin pulla marraskuun alussa<\/p>\n<p><img loading=\"lazy\" decoding=\"async\" class=\"alignnone size-medium wp-image-2314\" src=\"https:\/\/blog.edu.turku.fi\/kerttulinlukio\/files\/2021\/12\/pulla-6-225x300.jpg\" alt=\"\" width=\"225\" height=\"300\" srcset=\"https:\/\/blog.edu.turku.fi\/kerttulinlukio\/files\/2021\/12\/pulla-6-225x300.jpg 225w, https:\/\/blog.edu.turku.fi\/kerttulinlukio\/files\/2021\/12\/pulla-6.jpg 750w\" sizes=\"auto, (max-width: 225px) 85vw, 225px\" \/> <img loading=\"lazy\" decoding=\"async\" class=\"alignnone size-medium wp-image-2313\" src=\"https:\/\/blog.edu.turku.fi\/kerttulinlukio\/files\/2021\/12\/pulla-5-225x300.jpg\" alt=\"\" width=\"225\" height=\"300\" srcset=\"https:\/\/blog.edu.turku.fi\/kerttulinlukio\/files\/2021\/12\/pulla-5-225x300.jpg 225w, https:\/\/blog.edu.turku.fi\/kerttulinlukio\/files\/2021\/12\/pulla-5.jpg 750w\" sizes=\"auto, (max-width: 225px) 85vw, 225px\" \/> <img loading=\"lazy\" decoding=\"async\" class=\"alignnone size-medium wp-image-2312\" src=\"https:\/\/blog.edu.turku.fi\/kerttulinlukio\/files\/2021\/12\/pulla-4-300x225.jpg\" alt=\"\" width=\"300\" height=\"225\" srcset=\"https:\/\/blog.edu.turku.fi\/kerttulinlukio\/files\/2021\/12\/pulla-4-300x225.jpg 300w, https:\/\/blog.edu.turku.fi\/kerttulinlukio\/files\/2021\/12\/pulla-4.jpg 1000w\" sizes=\"auto, (max-width: 300px) 85vw, 300px\" \/><\/p>\n<p><img loading=\"lazy\" decoding=\"async\" class=\"alignnone size-medium wp-image-2310\" src=\"https:\/\/blog.edu.turku.fi\/kerttulinlukio\/files\/2021\/12\/pulla-2-300x225.jpg\" alt=\"\" width=\"300\" height=\"225\" srcset=\"https:\/\/blog.edu.turku.fi\/kerttulinlukio\/files\/2021\/12\/pulla-2-300x225.jpg 300w, https:\/\/blog.edu.turku.fi\/kerttulinlukio\/files\/2021\/12\/pulla-2.jpg 1000w\" sizes=\"auto, (max-width: 300px) 85vw, 300px\" \/> <img loading=\"lazy\" decoding=\"async\" class=\"alignnone size-medium wp-image-2311\" src=\"https:\/\/blog.edu.turku.fi\/kerttulinlukio\/files\/2021\/12\/pulla-3-225x300.jpg\" alt=\"\" width=\"225\" height=\"300\" srcset=\"https:\/\/blog.edu.turku.fi\/kerttulinlukio\/files\/2021\/12\/pulla-3-225x300.jpg 225w, https:\/\/blog.edu.turku.fi\/kerttulinlukio\/files\/2021\/12\/pulla-3.jpg 750w\" sizes=\"auto, (max-width: 225px) 85vw, 225px\" \/> <img loading=\"lazy\" decoding=\"async\" class=\"alignnone size-medium wp-image-2309\" src=\"https:\/\/blog.edu.turku.fi\/kerttulinlukio\/files\/2021\/12\/pulla-1-225x300.jpg\" alt=\"\" width=\"225\" height=\"300\" srcset=\"https:\/\/blog.edu.turku.fi\/kerttulinlukio\/files\/2021\/12\/pulla-1-225x300.jpg 225w, https:\/\/blog.edu.turku.fi\/kerttulinlukio\/files\/2021\/12\/pulla-1.jpg 750w\" sizes=\"auto, (max-width: 225px) 85vw, 225px\" \/><\/p>\n<p>Viikolla 45 pidettiin poistotekstiiliker\u00e4ys.<\/p>\n<p><img loading=\"lazy\" decoding=\"async\" class=\"alignnone size-medium wp-image-2255\" src=\"https:\/\/blog.edu.turku.fi\/kerttulinlukio\/files\/2021\/11\/Vaatteet-pois-225x300.jpg\" alt=\"\" width=\"225\" height=\"300\" srcset=\"https:\/\/blog.edu.turku.fi\/kerttulinlukio\/files\/2021\/11\/Vaatteet-pois-225x300.jpg 225w, https:\/\/blog.edu.turku.fi\/kerttulinlukio\/files\/2021\/11\/Vaatteet-pois.jpg 750w\" sizes=\"auto, (max-width: 225px) 85vw, 225px\" \/><\/p>\n<div id=\"Item.MessagePartBody\" class=\"_rp_T4\">\n<div id=\"Item.MessageUniqueBody\" class=\"_rp_U4 ms-font-weight-regular ms-font-color-neutralDark rpHighlightAllClass rpHighlightBodyClass\">\n<div class=\"rps_ef00\">\n<div>\n<div>\n<div dir=\"auto\">Lukiomme kakkosvuoden opiskelija Aino Kujari palkittiin valtakunnallisessa filosofian esseekirjoituskilpailussa ja tuli n\u00e4in valituksi Suomen valmennusjoukkueeseen kev\u00e4\u00e4ll\u00e4 k\u00e4yt\u00e4vi\u00e4 filosofian olympialaisia varten. Onnittelut Ainolle!<\/div>\n<\/div>\n<\/div>\n<\/div>\n<\/div>\n<\/div>\n<div class=\"_pe_d _pe_62\"><\/div>\n<p><img loading=\"lazy\" decoding=\"async\" class=\"alignnone size-medium wp-image-2328\" src=\"https:\/\/blog.edu.turku.fi\/kerttulinlukio\/files\/2021\/12\/IMG_20211118_160444314-225x300.jpg\" alt=\"\" width=\"225\" height=\"300\" srcset=\"https:\/\/blog.edu.turku.fi\/kerttulinlukio\/files\/2021\/12\/IMG_20211118_160444314-225x300.jpg 225w, https:\/\/blog.edu.turku.fi\/kerttulinlukio\/files\/2021\/12\/IMG_20211118_160444314.jpg 750w\" sizes=\"auto, (max-width: 225px) 85vw, 225px\" \/><\/p>\n<p>Op1-kurssilla Aino Aaltonen Valmennuskeskuksesta puhumassa opiskelutekniikasta ja stressist\u00e4.<\/p>\n<p><img loading=\"lazy\" decoding=\"async\" class=\"alignnone size-medium wp-image-2315\" src=\"https:\/\/blog.edu.turku.fi\/kerttulinlukio\/files\/2021\/12\/Valmennuskeskus-opon-tunnilla-169x300.jpg\" alt=\"\" width=\"169\" height=\"300\" srcset=\"https:\/\/blog.edu.turku.fi\/kerttulinlukio\/files\/2021\/12\/Valmennuskeskus-opon-tunnilla-169x300.jpg 169w, https:\/\/blog.edu.turku.fi\/kerttulinlukio\/files\/2021\/12\/Valmennuskeskus-opon-tunnilla.jpg 563w\" sizes=\"auto, (max-width: 169px) 85vw, 169px\" \/><\/p>\n<p><img loading=\"lazy\" decoding=\"async\" class=\"alignnone size-medium wp-image-2316\" src=\"https:\/\/blog.edu.turku.fi\/kerttulinlukio\/files\/2021\/12\/Korkeakouluopiskelijoita-opon-tunnilla-\u2013-kopio-300x169.jpg\" alt=\"\" width=\"300\" height=\"169\" srcset=\"https:\/\/blog.edu.turku.fi\/kerttulinlukio\/files\/2021\/12\/Korkeakouluopiskelijoita-opon-tunnilla-\u2013-kopio-300x169.jpg 300w, https:\/\/blog.edu.turku.fi\/kerttulinlukio\/files\/2021\/12\/Korkeakouluopiskelijoita-opon-tunnilla-\u2013-kopio.jpg 1000w\" sizes=\"auto, (max-width: 300px) 85vw, 300px\" \/><\/p>\n","protected":false},"excerpt":{"rendered":"<p>Pullaa ja suunnistusta Kakkosvuoden opiskelijoille pidettiin puoliv\u00e4lin tapahtuma ja ykk\u00f6set saivat suunnistaa Kerttulimazing-p\u00e4iv\u00e4n\u00e4 tutustuen toisiinsa samalla. Abiturientit tutustuivat et\u00e4n\u00e4 korkeakouluihin. Ykk\u00f6si\u00e4 ty\u00f6v\u00e4enopiston rastilla Puoliv\u00e4lin pulla marraskuun alussa Viikolla 45 pidettiin poistotekstiiliker\u00e4ys. Lukiomme kakkosvuoden opiskelija Aino Kujari palkittiin valtakunnallisessa filosofian esseekirjoituskilpailussa ja tuli n\u00e4in valituksi Suomen valmennusjoukkueeseen kev\u00e4\u00e4ll\u00e4 k\u00e4yt\u00e4vi\u00e4 filosofian olympialaisia varten. Onnittelut Ainolle! Op1-kurssilla Aino &hellip; <a href=\"https:\/\/blog.edu.turku.fi\/kerttulinlukio\/marraskuu-2021\/\" class=\"more-link\">Jatka lukemista<span class=\"screen-reader-text\"> &#8221;Marraskuu 2021&#8221;<\/span><\/a><\/p>\n","protected":false},"author":3187,"featured_media":0,"parent":0,"menu_order":0,"comment_status":"closed","ping_status":"closed","template":"","meta":{"footnotes":""},"class_list":["post-2327","page","type-page","status-publish","hentry"],"_links":{"self":[{"href":"https:\/\/blog.edu.turku.fi\/kerttulinlukio\/wp-json\/wp\/v2\/pages\/2327","targetHints":{"allow":["GET"]}}],"collection":[{"href":"https:\/\/blog.edu.turku.fi\/kerttulinlukio\/wp-json\/wp\/v2\/pages"}],"about":[{"href":"https:\/\/blog.edu.turku.fi\/kerttulinlukio\/wp-json\/wp\/v2\/types\/page"}],"author":[{"embeddable":true,"href":"https:\/\/blog.edu.turku.fi\/kerttulinlukio\/wp-json\/wp\/v2\/users\/3187"}],"replies":[{"embeddable":true,"href":"https:\/\/blog.edu.turku.fi\/kerttulinlukio\/wp-json\/wp\/v2\/comments?post=2327"}],"version-history":[{"count":2,"href":"https:\/\/blog.edu.turku.fi\/kerttulinlukio\/wp-json\/wp\/v2\/pages\/2327\/revisions"}],"predecessor-version":[{"id":2330,"href":"https:\/\/blog.edu.turku.fi\/kerttulinlukio\/wp-json\/wp\/v2\/pages\/2327\/revisions\/2330"}],"wp:attachment":[{"href":"https:\/\/blog.edu.turku.fi\/kerttulinlukio\/wp-json\/wp\/v2\/media?parent=2327"}],"curies":[{"name":"wp","href":"https:\/\/api.w.org\/{rel}","templated":true}]}}