{"id":2323,"date":"2021-12-18T10:41:06","date_gmt":"2021-12-18T08:41:06","guid":{"rendered":"https:\/\/blog.edu.turku.fi\/kerttulinlukio\/?page_id=2323"},"modified":"2021-12-18T10:41:06","modified_gmt":"2021-12-18T08:41:06","slug":"syyskuu-2021","status":"publish","type":"page","link":"https:\/\/blog.edu.turku.fi\/kerttulinlukio\/syyskuu-2021\/","title":{"rendered":"Syyskuu 2021"},"content":{"rendered":"<h1><strong>Paluu normaaliin arkeen<\/strong><\/h1>\n<p>Huolimatta koronapandemiasta t\u00e4n\u00e4 syksyn\u00e4 pystyttiin opiskelemaan l\u00e4hiopetuksessa, vaikkakin kasvomaskein.<\/p>\n<p>Ylioppilaskirjoitukset sujuivat mallikkaasti ja mahduimme kuin mahduimmekin omiin tiloihin, kun jotkut ryhm\u00e4t siirtyiv\u00e4t kirjoitusten alta v\u00e4ist\u00f6tiloihin.<\/p>\n<p>HI 5 Turun linnassa<\/p>\n<figure id=\"attachment_2321\" aria-describedby=\"caption-attachment-2321\" style=\"width: 225px\" class=\"wp-caption alignnone\"><img loading=\"lazy\" decoding=\"async\" class=\"size-medium wp-image-2321\" src=\"https:\/\/blog.edu.turku.fi\/kerttulinlukio\/files\/2021\/12\/linna-225x300.jpg\" alt=\"\" width=\"225\" height=\"300\" srcset=\"https:\/\/blog.edu.turku.fi\/kerttulinlukio\/files\/2021\/12\/linna-225x300.jpg 225w, https:\/\/blog.edu.turku.fi\/kerttulinlukio\/files\/2021\/12\/linna.jpg 240w\" sizes=\"auto, (max-width: 225px) 85vw, 225px\" \/><figcaption id=\"caption-attachment-2321\" class=\"wp-caption-text\">HI 5 vierailulla Turun linnassa<\/figcaption><\/figure>\n<p>Vierailijoita Eurooppanuorista YH3 -tunnilla<\/p>\n<p><img loading=\"lazy\" decoding=\"async\" class=\"alignnone size-medium wp-image-2319\" src=\"https:\/\/blog.edu.turku.fi\/kerttulinlukio\/files\/2021\/12\/eurooppanuoret-2-\u2013-kopio-300x225.jpg\" alt=\"\" width=\"300\" height=\"225\" srcset=\"https:\/\/blog.edu.turku.fi\/kerttulinlukio\/files\/2021\/12\/eurooppanuoret-2-\u2013-kopio-300x225.jpg 300w, https:\/\/blog.edu.turku.fi\/kerttulinlukio\/files\/2021\/12\/eurooppanuoret-2-\u2013-kopio.jpg 1000w\" sizes=\"auto, (max-width: 300px) 85vw, 300px\" \/><img loading=\"lazy\" decoding=\"async\" class=\"alignnone size-medium wp-image-2320\" src=\"https:\/\/blog.edu.turku.fi\/kerttulinlukio\/files\/2021\/12\/Eurooppanuoret-\u2013-kopio-300x225.jpg\" alt=\"\" width=\"300\" height=\"225\" srcset=\"https:\/\/blog.edu.turku.fi\/kerttulinlukio\/files\/2021\/12\/Eurooppanuoret-\u2013-kopio-300x225.jpg 300w, https:\/\/blog.edu.turku.fi\/kerttulinlukio\/files\/2021\/12\/Eurooppanuoret-\u2013-kopio.jpg 1000w\" sizes=\"auto, (max-width: 300px) 85vw, 300px\" \/><\/p>\n","protected":false},"excerpt":{"rendered":"<p>Paluu normaaliin arkeen Huolimatta koronapandemiasta t\u00e4n\u00e4 syksyn\u00e4 pystyttiin opiskelemaan l\u00e4hiopetuksessa, vaikkakin kasvomaskein. Ylioppilaskirjoitukset sujuivat mallikkaasti ja mahduimme kuin mahduimmekin omiin tiloihin, kun jotkut ryhm\u00e4t siirtyiv\u00e4t kirjoitusten alta v\u00e4ist\u00f6tiloihin. HI 5 Turun linnassa Vierailijoita Eurooppanuorista YH3 -tunnilla<\/p>\n","protected":false},"author":3187,"featured_media":0,"parent":0,"menu_order":0,"comment_status":"closed","ping_status":"closed","template":"","meta":{"footnotes":""},"class_list":["post-2323","page","type-page","status-publish","hentry"],"_links":{"self":[{"href":"https:\/\/blog.edu.turku.fi\/kerttulinlukio\/wp-json\/wp\/v2\/pages\/2323","targetHints":{"allow":["GET"]}}],"collection":[{"href":"https:\/\/blog.edu.turku.fi\/kerttulinlukio\/wp-json\/wp\/v2\/pages"}],"about":[{"href":"https:\/\/blog.edu.turku.fi\/kerttulinlukio\/wp-json\/wp\/v2\/types\/page"}],"author":[{"embeddable":true,"href":"https:\/\/blog.edu.turku.fi\/kerttulinlukio\/wp-json\/wp\/v2\/users\/3187"}],"replies":[{"embeddable":true,"href":"https:\/\/blog.edu.turku.fi\/kerttulinlukio\/wp-json\/wp\/v2\/comments?post=2323"}],"version-history":[{"count":2,"href":"https:\/\/blog.edu.turku.fi\/kerttulinlukio\/wp-json\/wp\/v2\/pages\/2323\/revisions"}],"predecessor-version":[{"id":2325,"href":"https:\/\/blog.edu.turku.fi\/kerttulinlukio\/wp-json\/wp\/v2\/pages\/2323\/revisions\/2325"}],"wp:attachment":[{"href":"https:\/\/blog.edu.turku.fi\/kerttulinlukio\/wp-json\/wp\/v2\/media?parent=2323"}],"curies":[{"name":"wp","href":"https:\/\/api.w.org\/{rel}","templated":true}]}}