{"id":2195,"date":"2021-09-09T09:40:45","date_gmt":"2021-09-09T06:40:45","guid":{"rendered":"https:\/\/blog.edu.turku.fi\/kerttulinlukio\/?page_id=2195"},"modified":"2021-09-09T09:40:45","modified_gmt":"2021-09-09T06:40:45","slug":"elokuu-2","status":"publish","type":"page","link":"https:\/\/blog.edu.turku.fi\/kerttulinlukio\/elokuu-2\/","title":{"rendered":"Elokuu"},"content":{"rendered":"<p><strong>Elokuu<\/strong><\/p>\n<p>Lukuvuosi alkoi l\u00e4hiopetuksessa keskiviikkona 11.8.2021. Oppituntien aloitus- ja loppumisajat muuttuivat hieman. Uusiksi tuntien aloitus- ja lopetusajat tulivat:<\/p>\n<ol>\n<li>8:30-9:45<\/li>\n<li>10:00 \u2013 11:15<\/li>\n<li>11:30-13:15<\/li>\n<li>13:30 \u2013 14:45<\/li>\n<li>14:50 \u2013 16:05<\/li>\n<\/ol>\n<p>Lukiolaisten liitto esitt\u00e4ytyi et\u00e4n\u00e4 ykk\u00f6sille maanantaina 16.8.2021.<\/p>\n<p>Torstaina 18.8. kolmannen vuoden opiskelijoilla, jotka olivat valinneet vanhojentanssikurssin, oli kauan odotetut vanhojen tanssit Logomossa. Tilaisuus jouduttiin talvella siirt\u00e4m\u00e4\u00e4n koronatilanteen vuoksi my\u00f6h\u00e4isemp\u00e4\u00e4n ajankohtaan.<\/p>\n<p><img loading=\"lazy\" decoding=\"async\" class=\"alignnone size-medium wp-image-2174\" src=\"https:\/\/blog.edu.turku.fi\/kerttulinlukio\/files\/2021\/08\/Tanssit-2021_-2-204x300.jpg\" alt=\"\" width=\"204\" height=\"300\" srcset=\"https:\/\/blog.edu.turku.fi\/kerttulinlukio\/files\/2021\/08\/Tanssit-2021_-2-204x300.jpg 204w, https:\/\/blog.edu.turku.fi\/kerttulinlukio\/files\/2021\/08\/Tanssit-2021_-2.jpg 680w\" sizes=\"auto, (max-width: 204px) 85vw, 204px\" \/><img loading=\"lazy\" decoding=\"async\" class=\"alignnone size-medium wp-image-2173\" src=\"https:\/\/blog.edu.turku.fi\/kerttulinlukio\/files\/2021\/08\/Tanssit-2021_-3-200x300.jpg\" alt=\"\" width=\"200\" height=\"300\" srcset=\"https:\/\/blog.edu.turku.fi\/kerttulinlukio\/files\/2021\/08\/Tanssit-2021_-3-200x300.jpg 200w, https:\/\/blog.edu.turku.fi\/kerttulinlukio\/files\/2021\/08\/Tanssit-2021_-3.jpg 666w\" sizes=\"auto, (max-width: 200px) 85vw, 200px\" \/><img loading=\"lazy\" decoding=\"async\" class=\"alignnone size-medium wp-image-2197\" src=\"https:\/\/blog.edu.turku.fi\/kerttulinlukio\/files\/2021\/09\/wanhat-2021-176x300.jpg\" alt=\"\" width=\"176\" height=\"300\" \/><\/p>\n<p><img loading=\"lazy\" decoding=\"async\" class=\" wp-image-2196 aligncenter\" src=\"https:\/\/blog.edu.turku.fi\/kerttulinlukio\/files\/2021\/09\/wanhat-2021-b-282x300.jpg\" alt=\"\" width=\"210\" height=\"223\" \/><\/p>\n<p>Perjantaina 19.8. j\u00e4rjestettiin valokuvaus, joka oli ensimm\u00e4inen Kerttulin valokuvaus sek\u00e4 ensimm\u00e4isen ett\u00e4 toisen vuoden opiskelijoille, koska koronatilanteen vuoksi kuvausta ei voitu edellisen\u00e4 lukuvuotena j\u00e4rjest\u00e4\u00e4.<\/p>\n<p>&nbsp;<\/p>\n<p>Pajatoiminta koulussa k\u00e4ynnistyi taas: tarjolla on matikkapaja ja \u00e4idinkielen paja, joissa voi saada lis\u00e4opetusta halutessaan.<\/p>\n<p>Maanantaina 30.8. ruotsin tunneille (RUB8\/RUB10 kurssi) saatiin vieraaksi kielil\u00e4hettil\u00e4s, joka kertoi omasta ruotsin kielen k\u00e4yt\u00f6st\u00e4\u00e4n ja sen oppimisesta sek\u00e4 hy\u00f6dyist\u00e4 omassa el\u00e4m\u00e4ss\u00e4\u00e4n. Lis\u00e4\u00e4 tietoa kielil\u00e4hettil\u00e4ist\u00e4: <a href=\"https:\/\/www.kielilahettilaat.fi\/\">https:\/\/www.kielilahettilaat.fi\/<\/a> .<\/p>\n<p>My\u00f6s ABI-INFO j\u00e4rjestettiin maanantaina, ja tietopakettiin voi tutustua t\u00e4\u00e4ll\u00e4:<\/p>\n<p><a href=\"https:\/\/drive.google.com\/file\/d\/157anWScpG7AvJSH4XWzwHEHj9oo1RgUV\/view?usp=sharing\">https:\/\/drive.google.com\/file\/d\/157anWScpG7AvJSH4XWzwHEHj9oo1RgUV\/view?usp=sharing<\/a><\/p>\n<p>Abiturientit pukeutuivat tiistaina 31.8. TJ100-p\u00e4iv\u00e4n kunniaksi arkisen kouluasun sijaan mafiosoiksi.<\/p>\n<p><img loading=\"lazy\" decoding=\"async\" class=\"alignnone wp-image-2198\" src=\"https:\/\/blog.edu.turku.fi\/kerttulinlukio\/files\/2021\/09\/TJ-100-2021-300x287.jpg\" alt=\"\" width=\"247\" height=\"236\" \/> <img loading=\"lazy\" decoding=\"async\" class=\"alignnone wp-image-2199\" src=\"https:\/\/blog.edu.turku.fi\/kerttulinlukio\/files\/2021\/09\/TJ-100-2021-2-225x300.jpg\" alt=\"\" width=\"179\" height=\"238\" \/> <img loading=\"lazy\" decoding=\"async\" class=\"alignnone wp-image-2200\" src=\"https:\/\/blog.edu.turku.fi\/kerttulinlukio\/files\/2021\/09\/TJ-100-2021-3-225x300.jpg\" alt=\"\" width=\"178\" height=\"239\" \/><\/p>\n","protected":false},"excerpt":{"rendered":"<p>Elokuu Lukuvuosi alkoi l\u00e4hiopetuksessa keskiviikkona 11.8.2021. Oppituntien aloitus- ja loppumisajat muuttuivat hieman. Uusiksi tuntien aloitus- ja lopetusajat tulivat: 8:30-9:45 10:00 \u2013 11:15 11:30-13:15 13:30 \u2013 14:45 14:50 \u2013 16:05 Lukiolaisten liitto esitt\u00e4ytyi et\u00e4n\u00e4 ykk\u00f6sille maanantaina 16.8.2021. Torstaina 18.8. kolmannen vuoden opiskelijoilla, jotka olivat valinneet vanhojentanssikurssin, oli kauan odotetut vanhojen tanssit Logomossa. Tilaisuus jouduttiin talvella siirt\u00e4m\u00e4\u00e4n &hellip; <a href=\"https:\/\/blog.edu.turku.fi\/kerttulinlukio\/elokuu-2\/\" class=\"more-link\">Jatka lukemista<span class=\"screen-reader-text\"> &#8221;Elokuu&#8221;<\/span><\/a><\/p>\n","protected":false},"author":1021,"featured_media":0,"parent":0,"menu_order":0,"comment_status":"closed","ping_status":"closed","template":"","meta":{"footnotes":""},"class_list":["post-2195","page","type-page","status-publish","hentry"],"_links":{"self":[{"href":"https:\/\/blog.edu.turku.fi\/kerttulinlukio\/wp-json\/wp\/v2\/pages\/2195","targetHints":{"allow":["GET"]}}],"collection":[{"href":"https:\/\/blog.edu.turku.fi\/kerttulinlukio\/wp-json\/wp\/v2\/pages"}],"about":[{"href":"https:\/\/blog.edu.turku.fi\/kerttulinlukio\/wp-json\/wp\/v2\/types\/page"}],"author":[{"embeddable":true,"href":"https:\/\/blog.edu.turku.fi\/kerttulinlukio\/wp-json\/wp\/v2\/users\/1021"}],"replies":[{"embeddable":true,"href":"https:\/\/blog.edu.turku.fi\/kerttulinlukio\/wp-json\/wp\/v2\/comments?post=2195"}],"version-history":[{"count":1,"href":"https:\/\/blog.edu.turku.fi\/kerttulinlukio\/wp-json\/wp\/v2\/pages\/2195\/revisions"}],"predecessor-version":[{"id":2201,"href":"https:\/\/blog.edu.turku.fi\/kerttulinlukio\/wp-json\/wp\/v2\/pages\/2195\/revisions\/2201"}],"wp:attachment":[{"href":"https:\/\/blog.edu.turku.fi\/kerttulinlukio\/wp-json\/wp\/v2\/media?parent=2195"}],"curies":[{"name":"wp","href":"https:\/\/api.w.org\/{rel}","templated":true}]}}