{"id":2137,"date":"2021-06-04T12:30:53","date_gmt":"2021-06-04T09:30:53","guid":{"rendered":"https:\/\/blog.edu.turku.fi\/kerttulinlukio\/?page_id=2137"},"modified":"2021-06-09T09:08:22","modified_gmt":"2021-06-09T06:08:22","slug":"toukokuu-3","status":"publish","type":"page","link":"https:\/\/blog.edu.turku.fi\/kerttulinlukio\/toukokuu-3\/","title":{"rendered":"Toukokuu ja kes\u00e4kuu"},"content":{"rendered":"<p>Toukokuussa mielikuvituksen sai p\u00e4\u00e4st\u00e4\u00e4 valloilleen ja heitt\u00e4yty\u00e4 unelmien \u2013 tai painajaisten \u2013 kes\u00e4\u00e4n! Kirjoituskilpailuun osallistujat kirjoittivat novellin, jonka aiheena oli PITK\u00c4 KUUMA KES\u00c4. Osallistujia oli runsain mitoin, kiitos kirjoittajille!<\/p>\n<p>Perjantaina 4.6. oli erikoisohjelmaa: toisen vuosikurssin opiskelijoilla oli vanhojentanssiharjoitukset ja muilla opiskelijoilla kev\u00e4\u00e4n toimintap\u00e4iv\u00e4. Toimintap\u00e4iv\u00e4\u00e4n osallistujat viettiv\u00e4t ulkoilup\u00e4iv\u00e4n patsastelun merkeiss\u00e4. <img loading=\"lazy\" decoding=\"async\" class=\"alignnone size-medium wp-image-2138\" src=\"https:\/\/blog.edu.turku.fi\/kerttulinlukio\/files\/2021\/06\/patsas.3.IMG_20210604_094810-300x225.jpg\" alt=\"\" width=\"300\" height=\"225\" srcset=\"https:\/\/blog.edu.turku.fi\/kerttulinlukio\/files\/2021\/06\/patsas.3.IMG_20210604_094810-300x225.jpg 300w, https:\/\/blog.edu.turku.fi\/kerttulinlukio\/files\/2021\/06\/patsas.3.IMG_20210604_094810.jpg 1000w\" sizes=\"auto, (max-width: 300px) 85vw, 300px\" \/><img loading=\"lazy\" decoding=\"async\" class=\"alignnone size-medium wp-image-2139\" src=\"https:\/\/blog.edu.turku.fi\/kerttulinlukio\/files\/2021\/06\/patsa-2.IMG_20210604_094905-300x225.jpg\" alt=\"\" width=\"300\" height=\"225\" srcset=\"https:\/\/blog.edu.turku.fi\/kerttulinlukio\/files\/2021\/06\/patsa-2.IMG_20210604_094905-300x225.jpg 300w, https:\/\/blog.edu.turku.fi\/kerttulinlukio\/files\/2021\/06\/patsa-2.IMG_20210604_094905.jpg 1000w\" sizes=\"auto, (max-width: 300px) 85vw, 300px\" \/><img loading=\"lazy\" decoding=\"async\" class=\"size-medium wp-image-2141 aligncenter\" src=\"https:\/\/blog.edu.turku.fi\/kerttulinlukio\/files\/2021\/06\/Patsas1.IMG_20210604_094955-300x225.jpg\" alt=\"\" width=\"300\" height=\"225\" srcset=\"https:\/\/blog.edu.turku.fi\/kerttulinlukio\/files\/2021\/06\/Patsas1.IMG_20210604_094955-300x225.jpg 300w, https:\/\/blog.edu.turku.fi\/kerttulinlukio\/files\/2021\/06\/Patsas1.IMG_20210604_094955.jpg 1000w\" sizes=\"auto, (max-width: 300px) 85vw, 300px\" \/><\/p>\n<p>Kerttulin lukiosta valmistui t\u00e4n\u00e4 kev\u00e4\u00e4n\u00e4 143 tuoretta ylioppilasta. Lakkiaiset j\u00e4rjestettiin lauantaina 5.6.2021 Logomossa. Koronarajoitusten vuoksi paikalla olivat t\u00e4ll\u00e4 kertaa vain lakitettavat ja henkil\u00f6kunta, mutta tilaisuus v\u00e4litettiin striimaten kotiv\u00e4elle ja koulutovereille.<\/p>\n<p><img loading=\"lazy\" decoding=\"async\" class=\"alignnone size-medium wp-image-2147\" src=\"https:\/\/blog.edu.turku.fi\/kerttulinlukio\/files\/2021\/06\/Ylioppilaat_2021.IMG_20210605_115858-300x225.jpg\" alt=\"\" width=\"300\" height=\"225\" srcset=\"https:\/\/blog.edu.turku.fi\/kerttulinlukio\/files\/2021\/06\/Ylioppilaat_2021.IMG_20210605_115858-300x225.jpg 300w, https:\/\/blog.edu.turku.fi\/kerttulinlukio\/files\/2021\/06\/Ylioppilaat_2021.IMG_20210605_115858.jpg 1000w\" sizes=\"auto, (max-width: 300px) 85vw, 300px\" \/><img loading=\"lazy\" decoding=\"async\" class=\"alignnone size-medium wp-image-2149\" src=\"https:\/\/blog.edu.turku.fi\/kerttulinlukio\/files\/2021\/06\/Tapsan-puhe-2021.IMG_20210605_110400-300x225.jpg\" alt=\"\" width=\"300\" height=\"225\" srcset=\"https:\/\/blog.edu.turku.fi\/kerttulinlukio\/files\/2021\/06\/Tapsan-puhe-2021.IMG_20210605_110400-300x225.jpg 300w, https:\/\/blog.edu.turku.fi\/kerttulinlukio\/files\/2021\/06\/Tapsan-puhe-2021.IMG_20210605_110400.jpg 1000w\" sizes=\"auto, (max-width: 300px) 85vw, 300px\" \/><\/p>\n<p><img loading=\"lazy\" decoding=\"async\" class=\"size-medium wp-image-2150 aligncenter\" src=\"https:\/\/blog.edu.turku.fi\/kerttulinlukio\/files\/2021\/06\/Marjon-puhe.Sieppaa-297x300.jpg\" alt=\"\" width=\"297\" height=\"300\" srcset=\"https:\/\/blog.edu.turku.fi\/kerttulinlukio\/files\/2021\/06\/Marjon-puhe.Sieppaa-297x300.jpg 297w, https:\/\/blog.edu.turku.fi\/kerttulinlukio\/files\/2021\/06\/Marjon-puhe.Sieppaa.jpg 328w\" sizes=\"auto, (max-width: 297px) 85vw, 297px\" \/><\/p>\n","protected":false},"excerpt":{"rendered":"<p>Toukokuussa mielikuvituksen sai p\u00e4\u00e4st\u00e4\u00e4 valloilleen ja heitt\u00e4yty\u00e4 unelmien \u2013 tai painajaisten \u2013 kes\u00e4\u00e4n! Kirjoituskilpailuun osallistujat kirjoittivat novellin, jonka aiheena oli PITK\u00c4 KUUMA KES\u00c4. Osallistujia oli runsain mitoin, kiitos kirjoittajille! Perjantaina 4.6. oli erikoisohjelmaa: toisen vuosikurssin opiskelijoilla oli vanhojentanssiharjoitukset ja muilla opiskelijoilla kev\u00e4\u00e4n toimintap\u00e4iv\u00e4. Toimintap\u00e4iv\u00e4\u00e4n osallistujat viettiv\u00e4t ulkoilup\u00e4iv\u00e4n patsastelun merkeiss\u00e4. Kerttulin lukiosta valmistui t\u00e4n\u00e4 kev\u00e4\u00e4n\u00e4 143 &hellip; <a href=\"https:\/\/blog.edu.turku.fi\/kerttulinlukio\/toukokuu-3\/\" class=\"more-link\">Jatka lukemista<span class=\"screen-reader-text\"> &#8221;Toukokuu ja kes\u00e4kuu&#8221;<\/span><\/a><\/p>\n","protected":false},"author":1021,"featured_media":0,"parent":0,"menu_order":0,"comment_status":"closed","ping_status":"closed","template":"","meta":{"footnotes":""},"class_list":["post-2137","page","type-page","status-publish","hentry"],"_links":{"self":[{"href":"https:\/\/blog.edu.turku.fi\/kerttulinlukio\/wp-json\/wp\/v2\/pages\/2137","targetHints":{"allow":["GET"]}}],"collection":[{"href":"https:\/\/blog.edu.turku.fi\/kerttulinlukio\/wp-json\/wp\/v2\/pages"}],"about":[{"href":"https:\/\/blog.edu.turku.fi\/kerttulinlukio\/wp-json\/wp\/v2\/types\/page"}],"author":[{"embeddable":true,"href":"https:\/\/blog.edu.turku.fi\/kerttulinlukio\/wp-json\/wp\/v2\/users\/1021"}],"replies":[{"embeddable":true,"href":"https:\/\/blog.edu.turku.fi\/kerttulinlukio\/wp-json\/wp\/v2\/comments?post=2137"}],"version-history":[{"count":5,"href":"https:\/\/blog.edu.turku.fi\/kerttulinlukio\/wp-json\/wp\/v2\/pages\/2137\/revisions"}],"predecessor-version":[{"id":2151,"href":"https:\/\/blog.edu.turku.fi\/kerttulinlukio\/wp-json\/wp\/v2\/pages\/2137\/revisions\/2151"}],"wp:attachment":[{"href":"https:\/\/blog.edu.turku.fi\/kerttulinlukio\/wp-json\/wp\/v2\/media?parent=2137"}],"curies":[{"name":"wp","href":"https:\/\/api.w.org\/{rel}","templated":true}]}}