{"id":2011,"date":"2021-02-09T13:17:38","date_gmt":"2021-02-09T11:17:38","guid":{"rendered":"https:\/\/blog.edu.turku.fi\/kerttulinlukio\/?page_id=2011"},"modified":"2021-02-09T13:17:38","modified_gmt":"2021-02-09T11:17:38","slug":"tammikuu-5","status":"publish","type":"page","link":"https:\/\/blog.edu.turku.fi\/kerttulinlukio\/tammikuu-5\/","title":{"rendered":"Tammikuu"},"content":{"rendered":"<p>Kev\u00e4tlukukausi alkoi torstaina 7.1. Tammikuussa opiskelu jatkui et\u00e4opetuksena lukuun ottamatta uusinta- ja korotuskoetta ja abiturienttien kertauskursseja.<\/p>\n<p>Abiturienttien kertauskurssit j\u00e4rjestettiin hybridiopetuksena: opettaja oli paikalla luokassa ja piti oppitunnin l\u00e4hiopetuksessa v\u00e4litt\u00e4en sen my\u00f6s samalla mahdollisesti et\u00e4n\u00e4 kurssilla mukana oleville. Et\u00e4osallistuminen oli opiskelijoiden keskuudessa suositumpi valinta.<\/p>\n<p>&nbsp;<\/p>\n<h1>KERTTULIN LUKIOLAISET VAPAAEHTOISTY\u00d6SS\u00c4 OPERAATIO RUOKAKASSISSA JA VAATEAPU KARDEROOPISSA<\/h1>\n<h5><strong>\u00a0<\/strong><\/h5>\n<p>Lukion ty\u00f6el\u00e4m\u00e4kumppanit \u00a0\u2013hanke k\u00e4ynnistyi syksyll\u00e4 2020 Kerttulin lukiossa varsin reippaasti. Olimme kev\u00e4\u00e4ll\u00e4 kartoittaneet Turun seudun vapaaehtoisty\u00f6toimijoita, mutta koronarajoitusten takia kaikki vierailut, muun muassa Vaateapu Karderoopiin ja Kerttulin vanhainkotiin peruuntuivat. Heti syyslukukauden alussa aloimme viritell\u00e4 uudella innolla aikaisempia projektejamme. T\u00e4m\u00e4n lis\u00e4ksi halusimme mietti\u00e4 my\u00f6s varasuunnitelmia, jos aikaisemmat yhteisty\u00f6tahot eiv\u00e4t olisi pystyneet olemaan en\u00e4\u00e4 mukana. Saimmekin nopeasti yhteyden uuteen kontaktiin, Operaatio Ruokakassiin, jossa yhteysty\u00f6kumppanimme Tarja Toivola toivotti meid\u00e4t tervetulleeksi s\u00e4hk\u00f6postiviestiss\u00e4\u00e4n.<\/p>\n<p><em>\u201dOlette l\u00e4mpim\u00e4sti tervetulleita ja opiskelijat p\u00e4\u00e4sev\u00e4t osaltaan t\u00e4rke\u00e4ksi lenkiksi ruoka-aputy\u00f6h\u00f6n, jotta elintarvikkeet kulkeutuvat lahjoittajilta ruokakassien saajille. Ty\u00f6, jota teemme, on \u00e4\u00e4rett\u00f6m\u00e4n t\u00e4rke\u00e4\u00e4, koska ruokakassien saajien m\u00e4\u00e4r\u00e4 on jatkuvasti kasvusuunnassa.\u201d<\/em><\/p>\n<p>Monilla oppitunneilla puhumme sosioekonomisen aseman sek\u00e4 k\u00f6yhyyden vaikutuksesta ihmisten el\u00e4m\u00e4\u00e4n ja mietimme yhdess\u00e4 opiskelijoiden kanssa, miten yhteiskunta tai yksil\u00f6 voisi auttaa heikommassa asemassa olevia l\u00e4himm\u00e4isi\u00e4\u00e4n. Pelk\u00e4n keskustelun lis\u00e4ksi me ty\u00f6el\u00e4m\u00e4hankkeessa mukana olevat opettajat halusimme konkreettisesti vied\u00e4 opiskelijoita tutustumaan kolmannen sektorin toimijoihin. Hyv\u00e4ntekev\u00e4isyysj\u00e4rjest\u00f6 Operaatio Ruokakassissa ja Vaateapu Karderoopissa meid\u00e4t otettiin syd\u00e4mellisesti vastaan koronarajoituksista huolimatta. Ehtona oli, ett\u00e4 tulisimme paikalle tervein\u00e4 ja maksimissaan 10 hengen ryhmiss\u00e4, sill\u00e4 esimerkiksi Operaatio Ruokakassin ruuanjakelu v\u00e4h\u00e4varaisille riippuu siit\u00e4, ovatko heid\u00e4n omat vapaaehtoisty\u00f6ntekij\u00e4ns\u00e4 terveit\u00e4.<\/p>\n<figure id=\"attachment_1989\" aria-describedby=\"caption-attachment-1989\" style=\"width: 250px\" class=\"wp-caption alignright\"><img loading=\"lazy\" decoding=\"async\" class=\"size-medium wp-image-1989\" src=\"https:\/\/blog.edu.turku.fi\/kerttulinlukio\/files\/2021\/02\/Ruokakassi.20210116_192344-768x922-1-250x300.jpg\" alt=\"\" width=\"250\" height=\"300\" \/><figcaption id=\"caption-attachment-1989\" class=\"wp-caption-text\">Ensimm\u00e4isen ty\u00f6p\u00e4iv\u00e4n j\u00e4lkeen Operaatio Ruokakassin lastauslaiturilla, kuvassa Iida Mett\u00e4l\u00e4, Onni Saarinen, varastoesimies Kaj Toivola, opettaja Tiina Saarinen, Iris Laineste, Tiia Lempinen ja Sanni Luntamo.<\/figcaption><\/figure>\n<p><u>Operaatio Ruokakassin\u00a0<\/u>tilat sijaitsevat AGA:n entisess\u00e4, vanhassa rakennuksessa Akselintie 16:ssa, ja ensimm\u00e4isen\u00e4 haasteena opiskelijoilla olikin l\u00f6yt\u00e4\u00e4 perille Iso-Heikkil\u00e4\u00e4n ja siell\u00e4 oikeaan tehdasrakennukseen sis\u00e4lle. Marraskuisen vierailumme aluksi toiminnanjohtaja Jari Niemel\u00e4 esitteli lukiolaisille Operaatio Ruokakassin toimintaa, jonka p\u00e4\u00e4asiallisena teht\u00e4v\u00e4n\u00e4 on hankkia ja toimittaa ruokaa sek\u00e4 hygieniatuotteita\u00a0j\u00e4senj\u00e4rjest\u00f6jen kautta v\u00e4h\u00e4varaisille ihmisille. Esittelyn j\u00e4lkeen opiskelijat p\u00e4\u00e4siv\u00e4t tositoimiin. T\u00e4ll\u00e4 kerralla ruokakassiin pussitettiin jouluyll\u00e4tyksen\u00e4 suklaakonvehteja. Yksi mukana olleista Kerttulin lukion opiskelijoista, Tiia Lempinen, kuvaa\u00a0osallistumistaan Operaatio Ruokakassiin seuraavasti:<\/p>\n<p><em>\u201cEnsin meille esiteltiin Operaatio Ruokakassin toimintaa ja kerrottiin, miten ja mist\u00e4 he saavat ruokaa jaettavaksi. He my\u00f6s kertoivat, ett\u00e4 heid\u00e4n ruuanjakotilaisuuksiinsa osallistuu jopa monia tuhansia ruoan tarpeessa olevia ihmisi\u00e4. Meid\u00e4n hommaksi tuli pussittaa Fazerin paperip\u00e4\u00e4llysteisi\u00e4 suklaita pieniin pusseihin. Homma eteni vauhdilla ja noin tunnissa saimme lavallisen suklaita pussitettua. Sen j\u00e4lkeen k\u00e4vimme sy\u00f6m\u00e4ss\u00e4 ruokalassa, jossa siell\u00e4 ty\u00f6skentelev\u00e4t kokit olivat valmistaneet meille ison valikoiman erilaisia ruokia. J\u00e4lkiruuaksi meille tarjottiin kakkua. Kokemus oli oikein mukava ja olisin voinut pussittaa suklaita kauemminkin, kun vauhtiin p\u00e4\u00e4si. Mielest\u00e4ni oli kiva kuulla hyv\u00e4ntekev\u00e4isyys- toiminnasta, joka samalla v\u00e4hent\u00e4\u00e4 my\u00f6s ruokah\u00e4vikki\u00e4.\u201d<\/em><\/p>\n<p>Uskonnon kurssilaiset (Ue2) tekiv\u00e4t marraskuun lopussa arviointiviikolla kokeen sijasta tutustumisk\u00e4ynnin Turun ja Kaarinan seurakuntayhtym\u00e4n yll\u00e4pit\u00e4m\u00e4\u00e4n Vaateapu Karderoopiin Turun Ispoisiin, tarkemmin Kaarlentie 2:een. Opiskelijat jakaantuivat aamu- ja iltap\u00e4iv\u00e4ryhmiin, mik\u00e4 mahdollisti tutustumisen lis\u00e4ksi my\u00f6s aktiivisen osallistumisen vierailupaikan arjen askareisiin, kuten vaatteiden lajitteluun, niiden pesuun ja silitt\u00e4miseen. Korona-aika huomioiden opiskelijat p\u00e4\u00e4siv\u00e4t my\u00f6s ompelemaan kangasmaskeja. Opiskelijoita opastivat p\u00e4iv\u00e4n aikana toiminnanohjaaja Niina Torikka ja yksi nuori vapaaehtoisty\u00f6ntekij\u00e4.<\/p>\n<figure id=\"attachment_1990\" aria-describedby=\"caption-attachment-1990\" style=\"width: 225px\" class=\"wp-caption aligncenter\"><img loading=\"lazy\" decoding=\"async\" class=\"size-medium wp-image-1990\" src=\"https:\/\/blog.edu.turku.fi\/kerttulinlukio\/files\/2021\/02\/Kangasmaski-Karderoopi-225x300.jpg\" alt=\"\" width=\"225\" height=\"300\" srcset=\"https:\/\/blog.edu.turku.fi\/kerttulinlukio\/files\/2021\/02\/Kangasmaski-Karderoopi-225x300.jpg 225w, https:\/\/blog.edu.turku.fi\/kerttulinlukio\/files\/2021\/02\/Kangasmaski-Karderoopi.jpg 586w\" sizes=\"auto, (max-width: 225px) 85vw, 225px\" \/><figcaption id=\"caption-attachment-1990\" class=\"wp-caption-text\">Kangasmaskit valmistuivat k\u00e4den k\u00e4\u00e4nteess\u00e4<br \/>Karderoopin vapaaehtoisty\u00f6ntekij\u00e4n opastuksella.<\/figcaption><\/figure>\n<p>Sini Taneli,\u00a0 uskonnon ja filosofian opettaja\u00a0\u00a0\u00a0\u00a0\u00a0\u00a0\u00a0\u00a0\u00a0\u00a0\u00a0\u00a0\u00a0\u00a0\u00a0\u00a0\u00a0\u00a0\u00a0\u00a0\u00a0\u00a0\u00a0\u00a0\u00a0\u00a0\u00a0\u00a0\u00a0\u00a0\u00a0\u00a0\u00a0\u00a0\u00a0\u00a0 ,\u00a0 \u00a0 \u00a0 \u00a0 \u00a0 \u00a0 \u00a0 \u00a0 \u00a0 \u00a0 \u00a0 \u00a0 \u00a0 \u00a0 \u00a0 \u00a0 \u00a0 \u00a0 \u00a0 \u00a0 \u00a0 \u00a0 \u00a0 \u00a0 Tiina Saarinen, psykologian ja terveystiedon opettaja<\/p>\n<p>Kerttulin lukio, Turku<\/p>\n","protected":false},"excerpt":{"rendered":"<p>Kev\u00e4tlukukausi alkoi torstaina 7.1. Tammikuussa opiskelu jatkui et\u00e4opetuksena lukuun ottamatta uusinta- ja korotuskoetta ja abiturienttien kertauskursseja. Abiturienttien kertauskurssit j\u00e4rjestettiin hybridiopetuksena: opettaja oli paikalla luokassa ja piti oppitunnin l\u00e4hiopetuksessa v\u00e4litt\u00e4en sen my\u00f6s samalla mahdollisesti et\u00e4n\u00e4 kurssilla mukana oleville. Et\u00e4osallistuminen oli opiskelijoiden keskuudessa suositumpi valinta. &nbsp; KERTTULIN LUKIOLAISET VAPAAEHTOISTY\u00d6SS\u00c4 OPERAATIO RUOKAKASSISSA JA VAATEAPU KARDEROOPISSA \u00a0 Lukion ty\u00f6el\u00e4m\u00e4kumppanit &hellip; <a href=\"https:\/\/blog.edu.turku.fi\/kerttulinlukio\/tammikuu-5\/\" class=\"more-link\">Jatka lukemista<span class=\"screen-reader-text\"> &#8221;Tammikuu&#8221;<\/span><\/a><\/p>\n","protected":false},"author":1021,"featured_media":0,"parent":0,"menu_order":0,"comment_status":"closed","ping_status":"closed","template":"","meta":{"footnotes":""},"class_list":["post-2011","page","type-page","status-publish","hentry"],"_links":{"self":[{"href":"https:\/\/blog.edu.turku.fi\/kerttulinlukio\/wp-json\/wp\/v2\/pages\/2011","targetHints":{"allow":["GET"]}}],"collection":[{"href":"https:\/\/blog.edu.turku.fi\/kerttulinlukio\/wp-json\/wp\/v2\/pages"}],"about":[{"href":"https:\/\/blog.edu.turku.fi\/kerttulinlukio\/wp-json\/wp\/v2\/types\/page"}],"author":[{"embeddable":true,"href":"https:\/\/blog.edu.turku.fi\/kerttulinlukio\/wp-json\/wp\/v2\/users\/1021"}],"replies":[{"embeddable":true,"href":"https:\/\/blog.edu.turku.fi\/kerttulinlukio\/wp-json\/wp\/v2\/comments?post=2011"}],"version-history":[{"count":2,"href":"https:\/\/blog.edu.turku.fi\/kerttulinlukio\/wp-json\/wp\/v2\/pages\/2011\/revisions"}],"predecessor-version":[{"id":2013,"href":"https:\/\/blog.edu.turku.fi\/kerttulinlukio\/wp-json\/wp\/v2\/pages\/2011\/revisions\/2013"}],"wp:attachment":[{"href":"https:\/\/blog.edu.turku.fi\/kerttulinlukio\/wp-json\/wp\/v2\/media?parent=2011"}],"curies":[{"name":"wp","href":"https:\/\/api.w.org\/{rel}","templated":true}]}}