{"id":2,"date":"2018-09-13T13:03:39","date_gmt":"2018-09-13T10:03:39","guid":{"rendered":"https:\/\/blog.edu.turku.fi\/kerttulinlukio\/?page_id=2"},"modified":"2019-08-06T14:35:06","modified_gmt":"2019-08-06T11:35:06","slug":"esimerkkisivu","status":"publish","type":"page","link":"https:\/\/blog.edu.turku.fi\/kerttulinlukio\/esimerkkisivu\/","title":{"rendered":"Kerttulin lukio"},"content":{"rendered":"<p><img loading=\"lazy\" decoding=\"async\" class=\"alignright size-thumbnail wp-image-30\" src=\"https:\/\/blog.edu.turku.fi\/kerttulinlukio\/files\/2018\/09\/kerttulin_lukio-150x150.jpg\" alt=\"\" width=\"150\" height=\"150\" \/>Kerttulin lukio on yleislukio, ICT-lukio ja urheilukio. Lukiomme sijaitsee Kaarinankadulla Turussa ja koulurakennus on per\u00e4isin vuodelta 1912. Vanhan koulun tunnelma yhdistettyn\u00e4 uudenaikaiseen tekniikkaan tekee lukiostamme erinomaisen paikan opiskella. Opiskelijoita Kerttulissa on t\u00e4ll\u00e4 hetkell\u00e4 600.<\/p>\n<p><img loading=\"lazy\" decoding=\"async\" class=\"alignright size-medium wp-image-75\" src=\"https:\/\/blog.edu.turku.fi\/kerttulinlukio\/files\/2018\/10\/yritys_1-300x201.jpg\" alt=\"\" width=\"300\" height=\"201\" \/>Lukio alkoi viime syksyn\u00e4 10.8. perjantaina, jolloin uudet ykk\u00f6set saapuivat ensimm\u00e4isin\u00e4 opiskelijoista kouluun. Tunnelma salissa tihkui samaa j\u00e4nnityst\u00e4 kuin aikanaan alakoulun alkaessa.<\/p>\n<p>T\u00e4n\u00e4 vuonna aloitamme hieman aiemmin, lukio alkaa jo torstaina 8.8.<\/p>\n","protected":false},"excerpt":{"rendered":"<p>Kerttulin lukio on yleislukio, ICT-lukio ja urheilukio. Lukiomme sijaitsee Kaarinankadulla Turussa ja koulurakennus on per\u00e4isin vuodelta 1912. Vanhan koulun tunnelma yhdistettyn\u00e4 uudenaikaiseen tekniikkaan tekee lukiostamme erinomaisen paikan opiskella. Opiskelijoita Kerttulissa on t\u00e4ll\u00e4 hetkell\u00e4 600. Lukio alkoi viime syksyn\u00e4 10.8. perjantaina, jolloin uudet ykk\u00f6set saapuivat ensimm\u00e4isin\u00e4 opiskelijoista kouluun. Tunnelma salissa tihkui samaa j\u00e4nnityst\u00e4 kuin aikanaan alakoulun &hellip; <a href=\"https:\/\/blog.edu.turku.fi\/kerttulinlukio\/esimerkkisivu\/\" class=\"more-link\">Jatka lukemista<span class=\"screen-reader-text\"> &#8221;Kerttulin lukio&#8221;<\/span><\/a><\/p>\n","protected":false},"author":2522,"featured_media":0,"parent":0,"menu_order":1,"comment_status":"closed","ping_status":"open","template":"","meta":{"footnotes":""},"class_list":["post-2","page","type-page","status-publish","hentry"],"_links":{"self":[{"href":"https:\/\/blog.edu.turku.fi\/kerttulinlukio\/wp-json\/wp\/v2\/pages\/2","targetHints":{"allow":["GET"]}}],"collection":[{"href":"https:\/\/blog.edu.turku.fi\/kerttulinlukio\/wp-json\/wp\/v2\/pages"}],"about":[{"href":"https:\/\/blog.edu.turku.fi\/kerttulinlukio\/wp-json\/wp\/v2\/types\/page"}],"author":[{"embeddable":true,"href":"https:\/\/blog.edu.turku.fi\/kerttulinlukio\/wp-json\/wp\/v2\/users\/2522"}],"replies":[{"embeddable":true,"href":"https:\/\/blog.edu.turku.fi\/kerttulinlukio\/wp-json\/wp\/v2\/comments?post=2"}],"version-history":[{"count":7,"href":"https:\/\/blog.edu.turku.fi\/kerttulinlukio\/wp-json\/wp\/v2\/pages\/2\/revisions"}],"predecessor-version":[{"id":947,"href":"https:\/\/blog.edu.turku.fi\/kerttulinlukio\/wp-json\/wp\/v2\/pages\/2\/revisions\/947"}],"wp:attachment":[{"href":"https:\/\/blog.edu.turku.fi\/kerttulinlukio\/wp-json\/wp\/v2\/media?parent=2"}],"curies":[{"name":"wp","href":"https:\/\/api.w.org\/{rel}","templated":true}]}}