{"id":197,"date":"2018-11-06T15:00:49","date_gmt":"2018-11-06T13:00:49","guid":{"rendered":"https:\/\/blog.edu.turku.fi\/kerttulinlukio\/?page_id=197"},"modified":"2019-05-20T14:47:58","modified_gmt":"2019-05-20T11:47:58","slug":"urheilua","status":"publish","type":"page","link":"https:\/\/blog.edu.turku.fi\/kerttulinlukio\/urheilua\/","title":{"rendered":"Urheilua"},"content":{"rendered":"<p><strong>Salibandyn U19 MM-kisamatka<\/strong><\/p>\n<p><img loading=\"lazy\" decoding=\"async\" class=\"alignright size-medium wp-image-848\" src=\"https:\/\/blog.edu.turku.fi\/kerttulinlukio\/files\/2019\/05\/Halifaxpt2-300x225.jpg\" alt=\"\" width=\"300\" height=\"225\" srcset=\"https:\/\/blog.edu.turku.fi\/kerttulinlukio\/files\/2019\/05\/Halifaxpt2-300x225.jpg 300w, https:\/\/blog.edu.turku.fi\/kerttulinlukio\/files\/2019\/05\/Halifaxpt2.jpg 1000w\" sizes=\"auto, (max-width: 300px) 85vw, 300px\" \/>Alle 19-vuotiaiden MM-turnaus pelattiin 8.-12.5.2019 Kanadan Halifaxissa.<\/p>\n<p>Saavuimme Halifaxiin nelj\u00e4 p\u00e4iv\u00e4\u00e4 ennen turnausta, jotta ehtisimme sopeutua aikaeroon. Siin\u00e4 samalla j\u00e4i aikaa kierrell\u00e4 joukkueen kanssa tutkimassa Halifaxin katujen n\u00e4ht\u00e4vyyksi\u00e4.<\/p>\n<p>Paikallinen n\u00e4ht\u00e4vyys oli my\u00f6s j\u00e4\u00e4kiekkojoukkue Halifax Mooseheadsin kotiottelu. <img loading=\"lazy\" decoding=\"async\" class=\"alignright size-medium wp-image-849\" src=\"https:\/\/blog.edu.turku.fi\/kerttulinlukio\/files\/2019\/05\/IMG_2540-225x300.jpeg\" alt=\"\" width=\"225\" height=\"300\" srcset=\"https:\/\/blog.edu.turku.fi\/kerttulinlukio\/files\/2019\/05\/IMG_2540-225x300.jpeg 225w, https:\/\/blog.edu.turku.fi\/kerttulinlukio\/files\/2019\/05\/IMG_2540.jpeg 750w\" sizes=\"auto, (max-width: 225px) 85vw, 225px\" \/>Moosehaeads pelasi parhaillaan QMJHL:n finaalisarjaa ja p\u00e4\u00e4simme nauttimaan ottelun huikeasta tunnelmasta.<\/p>\n<p>Paikalliset ihmiset vaikuttivat hyvin yst\u00e4v\u00e4llisilt\u00e4 tervehtiess\u00e4\u00e4n meit\u00e4 kaduilla. Usein he my\u00f6s pys\u00e4htyiv\u00e4t esitt\u00e4m\u00e4\u00e4n meille kysymyksi\u00e4 salibandyst\u00e4, joka on heille viel\u00e4 melko tuntematon laji.<\/p>\n<p><img loading=\"lazy\" decoding=\"async\" class=\"size-medium wp-image-852 alignleft\" src=\"https:\/\/blog.edu.turku.fi\/kerttulinlukio\/files\/2019\/05\/Maalilla-300x202.jpeg\" alt=\"\" width=\"300\" height=\"202\" srcset=\"https:\/\/blog.edu.turku.fi\/kerttulinlukio\/files\/2019\/05\/Maalilla-300x202.jpeg 300w, https:\/\/blog.edu.turku.fi\/kerttulinlukio\/files\/2019\/05\/Maalilla.jpeg 1000w\" sizes=\"auto, (max-width: 300px) 85vw, 300px\" \/><\/p>\n<p>&nbsp;<\/p>\n<p>&nbsp;<\/p>\n<p>Varsinaiset pelit pelattiin Zatzman sportlex -areenalla. Pelialustan heikkoon kuntoon oli aluksi totuttelemista. Alkulohkossa voitimme Sveitsin, Norjan ja Latvian, jonka j\u00e4lkeen l\u00e4hdimme v\u00e4lier\u00e4\u00e4n lohkoykk\u00f6sen\u00e4.<\/p>\n<p>V\u00e4lier\u00e4ss\u00e4 Ruotsi oli kovempi, joten turnaus jatkui pronssipeliin.<\/p>\n<p><img loading=\"lazy\" decoding=\"async\" class=\"size-medium wp-image-850 alignleft\" src=\"https:\/\/blog.edu.turku.fi\/kerttulinlukio\/files\/2019\/05\/Joukkuekuva-300x239.jpeg\" alt=\"\" width=\"300\" height=\"239\" srcset=\"https:\/\/blog.edu.turku.fi\/kerttulinlukio\/files\/2019\/05\/Joukkuekuva-300x239.jpeg 300w, https:\/\/blog.edu.turku.fi\/kerttulinlukio\/files\/2019\/05\/Joukkuekuva.jpeg 745w\" sizes=\"auto, (max-width: 300px) 85vw, 300px\" \/> <img loading=\"lazy\" decoding=\"async\" class=\"size-medium wp-image-851 alignnone\" src=\"https:\/\/blog.edu.turku.fi\/kerttulinlukio\/files\/2019\/05\/Kolmikko-225x300.jpg\" alt=\"\" width=\"225\" height=\"300\" srcset=\"https:\/\/blog.edu.turku.fi\/kerttulinlukio\/files\/2019\/05\/Kolmikko-225x300.jpg 225w, https:\/\/blog.edu.turku.fi\/kerttulinlukio\/files\/2019\/05\/Kolmikko.jpg 768w\" sizes=\"auto, (max-width: 225px) 85vw, 225px\" \/>\u00c4itienp\u00e4iv\u00e4n\u00e4 pelatusta viimeisest\u00e4 ottelusta Sveitsi\u00e4 vastaan oli tuloksena voitto ja n\u00e4in ollen turnauksesta salibandyn alle 19-vuotiaiden MM pronssia.<\/p>\n<p>Matka oli meille ikimuistoinen kokemus ja se oli hienoa jakaa upean joukkueen kanssa.<\/p>\n<p>Teksti ja kuvat: Juuso Varjokumpu ja Jasper Juuti<\/p>\n<p>&nbsp;<\/p>\n<p><strong>Kaukalopallon mestaruus Kerttuliin<\/strong><\/p>\n<p>Maanantaina 28.1. ratkottiin poikien lukioiden v\u00e4linen kaukalopallomestaruus Parkin kent\u00e4ll\u00e4. Kovasta pakkasesta ja tuulesta huolimatta Kerttulin pieni, mutta taidokas joukkue vei mestaruuden upeasti.<\/p>\n<p><img loading=\"lazy\" decoding=\"async\" class=\"alignright size-medium wp-image-479\" src=\"https:\/\/blog.edu.turku.fi\/kerttulinlukio\/files\/2019\/01\/pelurit-300x225.jpg\" alt=\"\" width=\"300\" height=\"225\" \/>Ensimm\u00e4inen peli viime vuoden mestaria TSYK:i\u00e4 vastaan vietiin yhdell\u00e4 maalilla 4-3 ja kaksi muuta peli\u00e4 Katerdralskolania ja Luostarivuoren lyseota vastaan vietiin jo selv\u00e4sti. Kiertopalkinto p\u00e4\u00e4tyi ansaitusti Kerttuliin. Joukkueessa olivat mukana\u200b: Henrik Hiltunen, Roni Hietakangas, Elias Lampi, Aaro Leinonen, Verner Perkkola, Elias Pihala, Elias Ruohom\u00e4ki, Lauri Saarni ja Jani-Petteri Ylik\u00e4nn\u00f6.<\/p>\n<p>&nbsp;<\/p>\n<p><strong>Kerttuli voitti Turun lukioiden sekakoristurnauksen<\/strong><\/p>\n<p><img loading=\"lazy\" decoding=\"async\" class=\"size-medium wp-image-370 alignnone\" src=\"https:\/\/blog.edu.turku.fi\/kerttulinlukio\/files\/2018\/12\/Koris3-225x300.jpg\" alt=\"\" width=\"225\" height=\"300\" \/><img loading=\"lazy\" decoding=\"async\" class=\"size-medium wp-image-368 alignnone\" src=\"https:\/\/blog.edu.turku.fi\/kerttulinlukio\/files\/2018\/12\/Koris-225x300.jpg\" alt=\"\" width=\"225\" height=\"300\" \/><\/p>\n<p>&nbsp;<\/p>\n<p><strong>Onnea salibandyn mestareille!<\/strong><\/p>\n<p><img loading=\"lazy\" decoding=\"async\" class=\"size-medium wp-image-287 alignleft\" src=\"https:\/\/blog.edu.turku.fi\/kerttulinlukio\/files\/2018\/11\/68e5e48d-4400-42f3-bf32-3c566fb81cc7-300x225.jpg\" alt=\"\" width=\"300\" height=\"225\" \/><\/p>\n<p>&nbsp;<\/p>\n<p>Kerttulin lukion joukkue voitti poikien sarjan turnauksessa.<\/p>\n<p>&nbsp;<\/p>\n<p>&nbsp;<\/p>\n<p><strong>\u00a0 \u00a0 \u00a0 \u00a0 \u00a0 \u00a0 \u00a0 \u00a0 \u00a0<\/strong><\/p>\n<p><strong>Uimareille menestyst\u00e4<\/strong><\/p>\n<p>Uinnin SM-kilpailuista tuli upeita tuloksia Kerttulin uimareille.\u00a0 Roope Paatos (Raision Urheilijat) voitti nuorten ja aikuisten mestaruudet 800m ja 1500m vapaauinnissa lyhyell\u00e4 radalla. Otto Rannikko (\u00c5SK) voitti aikuisten SM-kultaa 200m vapaauinnista. Joukkue Anna Vira, Anniina Kallio, Rebekka Luoto ja Olivia Weuro (Raision Urheilijat) ui nuorten (17v) Suomen enn\u00e4tyksen 4x100m vapaauintiviestiss\u00e4. Aikuisissa joukkue ylsi pronssille. Joukkue Eemil Hanski, Ossi Oksa, Wilhem Suominen ja Otto Rannikko (\u00c5SK) voittivat pronssia miesten sekaviestiss\u00e4.<\/p>\n<p><strong><img loading=\"lazy\" decoding=\"async\" class=\"alignright size-thumbnail wp-image-270\" src=\"https:\/\/blog.edu.turku.fi\/kerttulinlukio\/files\/2018\/11\/TeemuR-150x150.jpg\" alt=\"\" width=\"150\" height=\"150\" \/>Teemu Rannikko vierailemassa<\/strong><\/p>\n<p>Susijengin legenda Teemu Rannikko k\u00e4vi urheiluakatemian vieraana t\u00e4ll\u00e4 viikolla. Nimikirjoitusten jakamisen lis\u00e4ksi Salon Vilppaan takamies ehti kertoa mm. omista kouluajoistaan sek\u00e4 mieleenpainuvimmista muistoista t\u00e4h\u00e4nastisella urallaan.<\/p>\n<p><strong>Uruguayssa pelataan FIFA:n U17-tytt\u00f6jen MM-lopputurnaus 13.11.-1.12. Suomen joukkueessa ovat mukana TSUA:n Anna Koivunen ja Julia Sainio. Alla tytt\u00f6jen ennakkofiiliksi\u00e4 tulevasta turnauksesta.<\/strong><\/p>\n<p><strong>Kerro lyhyesti itsest\u00e4si?<\/strong><\/p>\n<p><strong><img loading=\"lazy\" decoding=\"async\" class=\"alignright size-medium wp-image-208\" src=\"https:\/\/blog.edu.turku.fi\/kerttulinlukio\/files\/2018\/11\/45474908_2151866674857265_5620464198627622912_n-300x208.jpg\" alt=\"\" width=\"300\" height=\"208\" \/>Anna:<\/strong> Opiskelen Kerttulin urheilulukiossa toista vuotta ja suunnitelmissa on k\u00e4yd\u00e4 lukio urheilun ohessa 3,5 vuodessa. Jalkapallon aloitin 10-vuotiaana ja 12-vuotiaana lentopallo sai j\u00e4\u00e4d\u00e4 kokonaan, kun halusin panostaa pelk\u00e4st\u00e4\u00e4n jalkapalloon. T\u00e4ll\u00e4 hetkell\u00e4 pelaan TPS:ss\u00e4, mutta olen my\u00f6s pelannut Turun Pyrkiv\u00e4ss\u00e4 ja Turun Nappulaliigassa.<\/p>\n<p><strong><img loading=\"lazy\" decoding=\"async\" class=\"alignright size-medium wp-image-207\" src=\"https:\/\/blog.edu.turku.fi\/kerttulinlukio\/files\/2018\/11\/45521455_2151866678190598_1674926830420754432_n-300x199.jpg\" alt=\"\" width=\"300\" height=\"199\" \/>Julia<\/strong>: Opiskelen Annan kanssa Kerttulin urheilulukiossa toista vuotta ja aion valmistua my\u00f6s 3,5 vuodessa. Aloitin jalkapallon toisella luokalla ja laji vei heti menness\u00e4\u00e4n. Pelaan t\u00e4ll\u00e4 hetkell\u00e4 TPS:ss\u00e4 ja olen pelannut my\u00f6s Turun Pyrkiv\u00e4ss\u00e4 sek\u00e4 MaPSissa.<\/p>\n<p><strong>Milt\u00e4 tuntui tulla nimetyksi Suomen MM-joukkueeseen?<\/strong><\/p>\n<p><strong>Anna:<\/strong> Tuntui todella hyv\u00e4lt\u00e4 tulla nimetyksi joukkueeseen, vaikka osasinkin sit\u00e4 EM-kilpailuiden perusteella odottaa. Turnaukseen on nimetty yhteens\u00e4 kolme maalivahtia, joten tuntuu hienolta olla yksi heist\u00e4.<\/p>\n<p><strong>Julia:<\/strong> En olisi uskonut, ett\u00e4 p\u00e4\u00e4sen joukkueeseen mukaan, joten nime\u00e4minen tuntui erityisen hyv\u00e4lt\u00e4. Pelaan oikeana laitahy\u00f6kk\u00e4\u00e4j\u00e4n\u00e4 ja kentt\u00e4pelaajia meill\u00e4 on turnauksessa mukana yhteens\u00e4 18.<\/p>\n<p><strong>Mit\u00e4 tuot joukkueeseen? <\/strong><\/p>\n<p><strong>Anna:<\/strong> Olen hyvin sosiaalinen ja tulen joukkueessa kaikkien kanssa toimeen. Kent\u00e4ll\u00e4 olen vahva persoona ja pelillisesti hyv\u00e4 johtaja. Mielest\u00e4ni t\u00e4m\u00e4 on t\u00e4rke\u00e4 piirre maalivahdille. Vapaa-ajalla ja kent\u00e4n ulkopuolella olen rennompi ja rauhallisempi.<\/p>\n<p><strong>Julia:<\/strong> Kent\u00e4lle ja joukkueeseen tuon mukanani nopeutta. Olen hyv\u00e4 haastamaan vastustajia erityisesti yksi vastaan yksi tilanteissa. Muuten luonteellani tuon joukkueeseen rauhallisuutta.<\/p>\n<p><strong>Miten olet valmistautunut MM-kilpailuihin?<\/strong><\/p>\n<p><strong>Anna:<\/strong> Olen valmistautunut turnaukseen mielest\u00e4ni hyvin. Maltillinen treenaaminen on ollut avainasemassa, mutta totta kai my\u00f6s tehoja on treeneiss\u00e4 otettu irti. Harjoitusten jaksotus on tarkkaan mietitty p\u00e4\u00e4valmentajan kanssa.<\/p>\n<p><strong>Julia:<\/strong> Olen harjoitellut turnausta varten fyysisesti kovaa. Sen vuoksi on ollut erityisen t\u00e4rke\u00e4 pit\u00e4\u00e4 huolta my\u00f6s levosta ja palautumisesta.<\/p>\n<p><strong>Mit\u00e4 odotuksia turnaukselta? <\/strong><\/p>\n<p><strong>Anna:<\/strong> Euroopassa olemme pelanneet joukkueena hyvin ja p\u00e4rj\u00e4nneet oikeastaan kaikille maille. Odotan, ett\u00e4 turnauksessa pystymme pit\u00e4m\u00e4\u00e4n oman pelimme samanlaisena ja onnistumaan sit\u00e4 kautta. Uruguay tulee olemaan varmasti kova vastus.<\/p>\n<p><strong>Julia:<\/strong> Erityisesti odotan peli\u00e4mme is\u00e4nt\u00e4maa Uruguayta vastaan. Tunnelma stadionilla on toivottavasti katossa, sill\u00e4 odotan paikallisten t\u00e4ytt\u00e4v\u00e4n katsomot. Fiilikset reissusta ovat hyv\u00e4t ja pient\u00e4 j\u00e4nnityst\u00e4kin on jo havaittavissa.<\/p>\n<p><strong>Tavoitteet MM-kilpailuihin?<\/strong><\/p>\n<p><strong>Anna:<\/strong> Joukkueelle on asetettu yhteinen tavoite: p\u00e4\u00e4st\u00e4 omasta alkulohkosta puoliv\u00e4lieriin. Lohkossamme pelaa Uusi-Seelanti, Uruguay ja Ghana. EM-turnauksessa pelasin henkil\u00f6kohtaisesti hyvin, joten haluan totta kai jatkaa samalla tasolla ja onnistua. Pelaamme peli kerrallaan ja katsomme minne se riitt\u00e4\u00e4.<\/p>\n<p><strong>Julia:<\/strong> L\u00e4hden turnaukseen ker\u00e4\u00e4m\u00e4\u00e4n kokemusta ja hakemaan henkil\u00f6kohtaisia onnistumisia. Joukkueen yhteinen tavoite on sellainen, mihin koko joukkue uskoo, joten on hieno l\u00e4hte\u00e4 tavoittelemaan yhteist\u00e4 p\u00e4\u00e4m\u00e4\u00e4r\u00e4\u00e4.<\/p>\n<p><strong>Kuinka monta tuntia harjoittelet viikossa ja miten saat opinnot yhdistetty\u00e4 treeneihin?<\/strong><\/p>\n<p><strong>Anna:<\/strong> Treenaan viikossa noin 14-16 tuntia. Urheilulukion opinto-ohjaajan kanssa opinnot on ollut todella helppo suunnitella jaksoittain aina kauden mukaan.<\/p>\n<p><strong>Julia:<\/strong> Viikossa harjoitustunteja kertyy yhteens\u00e4 noin 12-14h. Koulun ja treenien yhdist\u00e4minen ei ole ollut haastavaa ja nytkin turnausreissuun l\u00e4htee mukaan koulukirjat.<\/p>\n<p>Teksti ja kuvat Erika Rautiainen<\/p>\n<p>&nbsp;<\/p>\n<p>&nbsp;<\/p>\n<p><span style=\"color: #0000ff\"><strong>Topias Laine \u2013 Kerttulin urheilulukiosta k\u00e4sipalloammattilaiseksi Ruotsiin<\/strong><\/span><\/p>\n<p>Valinnat ja rohkeus ovat ohjanneet Topias Lainetta k\u00e4sipallouralla huimin harppauksin eteenp\u00e4in. Jo nuoresta saakka Laineelle on ollut t\u00e4ysin selv\u00e4\u00e4, ett\u00e4 jonain p\u00e4iv\u00e4n\u00e4 h\u00e4n tulisi pelaamaan k\u00e4sipalloa ammatikseen. Huhtikuussa haave toteutui, kun Topias kirj<img loading=\"lazy\" decoding=\"async\" class=\"alignleft size-medium wp-image-193\" src=\"https:\/\/blog.edu.turku.fi\/kerttulinlukio\/files\/2018\/11\/Topias-300x146.jpeg\" alt=\"\" width=\"300\" height=\"146\" \/>oitti sopimuksen Ruotsin k\u00e4sipalloliigaa pelaavan tukholmalaisseura Hammarbyn kanssa.<\/p>\n<p>K\u00e4sipallon pariin Topias p\u00e4\u00e4tyi is\u00e4n ja sed\u00e4n jalanj\u00e4ljiss\u00e4. Ensimm\u00e4iset kerrat h\u00e4nen on kerrottu olleen k\u00e4sipallokent\u00e4n laidalla ainoastaan muutaman p\u00e4iv\u00e4n ik\u00e4isen\u00e4 ja jo 4-vuotiaana HC Denniksen pallokoulun harjoitukset tulivat osaksi arkea. Alakouluik\u00e4isen\u00e4 musiikkiluokalla Topias p\u00e4\u00e4tti, ett\u00e4 h\u00e4n haluaa urheilulukioon ja yl\u00e4koulussa h\u00e4n ymm\u00e4rsi, ett\u00e4 haluaa viett\u00e4\u00e4 yhden lukiovuosista Ruotsissa pelaten.<\/p>\n<p>Nuorelle urheilijalle, joka tavoittelee ammattilaisuraa, Topias neuvoo asettamaan selke\u00e4n tavoitteen. Tulee olla palava halu koviin peleihin esimerkiksi ulkomaille ja sen eteen on teht\u00e4v\u00e4 my\u00f6s kovasti t\u00f6it\u00e4. Kerttulin urheilulukiosta valmistumista Topias venytti nelj\u00e4\u00e4n vuoteen, jotta urheilu v\u00e4livuoden aikana onnistuisi ulkomailla. Lukion k\u00e4yminen nelj\u00e4ss\u00e4 vuodessa oli yksi parhaista p\u00e4\u00e4t\u00f6ksist\u00e4 Laineen uran kannalta, sill\u00e4 silloin h\u00e4n sai mahdollisuuden kokeilla milt\u00e4 tuntuu pelata ammattilaisena. Kehitys vaihtovuoden aikana oli niin huimaa, ett\u00e4 Laine halusi palata Turkuun tekem\u00e4\u00e4n opinnot pian loppuun, jotta tulevaisuudessa h\u00e4n voisi keskitty\u00e4 k\u00e4sipalloon.<\/p>\n<p>Suomessa vieraillessaan Topias on erityisen ilahtunut n\u00e4hdess\u00e4\u00e4n, miten Turun Seudun Urheiluakatemian urheilijoiden olosuhteet ovat kehittyneet. \u201dK\u00e4sipallonpelaajan on aivan vilpitt\u00f6m\u00e4sti j\u00e4rjett\u00f6m\u00e4n hyv\u00e4 olla t\u00e4\u00e4ll\u00e4\u201d, toteaa Laine, sill\u00e4 moni liigapelaajakaan ei saa mahdollisuutta kaksiin treeneihin p\u00e4iv\u00e4ss\u00e4 ilman erityisi\u00e4 uhrauksia. <img loading=\"lazy\" decoding=\"async\" class=\"alignright size-medium wp-image-194\" src=\"https:\/\/blog.edu.turku.fi\/kerttulinlukio\/files\/2018\/11\/Topias2-e1541487928655-225x300.jpeg\" alt=\"\" width=\"225\" height=\"300\" \/>Urheiluakatemian opiskelijoita Topias vinkkaa ottamaan kaiken irti treenitarjonnasta ja urheilun tukipalveluista. Monesti edes k\u00e4sipalloliigan pelaajat eiv\u00e4t saa yht\u00e4 hyv\u00e4\u00e4 mahdollisuutta \u201dtoimia urheilijana\u201d kuin esimerkiksi urheilulukiolaiset.<\/p>\n<p>Seuraavaksi Laine haluaa ottaa kaiken ilon irti Ruotsissa pelaamisesta ja harjoittelusta, kunhan ensin polven ristisidevamma tulee kuntoon. Ruotsin liigassa huippupelaajien kanssa pelaaminen on asia, mist\u00e4 Laine on aina haaveillut. Siksi t\u00e4ll\u00e4 hetkell\u00e4 ei ole kiire asettaa seuraavaa etappia, vaan halu kehitty\u00e4 pelaajana on suuri. Suomen maajoukkueen mukana arvokilpailuissa pelaaminen on kuitenkin viel\u00e4 haave, jonka eteen Laine paiskii p\u00e4ivitt\u00e4in innolla hommia.<\/p>\n<p>Teksti ja kuvat Erika Rautiainen<\/p>\n","protected":false},"excerpt":{"rendered":"<p>Salibandyn U19 MM-kisamatka Alle 19-vuotiaiden MM-turnaus pelattiin 8.-12.5.2019 Kanadan Halifaxissa. Saavuimme Halifaxiin nelj\u00e4 p\u00e4iv\u00e4\u00e4 ennen turnausta, jotta ehtisimme sopeutua aikaeroon. Siin\u00e4 samalla j\u00e4i aikaa kierrell\u00e4 joukkueen kanssa tutkimassa Halifaxin katujen n\u00e4ht\u00e4vyyksi\u00e4. Paikallinen n\u00e4ht\u00e4vyys oli my\u00f6s j\u00e4\u00e4kiekkojoukkue Halifax Mooseheadsin kotiottelu. Moosehaeads pelasi parhaillaan QMJHL:n finaalisarjaa ja p\u00e4\u00e4simme nauttimaan ottelun huikeasta tunnelmasta. Paikalliset ihmiset vaikuttivat hyvin yst\u00e4v\u00e4llisilt\u00e4 &hellip; <a href=\"https:\/\/blog.edu.turku.fi\/kerttulinlukio\/urheilua\/\" class=\"more-link\">Jatka lukemista<span class=\"screen-reader-text\"> &#8221;Urheilua&#8221;<\/span><\/a><\/p>\n","protected":false},"author":2522,"featured_media":0,"parent":0,"menu_order":0,"comment_status":"closed","ping_status":"closed","template":"","meta":{"footnotes":""},"class_list":["post-197","page","type-page","status-publish","hentry"],"_links":{"self":[{"href":"https:\/\/blog.edu.turku.fi\/kerttulinlukio\/wp-json\/wp\/v2\/pages\/197","targetHints":{"allow":["GET"]}}],"collection":[{"href":"https:\/\/blog.edu.turku.fi\/kerttulinlukio\/wp-json\/wp\/v2\/pages"}],"about":[{"href":"https:\/\/blog.edu.turku.fi\/kerttulinlukio\/wp-json\/wp\/v2\/types\/page"}],"author":[{"embeddable":true,"href":"https:\/\/blog.edu.turku.fi\/kerttulinlukio\/wp-json\/wp\/v2\/users\/2522"}],"replies":[{"embeddable":true,"href":"https:\/\/blog.edu.turku.fi\/kerttulinlukio\/wp-json\/wp\/v2\/comments?post=197"}],"version-history":[{"count":16,"href":"https:\/\/blog.edu.turku.fi\/kerttulinlukio\/wp-json\/wp\/v2\/pages\/197\/revisions"}],"predecessor-version":[{"id":854,"href":"https:\/\/blog.edu.turku.fi\/kerttulinlukio\/wp-json\/wp\/v2\/pages\/197\/revisions\/854"}],"wp:attachment":[{"href":"https:\/\/blog.edu.turku.fi\/kerttulinlukio\/wp-json\/wp\/v2\/media?parent=197"}],"curies":[{"name":"wp","href":"https:\/\/api.w.org\/{rel}","templated":true}]}}