{"id":1797,"date":"2020-10-23T13:32:50","date_gmt":"2020-10-23T10:32:50","guid":{"rendered":"https:\/\/blog.edu.turku.fi\/kerttulinlukio\/?page_id=1797"},"modified":"2020-10-25T16:33:59","modified_gmt":"2020-10-25T14:33:59","slug":"syyskuu-2020","status":"publish","type":"page","link":"https:\/\/blog.edu.turku.fi\/kerttulinlukio\/syyskuu-2020\/","title":{"rendered":"Syyskuu 2020"},"content":{"rendered":"<p><strong>Opiskelua hybridimallilla ja koulussa<\/strong><\/p>\n<p>Koronapandemian vuoksi abiturienteille annettiin mahdollisuus opiskella hybridimallilla ennen ylioppilaskirjoituksia. Tunnit pidettiin perinteiseen tapaan l\u00e4hiopetuksena koululla, mutta tuntia pystyi seuraamaan my\u00f6s kokousty\u00f6kaluin kotona. \u00a0Ensimm\u00e4isen ja toisen vuoden opiskelijat opiskelivat l\u00e4hiopetuksessa, mutta kaikkia opiskelijoita koski ohjeet, joiden avulla pyrittiin est\u00e4m\u00e4\u00e4n tartuntojen levi\u00e4mist\u00e4. Moni otti k\u00e4ytt\u00f6\u00f6n Koronavilkku- sovelluksen, joka kertoo mahdollisen altistumisen, Koulu- ja opiskelijaterveydenhuollon neuvontapuhelin palveli ep\u00e4ilyiss\u00e4, ja voimassa olivat edelleen my\u00f6s ohjeet kotiin j\u00e4\u00e4misest\u00e4 pieniss\u00e4kin hengitystieoireissa, hyv\u00e4st\u00e4 k\u00e4sihygieniasta, turvav\u00e4leist\u00e4 ja kasvomaskin k\u00e4yt\u00f6st\u00e4 julkisissa liikennev\u00e4lineiss\u00e4.<\/p>\n<p><strong>Ylioppilaskirjoitukset <\/strong><\/p>\n<p>Ylioppilaskirjoitukset vallitsevassa tilanteessa toteutettiin aikaisempaa v\u00e4ljemmin ja kasvomaskeja k\u00e4ytt\u00e4en. Turvav\u00e4lien aikaansaamiseksi ylioppilaskirjoituksia j\u00e4rjestettiin t\u00e4n\u00e4 syksyn\u00e4 monessa eri tilassa, jonka vuoksi kiireisimpin\u00e4 ylioppilaskirjotusp\u00e4ivin\u00e4 muille opiskelijoille j\u00e4rjestettiin itsen\u00e4ist\u00e4 tai et\u00e4opetusta. Kirjoituksiin osallistujat noudattivat hyvin ohjeita maskin k\u00e4yt\u00f6st\u00e4 kouluun saavuttaessa ja siirrytt\u00e4ess\u00e4 paikasta toiseen.<\/p>\n<p><strong>Opiskelijoita Turun linnassa 15.9.2020<\/strong><\/p>\n<p><img loading=\"lazy\" decoding=\"async\" class=\"size-medium wp-image-1807 alignright\" src=\"https:\/\/blog.edu.turku.fi\/kerttulinlukio\/files\/2020\/10\/67848B50-EDF2-468C-B7DF-E77D11B7470E-300x225.jpeg\" alt=\"\" width=\"300\" height=\"225\" srcset=\"https:\/\/blog.edu.turku.fi\/kerttulinlukio\/files\/2020\/10\/67848B50-EDF2-468C-B7DF-E77D11B7470E-300x225.jpeg 300w, https:\/\/blog.edu.turku.fi\/kerttulinlukio\/files\/2020\/10\/67848B50-EDF2-468C-B7DF-E77D11B7470E.jpeg 640w\" sizes=\"auto, (max-width: 300px) 85vw, 300px\" \/>HI5-kurssin opiskelijat k\u00e4viv\u00e4t tutustumassa Ullan johdolla Turun linnan keski- ja renessanssiaikaan. Kurssi k\u00e4sittelee Suomen historian keskeisi\u00e4 kehityslinjoja ennen autonomian aikaa, joten linna oli oiva tutustumiskohde.<\/p>\n<p>&nbsp;<\/p>\n<p>&nbsp;<\/p>\n","protected":false},"excerpt":{"rendered":"<p>Opiskelua hybridimallilla ja koulussa Koronapandemian vuoksi abiturienteille annettiin mahdollisuus opiskella hybridimallilla ennen ylioppilaskirjoituksia. Tunnit pidettiin perinteiseen tapaan l\u00e4hiopetuksena koululla, mutta tuntia pystyi seuraamaan my\u00f6s kokousty\u00f6kaluin kotona. \u00a0Ensimm\u00e4isen ja toisen vuoden opiskelijat opiskelivat l\u00e4hiopetuksessa, mutta kaikkia opiskelijoita koski ohjeet, joiden avulla pyrittiin est\u00e4m\u00e4\u00e4n tartuntojen levi\u00e4mist\u00e4. Moni otti k\u00e4ytt\u00f6\u00f6n Koronavilkku- sovelluksen, joka kertoo mahdollisen altistumisen, Koulu- ja &hellip; <a href=\"https:\/\/blog.edu.turku.fi\/kerttulinlukio\/syyskuu-2020\/\" class=\"more-link\">Jatka lukemista<span class=\"screen-reader-text\"> &#8221;Syyskuu 2020&#8221;<\/span><\/a><\/p>\n","protected":false},"author":1021,"featured_media":0,"parent":0,"menu_order":0,"comment_status":"closed","ping_status":"closed","template":"","meta":{"footnotes":""},"class_list":["post-1797","page","type-page","status-publish","hentry"],"_links":{"self":[{"href":"https:\/\/blog.edu.turku.fi\/kerttulinlukio\/wp-json\/wp\/v2\/pages\/1797","targetHints":{"allow":["GET"]}}],"collection":[{"href":"https:\/\/blog.edu.turku.fi\/kerttulinlukio\/wp-json\/wp\/v2\/pages"}],"about":[{"href":"https:\/\/blog.edu.turku.fi\/kerttulinlukio\/wp-json\/wp\/v2\/types\/page"}],"author":[{"embeddable":true,"href":"https:\/\/blog.edu.turku.fi\/kerttulinlukio\/wp-json\/wp\/v2\/users\/1021"}],"replies":[{"embeddable":true,"href":"https:\/\/blog.edu.turku.fi\/kerttulinlukio\/wp-json\/wp\/v2\/comments?post=1797"}],"version-history":[{"count":4,"href":"https:\/\/blog.edu.turku.fi\/kerttulinlukio\/wp-json\/wp\/v2\/pages\/1797\/revisions"}],"predecessor-version":[{"id":1813,"href":"https:\/\/blog.edu.turku.fi\/kerttulinlukio\/wp-json\/wp\/v2\/pages\/1797\/revisions\/1813"}],"wp:attachment":[{"href":"https:\/\/blog.edu.turku.fi\/kerttulinlukio\/wp-json\/wp\/v2\/media?parent=1797"}],"curies":[{"name":"wp","href":"https:\/\/api.w.org\/{rel}","templated":true}]}}