{"id":1791,"date":"2020-10-23T10:01:47","date_gmt":"2020-10-23T07:01:47","guid":{"rendered":"https:\/\/blog.edu.turku.fi\/kerttulinlukio\/?page_id=1791"},"modified":"2020-12-09T20:17:38","modified_gmt":"2020-12-09T18:17:38","slug":"joulukuu-3","status":"publish","type":"page","link":"https:\/\/blog.edu.turku.fi\/kerttulinlukio\/joulukuu-3\/","title":{"rendered":"Joulukuu"},"content":{"rendered":"<p><strong>Itsen\u00e4isyys- ja ylioppilasjuhla Kerttulin monitoimisalissa la 5.12. 2020<\/strong><\/p>\n<p>Heikentyneen koronavirustilanteen takia Kerttulin lukion itsen\u00e4isyys- ja ylioppilasjuhla pidettiin Tuomiokirkon sijasta koulun monitoimisalissa. T\u00e4st\u00e4 huolimatta tunnelma juhlassa oli arvokas ja l\u00e4mmin, ja uudet ylioppilaat saivat lakkinsa kaiken kaikkiaan varsin hienossa tilaisuudessa.<\/p>\n<p style=\"text-align: left\"><strong>Juhlan ohjelma;<\/strong><\/p>\n<p style=\"text-align: left\">Lippukulkue (airueet: Iris Laineste, Leevi Seesj\u00e4rvi ja Oskari Silvoniemi)<\/p>\n<p>Lippulaulu<\/p>\n<p>Maamme-laulu (Markus Takkinen, sello, Tuovi Kattelus, piano)<\/p>\n<p>Tervetulotoivotukset (apulaisrehtori Juho Airola)<\/p>\n<p>Vapauden viesti (Lauri Koponen ja Iris Laineste)<\/p>\n<p>Paavo Haavikon, Jorma Eton ja Asko Laurilan ajatuksia Suomesta (Matlena Karvonen, Elina Saramola ja Matias Vesma)<\/p>\n<p>Finlandia-hymni (Markus Takkinen, sello, Tuovi Kattelus, piano)<\/p>\n<p>Juhlapuhe ja ylioppilaaksi julistaminen (apulaisrehtori Juho Airola)<\/p>\n<p>Gaudeamus Igitus (Linda Lehtniemi, huilu, Markus Takkinen, sello, Tuovi Kattelus, piano)<\/p>\n<p>Uuden ylioppilaan puhe (Reetta Rantakokko)<\/p>\n<p><img loading=\"lazy\" decoding=\"async\" class=\"alignnone size-medium wp-image-1905\" src=\"https:\/\/blog.edu.turku.fi\/kerttulinlukio\/files\/2020\/12\/IMG_4310-300x200.jpg\" alt=\"\" width=\"300\" height=\"200\" \/><img loading=\"lazy\" decoding=\"async\" class=\"alignnone size-medium wp-image-1906\" src=\"https:\/\/blog.edu.turku.fi\/kerttulinlukio\/files\/2020\/12\/IMG_4217-300x200.jpg\" alt=\"\" width=\"300\" height=\"200\" \/><img loading=\"lazy\" decoding=\"async\" class=\"alignnone size-medium wp-image-1907\" src=\"https:\/\/blog.edu.turku.fi\/kerttulinlukio\/files\/2020\/12\/IMG_4208-300x200.jpg\" alt=\"\" width=\"300\" height=\"200\" \/><img loading=\"lazy\" decoding=\"async\" class=\"alignnone size-medium wp-image-1908\" src=\"https:\/\/blog.edu.turku.fi\/kerttulinlukio\/files\/2020\/12\/IMG_4213-300x200.jpg\" alt=\"\" width=\"300\" height=\"200\" \/><img loading=\"lazy\" decoding=\"async\" class=\"alignnone size-medium wp-image-1909\" src=\"https:\/\/blog.edu.turku.fi\/kerttulinlukio\/files\/2020\/12\/IMG_4214-300x200.jpg\" alt=\"\" width=\"300\" height=\"200\" \/><img loading=\"lazy\" decoding=\"async\" class=\"alignnone size-medium wp-image-1911\" src=\"https:\/\/blog.edu.turku.fi\/kerttulinlukio\/files\/2020\/12\/IMG_4218-300x200.jpg\" alt=\"\" width=\"300\" height=\"200\" \/><img loading=\"lazy\" decoding=\"async\" class=\"alignnone size-medium wp-image-1910\" src=\"https:\/\/blog.edu.turku.fi\/kerttulinlukio\/files\/2020\/12\/IMG_4223-300x200.jpg\" alt=\"\" width=\"300\" height=\"200\" \/><img loading=\"lazy\" decoding=\"async\" class=\"alignnone size-medium wp-image-1912\" src=\"https:\/\/blog.edu.turku.fi\/kerttulinlukio\/files\/2020\/12\/IMG_4286-300x200.jpg\" alt=\"\" width=\"300\" height=\"200\" \/><img loading=\"lazy\" decoding=\"async\" class=\"alignnone size-medium wp-image-1913\" src=\"https:\/\/blog.edu.turku.fi\/kerttulinlukio\/files\/2020\/12\/IMG_4300-300x200.jpg\" alt=\"\" width=\"300\" height=\"200\" \/><img loading=\"lazy\" decoding=\"async\" class=\"alignnone size-medium wp-image-1914\" src=\"https:\/\/blog.edu.turku.fi\/kerttulinlukio\/files\/2020\/12\/IMG_4303-300x200.jpg\" alt=\"\" width=\"300\" height=\"200\" \/><img loading=\"lazy\" decoding=\"async\" class=\"alignnone size-medium wp-image-1915\" src=\"https:\/\/blog.edu.turku.fi\/kerttulinlukio\/files\/2020\/12\/IMG_4304-300x200.jpg\" alt=\"\" width=\"300\" height=\"200\" \/><img loading=\"lazy\" decoding=\"async\" class=\"alignnone size-medium wp-image-1916\" src=\"https:\/\/blog.edu.turku.fi\/kerttulinlukio\/files\/2020\/12\/IMG_4306-300x200.jpg\" alt=\"\" width=\"300\" height=\"200\" \/><img loading=\"lazy\" decoding=\"async\" class=\"alignnone size-medium wp-image-1917\" src=\"https:\/\/blog.edu.turku.fi\/kerttulinlukio\/files\/2020\/12\/IMG_4305-300x200.jpg\" alt=\"\" width=\"300\" height=\"200\" \/><img loading=\"lazy\" decoding=\"async\" class=\"alignnone size-medium wp-image-1919\" src=\"https:\/\/blog.edu.turku.fi\/kerttulinlukio\/files\/2020\/12\/IMG_4254-300x200.jpg\" alt=\"\" width=\"300\" height=\"200\" \/><\/p>\n<p>&nbsp;<\/p>\n","protected":false},"excerpt":{"rendered":"<p>Itsen\u00e4isyys- ja ylioppilasjuhla Kerttulin monitoimisalissa la 5.12. 2020 Heikentyneen koronavirustilanteen takia Kerttulin lukion itsen\u00e4isyys- ja ylioppilasjuhla pidettiin Tuomiokirkon sijasta koulun monitoimisalissa. T\u00e4st\u00e4 huolimatta tunnelma juhlassa oli arvokas ja l\u00e4mmin, ja uudet ylioppilaat saivat lakkinsa kaiken kaikkiaan varsin hienossa tilaisuudessa. Juhlan ohjelma; Lippukulkue (airueet: Iris Laineste, Leevi Seesj\u00e4rvi ja Oskari Silvoniemi) Lippulaulu Maamme-laulu (Markus Takkinen, sello, &hellip; <a href=\"https:\/\/blog.edu.turku.fi\/kerttulinlukio\/joulukuu-3\/\" class=\"more-link\">Jatka lukemista<span class=\"screen-reader-text\"> &#8221;Joulukuu&#8221;<\/span><\/a><\/p>\n","protected":false},"author":1021,"featured_media":0,"parent":0,"menu_order":0,"comment_status":"closed","ping_status":"closed","template":"","meta":{"footnotes":""},"class_list":["post-1791","page","type-page","status-publish","hentry"],"_links":{"self":[{"href":"https:\/\/blog.edu.turku.fi\/kerttulinlukio\/wp-json\/wp\/v2\/pages\/1791","targetHints":{"allow":["GET"]}}],"collection":[{"href":"https:\/\/blog.edu.turku.fi\/kerttulinlukio\/wp-json\/wp\/v2\/pages"}],"about":[{"href":"https:\/\/blog.edu.turku.fi\/kerttulinlukio\/wp-json\/wp\/v2\/types\/page"}],"author":[{"embeddable":true,"href":"https:\/\/blog.edu.turku.fi\/kerttulinlukio\/wp-json\/wp\/v2\/users\/1021"}],"replies":[{"embeddable":true,"href":"https:\/\/blog.edu.turku.fi\/kerttulinlukio\/wp-json\/wp\/v2\/comments?post=1791"}],"version-history":[{"count":5,"href":"https:\/\/blog.edu.turku.fi\/kerttulinlukio\/wp-json\/wp\/v2\/pages\/1791\/revisions"}],"predecessor-version":[{"id":1920,"href":"https:\/\/blog.edu.turku.fi\/kerttulinlukio\/wp-json\/wp\/v2\/pages\/1791\/revisions\/1920"}],"wp:attachment":[{"href":"https:\/\/blog.edu.turku.fi\/kerttulinlukio\/wp-json\/wp\/v2\/media?parent=1791"}],"curies":[{"name":"wp","href":"https:\/\/api.w.org\/{rel}","templated":true}]}}