{"id":1786,"date":"2020-10-23T09:48:21","date_gmt":"2020-10-23T06:48:21","guid":{"rendered":"https:\/\/blog.edu.turku.fi\/kerttulinlukio\/?page_id=1786"},"modified":"2020-12-01T12:10:40","modified_gmt":"2020-12-01T10:10:40","slug":"marraskuu-3","status":"publish","type":"page","link":"https:\/\/blog.edu.turku.fi\/kerttulinlukio\/marraskuu-3\/","title":{"rendered":"Marraskuu"},"content":{"rendered":"<p>Opettajien koulutusp\u00e4iv\u00e4ss\u00e4 lauantaina 7.11.2020 ty\u00f6stettiin uutta opetussuunnitelmaa. P\u00e4iv\u00e4n alusti suomalainen l\u00f6yt\u00f6retkeilij\u00e4 ja vuorikiipeilij\u00e4 Patrick Degerman perehdytt\u00e4m\u00e4ll\u00e4 opettajia tiimity\u00f6n saloihin. Jos tavoitteena on hyv\u00e4 yhteisty\u00f6 ryhm\u00e4n sis\u00e4ll\u00e4, tarvitaan j\u00e4senten v\u00e4list\u00e4 arvostusta ja luottamusta sek\u00e4 toimivaa kommunikaatiota. Jos tiimity\u00f6 toimii, on mahdollista uudistaa ja selvit\u00e4 haastavista tilanteista. Syv\u00e4\u00e4n yhteisty\u00f6h\u00f6n p\u00e4\u00e4st\u00e4\u00e4n mm. yst\u00e4v\u00e4llisyydell\u00e4 ja joustavuudella ja tekem\u00e4ll\u00e4 asioita yhdess\u00e4. Patrik Degerman muistutti, ett\u00e4 hyv\u00e4 tiimity\u00f6 rakennetaan pikkuhiljaa, se ei synny itsest\u00e4\u00e4n nopeasti.<\/p>\n<p><img loading=\"lazy\" decoding=\"async\" class=\"alignnone wp-image-1881\" src=\"https:\/\/blog.edu.turku.fi\/kerttulinlukio\/files\/2020\/12\/Patrick-1-IMG_20201107_093532-03-02-300x200.jpeg\" alt=\"\" width=\"304\" height=\"203\" \/> <img loading=\"lazy\" decoding=\"async\" class=\"alignnone size-medium wp-image-1880\" src=\"https:\/\/blog.edu.turku.fi\/kerttulinlukio\/files\/2020\/12\/Patrick-2-IMG_20201107_103651-02-197x300.jpeg\" alt=\"\" width=\"197\" height=\"300\" \/><\/p>\n<p>Psykologian ja terveystiedon tunneilla p\u00e4\u00e4stiin tutustumaan ty\u00f6terveyspsykologin ty\u00f6h\u00f6n sek\u00e4 bioinformaatioteknologian opiskeluun vierailijoiden avulla. \u00a0Urheilu- ja ty\u00f6terveyspsykologi Tuomas Gr\u00f6nman k\u00e4vi puhumassa psykologian ykk\u00f6skurssilaisille ty\u00f6st\u00e4\u00e4n ja esitteli, miten kolminaisuus tunteet, ajatukset ja k\u00e4ytt\u00e4ytyminen liittyv\u00e4t yhteen. Aalto-yliopiston opiskelijat Laura Sirki\u00e4 ja Sampo Zhang demonstroivat bioinformaatioteknologian opiskelua mm. mittaamalla luokassa syd\u00e4ns\u00e4hk\u00f6k\u00e4yr\u00e4\u00e4. Terveystiedon opiskelijoille suunnattu terveysteknologian esittely oli hyvin innostava ja inspiroiva.<\/p>\n<p><img loading=\"lazy\" decoding=\"async\" class=\"alignnone wp-image-1882\" src=\"https:\/\/blog.edu.turku.fi\/kerttulinlukio\/files\/2020\/12\/okuva2-300x266.jpeg\" alt=\"\" width=\"269\" height=\"239\" \/> <img loading=\"lazy\" decoding=\"async\" class=\"alignnone wp-image-1883\" src=\"https:\/\/blog.edu.turku.fi\/kerttulinlukio\/files\/2020\/12\/okuva1-300x205.jpeg\" alt=\"\" width=\"345\" height=\"235\" \/><\/p>\n<p>Yhteiskuntafilosofian kurssilaiset vierailivat Operaatio ruokakassissa arviointiviikolla torstaina 26.11.<\/p>\n<p>Marraskuussa oli tarjolla paljon mahdollisuuksia tutustua jatko-opintomahdollisuuksiin: eri korkeakoulut esitt\u00e4ytyiv\u00e4t p\u00e4\u00e4osin virtuaalisesti. Korkeakoulujen abip\u00e4iv\u00e4 -tapahtuma j\u00e4rjestettiin verkossa 6.11.2020 klo 9:00 &#8211; 15:00. P\u00e4iv\u00e4n aikana kolmannen vuosikurssin opiskelijoilla oli ainutkertainen tilaisuus saada kattavasti tietoa alueen korkeakoulujen koulutustarjonnasta.\u00a0T\u00e4h\u00e4n osallistuivat kaikki abiturientit. Lis\u00e4ksi oli mahdollista osallistua seuraaviin tilaisuuksiin:<\/p>\n<p>MA 9.11. It\u00e4-Suomen yliopiston Hae yliopistoon-p\u00e4iv\u00e4 virtuaalisesti: Kuopion kampus<\/p>\n<p>KE 11.11. klo 14 &#8211; 16 Valmennuskeskuksen Virtuaaliset jatko-opintomessut<\/p>\n<p>TO 12.11. klo 9-15 ARCADA, DIAK, Haaga-Helia. Laurea + Metropolia AMK-kampusp\u00e4iv\u00e4<\/p>\n<p>PE 13.11. It\u00e4-Suomen yliopiston Hae yliopistoon-p\u00e4iv\u00e4 virtuaalisesti: Joensuun kampus<\/p>\n<p>MA 16. &#8211;\u00a0 19.11. + 23.- 26.11. Helsingin yliopisto<\/p>\n<p>TI-KE 17.-18.11. klo 9 &#8211; 15 HAAVI &#8211; digitaaliset koulutusmessut<\/p>\n<p>PE 20.11. klo 10 -14 Hakijan p\u00e4iv\u00e4 @JAMK<\/p>\n<p>MA 23.-\u00a0 TO 26.11., Helsingin yliopisto-tapahtuma<\/p>\n<p>KE 25. &#8211; TO 26.11. STUDIA-messut.<\/p>\n<p>&nbsp;<\/p>\n<p>Seuraavat tilaisuudet j\u00e4rjestettiin fyysisesti koululla:<\/p>\n<p>KE 18.11. klo 14.35 Turun kauppakorkeakoulu<\/p>\n<p>TO19.11. klo 14:35 LUT-yliopisto (tekniikka ja kauppatieteet).<\/p>\n<p>Opiskelijanohjauksen oppitunneilla oli marraskuussa vierailijoita.<\/p>\n<p><img loading=\"lazy\" decoding=\"async\" class=\"size-medium wp-image-1850 alignright\" src=\"https:\/\/blog.edu.turku.fi\/kerttulinlukio\/files\/2020\/11\/kuvaIMG_20201111_131142-01-300x213.jpeg\" alt=\"\" width=\"300\" height=\"213\" srcset=\"https:\/\/blog.edu.turku.fi\/kerttulinlukio\/files\/2020\/11\/kuvaIMG_20201111_131142-01-300x213.jpeg 300w, https:\/\/blog.edu.turku.fi\/kerttulinlukio\/files\/2020\/11\/kuvaIMG_20201111_131142-01.jpeg 952w\" sizes=\"auto, (max-width: 300px) 85vw, 300px\" \/><\/p>\n<p>Turun Seudun Urheiluakatemian opiskelijaharjoittelija Timo vieraili urheilijoiden OP1-kurssilla kertomassa liikuntaneuvojan perustutkinnosta.<\/p>\n<p>Aino Aaltonen Valmennuskeskuksesta vieraili virtuaalisesti kakkosten OP1-kurssilla kertomassa opiskelutekniikoista mm. tulevaa arviointiviikkoa silm\u00e4ll\u00e4 pit\u00e4en.<\/p>\n<p><img loading=\"lazy\" decoding=\"async\" class=\"alignnone wp-image-1884\" src=\"https:\/\/blog.edu.turku.fi\/kerttulinlukio\/files\/2020\/12\/oA1-300x225.jpeg\" alt=\"\" width=\"206\" height=\"154\" srcset=\"https:\/\/blog.edu.turku.fi\/kerttulinlukio\/files\/2020\/12\/oA1-300x225.jpeg 300w, https:\/\/blog.edu.turku.fi\/kerttulinlukio\/files\/2020\/12\/oA1.jpeg 1000w\" sizes=\"auto, (max-width: 206px) 85vw, 206px\" \/> <img loading=\"lazy\" decoding=\"async\" class=\"alignnone wp-image-1885\" src=\"https:\/\/blog.edu.turku.fi\/kerttulinlukio\/files\/2020\/12\/oA2-300x225.jpeg\" alt=\"\" width=\"204\" height=\"153\" \/> <img loading=\"lazy\" decoding=\"async\" class=\"alignnone wp-image-1886\" src=\"https:\/\/blog.edu.turku.fi\/kerttulinlukio\/files\/2020\/12\/oA3-300x225.jpeg\" alt=\"\" width=\"204\" height=\"153\" \/><\/p>\n<p>Kerttulin lukion abiturienttien huoltajille j\u00e4rjestettiin yhteishakuilta keskiviikkona 18.11.2020 18:00-n. 19:30 verkossa Teams-alustalla. Aiheena oli kev\u00e4\u00e4n 2021 yhteishaku, jota esitteliv\u00e4t opinto-ohjaajat Anne Lukka ja Mia Wikstr\u00f6m.<\/p>\n","protected":false},"excerpt":{"rendered":"<p>Opettajien koulutusp\u00e4iv\u00e4ss\u00e4 lauantaina 7.11.2020 ty\u00f6stettiin uutta opetussuunnitelmaa. P\u00e4iv\u00e4n alusti suomalainen l\u00f6yt\u00f6retkeilij\u00e4 ja vuorikiipeilij\u00e4 Patrick Degerman perehdytt\u00e4m\u00e4ll\u00e4 opettajia tiimity\u00f6n saloihin. Jos tavoitteena on hyv\u00e4 yhteisty\u00f6 ryhm\u00e4n sis\u00e4ll\u00e4, tarvitaan j\u00e4senten v\u00e4list\u00e4 arvostusta ja luottamusta sek\u00e4 toimivaa kommunikaatiota. Jos tiimity\u00f6 toimii, on mahdollista uudistaa ja selvit\u00e4 haastavista tilanteista. Syv\u00e4\u00e4n yhteisty\u00f6h\u00f6n p\u00e4\u00e4st\u00e4\u00e4n mm. yst\u00e4v\u00e4llisyydell\u00e4 ja joustavuudella ja tekem\u00e4ll\u00e4 asioita &hellip; <a href=\"https:\/\/blog.edu.turku.fi\/kerttulinlukio\/marraskuu-3\/\" class=\"more-link\">Jatka lukemista<span class=\"screen-reader-text\"> &#8221;Marraskuu&#8221;<\/span><\/a><\/p>\n","protected":false},"author":1021,"featured_media":0,"parent":0,"menu_order":0,"comment_status":"closed","ping_status":"closed","template":"","meta":{"footnotes":""},"class_list":["post-1786","page","type-page","status-publish","hentry"],"_links":{"self":[{"href":"https:\/\/blog.edu.turku.fi\/kerttulinlukio\/wp-json\/wp\/v2\/pages\/1786","targetHints":{"allow":["GET"]}}],"collection":[{"href":"https:\/\/blog.edu.turku.fi\/kerttulinlukio\/wp-json\/wp\/v2\/pages"}],"about":[{"href":"https:\/\/blog.edu.turku.fi\/kerttulinlukio\/wp-json\/wp\/v2\/types\/page"}],"author":[{"embeddable":true,"href":"https:\/\/blog.edu.turku.fi\/kerttulinlukio\/wp-json\/wp\/v2\/users\/1021"}],"replies":[{"embeddable":true,"href":"https:\/\/blog.edu.turku.fi\/kerttulinlukio\/wp-json\/wp\/v2\/comments?post=1786"}],"version-history":[{"count":3,"href":"https:\/\/blog.edu.turku.fi\/kerttulinlukio\/wp-json\/wp\/v2\/pages\/1786\/revisions"}],"predecessor-version":[{"id":1887,"href":"https:\/\/blog.edu.turku.fi\/kerttulinlukio\/wp-json\/wp\/v2\/pages\/1786\/revisions\/1887"}],"wp:attachment":[{"href":"https:\/\/blog.edu.turku.fi\/kerttulinlukio\/wp-json\/wp\/v2\/media?parent=1786"}],"curies":[{"name":"wp","href":"https:\/\/api.w.org\/{rel}","templated":true}]}}