{"id":1780,"date":"2020-10-23T08:54:33","date_gmt":"2020-10-23T05:54:33","guid":{"rendered":"https:\/\/blog.edu.turku.fi\/kerttulinlukio\/?page_id=1780"},"modified":"2020-12-09T20:26:53","modified_gmt":"2020-12-09T18:26:53","slug":"lokakuu-2","status":"publish","type":"page","link":"https:\/\/blog.edu.turku.fi\/kerttulinlukio\/lokakuu-2\/","title":{"rendered":"Lokakuu"},"content":{"rendered":"<p>Lokakuussa Kerttulin lukiossa kilpailtiin useissa eri oppiaineissa. MAOLin kilpailutoimikunta j\u00e4rjesti lukiolaisille kansalliset matematiikan, tietotekniikan, fysiikan ja kemian kilpailut (Nelj\u00e4n tieteen kisat). Matematiikan alkukilpailu pidettiin Kerttulissa maanantaina 5.10., kemian kilpailu tiistaina 6.10. ja fysiikan kilpailu torstaina 8.10. Torstaina j\u00e4rjestettiin my\u00f6s Turpotiet\u00e4j\u00e4 2020 -alkukilpailu. Turpotiet\u00e4j\u00e4 2020 -kilpailu on valtakunnallinen, lukiolaisten turvallisuuspolitiikan ja kokonaisturvallisuuden tiet\u00e4myst\u00e4 mittaava tietokilpailu.<\/p>\n<p><img loading=\"lazy\" decoding=\"async\" class=\"alignnone size-medium wp-image-1753\" src=\"https:\/\/blog.edu.turku.fi\/kerttulinlukio\/files\/2020\/10\/GetFileAttachment-3-225x225.jpg\" alt=\"\" width=\"225\" height=\"225\" \/> <img loading=\"lazy\" decoding=\"async\" class=\"alignnone size-medium wp-image-1754\" src=\"https:\/\/blog.edu.turku.fi\/kerttulinlukio\/files\/2020\/10\/GetFileAttachment-2-300x122.jpg\" alt=\"\" width=\"300\" height=\"122\" \/><\/p>\n","protected":false},"excerpt":{"rendered":"<p>Lokakuussa Kerttulin lukiossa kilpailtiin useissa eri oppiaineissa. MAOLin kilpailutoimikunta j\u00e4rjesti lukiolaisille kansalliset matematiikan, tietotekniikan, fysiikan ja kemian kilpailut (Nelj\u00e4n tieteen kisat). Matematiikan alkukilpailu pidettiin Kerttulissa maanantaina 5.10., kemian kilpailu tiistaina 6.10. ja fysiikan kilpailu torstaina 8.10. Torstaina j\u00e4rjestettiin my\u00f6s Turpotiet\u00e4j\u00e4 2020 -alkukilpailu. Turpotiet\u00e4j\u00e4 2020 -kilpailu on valtakunnallinen, lukiolaisten turvallisuuspolitiikan ja kokonaisturvallisuuden tiet\u00e4myst\u00e4 mittaava tietokilpailu.<\/p>\n","protected":false},"author":2522,"featured_media":0,"parent":0,"menu_order":0,"comment_status":"closed","ping_status":"closed","template":"","meta":{"footnotes":""},"class_list":["post-1780","page","type-page","status-publish","hentry"],"_links":{"self":[{"href":"https:\/\/blog.edu.turku.fi\/kerttulinlukio\/wp-json\/wp\/v2\/pages\/1780","targetHints":{"allow":["GET"]}}],"collection":[{"href":"https:\/\/blog.edu.turku.fi\/kerttulinlukio\/wp-json\/wp\/v2\/pages"}],"about":[{"href":"https:\/\/blog.edu.turku.fi\/kerttulinlukio\/wp-json\/wp\/v2\/types\/page"}],"author":[{"embeddable":true,"href":"https:\/\/blog.edu.turku.fi\/kerttulinlukio\/wp-json\/wp\/v2\/users\/2522"}],"replies":[{"embeddable":true,"href":"https:\/\/blog.edu.turku.fi\/kerttulinlukio\/wp-json\/wp\/v2\/comments?post=1780"}],"version-history":[{"count":3,"href":"https:\/\/blog.edu.turku.fi\/kerttulinlukio\/wp-json\/wp\/v2\/pages\/1780\/revisions"}],"predecessor-version":[{"id":1922,"href":"https:\/\/blog.edu.turku.fi\/kerttulinlukio\/wp-json\/wp\/v2\/pages\/1780\/revisions\/1922"}],"wp:attachment":[{"href":"https:\/\/blog.edu.turku.fi\/kerttulinlukio\/wp-json\/wp\/v2\/media?parent=1780"}],"curies":[{"name":"wp","href":"https:\/\/api.w.org\/{rel}","templated":true}]}}