{"id":1675,"date":"2020-09-11T14:51:17","date_gmt":"2020-09-11T11:51:17","guid":{"rendered":"https:\/\/blog.edu.turku.fi\/kerttulinlukio\/?page_id=1675"},"modified":"2020-12-09T20:39:58","modified_gmt":"2020-12-09T18:39:58","slug":"syyskuu","status":"publish","type":"page","link":"https:\/\/blog.edu.turku.fi\/kerttulinlukio\/syyskuu\/","title":{"rendered":"Elokuu 2020"},"content":{"rendered":"<p><strong>Valtakunnallinen It\u00e4merip\u00e4iv\u00e4 Kerttulin lukiossa<\/strong><\/p>\n<p><img loading=\"lazy\" decoding=\"async\" class=\"size-medium wp-image-1663 alignright\" src=\"https:\/\/blog.edu.turku.fi\/kerttulinlukio\/files\/2020\/08\/GetFileAttachment-3-300x173.jpg\" alt=\"\" width=\"300\" height=\"173\" \/>Torstaina 27.8. It\u00e4merta sy\u00f6tiin puhtaammaksi valtakunnallisen It\u00e4merip\u00e4iv\u00e4n kunniaksi. Kaikissa Turun kaupungin kouluissa tarjoiltiin yhten\u00e4 ruokavaihtoehtona l\u00e4hikalaa, mik\u00e4 maistui meid\u00e4nkin opiskelijoille. T\u00e4m\u00e4nkaltaisten teemap\u00e4ivien avulla pystyt\u00e4\u00e4n nostamaan laajemminkin huomiota l\u00e4hiymp\u00e4rist\u00f6mme tilaan ja kest\u00e4v\u00e4\u00e4n kehitykseen.<\/p>\n<p><strong>Kerttulin lukion ylioppilaiden juhla 29.8. 2020.<\/strong><\/p>\n<p><img loading=\"lazy\" decoding=\"async\" class=\" wp-image-1722 alignleft\" src=\"https:\/\/blog.edu.turku.fi\/kerttulinlukio\/files\/2020\/09\/GetFileAttachment-3-300x173.jpg\" alt=\"\" width=\"369\" height=\"213\" srcset=\"https:\/\/blog.edu.turku.fi\/kerttulinlukio\/files\/2020\/09\/GetFileAttachment-3-300x173.jpg 300w, https:\/\/blog.edu.turku.fi\/kerttulinlukio\/files\/2020\/09\/GetFileAttachment-3.jpg 750w\" sizes=\"auto, (max-width: 369px) 85vw, 369px\" \/>Kerttulin lukion viime kev\u00e4\u00e4n ylioppilaita juhlistettiin lauantaina 29.8. Kupittaan palloiluhallilla. Koronapandemian takia uusien ylioppilaiden lakitustilaisuus jouduttiin kev\u00e4\u00e4ll\u00e4 siirt\u00e4m\u00e4\u00e4n, mutta lauantaina ylioppilaat saivat vihdoin lakkinsa. Tilaisuuden j\u00e4rjestelyihin oli n\u00e4hty suuri m\u00e4\u00e4r\u00e4 aikaa ja vaivaa, jotta sek\u00e4 ylioppilaiden ett\u00e4 heid\u00e4n omaisensa turvallisuus pystyttiin takaamaan. Palloiluhallin suuret tilat mahdollistivat riitt\u00e4vien turvav\u00e4lien pit\u00e4misen, mink\u00e4 lis\u00e4ksi juhlavieraille tarjottiin k\u00e4sidesi\u00e4 ja kasvosuojaimia. Tilaisuus sujui kaikein puolin onnistuneesti ja tunnelma oli juhlallinen ja rauhallinen. Tilaisuudessa lakitettiin kaiken kaikkiaan 70 uutta ylioppilasta.<\/p>\n<p><img loading=\"lazy\" decoding=\"async\" class=\" wp-image-1723 alignright\" src=\"https:\/\/blog.edu.turku.fi\/kerttulinlukio\/files\/2020\/09\/GetFileAttachment-4-rotated-e1599824792422-225x300.jpg\" alt=\"\" width=\"216\" height=\"288\" srcset=\"https:\/\/blog.edu.turku.fi\/kerttulinlukio\/files\/2020\/09\/GetFileAttachment-4-rotated-e1599824792422-225x300.jpg 225w, https:\/\/blog.edu.turku.fi\/kerttulinlukio\/files\/2020\/09\/GetFileAttachment-4-rotated-e1599824792422.jpg 480w\" sizes=\"auto, (max-width: 216px) 85vw, 216px\" \/>Tervetuliaissanat ja rehtorin puhe kuultiin Tapio Laineelta.<\/p>\n<p>Poika saunoo kappaleen tanssiesityksess\u00e4 mukana olivat Adeelia Koponen, Fiona L\u00f6pp\u00f6nen, Kaisa Sepp\u00e4l\u00e4, Sanni Soukki, Nea Vainio ja Kia \u00d6sterholm.<\/p>\n<p>Younghearted-yhtyeen kappaleen &#8221;Vapaa&#8221; lauloivat Wilma Aitio ja Ella Saivosalmi, ja pianolla s\u00e4esti Wilma Schrey.<\/p>\n<p>Katri-Helenan kappaleen &#8221;Almaz&#8221; lauloi Wilma Aitio. Pianossa Wilma Screy.<\/p>\n<p>Ylioppilaan puheen piti Niklas Vaulanen.<\/p>\n<p><img loading=\"lazy\" decoding=\"async\" class=\"alignnone size-medium wp-image-1925\" src=\"https:\/\/blog.edu.turku.fi\/kerttulinlukio\/files\/2020\/12\/IMG_4110-300x200.jpg\" alt=\"\" width=\"300\" height=\"200\" \/> <img loading=\"lazy\" decoding=\"async\" class=\"alignnone size-medium wp-image-1926\" src=\"https:\/\/blog.edu.turku.fi\/kerttulinlukio\/files\/2020\/12\/IMG_4091-300x200.jpg\" alt=\"\" width=\"300\" height=\"200\" \/> <img loading=\"lazy\" decoding=\"async\" class=\"alignnone size-medium wp-image-1927\" src=\"https:\/\/blog.edu.turku.fi\/kerttulinlukio\/files\/2020\/12\/IMG_4114-300x200.jpg\" alt=\"\" width=\"300\" height=\"200\" \/> <img loading=\"lazy\" decoding=\"async\" class=\"alignnone size-medium wp-image-1928\" src=\"https:\/\/blog.edu.turku.fi\/kerttulinlukio\/files\/2020\/12\/IMG_4096-300x200.jpg\" alt=\"\" width=\"300\" height=\"200\" \/> <img loading=\"lazy\" decoding=\"async\" class=\"alignnone size-medium wp-image-1929\" src=\"https:\/\/blog.edu.turku.fi\/kerttulinlukio\/files\/2020\/12\/IMG_4135-300x200.jpg\" alt=\"\" width=\"300\" height=\"200\" \/> <img loading=\"lazy\" decoding=\"async\" class=\"alignnone size-medium wp-image-1930\" src=\"https:\/\/blog.edu.turku.fi\/kerttulinlukio\/files\/2020\/12\/IMG_4148-300x200.jpg\" alt=\"\" width=\"300\" height=\"200\" \/> <img loading=\"lazy\" decoding=\"async\" class=\"alignnone size-medium wp-image-1931\" src=\"https:\/\/blog.edu.turku.fi\/kerttulinlukio\/files\/2020\/12\/IMG_4107-300x200.jpg\" alt=\"\" width=\"300\" height=\"200\" \/> <img loading=\"lazy\" decoding=\"async\" class=\"alignnone size-medium wp-image-1932\" src=\"https:\/\/blog.edu.turku.fi\/kerttulinlukio\/files\/2020\/12\/IMG_4118-300x200.jpg\" alt=\"\" width=\"300\" height=\"200\" \/><\/p>\n<p>&nbsp;<\/p>\n","protected":false},"excerpt":{"rendered":"<p>Valtakunnallinen It\u00e4merip\u00e4iv\u00e4 Kerttulin lukiossa Torstaina 27.8. It\u00e4merta sy\u00f6tiin puhtaammaksi valtakunnallisen It\u00e4merip\u00e4iv\u00e4n kunniaksi. Kaikissa Turun kaupungin kouluissa tarjoiltiin yhten\u00e4 ruokavaihtoehtona l\u00e4hikalaa, mik\u00e4 maistui meid\u00e4nkin opiskelijoille. T\u00e4m\u00e4nkaltaisten teemap\u00e4ivien avulla pystyt\u00e4\u00e4n nostamaan laajemminkin huomiota l\u00e4hiymp\u00e4rist\u00f6mme tilaan ja kest\u00e4v\u00e4\u00e4n kehitykseen. Kerttulin lukion ylioppilaiden juhla 29.8. 2020. Kerttulin lukion viime kev\u00e4\u00e4n ylioppilaita juhlistettiin lauantaina 29.8. Kupittaan palloiluhallilla. Koronapandemian takia uusien &hellip; <a href=\"https:\/\/blog.edu.turku.fi\/kerttulinlukio\/syyskuu\/\" class=\"more-link\">Jatka lukemista<span class=\"screen-reader-text\"> &#8221;Elokuu 2020&#8221;<\/span><\/a><\/p>\n","protected":false},"author":1021,"featured_media":0,"parent":0,"menu_order":0,"comment_status":"closed","ping_status":"closed","template":"","meta":{"footnotes":""},"class_list":["post-1675","page","type-page","status-publish","hentry"],"_links":{"self":[{"href":"https:\/\/blog.edu.turku.fi\/kerttulinlukio\/wp-json\/wp\/v2\/pages\/1675","targetHints":{"allow":["GET"]}}],"collection":[{"href":"https:\/\/blog.edu.turku.fi\/kerttulinlukio\/wp-json\/wp\/v2\/pages"}],"about":[{"href":"https:\/\/blog.edu.turku.fi\/kerttulinlukio\/wp-json\/wp\/v2\/types\/page"}],"author":[{"embeddable":true,"href":"https:\/\/blog.edu.turku.fi\/kerttulinlukio\/wp-json\/wp\/v2\/users\/1021"}],"replies":[{"embeddable":true,"href":"https:\/\/blog.edu.turku.fi\/kerttulinlukio\/wp-json\/wp\/v2\/comments?post=1675"}],"version-history":[{"count":16,"href":"https:\/\/blog.edu.turku.fi\/kerttulinlukio\/wp-json\/wp\/v2\/pages\/1675\/revisions"}],"predecessor-version":[{"id":1934,"href":"https:\/\/blog.edu.turku.fi\/kerttulinlukio\/wp-json\/wp\/v2\/pages\/1675\/revisions\/1934"}],"wp:attachment":[{"href":"https:\/\/blog.edu.turku.fi\/kerttulinlukio\/wp-json\/wp\/v2\/media?parent=1675"}],"curies":[{"name":"wp","href":"https:\/\/api.w.org\/{rel}","templated":true}]}}