{"id":1614,"date":"2020-05-29T17:00:08","date_gmt":"2020-05-29T14:00:08","guid":{"rendered":"https:\/\/blog.edu.turku.fi\/kerttulinlukio\/?page_id=1614"},"modified":"2020-05-30T10:23:38","modified_gmt":"2020-05-30T07:23:38","slug":"toukokuu-2","status":"publish","type":"page","link":"https:\/\/blog.edu.turku.fi\/kerttulinlukio\/toukokuu-2\/","title":{"rendered":"Toukokuu"},"content":{"rendered":"<p><img loading=\"lazy\" decoding=\"async\" class=\"alignright size-medium wp-image-817\" src=\"https:\/\/blog.edu.turku.fi\/kerttulinlukio\/files\/2019\/05\/rentukka_13.5.19-300x259.jpg\" alt=\"\" width=\"300\" height=\"259\" srcset=\"https:\/\/blog.edu.turku.fi\/kerttulinlukio\/files\/2019\/05\/rentukka_13.5.19-300x259.jpg 300w, https:\/\/blog.edu.turku.fi\/kerttulinlukio\/files\/2019\/05\/rentukka_13.5.19-1024x885.jpg 1024w, https:\/\/blog.edu.turku.fi\/kerttulinlukio\/files\/2019\/05\/rentukka_13.5.19.jpg 2048w\" sizes=\"auto, (max-width: 300px) 85vw, 300px\" \/>Peruskoulut palasivat l\u00e4hiopetukseen 14.5. ja meid\u00e4nkin lukioomme tuli Puropellon koulu v\u00e4ist\u00f6tiloihin. Kerttuli jatkoi et\u00e4opetuksessa toukokuun loppuun saakka.<\/p>\n<p>Koronan vuoksi kev\u00e4tjuhlia ei vietetty, ykk\u00f6s- ja kakkosvuotisten kev\u00e4tjuhla pidettiin et\u00e4ryhm\u00e4nohjauksena perjantaina 29.5. Tilaisuudessa kuultiin apulaisrehtorin puhe, <a href=\"https:\/\/www.youtube.com\/watch?v=VSPMJVDqVnU&amp;feature=youtu.be\">https:\/\/www.youtube.com\/watch?v=VSPMJVDqVnU&amp;feature=youtu.be <\/a>musiikkia ja ryhm\u00e4nohjaajan tervehdys.<\/p>\n<p>Ylioppilasjuhla oli niin ik\u00e4\u00e4n poikkeuksellinen. Lauantaina 30. toukokuuta 100 Kerttulista valmistuvaa ylioppilasta painoi lakin p\u00e4\u00e4h\u00e4ns\u00e4 virtuaalisesti juhlassa, jossa sek\u00e4 rehtori ett\u00e4 tuore ylioppilas Niklas Vaulanen pitiv\u00e4t puheen ja sellisti\u00a0 Markus Takkinen s\u00e4est\u00e4j\u00e4n\u00e4\u00e4n Esa Moilanen soitti Jean Sibeliuksen kappaleen Andantino. Juhlaa p\u00e4\u00e4si katsomaan Wilman kautta jaetulla linkill\u00e4, joka on my\u00f6s t\u00e4ss\u00e4: <a href=\"https:\/\/www.youtube.com\/watch?v=yFkWCyIrgw0&amp;feature=youtu.be\">https:\/\/www.youtube.com\/watch?v=yFkWCyIrgw0&amp;feature=youtu.be <\/a>\u00a0Varmasti ikimuistoinen hetki kaikille valmistuville monestakin syyst\u00e4.\u00a0 Jos tilanne sallii, lauantaina elokuun 29. p\u00e4iv\u00e4 pidet\u00e4\u00e4n toinen juhla Kerttulin lukiolla.<\/p>\n<p><img loading=\"lazy\" decoding=\"async\" class=\"alignright size-medium wp-image-819\" src=\"https:\/\/blog.edu.turku.fi\/kerttulinlukio\/files\/2019\/05\/tuomi_13.5.19-300x267.jpg\" alt=\"\" width=\"300\" height=\"267\" srcset=\"https:\/\/blog.edu.turku.fi\/kerttulinlukio\/files\/2019\/05\/tuomi_13.5.19-300x267.jpg 300w, https:\/\/blog.edu.turku.fi\/kerttulinlukio\/files\/2019\/05\/tuomi_13.5.19-1024x910.jpg 1024w, https:\/\/blog.edu.turku.fi\/kerttulinlukio\/files\/2019\/05\/tuomi_13.5.19.jpg 2048w\" sizes=\"auto, (max-width: 300px) 85vw, 300px\" \/>Syksyll\u00e4 koulun alkaessa emme osanneet edes aavistaa, ett\u00e4 lukuvuosi p\u00e4\u00e4ttyisi n\u00e4in erikoisella tavalla. T\u00e4n\u00e4 kev\u00e4\u00e4n\u00e4 opimme, ett\u00e4 mik\u00e4\u00e4n ei ole pysyv\u00e4\u00e4 tai itsest\u00e4\u00e4n selv\u00e4\u00e4, meist\u00e4 riippumattomat syyt voivat muuttaa el\u00e4m\u00e4\u00e4mme yll\u00e4tt\u00e4v\u00e4nkin nopeasti. Toisaalta opimme my\u00f6s sen, ett\u00e4 aina voi oppia uutta ja ett\u00e4 kaikesta voi selviyty\u00e4.<\/p>\n<p>Niklas Vaulanen sanoo ylioppilaan puheessaan n\u00e4in: &#8221;Muistakaa jatkaa unelmien tavoittelua, oppimista ja uuden kokemista. Se on ainoa tapa, jonka kautta voi sanoa tiet\u00e4v\u00e4ns\u00e4 edes v\u00e4h\u00e4n enemm\u00e4n siit\u00e4 kaikesta, mit\u00e4 me emme viel\u00e4 tied\u00e4.&#8221; T\u00e4h\u00e4n ajatukseen on hyv\u00e4 p\u00e4\u00e4tt\u00e4\u00e4 lukuvuosi 2019 &#8211; 2020.<\/p>\n","protected":false},"excerpt":{"rendered":"<p>Peruskoulut palasivat l\u00e4hiopetukseen 14.5. ja meid\u00e4nkin lukioomme tuli Puropellon koulu v\u00e4ist\u00f6tiloihin. Kerttuli jatkoi et\u00e4opetuksessa toukokuun loppuun saakka. Koronan vuoksi kev\u00e4tjuhlia ei vietetty, ykk\u00f6s- ja kakkosvuotisten kev\u00e4tjuhla pidettiin et\u00e4ryhm\u00e4nohjauksena perjantaina 29.5. Tilaisuudessa kuultiin apulaisrehtorin puhe, https:\/\/www.youtube.com\/watch?v=VSPMJVDqVnU&amp;feature=youtu.be musiikkia ja ryhm\u00e4nohjaajan tervehdys. Ylioppilasjuhla oli niin ik\u00e4\u00e4n poikkeuksellinen. Lauantaina 30. toukokuuta 100 Kerttulista valmistuvaa ylioppilasta painoi lakin p\u00e4\u00e4h\u00e4ns\u00e4 virtuaalisesti &hellip; <a href=\"https:\/\/blog.edu.turku.fi\/kerttulinlukio\/toukokuu-2\/\" class=\"more-link\">Jatka lukemista<span class=\"screen-reader-text\"> &#8221;Toukokuu&#8221;<\/span><\/a><\/p>\n","protected":false},"author":2522,"featured_media":0,"parent":0,"menu_order":0,"comment_status":"closed","ping_status":"closed","template":"","meta":{"footnotes":""},"class_list":["post-1614","page","type-page","status-publish","hentry"],"_links":{"self":[{"href":"https:\/\/blog.edu.turku.fi\/kerttulinlukio\/wp-json\/wp\/v2\/pages\/1614","targetHints":{"allow":["GET"]}}],"collection":[{"href":"https:\/\/blog.edu.turku.fi\/kerttulinlukio\/wp-json\/wp\/v2\/pages"}],"about":[{"href":"https:\/\/blog.edu.turku.fi\/kerttulinlukio\/wp-json\/wp\/v2\/types\/page"}],"author":[{"embeddable":true,"href":"https:\/\/blog.edu.turku.fi\/kerttulinlukio\/wp-json\/wp\/v2\/users\/2522"}],"replies":[{"embeddable":true,"href":"https:\/\/blog.edu.turku.fi\/kerttulinlukio\/wp-json\/wp\/v2\/comments?post=1614"}],"version-history":[{"count":7,"href":"https:\/\/blog.edu.turku.fi\/kerttulinlukio\/wp-json\/wp\/v2\/pages\/1614\/revisions"}],"predecessor-version":[{"id":1623,"href":"https:\/\/blog.edu.turku.fi\/kerttulinlukio\/wp-json\/wp\/v2\/pages\/1614\/revisions\/1623"}],"wp:attachment":[{"href":"https:\/\/blog.edu.turku.fi\/kerttulinlukio\/wp-json\/wp\/v2\/media?parent=1614"}],"curies":[{"name":"wp","href":"https:\/\/api.w.org\/{rel}","templated":true}]}}