{"id":1579,"date":"2020-04-20T09:47:52","date_gmt":"2020-04-20T06:47:52","guid":{"rendered":"https:\/\/blog.edu.turku.fi\/kerttulinlukio\/?page_id=1579"},"modified":"2020-04-21T13:03:39","modified_gmt":"2020-04-21T10:03:39","slug":"huhtikuu-2","status":"publish","type":"page","link":"https:\/\/blog.edu.turku.fi\/kerttulinlukio\/huhtikuu-2\/","title":{"rendered":"Huhtikuu"},"content":{"rendered":"<p style=\"text-align: left\"><strong>Et\u00e4opiskelua huhtikuussa 2020\u00a0 \u00a0\u00a0<\/strong>\u00a0 \u00a0 \u00a0 \u00a0 \u00a0 \u00a0 \u00a0 \u00a0 \u00a0 \u00a0 \u00a0 \u00a0 \u00a0 \u00a0 \u00a0 \u00a0 \u00a0 \u00a0 \u00a0 \u00a0 \u00a0 \u00a0 \u00a0 \u00a0 \u00a0 \u00a0 \u00a0 \u00a0 \u00a0 \u00a0 \u00a0 \u00a0 \u00a0 \u00a0 \u00a0 \u00a0 \u00a0 \u00a0 \u00a0 \u00a0 \u00a0 \u00a0 \u00a0 \u00a0 \u00a0 \u00a0 \u00a0 \u00a0 \u00a0 \u00a0 \u00a0 \u00a0 \u00a0 \u00a0 \u00a0 \u00a0 \u00a0 \u00a0 \u00a0 \u00a0 \u00a0 \u00a0 \u00a0 \u00a0 \u00a0 \u00a0 \u00a0 \u00a0 \u00a0 \u00a0 \u00a0 \u00a0 \u00a0 \u00a0 \u00a0 \u00a0 \u00a0 \u00a0 \u00a0 \u00a0 \u00a0 <img loading=\"lazy\" decoding=\"async\" class=\"alignright size-medium wp-image-1580\" src=\"https:\/\/blog.edu.turku.fi\/kerttulinlukio\/files\/2020\/04\/moodle-logo-300x206.png\" alt=\"\" width=\"300\" height=\"206\" \/>Kerttuli on nyt ollut jo kuusi viikkoa et\u00e4opetuksessa ja v\u00e4hitellen rutiinit ovat alkaneet muodostua. Opetus sujuu erilaisten keinojen avulla, on Meeti\u00e4 ja Teamsi\u00e4, joku k\u00e4ytt\u00e4\u00e4 Classroomia, toinen taas Moodlea, yhteist\u00e4 on kuitenkin se, ett\u00e4 kurssit hoituvat. Eiv\u00e4t ehk\u00e4 samalla tavalla kuin ennen, mutta varmasti me kaikki opimme jotain uutta.<\/p>\n<p><img loading=\"lazy\" decoding=\"async\" class=\"alignright size-medium wp-image-1581\" src=\"https:\/\/blog.edu.turku.fi\/kerttulinlukio\/files\/2020\/04\/Meet-300x300.png\" alt=\"\" width=\"300\" height=\"300\" \/>Osa opiskelijoista kaipaa vuorovaikutusta luokkatilanteessa, joku taas on tyytyv\u00e4inen, ett\u00e4 saa tehd\u00e4 t\u00f6it\u00e4 omassa rauhassa muiden h\u00e4iritsem\u00e4tt\u00e4. Itse ainakin olisin paljon mieluummin luokassa puhumassa liven\u00e4 ja kiertelem\u00e4ss\u00e4 ohjaamassa opiskelijoita kuin tuijottaisin ruutua, jossa n\u00e4kyy ep\u00e4m\u00e4\u00e4r\u00e4inen joukko kirjaimia ja suljettuja mikrofoneja. Tuntuu oudolta puhua kameralle, kun ei tied\u00e4, kuunteleeko kukaan. Onneksi jotkut opiskelijat sent\u00e4\u00e4n kommentoivat, mutta paljon on niit\u00e4kin, jotka ovat vain hiljaa.<\/p>\n<p><img loading=\"lazy\" decoding=\"async\" class=\"alignright size-medium wp-image-1582\" src=\"https:\/\/blog.edu.turku.fi\/kerttulinlukio\/files\/2020\/04\/teddy-1183248_1920-232x300.jpg\" alt=\"\" width=\"232\" height=\"300\" \/>Olemme pit\u00e4neet ryhm\u00e4nohjausta et\u00e4n\u00e4, opettajankokouksia et\u00e4n\u00e4 ja jopa vanhempainillan et\u00e4n\u00e4. Kaikki on siis mahdollista. Olen kuitenkin varma, ett\u00e4 t\u00e4m\u00e4n kev\u00e4\u00e4n j\u00e4lkeen osaamme arvostaa enemm\u00e4n yst\u00e4vi\u00e4mme ja kaikkia muitakin ihmisi\u00e4. Jos joskus kaipaa hiljaisuutta koulup\u00e4iv\u00e4n aikana, kannattaa muistaa, millaista on nyt. Vuorovaikutus toisten kanssa on kuitenkin meille ominainen tapa toimia ja kuten aina, asian t\u00e4rkeyden huomaa sitten vasta, kun sit\u00e4 ei ole. Lopuksi lainaan yht\u00e4 ryhm\u00e4l\u00e4isist\u00e4ni, joka toteaa n\u00e4in: \u201dMut kaikesta selvit\u00e4\u00e4n ja niin t\u00e4st\u00e4kin!\u201d<\/p>\n","protected":false},"excerpt":{"rendered":"<p>Et\u00e4opiskelua huhtikuussa 2020\u00a0 \u00a0\u00a0\u00a0 \u00a0 \u00a0 \u00a0 \u00a0 \u00a0 \u00a0 \u00a0 \u00a0 \u00a0 \u00a0 \u00a0 \u00a0 \u00a0 \u00a0 \u00a0 \u00a0 \u00a0 \u00a0 \u00a0 \u00a0 \u00a0 \u00a0 \u00a0 \u00a0 \u00a0 \u00a0 \u00a0 \u00a0 \u00a0 \u00a0 \u00a0 \u00a0 \u00a0 \u00a0 \u00a0 \u00a0 \u00a0 \u00a0 \u00a0 \u00a0 \u00a0 \u00a0 \u00a0 \u00a0 \u00a0 \u00a0 \u00a0 \u00a0 \u00a0 \u00a0 \u00a0 &hellip; <a href=\"https:\/\/blog.edu.turku.fi\/kerttulinlukio\/huhtikuu-2\/\" class=\"more-link\">Jatka lukemista<span class=\"screen-reader-text\"> &#8221;Huhtikuu&#8221;<\/span><\/a><\/p>\n","protected":false},"author":2522,"featured_media":0,"parent":0,"menu_order":0,"comment_status":"closed","ping_status":"closed","template":"","meta":{"footnotes":""},"class_list":["post-1579","page","type-page","status-publish","hentry"],"_links":{"self":[{"href":"https:\/\/blog.edu.turku.fi\/kerttulinlukio\/wp-json\/wp\/v2\/pages\/1579","targetHints":{"allow":["GET"]}}],"collection":[{"href":"https:\/\/blog.edu.turku.fi\/kerttulinlukio\/wp-json\/wp\/v2\/pages"}],"about":[{"href":"https:\/\/blog.edu.turku.fi\/kerttulinlukio\/wp-json\/wp\/v2\/types\/page"}],"author":[{"embeddable":true,"href":"https:\/\/blog.edu.turku.fi\/kerttulinlukio\/wp-json\/wp\/v2\/users\/2522"}],"replies":[{"embeddable":true,"href":"https:\/\/blog.edu.turku.fi\/kerttulinlukio\/wp-json\/wp\/v2\/comments?post=1579"}],"version-history":[{"count":3,"href":"https:\/\/blog.edu.turku.fi\/kerttulinlukio\/wp-json\/wp\/v2\/pages\/1579\/revisions"}],"predecessor-version":[{"id":1586,"href":"https:\/\/blog.edu.turku.fi\/kerttulinlukio\/wp-json\/wp\/v2\/pages\/1579\/revisions\/1586"}],"wp:attachment":[{"href":"https:\/\/blog.edu.turku.fi\/kerttulinlukio\/wp-json\/wp\/v2\/media?parent=1579"}],"curies":[{"name":"wp","href":"https:\/\/api.w.org\/{rel}","templated":true}]}}