{"id":1491,"date":"2020-02-26T18:05:08","date_gmt":"2020-02-26T16:05:08","guid":{"rendered":"https:\/\/blog.edu.turku.fi\/kerttulinlukio\/?page_id=1491"},"modified":"2020-03-30T10:45:27","modified_gmt":"2020-03-30T07:45:27","slug":"maaliskuu-2","status":"publish","type":"page","link":"https:\/\/blog.edu.turku.fi\/kerttulinlukio\/maaliskuu-2\/","title":{"rendered":"Maaliskuu"},"content":{"rendered":"<p><strong>Koronakev\u00e4t 2020<\/strong><\/p>\n<p><img loading=\"lazy\" decoding=\"async\" class=\"alignright size-medium wp-image-1562\" src=\"https:\/\/blog.edu.turku.fi\/kerttulinlukio\/files\/2020\/03\/covid-19-4960246_1920-300x161.jpg\" alt=\"\" width=\"300\" height=\"161\" \/>Koronavirus yll\u00e4tti koko maailman ja sen vaikutukset ulottuivat Kerttuliin saakka. Perjantaina 13.3. maan hallitus teki p\u00e4\u00e4t\u00f6ksen siirt\u00e4\u00e4 koulut et\u00e4opetukseen viruksen levi\u00e4misen hillitsemiseksi 13.4. asti.\u00a0 Ylioppilaskirjoitusaikataulua tiivistettiin siten, ett\u00e4 reaalikokeet siirrettiin viikkoa aikaisemmaksi, mik\u00e4 tarkoitti k\u00e4yt\u00e4nn\u00f6ss\u00e4 sit\u00e4, ett\u00e4 viikolla 12 pidettiin joka p\u00e4iv\u00e4 ylioppilaskirjoituksia. Opettajat valvoivat kirjoituksia aamusta iltaan, mutta kaikki saatiin hoidettua kunnialla maaliin.\u00a0 <img loading=\"lazy\" decoding=\"async\" class=\"alignright size-thumbnail wp-image-1563\" src=\"https:\/\/blog.edu.turku.fi\/kerttulinlukio\/files\/2020\/03\/korona1-150x150.png\" alt=\"\" width=\"150\" height=\"150\" srcset=\"https:\/\/blog.edu.turku.fi\/kerttulinlukio\/files\/2020\/03\/korona1-150x150.png 150w, https:\/\/blog.edu.turku.fi\/kerttulinlukio\/files\/2020\/03\/korona1-300x300.png 300w, https:\/\/blog.edu.turku.fi\/kerttulinlukio\/files\/2020\/03\/korona1.png 767w\" sizes=\"auto, (max-width: 150px) 85vw, 150px\" \/>Muut opiskelijat olivat jo t\u00e4ss\u00e4 vaiheessa opiskelemassa et\u00e4n\u00e4.<\/p>\n<p>Viikolla 13 Kerttulin lukio tyhjeni my\u00f6s opettajista ja abiturienteista, kun kaikki siirtyiv\u00e4t koteihinsa et\u00e4t\u00f6it\u00e4 tekem\u00e4\u00e4n. T\u00e4t\u00e4 kirjoitettaessa odottelemme tietoa siit\u00e4, jatkuuko koulujen et\u00e4opetus koko kev\u00e4tlukukauden loppuun vai palaammeko ehk\u00e4 kouluun huhtikuun lopussa. Joka tapauksessa korona on aiheuttanut maailmanlaajuisesti kymmenien tuhansien ihmisten kuoleman, Suomessa niin kirjastot, teatterit kuin ravintolatkin on suljettu, Uusimaa <img loading=\"lazy\" decoding=\"async\" class=\"alignright size-medium wp-image-1565\" src=\"https:\/\/blog.edu.turku.fi\/kerttulinlukio\/files\/2020\/03\/PIXNIO-2365528-1200x900-1-300x225.jpg\" alt=\"\" width=\"300\" height=\"225\" srcset=\"https:\/\/blog.edu.turku.fi\/kerttulinlukio\/files\/2020\/03\/PIXNIO-2365528-1200x900-1-300x225.jpg 300w, https:\/\/blog.edu.turku.fi\/kerttulinlukio\/files\/2020\/03\/PIXNIO-2365528-1200x900-1.jpg 1000w\" sizes=\"auto, (max-width: 300px) 85vw, 300px\" \/>eristetty ja sairastuneiden m\u00e4\u00e4r\u00e4 kasvaa p\u00e4iv\u00e4 p\u00e4iv\u00e4lt\u00e4.<\/p>\n<p>T\u00e4llaista kev\u00e4tt\u00e4 ei olisi osannut kuvitella kukaan, mutta p\u00e4\u00e4ministerin sanoin &#8221;me selvi\u00e4mme t\u00e4st\u00e4 yhdess\u00e4&#8221;. Voimia kaikille!<\/p>\n<p>&nbsp;<\/p>\n<p>&nbsp;<\/p>\n<p>&nbsp;<\/p>\n<p><strong>L\u00e4\u00e4kisvierailu 9.3.<\/strong><\/p>\n<figure id=\"attachment_1525\" aria-describedby=\"caption-attachment-1525\" style=\"width: 1000px\" class=\"wp-caption alignleft\"><img loading=\"lazy\" decoding=\"async\" class=\"size-large wp-image-1525\" src=\"https:\/\/blog.edu.turku.fi\/kerttulinlukio\/files\/2020\/03\/PHOTO-2020-03-09-09-10-23-1000x563.jpg\" alt=\"\" width=\"1000\" height=\"563\" srcset=\"https:\/\/blog.edu.turku.fi\/kerttulinlukio\/files\/2020\/03\/PHOTO-2020-03-09-09-10-23.jpg 1000w, https:\/\/blog.edu.turku.fi\/kerttulinlukio\/files\/2020\/03\/PHOTO-2020-03-09-09-10-23-300x169.jpg 300w\" sizes=\"auto, (max-width: 709px) 85vw, (max-width: 909px) 67vw, (max-width: 1362px) 62vw, 840px\" \/><figcaption id=\"caption-attachment-1525\" class=\"wp-caption-text\">Kira Lindberg Turun l\u00e4\u00e4ketiteellisest\u00e4 tiedekunnasta t\u00e4n\u00e4\u00e4n OP2-kurssilla, aiheena ylioppilaskirjoituksista ja p\u00e4\u00e4sykokeista selviytyminen.<\/figcaption><\/figure>\n<p><img loading=\"lazy\" decoding=\"async\" class=\"size-medium wp-image-1526 alignleft\" src=\"https:\/\/blog.edu.turku.fi\/kerttulinlukio\/files\/2020\/03\/PHOTO-2020-03-09-09-16-22-214x300.jpg\" alt=\"\" width=\"214\" height=\"300\" srcset=\"https:\/\/blog.edu.turku.fi\/kerttulinlukio\/files\/2020\/03\/PHOTO-2020-03-09-09-16-22-214x300.jpg 214w, https:\/\/blog.edu.turku.fi\/kerttulinlukio\/files\/2020\/03\/PHOTO-2020-03-09-09-16-22.jpg 712w\" sizes=\"auto, (max-width: 214px) 85vw, 214px\" \/><\/p>\n<p>&nbsp;<\/p>\n<p>&nbsp;<\/p>\n<p>&nbsp;<\/p>\n<p>&nbsp;<\/p>\n<p>&nbsp;<\/p>\n<p>&nbsp;<\/p>\n<p>&nbsp;<\/p>\n<p>&nbsp;<\/p>\n<p>&nbsp;<\/p>\n<p>&nbsp;<\/p>\n<p>&nbsp;<\/p>\n<p>&nbsp;<\/p>\n<p>&nbsp;<\/p>\n<p>&nbsp;<\/p>\n<p>&nbsp;<\/p>\n<p>&nbsp;<\/p>\n<p>&nbsp;<\/p>\n<p><strong>Hannu Moilasen luento Kerttulissa 4.3.<\/strong><\/p>\n<p><img loading=\"lazy\" decoding=\"async\" class=\"size-medium wp-image-1530 alignleft\" src=\"https:\/\/blog.edu.turku.fi\/kerttulinlukio\/files\/2020\/03\/IMG_3707-300x200.jpg\" alt=\"\" width=\"300\" height=\"200\" srcset=\"https:\/\/blog.edu.turku.fi\/kerttulinlukio\/files\/2020\/03\/IMG_3707-300x200.jpg 300w, https:\/\/blog.edu.turku.fi\/kerttulinlukio\/files\/2020\/03\/IMG_3707.jpg 1000w\" sizes=\"auto, (max-width: 300px) 85vw, 300px\" \/>Fysiikan lehtori ja Aivot liikkeelle -teoksen kirjoittaja Hannu Moilanen vieraili lukiossamme keskiviikkona 4.3. H\u00e4nen luentonsa aiheena oli liikunta osana opetusta ja oppimista. Moilanen toi esille useita syit\u00e4, miksi opetusta kannattaa liikunnallistaa. Liikunta muokkaa aivojen rakennetta ja parantaa siten oppimiskyky\u00e4. Ennen oppimistilannetta tehty liikunta my\u00f6s virkist\u00e4\u00e4 ja parantaa keskittymiskyky\u00e4. Liike yhdistettyn\u00e4 oppimiseen tehostaa oppimista ja kasvattaa opiskelumotivaatiota. Moilanen kertoi my\u00f6s, miten liikunta ja ulkoilu lis\u00e4\u00e4v\u00e4t luovuutta ja parantavat unta. Jo lyhytkin liikuntasuoritus edesauttaa aivojen oppimisen kannalta t\u00e4rkeiden v\u00e4litt\u00e4j\u00e4aineiden vapautumista. Kehon k\u00e4ytt\u00f6 vaikuttaa h\u00e4nen mukaansa my\u00f6s oppimisessa syntyv\u00e4n muistij\u00e4ljen pysyvyyteen. On siis lukemattomia syit\u00e4, miksi liikkuminen kannattaa.<\/p>\n<p><img loading=\"lazy\" decoding=\"async\" class=\"size-medium wp-image-1532 alignright\" src=\"https:\/\/blog.edu.turku.fi\/kerttulinlukio\/files\/2020\/03\/IMG_3706-300x200.jpg\" alt=\"\" width=\"300\" height=\"200\" \/>Liikuntaa ja toiminnallisuutta on mahdollista lis\u00e4t\u00e4 yksinkertaistenkin menetelmien avulla &#8211; istutaan v\u00e4hemm\u00e4n, lis\u00e4t\u00e4\u00e4n opetukseen toiminnallisia pelej\u00e4 ja leikkej\u00e4, liikutaan oppituntien v\u00e4lill\u00e4, tehd\u00e4\u00e4n hengitys- ja rentoutumisharjoituksia tai j\u00e4\u00e4d\u00e4\u00e4n vaikka yht\u00e4 pys\u00e4kki\u00e4 aikaisemmin bussista ja k\u00e4vell\u00e4\u00e4n loppumatka koululle. Moilasen mielest\u00e4 oppitunti on silloin onnistunut, kun h\u00e4n n\u00e4kee opiskelijoiden nauravan ja nauttivat oppitunneista. Opetuksen liikunnallistamisessa on my\u00f6s t\u00e4rke\u00e4\u00e4, ett\u00e4 siihen osallistuu koko kouluyhteis\u00f6, niin opiskelijat kuin opettajatkin.<\/p>\n","protected":false},"excerpt":{"rendered":"<p>Koronakev\u00e4t 2020 Koronavirus yll\u00e4tti koko maailman ja sen vaikutukset ulottuivat Kerttuliin saakka. Perjantaina 13.3. maan hallitus teki p\u00e4\u00e4t\u00f6ksen siirt\u00e4\u00e4 koulut et\u00e4opetukseen viruksen levi\u00e4misen hillitsemiseksi 13.4. asti.\u00a0 Ylioppilaskirjoitusaikataulua tiivistettiin siten, ett\u00e4 reaalikokeet siirrettiin viikkoa aikaisemmaksi, mik\u00e4 tarkoitti k\u00e4yt\u00e4nn\u00f6ss\u00e4 sit\u00e4, ett\u00e4 viikolla 12 pidettiin joka p\u00e4iv\u00e4 ylioppilaskirjoituksia. Opettajat valvoivat kirjoituksia aamusta iltaan, mutta kaikki saatiin hoidettua kunnialla &hellip; <a href=\"https:\/\/blog.edu.turku.fi\/kerttulinlukio\/maaliskuu-2\/\" class=\"more-link\">Jatka lukemista<span class=\"screen-reader-text\"> &#8221;Maaliskuu&#8221;<\/span><\/a><\/p>\n","protected":false},"author":2522,"featured_media":0,"parent":0,"menu_order":0,"comment_status":"closed","ping_status":"closed","template":"","meta":{"footnotes":""},"class_list":["post-1491","page","type-page","status-publish","hentry"],"_links":{"self":[{"href":"https:\/\/blog.edu.turku.fi\/kerttulinlukio\/wp-json\/wp\/v2\/pages\/1491","targetHints":{"allow":["GET"]}}],"collection":[{"href":"https:\/\/blog.edu.turku.fi\/kerttulinlukio\/wp-json\/wp\/v2\/pages"}],"about":[{"href":"https:\/\/blog.edu.turku.fi\/kerttulinlukio\/wp-json\/wp\/v2\/types\/page"}],"author":[{"embeddable":true,"href":"https:\/\/blog.edu.turku.fi\/kerttulinlukio\/wp-json\/wp\/v2\/users\/2522"}],"replies":[{"embeddable":true,"href":"https:\/\/blog.edu.turku.fi\/kerttulinlukio\/wp-json\/wp\/v2\/comments?post=1491"}],"version-history":[{"count":8,"href":"https:\/\/blog.edu.turku.fi\/kerttulinlukio\/wp-json\/wp\/v2\/pages\/1491\/revisions"}],"predecessor-version":[{"id":1566,"href":"https:\/\/blog.edu.turku.fi\/kerttulinlukio\/wp-json\/wp\/v2\/pages\/1491\/revisions\/1566"}],"wp:attachment":[{"href":"https:\/\/blog.edu.turku.fi\/kerttulinlukio\/wp-json\/wp\/v2\/media?parent=1491"}],"curies":[{"name":"wp","href":"https:\/\/api.w.org\/{rel}","templated":true}]}}