{"id":1360,"date":"2020-01-22T19:02:30","date_gmt":"2020-01-22T17:02:30","guid":{"rendered":"https:\/\/blog.edu.turku.fi\/kerttulinlukio\/?page_id=1360"},"modified":"2020-01-24T09:39:47","modified_gmt":"2020-01-24T07:39:47","slug":"tammikuu-3","status":"publish","type":"page","link":"https:\/\/blog.edu.turku.fi\/kerttulinlukio\/tammikuu-3\/","title":{"rendered":"Tammikuu"},"content":{"rendered":"<p><img loading=\"lazy\" decoding=\"async\" class=\"wp-image-1353 alignright\" src=\"https:\/\/blog.edu.turku.fi\/kerttulinlukio\/files\/2020\/01\/IMG_6522-e1579706311413-225x300.jpg\" alt=\"\" width=\"244\" height=\"325\" \/><strong>Kerttulin lukion esittelyillat<\/strong><\/p>\n<p>Lukion esittelyillat pidettiin maanantaina 20.1. (yleis- ja ICT-linja) ja tiistaina 21.1. (Urheilulinja). Tulevat opiskelijat ja heid\u00e4n huoltajansa p\u00e4\u00e4siv\u00e4t tutustumaan lukion toimintaan ensin monitoimisalissa, mink\u00e4 j\u00e4lkeen heill\u00e4 oli mahdollisuus kierrell\u00e4 koulun tiloissa. Luokissa opettajat esitteliv\u00e4t omia oppiaineitaan ja vastasivat vierailijoiden kysymyksiin. Tilaisuudet saivat valtaisan suosion, maanantaina vierailijoita oli arviolta 500, tiistainakin noin 300. Suuri kiitos kaikille vierailijoille!<\/p>\n<p><img loading=\"lazy\" decoding=\"async\" class=\" wp-image-1354 alignright\" src=\"https:\/\/blog.edu.turku.fi\/kerttulinlukio\/files\/2020\/01\/791c6771-9de2-4cee-8bc8-5922ea74e44a-300x225.jpg\" alt=\"\" width=\"329\" height=\"247\" srcset=\"https:\/\/blog.edu.turku.fi\/kerttulinlukio\/files\/2020\/01\/791c6771-9de2-4cee-8bc8-5922ea74e44a-300x225.jpg 300w, https:\/\/blog.edu.turku.fi\/kerttulinlukio\/files\/2020\/01\/791c6771-9de2-4cee-8bc8-5922ea74e44a.jpg 1000w\" sizes=\"auto, (max-width: 329px) 85vw, 329px\" \/><\/p>\n","protected":false},"excerpt":{"rendered":"<p>Kerttulin lukion esittelyillat Lukion esittelyillat pidettiin maanantaina 20.1. (yleis- ja ICT-linja) ja tiistaina 21.1. (Urheilulinja). Tulevat opiskelijat ja heid\u00e4n huoltajansa p\u00e4\u00e4siv\u00e4t tutustumaan lukion toimintaan ensin monitoimisalissa, mink\u00e4 j\u00e4lkeen heill\u00e4 oli mahdollisuus kierrell\u00e4 koulun tiloissa. Luokissa opettajat esitteliv\u00e4t omia oppiaineitaan ja vastasivat vierailijoiden kysymyksiin. Tilaisuudet saivat valtaisan suosion, maanantaina vierailijoita oli arviolta 500, tiistainakin noin 300. &hellip; <a href=\"https:\/\/blog.edu.turku.fi\/kerttulinlukio\/tammikuu-3\/\" class=\"more-link\">Jatka lukemista<span class=\"screen-reader-text\"> &#8221;Tammikuu&#8221;<\/span><\/a><\/p>\n","protected":false},"author":2522,"featured_media":0,"parent":0,"menu_order":0,"comment_status":"closed","ping_status":"closed","template":"","meta":{"footnotes":""},"class_list":["post-1360","page","type-page","status-publish","hentry"],"_links":{"self":[{"href":"https:\/\/blog.edu.turku.fi\/kerttulinlukio\/wp-json\/wp\/v2\/pages\/1360","targetHints":{"allow":["GET"]}}],"collection":[{"href":"https:\/\/blog.edu.turku.fi\/kerttulinlukio\/wp-json\/wp\/v2\/pages"}],"about":[{"href":"https:\/\/blog.edu.turku.fi\/kerttulinlukio\/wp-json\/wp\/v2\/types\/page"}],"author":[{"embeddable":true,"href":"https:\/\/blog.edu.turku.fi\/kerttulinlukio\/wp-json\/wp\/v2\/users\/2522"}],"replies":[{"embeddable":true,"href":"https:\/\/blog.edu.turku.fi\/kerttulinlukio\/wp-json\/wp\/v2\/comments?post=1360"}],"version-history":[{"count":4,"href":"https:\/\/blog.edu.turku.fi\/kerttulinlukio\/wp-json\/wp\/v2\/pages\/1360\/revisions"}],"predecessor-version":[{"id":1365,"href":"https:\/\/blog.edu.turku.fi\/kerttulinlukio\/wp-json\/wp\/v2\/pages\/1360\/revisions\/1365"}],"wp:attachment":[{"href":"https:\/\/blog.edu.turku.fi\/kerttulinlukio\/wp-json\/wp\/v2\/media?parent=1360"}],"curies":[{"name":"wp","href":"https:\/\/api.w.org\/{rel}","templated":true}]}}