{"id":131,"date":"2018-10-25T14:57:23","date_gmt":"2018-10-25T11:57:23","guid":{"rendered":"https:\/\/blog.edu.turku.fi\/kerttulinlukio\/?page_id=131"},"modified":"2018-11-12T15:04:46","modified_gmt":"2018-11-12T13:04:46","slug":"lokakuu-2018","status":"publish","type":"page","link":"https:\/\/blog.edu.turku.fi\/kerttulinlukio\/lokakuu-2018\/","title":{"rendered":"Lokakuu"},"content":{"rendered":"<p><strong>Syksyn 2018 LANit<\/strong><\/p>\n<p><img loading=\"lazy\" decoding=\"async\" class=\"alignright size-medium wp-image-170\" src=\"https:\/\/blog.edu.turku.fi\/kerttulinlukio\/files\/2018\/10\/IMG_2604-300x200.jpg\" alt=\"\" width=\"300\" height=\"200\" \/>Verkkopelitapahtuma \u2013 arkikieless\u00e4 LANit on tapahtuma, jossa samassa tilassa olevat tietokoneet liitet\u00e4\u00e4n toisiinsa l\u00e4hiverkon kautta. T\u00e4m\u00e4 mahdollistaa jopa tuhansien henkil\u00f6iden osallistumisen yksitt\u00e4in tai ryhmiss\u00e4 omien tiekoneidensa avulla esimerkiksi yhteisiin peleihin, ohjelmointiin, musiikkiin ja tiedostojen jakoon. Tapahtumat voivat kest\u00e4\u00e4 jopa useita p\u00e4ivi\u00e4.<\/p>\n<p>Jo perinteeksi muodostuneet Kerttulin LANit j\u00e4rjestettiin 26.\u201327.10.2018 lukion salissa. Tapahtumaan oli ilmoittautunut 57 opiskelijaa ja paikalle p\u00e4\u00e4si 51 innokasta harrastajaa. Ilahduttavasti paikalle tuli osallistujia lukiomme ICT-linjan lis\u00e4ksi my\u00f6s yleis- ja urheilulinjoilta. Tilaisuus k\u00e4ynnistyi kaksi tuntia kest\u00e4neell\u00e4 salin rakentamisella. P\u00f6yd\u00e4t j\u00e4rjestettiin pohjapiirustusten mukaisesti ja s\u00e4hk\u00f6- sek\u00e4 verkkoyhteydet hoidettiin ylioppilaskirjoituksiin hankittujen vaunujen ja ketjujen avulla.<\/p>\n<p><img loading=\"lazy\" decoding=\"async\" class=\"alignright size-medium wp-image-172\" src=\"https:\/\/blog.edu.turku.fi\/kerttulinlukio\/files\/2018\/10\/IMG_2597-300x200.jpg\" alt=\"\" width=\"300\" height=\"200\" srcset=\"https:\/\/blog.edu.turku.fi\/kerttulinlukio\/files\/2018\/10\/IMG_2597-300x200.jpg 300w, https:\/\/blog.edu.turku.fi\/kerttulinlukio\/files\/2018\/10\/IMG_2597-1024x683.jpg 1024w, https:\/\/blog.edu.turku.fi\/kerttulinlukio\/files\/2018\/10\/IMG_2597.jpg 2048w\" sizes=\"auto, (max-width: 300px) 85vw, 300px\" \/>Turnaukset alkoivat klo 21:30 jatkuen aina kello nelj\u00e4\u00e4n aamulla. Muiden pelien pelaamista jatkettiin aamup\u00e4iv\u00e4n palkintojenjakoon asti. Y\u00f6n n\u00e4ytt\u00e4vint\u00e4 antia oli isolle kosketustaululle heijastettu ralli-peli, jonka \u00e4\u00e4ress\u00e4 tulevaisuuden rallilegendat viettiv\u00e4t tunnin jos toisenkin HTC-Vive lasit p\u00e4\u00e4ss\u00e4\u00e4n k\u00e4det ratilla ja jalat polkimilla.<\/p>\n<p>Y\u00f6n aikana j\u00e4rjestettiin nelj\u00e4 turnausta, joihin osallistui 30 pelaajaa. Alle on listattu turnaukset ja voittajajoukkueet.<\/p>\n<p>League of Legends: Joona K\u00e4rkk\u00e4inen ja Antti M\u00e4kimattila<\/p>\n<p>Overwatch: Aapo Virtanen, Gabriel Haapaniemi ja Henri Vuori<\/p>\n<p>Counter Strike: Global Offence: Kalle Kankaanp\u00e4\u00e4 ja Juho Duong<\/p>\n<p>Minecraft: Paco Lampinen<\/p>\n<p>&nbsp;<\/p>\n<p><strong>Teatteri Taimine tarjosi kaksikielisyyden juhlaa<\/strong><\/p>\n<p><img loading=\"lazy\" decoding=\"async\" class=\"alignleft size-thumbnail wp-image-127\" src=\"https:\/\/blog.edu.turku.fi\/kerttulinlukio\/files\/2018\/10\/IMG_2594-150x150.jpg\" alt=\"\" width=\"150\" height=\"150\" \/>Tiistaina 23.10.2018 JHL:n lakon masentamaa <em>Arkeaa<\/em> pirist\u00e4m\u00e4\u00e4n saapuivat Teatteri Taiminen n\u00e4yttelij\u00e4kaksikko CG Wentzel ja Mikael Str\u00f6mberg. Koko koulun v\u00e4elle esitetyss\u00e4 ohjelmassa oli syyskuusta 2016 py\u00f6rinyt Henrika Anderssonin k\u00e4sikirjoittama ja Oskar Sil\u00e9nin ohjaama n\u00e4ytelm\u00e4 \u201dOLE HYV\u00c4\u201d hyv\u00e4n ja pahan eroista.<\/p>\n<p><img loading=\"lazy\" decoding=\"async\" class=\"alignright size-medium wp-image-126\" src=\"https:\/\/blog.edu.turku.fi\/kerttulinlukio\/files\/2018\/10\/IMG_2592-300x200.jpg\" alt=\"\" width=\"300\" height=\"200\" \/>N\u00e4ytelm\u00e4 kirvoitti ensimm\u00e4isen hymyn vasta puolenv\u00e4lin j\u00e4lkeen, sill\u00e4 k\u00e4sikirjoitus on saanut innoituksensa Syyrian sis\u00e4llissodan aiheuttamasta pakolaiskriisist\u00e4. Ilmi\u00f6n yhten\u00e4 ongelmana on paperittomien kohtalo \u201dvierailla poluilla, oudoilla ovilla\u201d. Lis\u00e4mausteena tarjoiltiin nuorten ongelmia, v\u00e4kivaltaa ja parisuhdekriisi\u00e4 ajatuksena her\u00e4tt\u00e4\u00e4 katsojissa empatiaa heikoimpia l\u00e4himm\u00e4isi\u00e4 kohtaan. P\u00e4\u00e4osin ruotsin ja suomen kielill\u00e4 esitetty tummissa vesiss\u00e4 liikkunut teksti haastoi katsojansa pinnistelem\u00e4\u00e4n n\u00e4ytelm\u00e4n koko kaaren ajan. Lopetus j\u00e4tti katsojan pohtimaan asioita &#8211; monestakin eri syyst\u00e4.<\/p>\n<p><img loading=\"lazy\" decoding=\"async\" class=\"alignleft size-medium wp-image-128\" src=\"https:\/\/blog.edu.turku.fi\/kerttulinlukio\/files\/2018\/10\/taimine-1-300x227.jpg\" alt=\"\" width=\"300\" height=\"227\" \/>Opettaja-lehden mukaan &#8221; teatteri Taimine on esitt\u00e4nyt draamateksti\u00e4 p\u00e4iv\u00e4kodeissa, peruskouluissa ja lukioissa vuodesta 2002, vuosittain 40 000 katsojalle. Ohjelmistossa on kahdeksan esityst\u00e4, joita koulut voivat tilata\u201d.<\/p>\n<p>&nbsp;<\/p>\n","protected":false},"excerpt":{"rendered":"<p>Syksyn 2018 LANit Verkkopelitapahtuma \u2013 arkikieless\u00e4 LANit on tapahtuma, jossa samassa tilassa olevat tietokoneet liitet\u00e4\u00e4n toisiinsa l\u00e4hiverkon kautta. T\u00e4m\u00e4 mahdollistaa jopa tuhansien henkil\u00f6iden osallistumisen yksitt\u00e4in tai ryhmiss\u00e4 omien tiekoneidensa avulla esimerkiksi yhteisiin peleihin, ohjelmointiin, musiikkiin ja tiedostojen jakoon. Tapahtumat voivat kest\u00e4\u00e4 jopa useita p\u00e4ivi\u00e4. Jo perinteeksi muodostuneet Kerttulin LANit j\u00e4rjestettiin 26.\u201327.10.2018 lukion salissa. Tapahtumaan oli &hellip; <a href=\"https:\/\/blog.edu.turku.fi\/kerttulinlukio\/lokakuu-2018\/\" class=\"more-link\">Jatka lukemista<span class=\"screen-reader-text\"> &#8221;Lokakuu&#8221;<\/span><\/a><\/p>\n","protected":false},"author":2522,"featured_media":0,"parent":0,"menu_order":0,"comment_status":"closed","ping_status":"closed","template":"","meta":{"footnotes":""},"class_list":["post-131","page","type-page","status-publish","hentry"],"_links":{"self":[{"href":"https:\/\/blog.edu.turku.fi\/kerttulinlukio\/wp-json\/wp\/v2\/pages\/131","targetHints":{"allow":["GET"]}}],"collection":[{"href":"https:\/\/blog.edu.turku.fi\/kerttulinlukio\/wp-json\/wp\/v2\/pages"}],"about":[{"href":"https:\/\/blog.edu.turku.fi\/kerttulinlukio\/wp-json\/wp\/v2\/types\/page"}],"author":[{"embeddable":true,"href":"https:\/\/blog.edu.turku.fi\/kerttulinlukio\/wp-json\/wp\/v2\/users\/2522"}],"replies":[{"embeddable":true,"href":"https:\/\/blog.edu.turku.fi\/kerttulinlukio\/wp-json\/wp\/v2\/comments?post=131"}],"version-history":[{"count":4,"href":"https:\/\/blog.edu.turku.fi\/kerttulinlukio\/wp-json\/wp\/v2\/pages\/131\/revisions"}],"predecessor-version":[{"id":238,"href":"https:\/\/blog.edu.turku.fi\/kerttulinlukio\/wp-json\/wp\/v2\/pages\/131\/revisions\/238"}],"wp:attachment":[{"href":"https:\/\/blog.edu.turku.fi\/kerttulinlukio\/wp-json\/wp\/v2\/media?parent=131"}],"curies":[{"name":"wp","href":"https:\/\/api.w.org\/{rel}","templated":true}]}}