{"id":129,"date":"2018-10-25T14:51:03","date_gmt":"2018-10-25T11:51:03","guid":{"rendered":"https:\/\/blog.edu.turku.fi\/kerttulinlukio\/?page_id=129"},"modified":"2018-11-12T15:05:21","modified_gmt":"2018-11-12T13:05:21","slug":"syyskuu-2018","status":"publish","type":"page","link":"https:\/\/blog.edu.turku.fi\/kerttulinlukio\/syyskuu-2018\/","title":{"rendered":"Syyskuu"},"content":{"rendered":"<p><strong>Sirkus saapui Kerttuliin<\/strong><\/p>\n<p>TJ 100 p\u00e4iv\u00e4\u00e4 vietettiin perjantaina 7.9.<\/p>\n<p style=\"text-align: left\"><img loading=\"lazy\" decoding=\"async\" class=\"size-thumbnail wp-image-134 alignleft\" src=\"https:\/\/blog.edu.turku.fi\/kerttulinlukio\/files\/2018\/10\/IMG_5164-2-150x150.jpg\" alt=\"\" width=\"150\" height=\"150\" \/><img loading=\"lazy\" decoding=\"async\" class=\"alignleft size-thumbnail wp-image-135\" src=\"https:\/\/blog.edu.turku.fi\/kerttulinlukio\/files\/2018\/10\/IMG_5177-2-150x150.jpg\" alt=\"\" width=\"150\" height=\"150\" \/>Abit j\u00e4rjestiv\u00e4t sirkusohjelmaa, musiikki raikui k\u00e4yt\u00e4vill\u00e4 ja ykk\u00f6set saivat kasvomaalauksia. Oppitunteja pidettiin nuoremmille ik\u00e4luokille, opettajat tosin n\u00e4yttiv\u00e4t v\u00e4h\u00e4n erilaisilta kuin normi-p\u00e4ivin\u00e4.<\/p>\n<p style=\"text-align: left\"><img loading=\"lazy\" decoding=\"async\" class=\"alignleft size-medium wp-image-136\" src=\"https:\/\/blog.edu.turku.fi\/kerttulinlukio\/files\/2018\/10\/IMG_5187-2-300x200.jpg\" alt=\"\" width=\"300\" height=\"200\" \/><\/p>\n<p>&nbsp;<\/p>\n<p style=\"text-align: left\">TJ 100 p\u00e4iv\u00e4\u00e4 vietet\u00e4\u00e4n sen kunniaksi, ett\u00e4 abiturienteilla on en\u00e4\u00e4 100 p\u00e4iv\u00e4\u00e4 lukiota j\u00e4ljell\u00e4. Helmikuussa olevia penkkareita seuraa niin sanottu lukuloma, joka p\u00e4\u00e4ttyy maaliskuussa alkaviin ylioppilas-kirjoituksiin.<\/p>\n","protected":false},"excerpt":{"rendered":"<p>Sirkus saapui Kerttuliin TJ 100 p\u00e4iv\u00e4\u00e4 vietettiin perjantaina 7.9. Abit j\u00e4rjestiv\u00e4t sirkusohjelmaa, musiikki raikui k\u00e4yt\u00e4vill\u00e4 ja ykk\u00f6set saivat kasvomaalauksia. Oppitunteja pidettiin nuoremmille ik\u00e4luokille, opettajat tosin n\u00e4yttiv\u00e4t v\u00e4h\u00e4n erilaisilta kuin normi-p\u00e4ivin\u00e4. &nbsp; TJ 100 p\u00e4iv\u00e4\u00e4 vietet\u00e4\u00e4n sen kunniaksi, ett\u00e4 abiturienteilla on en\u00e4\u00e4 100 p\u00e4iv\u00e4\u00e4 lukiota j\u00e4ljell\u00e4. Helmikuussa olevia penkkareita seuraa niin sanottu lukuloma, joka p\u00e4\u00e4ttyy maaliskuussa &hellip; <a href=\"https:\/\/blog.edu.turku.fi\/kerttulinlukio\/syyskuu-2018\/\" class=\"more-link\">Jatka lukemista<span class=\"screen-reader-text\"> &#8221;Syyskuu&#8221;<\/span><\/a><\/p>\n","protected":false},"author":2522,"featured_media":0,"parent":0,"menu_order":0,"comment_status":"closed","ping_status":"closed","template":"","meta":{"footnotes":""},"class_list":["post-129","page","type-page","status-publish","hentry"],"_links":{"self":[{"href":"https:\/\/blog.edu.turku.fi\/kerttulinlukio\/wp-json\/wp\/v2\/pages\/129","targetHints":{"allow":["GET"]}}],"collection":[{"href":"https:\/\/blog.edu.turku.fi\/kerttulinlukio\/wp-json\/wp\/v2\/pages"}],"about":[{"href":"https:\/\/blog.edu.turku.fi\/kerttulinlukio\/wp-json\/wp\/v2\/types\/page"}],"author":[{"embeddable":true,"href":"https:\/\/blog.edu.turku.fi\/kerttulinlukio\/wp-json\/wp\/v2\/users\/2522"}],"replies":[{"embeddable":true,"href":"https:\/\/blog.edu.turku.fi\/kerttulinlukio\/wp-json\/wp\/v2\/comments?post=129"}],"version-history":[{"count":15,"href":"https:\/\/blog.edu.turku.fi\/kerttulinlukio\/wp-json\/wp\/v2\/pages\/129\/revisions"}],"predecessor-version":[{"id":149,"href":"https:\/\/blog.edu.turku.fi\/kerttulinlukio\/wp-json\/wp\/v2\/pages\/129\/revisions\/149"}],"wp:attachment":[{"href":"https:\/\/blog.edu.turku.fi\/kerttulinlukio\/wp-json\/wp\/v2\/media?parent=129"}],"curies":[{"name":"wp","href":"https:\/\/api.w.org\/{rel}","templated":true}]}}