{"id":1014,"date":"2019-09-09T06:30:06","date_gmt":"2019-09-09T03:30:06","guid":{"rendered":"https:\/\/blog.edu.turku.fi\/kerttulinlukio\/?page_id=1014"},"modified":"2019-09-30T12:42:55","modified_gmt":"2019-09-30T09:42:55","slug":"syyskuu","status":"publish","type":"page","link":"https:\/\/blog.edu.turku.fi\/kerttulinlukio\/syyskuu-2018\/syyskuu\/","title":{"rendered":"Syyskuu"},"content":{"rendered":"<p><strong>TJ100-p\u00e4iv\u00e4 6.9. 2019<br \/>\n<\/strong><\/p>\n<p>Abit j\u00e4rjestiv\u00e4t perjantaina koululla TJ100-p\u00e4iv\u00e4n, jonka ideana on juhlistaa sit\u00e4, ett\u00e4 koulun loppumiseen on aikaa tasan sata p\u00e4iv\u00e4\u00e4. Abit juhlivat t\u00e4n\u00e4 vuonna 80-luvun, aerobicin, pastelliv\u00e4rien ja Jane Fondan tahdissa. Vaikka p\u00e4iv\u00e4n oppitunnit pidettiinkin aivan normaaliin tapaan, j\u00e4rjestiv\u00e4t abit luokissa pieni\u00e4 kisailuja ja muita kujeiluja \ud83d\ude42<\/p>\n<p><img loading=\"lazy\" decoding=\"async\" class=\" wp-image-1020 alignright\" src=\"https:\/\/blog.edu.turku.fi\/kerttulinlukio\/files\/2019\/09\/IMG_5141-e1567936129134-225x300.jpg\" alt=\"\" width=\"232\" height=\"309\" srcset=\"https:\/\/blog.edu.turku.fi\/kerttulinlukio\/files\/2019\/09\/IMG_5141-e1567936129134-225x300.jpg 225w, https:\/\/blog.edu.turku.fi\/kerttulinlukio\/files\/2019\/09\/IMG_5141-e1567936129134.jpg 480w\" sizes=\"auto, (max-width: 232px) 85vw, 232px\" \/><\/p>\n<p><img loading=\"lazy\" decoding=\"async\" class=\" wp-image-1019 alignright\" src=\"https:\/\/blog.edu.turku.fi\/kerttulinlukio\/files\/2019\/09\/970bd1d5-9dda-4475-b67f-c35773b1f2c3-300x225.jpg\" alt=\"\" width=\"352\" height=\"264\" srcset=\"https:\/\/blog.edu.turku.fi\/kerttulinlukio\/files\/2019\/09\/970bd1d5-9dda-4475-b67f-c35773b1f2c3-300x225.jpg 300w, https:\/\/blog.edu.turku.fi\/kerttulinlukio\/files\/2019\/09\/970bd1d5-9dda-4475-b67f-c35773b1f2c3.jpg 1000w\" sizes=\"auto, (max-width: 352px) 85vw, 352px\" \/> <img loading=\"lazy\" decoding=\"async\" class=\"wp-image-1017 alignright\" src=\"https:\/\/blog.edu.turku.fi\/kerttulinlukio\/files\/2019\/09\/a99e9783-5368-4003-b341-b999f5daeb83-300x225.jpg\" alt=\"\" width=\"344\" height=\"258\" srcset=\"https:\/\/blog.edu.turku.fi\/kerttulinlukio\/files\/2019\/09\/a99e9783-5368-4003-b341-b999f5daeb83-300x225.jpg 300w, https:\/\/blog.edu.turku.fi\/kerttulinlukio\/files\/2019\/09\/a99e9783-5368-4003-b341-b999f5daeb83.jpg 1000w\" sizes=\"auto, (max-width: 344px) 85vw, 344px\" \/><\/p>\n<p>&nbsp;<\/p>\n<p>&nbsp;<\/p>\n<p>&nbsp;<\/p>\n<p><strong><img loading=\"lazy\" decoding=\"async\" class=\" wp-image-1025 alignright\" src=\"https:\/\/blog.edu.turku.fi\/kerttulinlukio\/files\/2019\/09\/7F658D69-63C8-4EFF-BDD2-8E10D8F070C0-300x225.jpeg\" alt=\"\" width=\"253\" height=\"190\" srcset=\"https:\/\/blog.edu.turku.fi\/kerttulinlukio\/files\/2019\/09\/7F658D69-63C8-4EFF-BDD2-8E10D8F070C0-300x225.jpeg 300w, https:\/\/blog.edu.turku.fi\/kerttulinlukio\/files\/2019\/09\/7F658D69-63C8-4EFF-BDD2-8E10D8F070C0.jpeg 1000w\" sizes=\"auto, (max-width: 253px) 85vw, 253px\" \/><\/strong><\/p>\n<p>&nbsp;<\/p>\n<p>&nbsp;<\/p>\n<p>&nbsp;<\/p>\n<p>&nbsp;<\/p>\n<p>&nbsp;<\/p>\n<p>&nbsp;<\/p>\n<p>&nbsp;<\/p>\n<p>&nbsp;<\/p>\n<p>&nbsp;<\/p>\n<p><strong>Hi5-kurssi tutustumassa Turun linnaan 4.9.<\/strong><\/p>\n<p>Hi5-kurssilla k\u00e4ytiin Turun linnassa. Koska kurssi tarkastelee Suomen kehityst\u00e4 osana It\u00e4meren alueen historiaa aina autonomian ajalle asti, niin mik\u00e4 olisikaan parempi vierailukohde kuin meid\u00e4n tuttu linnamme.<\/p>\n<p>&nbsp;<\/p>\n<p><img loading=\"lazy\" decoding=\"async\" class=\"alignnone size-medium wp-image-1041 alignleft\" src=\"https:\/\/blog.edu.turku.fi\/kerttulinlukio\/files\/2019\/09\/1FE45E18-7D9A-45D4-AC58-9F2B18513B05-300x225.jpeg\" alt=\"\" width=\"300\" height=\"225\" srcset=\"https:\/\/blog.edu.turku.fi\/kerttulinlukio\/files\/2019\/09\/1FE45E18-7D9A-45D4-AC58-9F2B18513B05-300x225.jpeg 300w, https:\/\/blog.edu.turku.fi\/kerttulinlukio\/files\/2019\/09\/1FE45E18-7D9A-45D4-AC58-9F2B18513B05.jpeg 1000w\" sizes=\"auto, (max-width: 300px) 85vw, 300px\" \/><strong>Lakitiedon kurssi Varsinais-Suomen k\u00e4r\u00e4j\u00e4oikeudessa 10.9. ja 12.9.<\/strong><\/p>\n<p>YH4 eli lakitiedon kurssilaiset vierailivat tiistaina 10.9. ja torstaina 12.9. Varsinais-Suomen k\u00e4r\u00e4j\u00e4oikeudessa. Opiskelijat seurasivat rikosoikeuden istuntoja. Kuvassa tiistaina k\u00e4r\u00e4j\u00e4oikeudessa vierailleet.<\/p>\n<p>&nbsp;<\/p>\n<p style=\"text-align: left\"><img loading=\"lazy\" decoding=\"async\" class=\"wp-image-1065 size-medium alignright\" src=\"https:\/\/blog.edu.turku.fi\/kerttulinlukio\/files\/2019\/09\/PHOTO-2019-09-19-16-35-22-300x225.jpg\" alt=\"\" width=\"300\" height=\"225\" srcset=\"https:\/\/blog.edu.turku.fi\/kerttulinlukio\/files\/2019\/09\/PHOTO-2019-09-19-16-35-22-300x225.jpg 300w, https:\/\/blog.edu.turku.fi\/kerttulinlukio\/files\/2019\/09\/PHOTO-2019-09-19-16-35-22.jpg 1000w\" sizes=\"auto, (max-width: 300px) 85vw, 300px\" \/><\/p>\n<p style=\"text-align: left\">Ylioppilaskirjoitukset vaikuttavat koulun ruokailuun siten, ett\u00e4 osa oppilaista ruokailee luokissa tai toisen kerroksen k\u00e4yt\u00e4v\u00e4ll\u00e4. Kuten kuvasta n\u00e4kyy, sopu antaa kuitenkin sijaa, eik\u00e4 j\u00e4rjestely tuota suuremmin ongelmia.<\/p>\n<p>&nbsp;<\/p>\n<p>&nbsp;<\/p>\n<p><span dir=\"ltr\">HI5- kurssin ryhm\u00e4 k\u00e4vi perjantaina 27.9. Turun yliopistolla kuuntelemassa luentoa aiheesta &#8221;Kaupunkilaitoksen synty ja kehitys 1700-luvun lopulle asti.&#8221;<\/span><\/p>\n<p style=\"text-align: left\"><img loading=\"lazy\" decoding=\"async\" class=\"size-medium wp-image-1083 alignleft\" src=\"https:\/\/blog.edu.turku.fi\/kerttulinlukio\/files\/2019\/09\/2D62873C-7592-4630-AC9E-C938F673FEA9-300x225.jpeg\" alt=\"\" width=\"300\" height=\"225\" srcset=\"https:\/\/blog.edu.turku.fi\/kerttulinlukio\/files\/2019\/09\/2D62873C-7592-4630-AC9E-C938F673FEA9-300x225.jpeg 300w, https:\/\/blog.edu.turku.fi\/kerttulinlukio\/files\/2019\/09\/2D62873C-7592-4630-AC9E-C938F673FEA9.jpeg 1000w\" sizes=\"auto, (max-width: 300px) 85vw, 300px\" \/><\/p>\n","protected":false},"excerpt":{"rendered":"<p>TJ100-p\u00e4iv\u00e4 6.9. 2019 Abit j\u00e4rjestiv\u00e4t perjantaina koululla TJ100-p\u00e4iv\u00e4n, jonka ideana on juhlistaa sit\u00e4, ett\u00e4 koulun loppumiseen on aikaa tasan sata p\u00e4iv\u00e4\u00e4. Abit juhlivat t\u00e4n\u00e4 vuonna 80-luvun, aerobicin, pastelliv\u00e4rien ja Jane Fondan tahdissa. Vaikka p\u00e4iv\u00e4n oppitunnit pidettiinkin aivan normaaliin tapaan, j\u00e4rjestiv\u00e4t abit luokissa pieni\u00e4 kisailuja ja muita kujeiluja \ud83d\ude42 &nbsp; &nbsp; &nbsp; &nbsp; &nbsp; &nbsp; &nbsp; &hellip; <a href=\"https:\/\/blog.edu.turku.fi\/kerttulinlukio\/syyskuu-2018\/syyskuu\/\" class=\"more-link\">Jatka lukemista<span class=\"screen-reader-text\"> &#8221;Syyskuu&#8221;<\/span><\/a><\/p>\n","protected":false},"author":2737,"featured_media":0,"parent":129,"menu_order":0,"comment_status":"closed","ping_status":"closed","template":"","meta":{"footnotes":""},"class_list":["post-1014","page","type-page","status-publish","hentry"],"_links":{"self":[{"href":"https:\/\/blog.edu.turku.fi\/kerttulinlukio\/wp-json\/wp\/v2\/pages\/1014","targetHints":{"allow":["GET"]}}],"collection":[{"href":"https:\/\/blog.edu.turku.fi\/kerttulinlukio\/wp-json\/wp\/v2\/pages"}],"about":[{"href":"https:\/\/blog.edu.turku.fi\/kerttulinlukio\/wp-json\/wp\/v2\/types\/page"}],"author":[{"embeddable":true,"href":"https:\/\/blog.edu.turku.fi\/kerttulinlukio\/wp-json\/wp\/v2\/users\/2737"}],"replies":[{"embeddable":true,"href":"https:\/\/blog.edu.turku.fi\/kerttulinlukio\/wp-json\/wp\/v2\/comments?post=1014"}],"version-history":[{"count":19,"href":"https:\/\/blog.edu.turku.fi\/kerttulinlukio\/wp-json\/wp\/v2\/pages\/1014\/revisions"}],"predecessor-version":[{"id":1085,"href":"https:\/\/blog.edu.turku.fi\/kerttulinlukio\/wp-json\/wp\/v2\/pages\/1014\/revisions\/1085"}],"up":[{"embeddable":true,"href":"https:\/\/blog.edu.turku.fi\/kerttulinlukio\/wp-json\/wp\/v2\/pages\/129"}],"wp:attachment":[{"href":"https:\/\/blog.edu.turku.fi\/kerttulinlukio\/wp-json\/wp\/v2\/media?parent=1014"}],"curies":[{"name":"wp","href":"https:\/\/api.w.org\/{rel}","templated":true}]}}