{"id":19,"date":"2014-03-24T13:56:36","date_gmt":"2014-03-24T11:56:36","guid":{"rendered":"https:\/\/blog.edu.turku.fi\/kerttulineskarit\/?page_id=19"},"modified":"2014-09-30T14:24:03","modified_gmt":"2014-09-30T11:24:03","slug":"yksikko","status":"publish","type":"page","link":"https:\/\/blog.edu.turku.fi\/kerttulineskarit\/yksikko\/","title":{"rendered":"Yksikk\u00f6 ja yhteystiedot"},"content":{"rendered":"<p>Karhut<br \/>\n044-9074765<\/p>\n<p>Kerttulin p\u00e4iv\u00e4hoitoyksikk\u00f6<br \/>\nKellonsoittajankatu 6<br \/>\n20500 Turku<\/p>\n<p>P\u00e4iv\u00e4kodinjohtaja<br \/>\nVirpi Killstr\u00f6m<br \/>\n02-2625865<br \/>\n050-3967092<\/p>\n","protected":false},"excerpt":{"rendered":"<p>Karhut 044-9074765 Kerttulin p\u00e4iv\u00e4hoitoyksikk\u00f6 Kellonsoittajankatu 6 20500 Turku P\u00e4iv\u00e4kodinjohtaja Virpi Killstr\u00f6m 02-2625865 050-3967092<\/p>\n","protected":false},"author":9,"featured_media":0,"parent":0,"menu_order":4,"comment_status":"closed","ping_status":"closed","template":"","meta":{"footnotes":""},"class_list":["post-19","page","type-page","status-publish","hentry"],"_links":{"self":[{"href":"https:\/\/blog.edu.turku.fi\/kerttulineskarit\/wp-json\/wp\/v2\/pages\/19","targetHints":{"allow":["GET"]}}],"collection":[{"href":"https:\/\/blog.edu.turku.fi\/kerttulineskarit\/wp-json\/wp\/v2\/pages"}],"about":[{"href":"https:\/\/blog.edu.turku.fi\/kerttulineskarit\/wp-json\/wp\/v2\/types\/page"}],"author":[{"embeddable":true,"href":"https:\/\/blog.edu.turku.fi\/kerttulineskarit\/wp-json\/wp\/v2\/users\/9"}],"replies":[{"embeddable":true,"href":"https:\/\/blog.edu.turku.fi\/kerttulineskarit\/wp-json\/wp\/v2\/comments?post=19"}],"version-history":[{"count":5,"href":"https:\/\/blog.edu.turku.fi\/kerttulineskarit\/wp-json\/wp\/v2\/pages\/19\/revisions"}],"predecessor-version":[{"id":191,"href":"https:\/\/blog.edu.turku.fi\/kerttulineskarit\/wp-json\/wp\/v2\/pages\/19\/revisions\/191"}],"wp:attachment":[{"href":"https:\/\/blog.edu.turku.fi\/kerttulineskarit\/wp-json\/wp\/v2\/media?parent=19"}],"curies":[{"name":"wp","href":"https:\/\/api.w.org\/{rel}","templated":true}]}}