{"id":17,"date":"2014-03-24T13:49:22","date_gmt":"2014-03-24T11:49:22","guid":{"rendered":"https:\/\/blog.edu.turku.fi\/kerttulineskarit\/?page_id=17"},"modified":"2017-04-03T14:09:50","modified_gmt":"2017-04-03T11:09:50","slug":"viikko-ohjelma-2","status":"publish","type":"page","link":"https:\/\/blog.edu.turku.fi\/kerttulineskarit\/viikko-ohjelma-2\/","title":{"rendered":"Tulevia tapahtumia"},"content":{"rendered":"<p><strong>Kev\u00e4tlukukausi 2.1.-3.6.2017 (Esiopetus p\u00e4\u00e4ttyy jo ke 31.5.2017!)<\/strong><\/p>\n<p><span style=\"color: #800000\"><strong>KEV\u00c4TJUHLA MA 29.5<\/strong><\/span><\/p>\n<p><span style=\"color: #339966\"><strong>pe 26.5 p\u00e4iv\u00e4kodin henkil\u00f6kunnan arviointi- ja kehitt\u00e4misp\u00e4iv\u00e4<\/strong><\/span>, p\u00e4iv\u00e4koti kiinni<\/p>\n<p><strong><span style=\"color: #3366ff\">to 25.5 Helatorstai<\/span><\/strong><\/p>\n<p>ke 24.5 klo 10.20 kev\u00e4tkirkko ja esikoululaisten kouluun siunaaminen Tuomiokirkossa<\/p>\n<p>-pe 12.5 keskusta alueen eskareiden yhteiset Suomi 100v. Olympialaiset<\/p>\n<p><strong><span style=\"color: #3366ff\">ma 1.5 Vappu<\/span><\/strong><\/p>\n<p>-pe 28.4 vappunaamiaiset<\/p>\n<p>-to 20.4 toiminnallista matikkaa koululaisten kanssa<\/p>\n<p><strong><em>ke 19.4 VALOKUVAUS<\/em><\/strong><\/p>\n<p><strong><span style=\"color: #3366ff\">P\u00e4\u00e4si\u00e4isloma 14.4-17.4.2017<\/span><\/strong><\/p>\n<p>-ke 12.4 P\u00e4\u00e4si\u00e4ishartaus klo 9.00 jumppasalissa<\/p>\n<p>-pe 7.4 menemme Kerttulin vanhainkotiin virpomaan ja esiintym\u00e4\u00e4n<\/p>\n<p>-to 6.4 eskareille ensiapu-koulutusta<\/p>\n<p>-to 30. menemme Marli Areenalle katsomaan j\u00e4\u00e4saagaa Kalevalasta<\/p>\n<p>viikko 13 on EUROVIIKKO, oma tyhj\u00e4 lompakko mukaan eskariin<\/p>\n<p>-pe 24.3 Mets\u00e4retki Vasaram\u00e4keen, omat ev\u00e4\u00e4t mukaan<\/p>\n<p>-ke 22.3 leikki ja LELUP\u00c4IV\u00c4<\/p>\n<p>pe 17.3 Nallekarkit kirjastoon, Supernallet tablet-hommia<\/p>\n<p>-pe 10.3 puistoretki<\/p>\n<p>-pe 3.3 menemme luistelemaan jos s\u00e4\u00e4 sallii (muista kyp\u00e4r\u00e4), muuten puistoretki<\/p>\n<p>-to 2.3 Toiminnallista matikkaa koululaisten kanssa<\/p>\n<p>-ma 27.2 OHOO-tanssiesitys klo 9.15 jumppasalissa<\/p>\n<p><span style=\"color: #3366ff\"><strong>Esiopetuksen talviloma 20.2.-26.2.2017<\/strong><\/span><\/p>\n<p>-pe 17.2 LELUP\u00c4IV\u00c4<\/p>\n<p>-ti 14.2 viet\u00e4mme yst\u00e4v\u00e4np\u00e4iv\u00e4\u00e4 l\u00e4htem\u00e4ll\u00e4 Vargarna-ryhm\u00e4n kanssa Impivaaraan liukurim\u00e4keen ja grillamaan.<\/p>\n<p>-pe 10.2 Nallekarkit menev\u00e4t kirjastoon, Supernallet jatkavat tutkimuksia<\/p>\n<p>viikko 6 on tutkimusviikko jolloin tutkimme mm. veden eri muotoja<\/p>\n<p><strong>UIMAKOULU<\/strong>: pe 27.1, ma 30.1, ti 31.1, to 2.2 ja pe 3.2<\/p>\n<p>-to 26.1 toiminnallista matikkaa yhdess\u00e4 1. ja 2. luokkalaisten kanssa<\/p>\n<p>-pe 20.1 menemme luistelemaan, muista kyp\u00e4r\u00e4!<\/p>\n<p>-to 19.1 menemme Konserttitalolle katsomaan Turun Filharmonisen orkesterin (TFO) kenraaliesityst\u00e4<\/p>\n<p>-pe 13.1 LELUP\u00c4IV\u00c4<\/p>\n<p>-to 12.1 eskaria j\u00e4ljell\u00e4 90p\u00e4iv\u00e4\u00e4, mink\u00e4 kunniaksi viet\u00e4mme nurin kurin p\u00e4iv\u00e4\u00e4 \ud83d\ude42<\/p>\n<p><span style=\"color: #3366ff\"><strong>pe 6.1 LOPPIAINEN<\/strong><\/span><\/p>\n<p>-ti 3.1 menemme luistelemaan, muista kyp\u00e4r\u00e4!<\/p>\n<p><span style=\"color: #3366ff\"><strong>Esiopetuksen joululoma 21.12.2016-1.1.2017<\/strong><\/span><\/p>\n<p>-ma 19.12 LELUP\u00c4IV\u00c4<\/p>\n<p>-pe 16.12\u00a0menemme\u00a0Kuralaan Iso\u00e4idin jouluun\u00a0(Joulukirkko Tuomiokirkossa klo 9.30)<\/p>\n<p>-to 15.12 leivomme pipareita, mukaan voi ottaa omia piparimuotteja<\/p>\n<p>-ke 14.12 perinteinen Vanhempainyhdistyksen Joulurieha p\u00e4iv\u00e4kodilla klo 17.-19.<\/p>\n<p><span style=\"color: #800000\"><strong>ke 14.12 JOULUJUHLA<\/strong><\/span><\/p>\n<p>-ti 13.12 Vargarna-ryhm\u00e4n (kielikylpy-eskarit) Lucia kulkue salissa<\/p>\n<p>-pe 9.12 menemme tonttulakit p\u00e4\u00e4ss\u00e4 Kupittaalle Liikunnan Ihmemaahan<\/p>\n<p>-to 8.12 menemme esiintym\u00e4\u00e4n Kerttulin vanhainkodille, tonttulakit p\u00e4\u00e4h\u00e4n<\/p>\n<p>-ma 5.12 supistettua toimintaa yhdess\u00e4 Oravat-ryhm\u00e4n kanssa Oravissa<\/p>\n<p>-pe 2.12 Linnan juhlat (+Puhtausp\u00e4iv\u00e4)<\/p>\n<p>-to 1.12 Siivous ohjelmaa<\/p>\n<p>-ke 30.11 Pikkujoulut, tonttulakit p\u00e4\u00e4h\u00e4n!<\/p>\n<p>-ti&amp;ke 29.-30.11 ehdokas asettelu ja prsesidentin \u00e4\u00e4nestys<\/p>\n<p>-pe 25.11 Aarrejahti Kurjenkaivonkent\u00e4ll\u00e4 + Lelup\u00e4iv\u00e4<\/p>\n<p>-ke 23.11 Adventtihartaus salissa klo 9.00 + LASTEN TOIVE P\u00c4IV\u00c4<\/p>\n<p>-ma 21.11 Tildan ja Huldan reformi-n\u00e4yttely Tuomiokirkossa<\/p>\n<p>-pe 18.11 Ev\u00e4sretki Vasaram\u00e4en mets\u00e4\u00e4n<\/p>\n<p>-to 17.11 Toiminnallista matematiikkaa 1.lk kanssa<\/p>\n<p>-pe 11.11 Liukurim\u00e4keen Vartiovuorelle<\/p>\n<p>-pe 4.11 Pilkulliset Karhut menev\u00e4t kirjastoon<\/p>\n<p>-ma 31.10 Halloween-partyt, saa pukeutua halutessaan naamiaisasuun<\/p>\n<p>-pe 28.10 Retki Seikkailupuistoon<\/p>\n<p>-to 27.10 Toiminnallista matematiikkaa 1.lk kanssa<\/p>\n<p>-pe 21.10 Herra Hakkarainen tulee esiintym\u00e4\u00e4n p\u00e4iv\u00e4kodille, kiitos Vanhempainyhdistys<\/p>\n<p><strong><span style=\"color: #3366ff\">Esiopetuksen syysloma 13.-16.10.2016<\/span><\/strong><\/p>\n<p>-ke 12.10 LELUP\u00c4IV\u00c4<\/p>\n<p>-pe 7.10 menemme retkelle Katariinanlaaksoon. Mukaan omat ev\u00e4\u00e4t, l\u00e4ht\u00f6 8.40!<\/p>\n<p>-ke 5.10 menemme Kerttulin vanhainkotiin esiintym\u00e4\u00e4n klo 10.-11. (viikko 40 on vanhustenviikko)<\/p>\n<p>LOKAKUUN LOPPUUN MENNESS\u00c4 LAPSEN ESIOPETUKSEN OPPIMISUUNNITELMA KESKUSTELUT<\/p>\n<p>-pe 30.9 on Tutkijoiden Y\u00f6 Turun Yliopistolla. Osallistumme tapahtumaan menem\u00e4ll\u00e4 klo 13.30 alkavaan &#8221;luentoon&#8221; jossa kuulemme el\u00e4intutkijaa. Puolip\u00e4iv\u00e4iset p\u00e4\u00e4sev\u00e4t halutessaan mukaan!<\/p>\n<p>-pe 30.9 Raidalliset Karhut menev\u00e4t kirjastoon<\/p>\n<p><strong><span style=\"color: #339966\">PE 23.9 P\u00c4IV\u00c4KODIN JA ESKARIN HENKIL\u00d6KUNNAN SUUNNITTELUP\u00c4IV\u00c4<\/span><\/strong>, p\u00e4iv\u00e4koti on suljettu, varahoidosta lis\u00e4tietoa tulossa Wilmaan<\/p>\n<p>-to 22.9 Toiminnallista matematiikkaa 1.lk kanssa<\/p>\n<p>-ke 21.9 &#8221;ajetaan&#8221; Tablet-ajokortit<\/p>\n<p>-ti 20.9 TPS Jalkapallon lajikokeilu Kupittaalla<\/p>\n<p>VIIKOT 38-39 Varpaat Vauhtiin<\/p>\n<p>-pe 16.9 menemme Kupittaan Liikennepuistoon. Mukaan voi kotoa ottaa halutessaan oman py\u00f6r\u00e4n tai potkulaudun, muista kyp\u00e4r\u00e4!<\/p>\n<p><strong><span style=\"color: #339966\">KE 14.9 KLO 17.30 VANHEMPAINILTA<\/span><\/strong><\/p>\n<p>-ke 14.9 Sadonkorjuujuhla<\/p>\n<p>VIIKKO 37 on Karhuissa Liikenneturvallisuusviikko<\/p>\n<p>-pe 9.9 retki Vartiovuorenpuistoon<\/p>\n<p>-ma 5.9 Pieni Satujuttu -p\u00e4\u00e4kirjastossa, l\u00e4ht\u00f6 8.30<\/p>\n<p>-pe 2.9 retki Seikkailupuistoon<\/p>\n<p>-ke 31.8 Lelup\u00e4iv\u00e4<\/p>\n<p>-pe 26.8 Pilkulliset Karhut menev\u00e4t\u00a0kirjastoon<\/p>\n<p>-pe 19.8 retki Kurjenkaivonkent\u00e4lle<\/p>\n<p><strong><span style=\"color: #ff0000\">Torstaina 18.8.2015 esiopetus alkaa klo 8.30<\/span><\/strong><\/p>\n<p><strong><span style=\"color: #000000\">Syyslukukausi 18.8.-20.12.2016<\/span><\/strong><\/p>\n","protected":false},"excerpt":{"rendered":"<p>Kev\u00e4tlukukausi 2.1.-3.6.2017 (Esiopetus p\u00e4\u00e4ttyy jo ke 31.5.2017!) KEV\u00c4TJUHLA MA 29.5 pe 26.5 p\u00e4iv\u00e4kodin henkil\u00f6kunnan arviointi- ja kehitt\u00e4misp\u00e4iv\u00e4, p\u00e4iv\u00e4koti kiinni to 25.5 Helatorstai ke 24.5 klo 10.20 kev\u00e4tkirkko ja esikoululaisten kouluun siunaaminen Tuomiokirkossa -pe 12.5 keskusta alueen eskareiden yhteiset Suomi 100v. &hellip; <a href=\"https:\/\/blog.edu.turku.fi\/kerttulineskarit\/viikko-ohjelma-2\/\">Lue loppuun <span class=\"meta-nav\">&rarr;<\/span><\/a><\/p>\n","protected":false},"author":9,"featured_media":0,"parent":0,"menu_order":2,"comment_status":"closed","ping_status":"closed","template":"","meta":{"footnotes":""},"class_list":["post-17","page","type-page","status-publish","hentry"],"_links":{"self":[{"href":"https:\/\/blog.edu.turku.fi\/kerttulineskarit\/wp-json\/wp\/v2\/pages\/17","targetHints":{"allow":["GET"]}}],"collection":[{"href":"https:\/\/blog.edu.turku.fi\/kerttulineskarit\/wp-json\/wp\/v2\/pages"}],"about":[{"href":"https:\/\/blog.edu.turku.fi\/kerttulineskarit\/wp-json\/wp\/v2\/types\/page"}],"author":[{"embeddable":true,"href":"https:\/\/blog.edu.turku.fi\/kerttulineskarit\/wp-json\/wp\/v2\/users\/9"}],"replies":[{"embeddable":true,"href":"https:\/\/blog.edu.turku.fi\/kerttulineskarit\/wp-json\/wp\/v2\/comments?post=17"}],"version-history":[{"count":41,"href":"https:\/\/blog.edu.turku.fi\/kerttulineskarit\/wp-json\/wp\/v2\/pages\/17\/revisions"}],"predecessor-version":[{"id":1298,"href":"https:\/\/blog.edu.turku.fi\/kerttulineskarit\/wp-json\/wp\/v2\/pages\/17\/revisions\/1298"}],"wp:attachment":[{"href":"https:\/\/blog.edu.turku.fi\/kerttulineskarit\/wp-json\/wp\/v2\/media?parent=17"}],"curies":[{"name":"wp","href":"https:\/\/api.w.org\/{rel}","templated":true}]}}