{"id":15,"date":"2014-03-24T13:49:07","date_gmt":"2014-03-24T11:49:07","guid":{"rendered":"https:\/\/blog.edu.turku.fi\/kerttulineskarit\/?page_id=15"},"modified":"2017-04-07T09:41:50","modified_gmt":"2017-04-07T06:41:50","slug":"galleria-2","status":"publish","type":"page","link":"https:\/\/blog.edu.turku.fi\/kerttulineskarit\/galleria-2\/","title":{"rendered":"Galleria"},"content":{"rendered":"<p>Tutkimusviikko<\/p>\n\n<p>NuRin KuRin p\u00e4iv\u00e4<\/p>\n\n<p>20.12.2016<\/p>\n\n<p>Iso\u00e4idin joulu<\/p>\n\n<p>Linnan juhlat<\/p>\n\n<p>Puhtausp\u00e4iv\u00e4<\/p>\n\n<p>Toive juttuja<\/p>\n\n<p>Reformaatio<\/p>\n\n<p>Geometriaa<\/p>\n\n<p>Katariinanlaako 7.10<\/p>\n\n<p>Sadonkorjuujuhla<\/p>\n\n","protected":false},"excerpt":{"rendered":"<p>Tutkimusviikko NuRin KuRin p\u00e4iv\u00e4 20.12.2016 Iso\u00e4idin joulu Linnan juhlat Puhtausp\u00e4iv\u00e4 Toive juttuja Reformaatio Geometriaa Katariinanlaako 7.10 Sadonkorjuujuhla<\/p>\n","protected":false},"author":9,"featured_media":0,"parent":0,"menu_order":3,"comment_status":"closed","ping_status":"closed","template":"","meta":{"footnotes":""},"class_list":["post-15","page","type-page","status-publish","hentry"],"_links":{"self":[{"href":"https:\/\/blog.edu.turku.fi\/kerttulineskarit\/wp-json\/wp\/v2\/pages\/15","targetHints":{"allow":["GET"]}}],"collection":[{"href":"https:\/\/blog.edu.turku.fi\/kerttulineskarit\/wp-json\/wp\/v2\/pages"}],"about":[{"href":"https:\/\/blog.edu.turku.fi\/kerttulineskarit\/wp-json\/wp\/v2\/types\/page"}],"author":[{"embeddable":true,"href":"https:\/\/blog.edu.turku.fi\/kerttulineskarit\/wp-json\/wp\/v2\/users\/9"}],"replies":[{"embeddable":true,"href":"https:\/\/blog.edu.turku.fi\/kerttulineskarit\/wp-json\/wp\/v2\/comments?post=15"}],"version-history":[{"count":20,"href":"https:\/\/blog.edu.turku.fi\/kerttulineskarit\/wp-json\/wp\/v2\/pages\/15\/revisions"}],"predecessor-version":[{"id":1411,"href":"https:\/\/blog.edu.turku.fi\/kerttulineskarit\/wp-json\/wp\/v2\/pages\/15\/revisions\/1411"}],"wp:attachment":[{"href":"https:\/\/blog.edu.turku.fi\/kerttulineskarit\/wp-json\/wp\/v2\/media?parent=15"}],"curies":[{"name":"wp","href":"https:\/\/api.w.org\/{rel}","templated":true}]}}