{"id":9,"date":"2023-08-22T15:13:24","date_gmt":"2023-08-22T12:13:24","guid":{"rendered":"https:\/\/blog.edu.turku.fi\/kekeperehdytys\/?page_id=9"},"modified":"2024-01-03T14:38:24","modified_gmt":"2024-01-03T12:38:24","slug":"etusivu","status":"publish","type":"page","link":"https:\/\/blog.edu.turku.fi\/kekeperehdytys\/","title":{"rendered":"Etusivu"},"content":{"rendered":"<p>TAI:n henkil\u00f6st\u00f6n ymp\u00e4rist\u00f6osaamista vahvistetaan kest\u00e4v\u00e4n kehityksen koulutuspolun<br \/>\navulla. Kaikki TAI:ssa ty\u00f6skentelev\u00e4t suorittavat v\u00e4hint\u00e4\u00e4n perustason kest\u00e4vyyskoulutuksen, johon kuuluu Suomen ymp\u00e4rist\u00f6opisto SYKLIn Ammattilaisen k\u00e4denj\u00e4lki -koulutuksen suorittaminen sek\u00e4 t\u00e4h\u00e4n TAI:n kest\u00e4vyysmateriaaliin tutustuminen ja materiaaliin liittyv\u00e4n pelin suorittaminen.<\/p>\n<p>Suoritusohjeet:<br \/>\n1. Suorita<span style=\"color: #000000\"> Ammattilaisen k\u00e4denj\u00e4lki<\/span> -sivuston kurssi<span style=\"color: #ed1a3b\"><a style=\"color: #ed1a3b\" href=\"https:\/\/kadenjalki.fi\/kurssit\/\"> Johdanto kest\u00e4v\u00e4\u00e4n kehitykseen<\/a>.<\/span> Kurssilta<br \/>\nsaat kattavat perustiedot kest\u00e4v\u00e4st\u00e4 kehityksest\u00e4 ja vihre\u00e4st\u00e4 siirtym\u00e4st\u00e4.<br \/>\n2. Tutustu huolellisesti t\u00e4m\u00e4n kest\u00e4vyysmateriaalin sis\u00e4lt\u00f6\u00f6n ja sen linkkeihin. Kest\u00e4vyysmateriaali<br \/>\nkertoo, miten kest\u00e4v\u00e4 kehitys huomioidaan TAI:n toiminnassa.<br \/>\n3. Kun olet tutustunut kest\u00e4vyysmateriaaliin, testaa osaamisesi suorittamalla <a href=\"https:\/\/blog.edu.turku.fi\/kekeperehdytys\/files\/2023\/12\/pin_code-1.pdf\">Seppo-peli<\/a>. Pelin l\u00e4p\u00e4iseminen varmistaa, ett\u00e4 olet suorittanut kest\u00e4vyysperehdytyksen.<\/p>\n<h2><span style=\"color: #00a97a\">TAI:n kest\u00e4vyysperehdytysohjelman tasot<\/span><\/h2>\n<p><img loading=\"lazy\" decoding=\"async\" class=\"size-medium wp-image-74 alignleft\" src=\"https:\/\/blog.edu.turku.fi\/kekeperehdytys\/files\/2023\/08\/Koulutuspolku-kuvitus-06-216x300.jpg\" alt=\"\" width=\"216\" height=\"300\" srcset=\"https:\/\/blog.edu.turku.fi\/kekeperehdytys\/files\/2023\/08\/Koulutuspolku-kuvitus-06-216x300.jpg 216w, https:\/\/blog.edu.turku.fi\/kekeperehdytys\/files\/2023\/08\/Koulutuspolku-kuvitus-06.jpg 737w\" sizes=\"auto, (max-width: 216px) 85vw, 216px\" \/><strong><span style=\"color: #ed1a3b\">Taso 1<\/span><\/strong>: Kaikille<br \/>\n\u2022 Ammattilaisen k\u00e4denj\u00e4lki -sivuston Johdanto kest\u00e4v\u00e4\u00e4n<br \/>\nkehitykseen -kurssi ja testi<br \/>\n\u2022 T\u00e4m\u00e4 kest\u00e4vyysmateriaali ja siihen liittyv\u00e4 testi<br \/>\n<strong><span style=\"color: #ed1a3b\">Taso 2<\/span><\/strong>: Kest\u00e4vyystoimenpiteiden yll\u00e4pit\u00e4misest\u00e4 kiinnostuneille<br \/>\n\u2022 Turun kaupungin Ekotukikoulutus<br \/>\n<strong><span style=\"color: #ed1a3b\">Taso 3<\/span><\/strong>: Alan vastuullisuuden kehitt\u00e4misest\u00e4 kiinnostuneille<br \/>\n\u2022 Ammattilaisen k\u00e4denj\u00e4lki -sivuston alakohtaiset kurssit ja<br \/>\ntestit<br \/>\n<strong><span style=\"color: #ed1a3b\">Taso 4<\/span><\/strong>: Valituille kokonaisvaltaiseen kehitt\u00e4miseen sitoutuville<br \/>\n\u2022 Ymp\u00e4rist\u00f6kasvattajan koulutus (ymp\u00e4rist\u00f6alan EAT) oppisopimuksella<\/p>\n<h2><span style=\"color: #00a97a\">Kest\u00e4vyysmateriaalin sis\u00e4lt\u00f6<\/span><\/h2>\n<ol>\n<li><span style=\"color: #ed1a3b\"><a style=\"color: #ed1a3b\" href=\"https:\/\/blog.edu.turku.fi\/kekeperehdytys\/1-vihrea-siirtyma-taissa\/\">Vihre\u00e4 siirtym\u00e4 TAI:ssa<\/a><\/span><\/li>\n<li><span style=\"color: #ed1a3b\"><a style=\"color: #ed1a3b\" href=\"https:\/\/blog.edu.turku.fi\/kekeperehdytys\/2-tai-kestavan-kehityksen-tavoitteet\/\">TAI:n kest\u00e4v\u00e4n kehityksen tavoitteet<\/a><\/span><\/li>\n<li><span style=\"color: #ed1a3b\"><a style=\"color: #ed1a3b\" href=\"https:\/\/blog.edu.turku.fi\/kekeperehdytys\/3-arjen-kestavyystoimenpiteet\/\">TAI:n kest\u00e4vyystoimenpiteet<\/a><\/span><\/li>\n<li><span style=\"color: #ed1a3b\"><a style=\"color: #ed1a3b\" href=\"https:\/\/blog.edu.turku.fi\/kekeperehdytys\/4-hiiliviisaus\/\">Hiiliviisaus<\/a><\/span><\/li>\n<li><span style=\"color: #ed1a3b\"><a style=\"color: #ed1a3b\" href=\"https:\/\/blog.edu.turku.fi\/kekeperehdytys\/5-kiertotalous\/\">Kiertotalous<\/a><\/span><\/li>\n<li><span style=\"color: #ed1a3b\"><a style=\"color: #ed1a3b\" href=\"https:\/\/blog.edu.turku.fi\/kekeperehdytys\/6-opetus\/\">Kest\u00e4v\u00e4 kehitys opetuksessa ja opiskelijoiden osallistaminen<\/a><\/span><\/li>\n<li><span style=\"color: #ed1a3b\"><a style=\"color: #ed1a3b\" href=\"https:\/\/blog.edu.turku.fi\/kekeperehdytys\/7-seuranta\/\">Kest\u00e4v\u00e4n kehityksen seuranta TAI:ssa<\/a><\/span><\/li>\n<\/ol>\n<p><a href=\"https:\/\/blog.edu.turku.fi\/kekeperehdytys\/1-vihrea-siirtyma-taissa\/\"><img loading=\"lazy\" decoding=\"async\" class=\"alignleft wp-image-410 size-medium\" src=\"https:\/\/blog.edu.turku.fi\/kekeperehdytys\/files\/2023\/11\/nuoli-1-300x62.png\" alt=\"\" width=\"300\" height=\"62\" srcset=\"https:\/\/blog.edu.turku.fi\/kekeperehdytys\/files\/2023\/11\/nuoli-1-300x62.png 300w, https:\/\/blog.edu.turku.fi\/kekeperehdytys\/files\/2023\/11\/nuoli-1.png 974w\" sizes=\"auto, (max-width: 300px) 85vw, 300px\" \/><\/a><\/p>\n","protected":false},"excerpt":{"rendered":"<p>TAI:n henkil\u00f6st\u00f6n ymp\u00e4rist\u00f6osaamista vahvistetaan kest\u00e4v\u00e4n kehityksen koulutuspolun avulla. Kaikki TAI:ssa ty\u00f6skentelev\u00e4t suorittavat v\u00e4hint\u00e4\u00e4n perustason kest\u00e4vyyskoulutuksen, johon kuuluu Suomen ymp\u00e4rist\u00f6opisto SYKLIn Ammattilaisen k\u00e4denj\u00e4lki -koulutuksen suorittaminen sek\u00e4 t\u00e4h\u00e4n TAI:n kest\u00e4vyysmateriaaliin tutustuminen ja materiaaliin liittyv\u00e4n pelin suorittaminen. Suoritusohjeet: 1. Suorita Ammattilaisen k\u00e4denj\u00e4lki -sivuston kurssi Johdanto kest\u00e4v\u00e4\u00e4n kehitykseen. Kurssilta saat kattavat perustiedot kest\u00e4v\u00e4st\u00e4 kehityksest\u00e4 ja vihre\u00e4st\u00e4 siirtym\u00e4st\u00e4. 2. Tutustu &hellip; <a href=\"https:\/\/blog.edu.turku.fi\/kekeperehdytys\/\" class=\"more-link\">Jatka lukemista<span class=\"screen-reader-text\"> &#8221;Etusivu&#8221;<\/span><\/a><\/p>\n","protected":false},"author":56,"featured_media":0,"parent":0,"menu_order":0,"comment_status":"closed","ping_status":"closed","template":"","meta":{"footnotes":""},"class_list":["post-9","page","type-page","status-publish","hentry"],"_links":{"self":[{"href":"https:\/\/blog.edu.turku.fi\/kekeperehdytys\/wp-json\/wp\/v2\/pages\/9","targetHints":{"allow":["GET"]}}],"collection":[{"href":"https:\/\/blog.edu.turku.fi\/kekeperehdytys\/wp-json\/wp\/v2\/pages"}],"about":[{"href":"https:\/\/blog.edu.turku.fi\/kekeperehdytys\/wp-json\/wp\/v2\/types\/page"}],"author":[{"embeddable":true,"href":"https:\/\/blog.edu.turku.fi\/kekeperehdytys\/wp-json\/wp\/v2\/users\/56"}],"replies":[{"embeddable":true,"href":"https:\/\/blog.edu.turku.fi\/kekeperehdytys\/wp-json\/wp\/v2\/comments?post=9"}],"version-history":[{"count":24,"href":"https:\/\/blog.edu.turku.fi\/kekeperehdytys\/wp-json\/wp\/v2\/pages\/9\/revisions"}],"predecessor-version":[{"id":583,"href":"https:\/\/blog.edu.turku.fi\/kekeperehdytys\/wp-json\/wp\/v2\/pages\/9\/revisions\/583"}],"wp:attachment":[{"href":"https:\/\/blog.edu.turku.fi\/kekeperehdytys\/wp-json\/wp\/v2\/media?parent=9"}],"curies":[{"name":"wp","href":"https:\/\/api.w.org\/{rel}","templated":true}]}}