{"id":58,"date":"2023-08-25T11:30:59","date_gmt":"2023-08-25T08:30:59","guid":{"rendered":"https:\/\/blog.edu.turku.fi\/kekeperehdytys\/?page_id=58"},"modified":"2024-01-03T11:16:58","modified_gmt":"2024-01-03T09:16:58","slug":"3-arjen-kestavyystoimenpiteet","status":"publish","type":"page","link":"https:\/\/blog.edu.turku.fi\/kekeperehdytys\/3-arjen-kestavyystoimenpiteet\/","title":{"rendered":"3. Toimenpiteet"},"content":{"rendered":"<h1>Arjen kest\u00e4vyystoimenpiteet<\/h1>\n<figure id=\"attachment_212\" aria-describedby=\"caption-attachment-212\" style=\"width: 1024px\" class=\"wp-caption alignnone\"><a href=\"http:\/\/www.thinglink.com\/card\/1746523482629342052\" target=\"_blank\" rel=\"noopener\"><img loading=\"lazy\" decoding=\"async\" class=\"wp-image-212 size-large\" src=\"https:\/\/blog.edu.turku.fi\/kekeperehdytys\/files\/2023\/10\/toimintaohjeet-puu-ThingLink-1024x576.png\" alt=\"\" width=\"1024\" height=\"576\" srcset=\"https:\/\/blog.edu.turku.fi\/kekeperehdytys\/files\/2023\/10\/toimintaohjeet-puu-ThingLink.png 1024w, https:\/\/blog.edu.turku.fi\/kekeperehdytys\/files\/2023\/10\/toimintaohjeet-puu-ThingLink-300x169.png 300w\" sizes=\"auto, (max-width: 709px) 85vw, (max-width: 909px) 67vw, (max-width: 1362px) 62vw, 840px\" \/><\/a><figcaption id=\"caption-attachment-212\" class=\"wp-caption-text\">Linkki vuorovaikutteiseen kuvaan ThingLinkiss\u00e4: <a href=\"https:\/\/www.thinglink.com\/card\/1746523482629342052\">https:\/\/www.thinglink.com\/card\/1746523482629342052<\/a><\/figcaption><\/figure>\n<h2><span style=\"color: #00a97a\">Mit\u00e4 tavoitteet ja toimenpiteet tarkoittavat k\u00e4yt\u00e4nn\u00f6ss\u00e4<\/span><\/h2>\n<h3><strong><span style=\"font-size: 23px\">Kest\u00e4vyystoimenpiteet opettajan ty\u00f6ss\u00e4<\/span><\/strong><\/h3>\n<p><img loading=\"lazy\" decoding=\"async\" class=\"alignleft wp-image-49 size-thumbnail\" src=\"https:\/\/blog.edu.turku.fi\/kekeperehdytys\/files\/2023\/08\/Opettaja-visualisointi-150x150.png\" alt=\"\" width=\"150\" height=\"150\" \/><\/p>\n<ul>\n<li>Huolehtii, ett\u00e4 opiskelijat oppivat toimimaan vastuullisuuslupauksien<br \/>\nmukaisesti.<\/li>\n<li>Vastaa siit\u00e4, ett\u00e4 kest\u00e4vyysn\u00e4k\u00f6kulma huomioidaan kaikessa opetuksessa.<\/li>\n<li>Varmistaa, ett\u00e4 toimii itse ja ett\u00e4 opiskelijat toimivat vastuullisuusohjeistusten<br \/>\nmukaisesti.<\/li>\n<\/ul>\n<h3>Kest\u00e4vyystoimenpiteet ohjaajan ty\u00f6ss\u00e4<\/h3>\n<p><img loading=\"lazy\" decoding=\"async\" class=\"wp-image-80 size-thumbnail alignleft\" src=\"https:\/\/blog.edu.turku.fi\/kekeperehdytys\/files\/2023\/08\/Ohjaaja-150x150.png\" alt=\"\" width=\"150\" height=\"150\" \/><\/p>\n<ul>\n<li>Varmistaa, ett\u00e4 toimii itse ja ett\u00e4 opiskelijat toimivat vastuullisuusohjeistusten<br \/>\nmukaisesti.<\/li>\n<\/ul>\n<h3>Kest\u00e4vyystoimenpiteet ruokapalveluissa<\/h3>\n<p><img loading=\"lazy\" decoding=\"async\" class=\"alignleft wp-image-92 size-thumbnail\" src=\"https:\/\/blog.edu.turku.fi\/kekeperehdytys\/files\/2023\/08\/Ruokapalvelut-tausta02-1-150x150.png\" alt=\"\" width=\"150\" height=\"150\" \/><\/p>\n<ul>\n<li>Varmistaa, ett\u00e4 toiminta on TAI.n ja Turun kaupungin ohjeiden ja<br \/>\ntavoitteiden mukaista.<\/li>\n<\/ul>\n<h3>Kest\u00e4vyystoimenpiteet johdon ty\u00f6ss\u00e4<\/h3>\n<p><img loading=\"lazy\" decoding=\"async\" class=\"alignleft wp-image-81 size-thumbnail\" src=\"https:\/\/blog.edu.turku.fi\/kekeperehdytys\/files\/2023\/08\/Johto-150x150.png\" alt=\"\" width=\"150\" height=\"150\" \/><\/p>\n<ul>\n<li>Asettaa TAI:n kest\u00e4vyystavoitteet.<\/li>\n<li>Ohjeistaa henkil\u00f6st\u00f6\u00e4 toimimaan kest\u00e4vyystavoitteiden mukaisesti.<\/li>\n<li>Varmistaa, ett\u00e4 yksik\u00f6ss\u00e4 noudatetaan TAI:n kest\u00e4vyyslinjauksia.<\/li>\n<\/ul>\n<h3>Kest\u00e4vyystoimenpiteet TAI:n kest\u00e4v\u00e4n kehityksen tiimin ty\u00f6ss\u00e4<\/h3>\n<p><img loading=\"lazy\" decoding=\"async\" class=\"alignleft wp-image-95 size-thumbnail\" src=\"https:\/\/blog.edu.turku.fi\/kekeperehdytys\/files\/2023\/08\/Kestavan-kehityksen-tiimi-1-150x150.png\" alt=\"\" width=\"150\" height=\"150\" \/><\/p>\n<ul>\n<li>Vastaa kest\u00e4vyystavoitteiden saavuttamiseksi tarvittavien toimenpiteiden<br \/>\njuurruttamisesta ja seurannasta.<\/li>\n<li>Ohjeistaa yksik\u00f6it\u00e4 kest\u00e4vyysasioissa.<\/li>\n<li>K\u00e4y vuoropuhelua TAI:n johtoryhm\u00e4n, opiskelijoiden ja ulkoisten<br \/>\nsidosryhmien kanssa.<\/li>\n<\/ul>\n<h2><\/h2>\n<h2><span style=\"color: #00a97a\">Kest\u00e4vyystoimenpiteet teemoittain<\/span><\/h2>\n<p><a href=\"https:\/\/blog.edu.turku.fi\/kekeperehdytys\/files\/2023\/11\/Kestavyyssuunnitelma-toimenpiteet-taulukko-7.11.2023.pdf\"><img loading=\"lazy\" decoding=\"async\" class=\"alignleft wp-image-388 size-large\" src=\"https:\/\/blog.edu.turku.fi\/kekeperehdytys\/files\/2023\/11\/Kestavyyssuunnitelma-toimenpiteet-taulukko-7.11.2023-1024x576.jpg\" alt=\"\" width=\"1024\" height=\"576\" srcset=\"https:\/\/blog.edu.turku.fi\/kekeperehdytys\/files\/2023\/11\/Kestavyyssuunnitelma-toimenpiteet-taulukko-7.11.2023.jpg 1024w, https:\/\/blog.edu.turku.fi\/kekeperehdytys\/files\/2023\/11\/Kestavyyssuunnitelma-toimenpiteet-taulukko-7.11.2023-300x169.jpg 300w\" sizes=\"auto, (max-width: 709px) 85vw, (max-width: 909px) 67vw, (max-width: 1362px) 62vw, 840px\" \/><\/a><\/p>\n<p>&nbsp;<\/p>\n<p>&nbsp;<\/p>\n<h3><span style=\"color: #00a97a\">Ruoka<\/span><\/h3>\n<p><img loading=\"lazy\" decoding=\"async\" class=\"alignleft wp-image-142\" src=\"https:\/\/blog.edu.turku.fi\/kekeperehdytys\/files\/2023\/10\/Arjen-kestavyystoimenpiteet-kuvakkeet-01-241x300.png\" alt=\"\" width=\"125\" height=\"156\" srcset=\"https:\/\/blog.edu.turku.fi\/kekeperehdytys\/files\/2023\/10\/Arjen-kestavyystoimenpiteet-kuvakkeet-01-241x300.png 241w, https:\/\/blog.edu.turku.fi\/kekeperehdytys\/files\/2023\/10\/Arjen-kestavyystoimenpiteet-kuvakkeet-01-823x1024.png 823w, https:\/\/blog.edu.turku.fi\/kekeperehdytys\/files\/2023\/10\/Arjen-kestavyystoimenpiteet-kuvakkeet-01.png 1005w\" sizes=\"auto, (max-width: 125px) 85vw, 125px\" \/><\/p>\n<ul style=\"font-weight: 400\">\n<li data-aria-posinset=\"1\" data-aria-level=\"1\"><span data-usefontface=\"true\" data-contrast=\"none\">Kannusta opiskelijoita sy\u00f6m\u00e4\u00e4n kouluruokaa.<\/span><\/li>\n<li data-aria-posinset=\"1\" data-aria-level=\"1\">Kouluruoan hiilijalanj\u00e4lki on minimoitu: my\u00f6s perusruuan hiilijalanj\u00e4lki on keskim\u00e4\u00e4r\u00e4ist\u00e4 pienempi.<\/li>\n<li data-aria-posinset=\"1\" data-aria-level=\"1\">Kouluruoka on kansallisen kouluruokasuosituksen mukaista. Se on ravitsemuksellisesti tasapainoista ja nuorten tarpeiden mukaan suunniteltua. Lue lis\u00e4\u00e4: <span style=\"color: #ed1a3b\"><a style=\"color: #ed1a3b\" href=\"https:\/\/kaarea.fi\/ruoan-hiilijalanjalki\">Hiilijalanj\u00e4lkimerkki viestii ruoan ilmastoyst\u00e4v\u00e4llisyydest\u00e4 | Kaarea<\/a><\/span><\/li>\n<li data-aria-posinset=\"1\" data-aria-level=\"1\">Kouluruoka on oppivelvollisille maksutonta.<\/li>\n<li data-aria-posinset=\"1\" data-aria-level=\"1\">\u00a0V\u00e4lt\u00e4 ruokah\u00e4vikki\u00e4: ota lautaselle vain sen verran kuin jaksat sy\u00f6d\u00e4.<\/li>\n<li data-aria-posinset=\"1\" data-aria-level=\"1\">Ilmoita keitti\u00f6lle luokan retkist\u00e4 tai muista etuk\u00e4teen tiedossa olevista poissaoloista. N\u00e4in keitti\u00f6n on helpompi ennakoida ruuan menekki\u00e4.<\/li>\n<li data-aria-posinset=\"1\" data-aria-level=\"1\">Osta kouluruokalasta lounasajan j\u00e4lkeen myyt\u00e4v\u00e4\u00e4 edullista h\u00e4vikkiruokaa.<\/li>\n<\/ul>\n<h3><span style=\"color: #00a97a\">Liikkuminen<\/span><\/h3>\n<p><img loading=\"lazy\" decoding=\"async\" class=\"alignleft wp-image-106\" src=\"https:\/\/blog.edu.turku.fi\/kekeperehdytys\/files\/2023\/08\/Arjen-kestavyystoimenpiteet-kuvakkeet-02-241x300.png\" alt=\"\" width=\"125\" height=\"156\" srcset=\"https:\/\/blog.edu.turku.fi\/kekeperehdytys\/files\/2023\/08\/Arjen-kestavyystoimenpiteet-kuvakkeet-02-241x300.png 241w, https:\/\/blog.edu.turku.fi\/kekeperehdytys\/files\/2023\/08\/Arjen-kestavyystoimenpiteet-kuvakkeet-02-823x1024.png 823w, https:\/\/blog.edu.turku.fi\/kekeperehdytys\/files\/2023\/08\/Arjen-kestavyystoimenpiteet-kuvakkeet-02.png 1005w\" sizes=\"auto, (max-width: 125px) 85vw, 125px\" \/><\/p>\n<ul>\n<li>Kulje ty\u00f6matka mahdollisuuksien mukaan lihasvoimin tai joukkoliikenteell\u00e4.<\/li>\n<li>Suosi kimppakyytej\u00e4 samalta suunnalta tulevien kollegoiden kanssa.<\/li>\n<li>Muista py\u00f6r\u00e4ilykyp\u00e4r\u00e4!<\/li>\n<li>K\u00e4yt\u00e4 pime\u00e4n\u00e4 vuodenaikana valoja ja heijastimia sek\u00e4 liukkaalla jalkineissa liukuesteit\u00e4<\/li>\n<li>Kannusta opiskelijoita k\u00e4velemiseen, py\u00f6r\u00e4ilyyn ja joukkoliikenteen k\u00e4ytt\u00f6\u00f6n<\/li>\n<li>Noudata liikenns\u00e4\u00e4nt\u00f6j\u00e4. V\u00e4ist\u00e4miss\u00e4\u00e4nn\u00f6t voit kerrata esimerkiksi <span style=\"color: #ed1a3b\"><a style=\"color: #ed1a3b\" href=\"http:\/\/www.liikenneturva.fi\">liikenneturvan nettisivuilta<\/a>.<\/span><\/li>\n<\/ul>\n<h3><span style=\"color: #00a97a\">Energia ja vesi<\/span><\/h3>\n<p><em><img loading=\"lazy\" decoding=\"async\" class=\"alignleft wp-image-143\" src=\"https:\/\/blog.edu.turku.fi\/kekeperehdytys\/files\/2023\/10\/Arjen-kestavyystoimenpiteet-kuvakkeet-03-241x300.png\" alt=\"\" width=\"125\" height=\"156\" srcset=\"https:\/\/blog.edu.turku.fi\/kekeperehdytys\/files\/2023\/10\/Arjen-kestavyystoimenpiteet-kuvakkeet-03-241x300.png 241w, https:\/\/blog.edu.turku.fi\/kekeperehdytys\/files\/2023\/10\/Arjen-kestavyystoimenpiteet-kuvakkeet-03-823x1024.png 823w, https:\/\/blog.edu.turku.fi\/kekeperehdytys\/files\/2023\/10\/Arjen-kestavyystoimenpiteet-kuvakkeet-03.png 1005w\" sizes=\"auto, (max-width: 125px) 85vw, 125px\" \/><\/em><\/p>\n<ul>\n<li>Pid\u00e4 ty\u00f6skentelytilojen l\u00e4mp\u00f6tila 20-22 \u00b0C:ssa.<\/li>\n<li>Seuraa ty\u00f6paikan l\u00e4mp\u00f6tiloja ja ilmoita ilmanvaihdon ongelmista sek\u00e4<br \/>\nvesi- ja l\u00e4mp\u00f6vuodoista.<\/li>\n<li>\u00c4l\u00e4 peit\u00e4 termostaattia huonekaluilla tai verhoilla. Peitetty termostaatti<br \/>\nei tunnista huoneen todellista l\u00e4mp\u00f6tilaa eik\u00e4 s\u00e4\u00e4d\u00e4 venttiili\u00e4 oikein.<\/li>\n<li>Tuuleta nopeasti ristivedolla, mik\u00e4li ilmastointi sallii sen.<\/li>\n<li>V\u00e4henn\u00e4 j\u00e4\u00e4hdytyksen tarvetta kes\u00e4isin k\u00e4ytt\u00e4m\u00e4ll\u00e4 verhoja aurinkoisella s\u00e4\u00e4ll\u00e4 ja tuulettamalla varjon puolelta.<\/li>\n<li>Sammuta valot tyhj\u00e4ksi j\u00e4\u00e4vist\u00e4 tiloista.<\/li>\n<li>Sammuta k\u00e4ytt\u00e4m\u00e4tt\u00f6m\u00e4n\u00e4 olevat laitteet.<\/li>\n<\/ul>\n<h3><span style=\"color: #00a97a\">J\u00e4tehuolto<\/span><\/h3>\n<p><img loading=\"lazy\" decoding=\"async\" class=\"alignleft wp-image-108\" src=\"https:\/\/blog.edu.turku.fi\/kekeperehdytys\/files\/2023\/08\/Arjen-kestavyystoimenpiteet-kuvakkeet-04-241x300.png\" alt=\"\" width=\"125\" height=\"156\" srcset=\"https:\/\/blog.edu.turku.fi\/kekeperehdytys\/files\/2023\/08\/Arjen-kestavyystoimenpiteet-kuvakkeet-04-241x300.png 241w, https:\/\/blog.edu.turku.fi\/kekeperehdytys\/files\/2023\/08\/Arjen-kestavyystoimenpiteet-kuvakkeet-04-823x1024.png 823w, https:\/\/blog.edu.turku.fi\/kekeperehdytys\/files\/2023\/08\/Arjen-kestavyystoimenpiteet-kuvakkeet-04.png 1005w\" sizes=\"auto, (max-width: 125px) 85vw, 125px\" \/>Opetuksessa muodostuva j\u00e4te lajitellaan j\u00e4tehuoltom\u00e4\u00e4r\u00e4ysten mukaisesti osana opetusta:<\/p>\n<ul>\n<li>Opettajat ja opiskelijat vastaavat lajittelusta ja astioiden tyhjennyksest\u00e4<\/li>\n<li>Siivooja tyhjent\u00e4\u00e4 polttokelpoisen j\u00e4tteen astiat<\/li>\n<\/ul>\n<p>&nbsp;<\/p>\n<p>Taukotiloissa muodostuva j\u00e4te lajitellaan j\u00e4tehuoltom\u00e4\u00e4r\u00e4ysten mukaisesti:<\/p>\n<ul>\n<li>Siivooja tyhjent\u00e4\u00e4 polttokelpoisen j\u00e4tteen, bioj\u00e4tteen, lasin ja metallin<\/li>\n<li>K\u00e4ytt\u00e4j\u00e4t tyhjent\u00e4v\u00e4t muut j\u00e4teastiat<\/li>\n<\/ul>\n<h3><span style=\"color: #000000\">J\u00e4tehuolto-ohjeet<\/span><\/h3>\n<p>Valitse oma alasi tai kohde alla olevista kuvakkeista. Kuvaa klikkaamalla p\u00e4\u00e4set lataamaan tarvittavat j\u00e4tehuolto-ohjeet. Ohjeet voi printata sein\u00e4lle kaikkien n\u00e4ht\u00e4ville.<\/p>\n<p><a href=\"https:\/\/blog.edu.turku.fi\/kekeperehdytys\/files\/2023\/11\/Elintarvikealan-tyosali.pdf\" target=\"_blank\" rel=\"noopener\"><img loading=\"lazy\" decoding=\"async\" class=\"alignleft wp-image-257 size-thumbnail\" src=\"https:\/\/blog.edu.turku.fi\/kekeperehdytys\/files\/2023\/11\/Elte-tyosali-1-150x150.png\" alt=\"\" width=\"150\" height=\"150\" srcset=\"https:\/\/blog.edu.turku.fi\/kekeperehdytys\/files\/2023\/11\/Elte-tyosali-1-150x150.png 150w, https:\/\/blog.edu.turku.fi\/kekeperehdytys\/files\/2023\/11\/Elte-tyosali-1-300x300.png 300w, https:\/\/blog.edu.turku.fi\/kekeperehdytys\/files\/2023\/11\/Elte-tyosali-1-1024x1024.png 1024w\" sizes=\"auto, (max-width: 150px) 85vw, 150px\" \/><\/a> <a href=\"https:\/\/blog.edu.turku.fi\/kekeperehdytys\/files\/2023\/11\/Hiusalan-asiakaspalvelu.pdf\" target=\"_blank\" rel=\"noopener\"><img loading=\"lazy\" decoding=\"async\" class=\"alignleft wp-image-258 size-thumbnail\" src=\"https:\/\/blog.edu.turku.fi\/kekeperehdytys\/files\/2023\/11\/Hiusala-1-150x150.png\" alt=\"\" width=\"150\" height=\"150\" srcset=\"https:\/\/blog.edu.turku.fi\/kekeperehdytys\/files\/2023\/11\/Hiusala-1-150x150.png 150w, https:\/\/blog.edu.turku.fi\/kekeperehdytys\/files\/2023\/11\/Hiusala-1-300x300.png 300w, https:\/\/blog.edu.turku.fi\/kekeperehdytys\/files\/2023\/11\/Hiusala-1-1021x1024.png 1021w\" sizes=\"auto, (max-width: 150px) 85vw, 150px\" \/><\/a> <a href=\"https:\/\/blog.edu.turku.fi\/kekeperehdytys\/files\/2023\/11\/Kauneusalan-asiakaspalvelu.pdf\" target=\"_blank\" rel=\"noopener\"><img loading=\"lazy\" decoding=\"async\" class=\"alignleft wp-image-259 size-thumbnail\" src=\"https:\/\/blog.edu.turku.fi\/kekeperehdytys\/files\/2023\/11\/Kauneusala-1-150x150.png\" alt=\"\" width=\"150\" height=\"150\" srcset=\"https:\/\/blog.edu.turku.fi\/kekeperehdytys\/files\/2023\/11\/Kauneusala-1-150x150.png 150w, https:\/\/blog.edu.turku.fi\/kekeperehdytys\/files\/2023\/11\/Kauneusala-1-300x300.png 300w, https:\/\/blog.edu.turku.fi\/kekeperehdytys\/files\/2023\/11\/Kauneusala-1.png 1024w\" sizes=\"auto, (max-width: 150px) 85vw, 150px\" \/><\/a> <a href=\"https:\/\/blog.edu.turku.fi\/kekeperehdytys\/files\/2023\/11\/Logistiikka-ja-ajoneuvoala-korjaamot.pdf\" target=\"_blank\" rel=\"noopener\"><img loading=\"lazy\" decoding=\"async\" class=\"alignleft wp-image-260 size-thumbnail\" src=\"https:\/\/blog.edu.turku.fi\/kekeperehdytys\/files\/2023\/11\/Korjaamo-1-150x150.png\" alt=\"\" width=\"150\" height=\"150\" srcset=\"https:\/\/blog.edu.turku.fi\/kekeperehdytys\/files\/2023\/11\/Korjaamo-1-150x150.png 150w, https:\/\/blog.edu.turku.fi\/kekeperehdytys\/files\/2023\/11\/Korjaamo-1-300x300.png 300w, https:\/\/blog.edu.turku.fi\/kekeperehdytys\/files\/2023\/11\/Korjaamo-1.png 1024w\" sizes=\"auto, (max-width: 150px) 85vw, 150px\" \/><\/a> <a href=\"https:\/\/blog.edu.turku.fi\/kekeperehdytys\/files\/2023\/11\/Kaytavat-ja-yleiset-tilat.pdf\" target=\"_blank\" rel=\"noopener\"><img loading=\"lazy\" decoding=\"async\" class=\"alignleft wp-image-261 size-thumbnail\" src=\"https:\/\/blog.edu.turku.fi\/kekeperehdytys\/files\/2023\/11\/Kaytavat-1-150x150.png\" alt=\"\" width=\"150\" height=\"150\" srcset=\"https:\/\/blog.edu.turku.fi\/kekeperehdytys\/files\/2023\/11\/Kaytavat-1-150x150.png 150w, https:\/\/blog.edu.turku.fi\/kekeperehdytys\/files\/2023\/11\/Kaytavat-1-300x300.png 300w, https:\/\/blog.edu.turku.fi\/kekeperehdytys\/files\/2023\/11\/Kaytavat-1.png 1024w\" sizes=\"auto, (max-width: 150px) 85vw, 150px\" \/><\/a> <a href=\"https:\/\/blog.edu.turku.fi\/kekeperehdytys\/files\/2023\/11\/Laboratorio.pdf\" target=\"_blank\" rel=\"noopener\"><img loading=\"lazy\" decoding=\"async\" class=\"alignleft wp-image-262 size-thumbnail\" src=\"https:\/\/blog.edu.turku.fi\/kekeperehdytys\/files\/2023\/11\/Laboratorio-1-150x150.png\" alt=\"\" width=\"150\" height=\"150\" srcset=\"https:\/\/blog.edu.turku.fi\/kekeperehdytys\/files\/2023\/11\/Laboratorio-1-150x150.png 150w, https:\/\/blog.edu.turku.fi\/kekeperehdytys\/files\/2023\/11\/Laboratorio-1-300x300.png 300w, https:\/\/blog.edu.turku.fi\/kekeperehdytys\/files\/2023\/11\/Laboratorio-1.png 1024w\" sizes=\"auto, (max-width: 150px) 85vw, 150px\" \/><\/a> <a href=\"https:\/\/blog.edu.turku.fi\/kekeperehdytys\/files\/2023\/11\/Luokkatilat.pdf\" target=\"_blank\" rel=\"noopener\"><img loading=\"lazy\" decoding=\"async\" class=\"alignleft wp-image-263 size-thumbnail\" src=\"https:\/\/blog.edu.turku.fi\/kekeperehdytys\/files\/2023\/11\/Luokka-1-150x150.png\" alt=\"\" width=\"150\" height=\"150\" srcset=\"https:\/\/blog.edu.turku.fi\/kekeperehdytys\/files\/2023\/11\/Luokka-1-150x150.png 150w, https:\/\/blog.edu.turku.fi\/kekeperehdytys\/files\/2023\/11\/Luokka-1-300x300.png 300w, https:\/\/blog.edu.turku.fi\/kekeperehdytys\/files\/2023\/11\/Luokka-1.png 1024w\" sizes=\"auto, (max-width: 150px) 85vw, 150px\" \/><\/a> <a href=\"https:\/\/blog.edu.turku.fi\/kekeperehdytys\/files\/2023\/11\/Opetuskeittio.pdf\" target=\"_blank\" rel=\"noopener\"><img loading=\"lazy\" decoding=\"async\" class=\"alignleft wp-image-264 size-thumbnail\" src=\"https:\/\/blog.edu.turku.fi\/kekeperehdytys\/files\/2023\/11\/Opetuskeittio-1-150x150.png\" alt=\"\" width=\"150\" height=\"150\" srcset=\"https:\/\/blog.edu.turku.fi\/kekeperehdytys\/files\/2023\/11\/Opetuskeittio-1-150x150.png 150w, https:\/\/blog.edu.turku.fi\/kekeperehdytys\/files\/2023\/11\/Opetuskeittio-1-300x300.png 300w, https:\/\/blog.edu.turku.fi\/kekeperehdytys\/files\/2023\/11\/Opetuskeittio-1.png 1024w\" sizes=\"auto, (max-width: 150px) 85vw, 150px\" \/><\/a> <a href=\"https:\/\/blog.edu.turku.fi\/kekeperehdytys\/files\/2023\/11\/Prosessiteollisuus.pdf\" target=\"_blank\" rel=\"noopener\"><img loading=\"lazy\" decoding=\"async\" class=\"alignleft wp-image-265 size-thumbnail\" src=\"https:\/\/blog.edu.turku.fi\/kekeperehdytys\/files\/2023\/11\/Prosessiteollisuus-1-150x150.png\" alt=\"\" width=\"150\" height=\"150\" srcset=\"https:\/\/blog.edu.turku.fi\/kekeperehdytys\/files\/2023\/11\/Prosessiteollisuus-1-150x150.png 150w, https:\/\/blog.edu.turku.fi\/kekeperehdytys\/files\/2023\/11\/Prosessiteollisuus-1-300x300.png 300w, https:\/\/blog.edu.turku.fi\/kekeperehdytys\/files\/2023\/11\/Prosessiteollisuus-1-1024x1024.png 1024w\" sizes=\"auto, (max-width: 150px) 85vw, 150px\" \/><\/a> <a href=\"https:\/\/blog.edu.turku.fi\/kekeperehdytys\/files\/2023\/11\/Kahvihuone-ja-taukotila.pdf\" target=\"_blank\" rel=\"noopener\"><img loading=\"lazy\" decoding=\"async\" class=\"alignleft wp-image-266 size-thumbnail\" src=\"https:\/\/blog.edu.turku.fi\/kekeperehdytys\/files\/2023\/11\/Taukotila-150x150.png\" alt=\"\" width=\"150\" height=\"150\" srcset=\"https:\/\/blog.edu.turku.fi\/kekeperehdytys\/files\/2023\/11\/Taukotila-150x150.png 150w, https:\/\/blog.edu.turku.fi\/kekeperehdytys\/files\/2023\/11\/Taukotila-300x300.png 300w, https:\/\/blog.edu.turku.fi\/kekeperehdytys\/files\/2023\/11\/Taukotila.png 1024w\" sizes=\"auto, (max-width: 150px) 85vw, 150px\" \/><\/a> <a href=\"https:\/\/blog.edu.turku.fi\/kekeperehdytys\/files\/2023\/12\/Jatehuoltotaulukko-tekstiili-ja-muotiala.pdf\" target=\"_blank\" rel=\"noopener\"><img loading=\"lazy\" decoding=\"async\" class=\"alignleft wp-image-267 size-thumbnail\" src=\"https:\/\/blog.edu.turku.fi\/kekeperehdytys\/files\/2023\/11\/Temu-tyosali-1-150x150.png\" alt=\"\" width=\"150\" height=\"150\" srcset=\"https:\/\/blog.edu.turku.fi\/kekeperehdytys\/files\/2023\/11\/Temu-tyosali-1-150x150.png 150w, https:\/\/blog.edu.turku.fi\/kekeperehdytys\/files\/2023\/11\/Temu-tyosali-1-300x300.png 300w, https:\/\/blog.edu.turku.fi\/kekeperehdytys\/files\/2023\/11\/Temu-tyosali-1-1024x1024.png 1024w\" sizes=\"auto, (max-width: 150px) 85vw, 150px\" \/><\/a> <a href=\"https:\/\/blog.edu.turku.fi\/kekeperehdytys\/files\/2023\/11\/Tyosali.pdf\" target=\"_blank\" rel=\"noopener\"><img loading=\"lazy\" decoding=\"async\" class=\"alignleft wp-image-268 size-thumbnail\" src=\"https:\/\/blog.edu.turku.fi\/kekeperehdytys\/files\/2023\/11\/Tyosali-1-150x150.png\" alt=\"\" width=\"150\" height=\"150\" srcset=\"https:\/\/blog.edu.turku.fi\/kekeperehdytys\/files\/2023\/11\/Tyosali-1-150x150.png 150w, https:\/\/blog.edu.turku.fi\/kekeperehdytys\/files\/2023\/11\/Tyosali-1-300x300.png 300w, https:\/\/blog.edu.turku.fi\/kekeperehdytys\/files\/2023\/11\/Tyosali-1.png 1024w\" sizes=\"auto, (max-width: 150px) 85vw, 150px\" \/><\/a><\/p>\n<p><a href=\"https:\/\/blog.edu.turku.fi\/kekeperehdytys\/files\/2023\/12\/Jatehuoltotaulukko-Sote.pdf\"><img loading=\"lazy\" decoding=\"async\" class=\"alignleft wp-image-457 size-thumbnail\" src=\"https:\/\/blog.edu.turku.fi\/kekeperehdytys\/files\/2023\/12\/sote-jatehuolto-kuvake-150x150.png\" alt=\"\" width=\"150\" height=\"150\" srcset=\"https:\/\/blog.edu.turku.fi\/kekeperehdytys\/files\/2023\/12\/sote-jatehuolto-kuvake-150x150.png 150w, https:\/\/blog.edu.turku.fi\/kekeperehdytys\/files\/2023\/12\/sote-jatehuolto-kuvake-300x300.png 300w, https:\/\/blog.edu.turku.fi\/kekeperehdytys\/files\/2023\/12\/sote-jatehuolto-kuvake-1024x1020.png 1024w\" sizes=\"auto, (max-width: 150px) 85vw, 150px\" \/><\/a><\/p>\n<p>&nbsp;<\/p>\n<h3><\/h3>\n<h3><span style=\"color: #00a97a\">Tapahtumien j\u00e4rjest\u00e4minen<\/span><\/h3>\n<p><em><img loading=\"lazy\" decoding=\"async\" class=\"alignleft wp-image-107\" src=\"https:\/\/blog.edu.turku.fi\/kekeperehdytys\/files\/2023\/08\/Arjen-kestavyystoimenpiteet-kuvakkeet-10-241x300.png\" alt=\"\" width=\"125\" height=\"156\" srcset=\"https:\/\/blog.edu.turku.fi\/kekeperehdytys\/files\/2023\/08\/Arjen-kestavyystoimenpiteet-kuvakkeet-10-241x300.png 241w, https:\/\/blog.edu.turku.fi\/kekeperehdytys\/files\/2023\/08\/Arjen-kestavyystoimenpiteet-kuvakkeet-10-823x1024.png 823w, https:\/\/blog.edu.turku.fi\/kekeperehdytys\/files\/2023\/08\/Arjen-kestavyystoimenpiteet-kuvakkeet-10.png 1005w\" sizes=\"auto, (max-width: 125px) 85vw, 125px\" \/><\/em><\/p>\n<p>Huomioi kaikissa TAI:n tapahtumissa kest\u00e4v\u00e4n tapahtumaj\u00e4rjest\u00e4misen ohjeet:<\/p>\n<p><strong>1. Tapahtumapaikan valinta<\/strong><\/p>\n<ul>\n<li>Huomioi tapahtumapaikan valinnassa hyv\u00e4 saavutettavuus julkisella ja kevyell\u00e4 liikenteell\u00e4.<\/li>\n<li>Huomioi tapahtumapaikan valinnassa esteett\u00f6myys<\/li>\n<li>Varmista, ett\u00e4 p\u00e4\u00e4sis\u00e4\u00e4nk\u00e4ynnin l\u00e4hell\u00e4 on mahdollisuus invapys\u00e4k\u00f6intiin.<\/li>\n<\/ul>\n<p><strong>2. Kutsut ja viestint\u00e4<\/strong><\/p>\n<ul>\n<li>Tiedota kutsussa, mill\u00e4 joukkoliikenteen linjalla\/vuorolla tapahtumapaikalle on helppo saapua ja kannusta osallistujia joukkoliikenteen tai kevyen liikenteen k\u00e4ytt\u00f6\u00f6n.<\/li>\n<li>Viesti tapahtuman esteett\u00f6myydest\u00e4 selke\u00e4sti ja muista mainita, mik\u00e4li tapahtumapaikka ei ole esteet\u00f6n.<\/li>\n<li>Muista huolehtia tapahtumapaikalla selke\u00e4st\u00e4 opastuksesta, huomioi my\u00f6s opasteiden selke\u00e4sti erottuvat v\u00e4rit.<\/li>\n<\/ul>\n<p><strong>3. Tarjoilut<\/strong><\/p>\n<ul>\n<li>Suosi tarjoiluissa ilmastoyst\u00e4v\u00e4llisi\u00e4, terveellisi\u00e4, l\u00e4hell\u00e4 tuotettuja tuotteita.<\/li>\n<li>Minimoi h\u00e4vikki ja myy tai lahjoita yli j\u00e4\u00e4v\u00e4 ruoka mahdollisuuksien mukaan eteenp\u00e4in.<\/li>\n<li>V\u00e4lt\u00e4 kertak\u00e4ytt\u00f6astioiden k\u00e4ytt\u00f6\u00e4 ja tarjoa pulloveden sijaan hanavett\u00e4.<\/li>\n<\/ul>\n<p><strong>4. J\u00e4tehuolto<\/strong><\/p>\n<ul>\n<li>Minimoi j\u00e4tteen muodostuminen: v\u00e4lt\u00e4 kertak\u00e4ytt\u00f6tuotteita \u00e4l\u00e4k\u00e4 jaa osallistujille turhaa materiaalia.<\/li>\n<li>Mahdollista j\u00e4tteiden lajittelu ja opasta osallistujia lajittelussa.<\/li>\n<\/ul>\n<h2><span style=\"color: #00a97a\">Kooste: toimenpiteet\u00a0<\/span><\/h2>\n<ul>\n<li><em>Muista, ett\u00e4 pienill\u00e4kin teoilla on merkityst\u00e4! Valitse itsellesi sopivat teot ja toteuta niit\u00e4. Koko maapalloa ei tarvitse pelastaa kerralla eik\u00e4 yksin.<\/em><\/li>\n<li><em>Huolehdi, ett\u00e4 noudatat itse TAI:n kest\u00e4vyysohjeistuksia ja opasta ja ohjeista my\u00f6s muita.<\/em><\/li>\n<\/ul>\n<p><a href=\"https:\/\/blog.edu.turku.fi\/kekeperehdytys\/2-tai-kestavan-kehityksen-tavoitteet\/\"><em><img loading=\"lazy\" decoding=\"async\" class=\"alignleft size-medium wp-image-420\" src=\"https:\/\/blog.edu.turku.fi\/kekeperehdytys\/files\/2023\/11\/nuoli-2-300x63.png\" alt=\"\" width=\"300\" height=\"63\" srcset=\"https:\/\/blog.edu.turku.fi\/kekeperehdytys\/files\/2023\/11\/nuoli-2-300x63.png 300w, https:\/\/blog.edu.turku.fi\/kekeperehdytys\/files\/2023\/11\/nuoli-2.png 974w\" sizes=\"auto, (max-width: 300px) 85vw, 300px\" \/><\/em><\/a><\/p>\n<p><a href=\"https:\/\/blog.edu.turku.fi\/kekeperehdytys\/4-hiiliviisaus\/\"><img loading=\"lazy\" decoding=\"async\" class=\"alignleft size-medium wp-image-410\" src=\"https:\/\/blog.edu.turku.fi\/kekeperehdytys\/files\/2023\/11\/nuoli-1-300x62.png\" alt=\"\" width=\"300\" height=\"62\" srcset=\"https:\/\/blog.edu.turku.fi\/kekeperehdytys\/files\/2023\/11\/nuoli-1-300x62.png 300w, https:\/\/blog.edu.turku.fi\/kekeperehdytys\/files\/2023\/11\/nuoli-1.png 974w\" sizes=\"auto, (max-width: 300px) 85vw, 300px\" \/><\/a><\/p>\n","protected":false},"excerpt":{"rendered":"<p>Arjen kest\u00e4vyystoimenpiteet Mit\u00e4 tavoitteet ja toimenpiteet tarkoittavat k\u00e4yt\u00e4nn\u00f6ss\u00e4 Kest\u00e4vyystoimenpiteet opettajan ty\u00f6ss\u00e4 Huolehtii, ett\u00e4 opiskelijat oppivat toimimaan vastuullisuuslupauksien mukaisesti. Vastaa siit\u00e4, ett\u00e4 kest\u00e4vyysn\u00e4k\u00f6kulma huomioidaan kaikessa opetuksessa. Varmistaa, ett\u00e4 toimii itse ja ett\u00e4 opiskelijat toimivat vastuullisuusohjeistusten mukaisesti. Kest\u00e4vyystoimenpiteet ohjaajan ty\u00f6ss\u00e4 Varmistaa, ett\u00e4 toimii itse ja ett\u00e4 opiskelijat toimivat vastuullisuusohjeistusten mukaisesti. Kest\u00e4vyystoimenpiteet ruokapalveluissa Varmistaa, ett\u00e4 toiminta on TAI.n &hellip; <a href=\"https:\/\/blog.edu.turku.fi\/kekeperehdytys\/3-arjen-kestavyystoimenpiteet\/\" class=\"more-link\">Jatka lukemista<span class=\"screen-reader-text\"> &#8221;3. Toimenpiteet&#8221;<\/span><\/a><\/p>\n","protected":false},"author":3366,"featured_media":0,"parent":0,"menu_order":0,"comment_status":"closed","ping_status":"closed","template":"","meta":{"footnotes":""},"class_list":["post-58","page","type-page","status-publish","hentry"],"_links":{"self":[{"href":"https:\/\/blog.edu.turku.fi\/kekeperehdytys\/wp-json\/wp\/v2\/pages\/58","targetHints":{"allow":["GET"]}}],"collection":[{"href":"https:\/\/blog.edu.turku.fi\/kekeperehdytys\/wp-json\/wp\/v2\/pages"}],"about":[{"href":"https:\/\/blog.edu.turku.fi\/kekeperehdytys\/wp-json\/wp\/v2\/types\/page"}],"author":[{"embeddable":true,"href":"https:\/\/blog.edu.turku.fi\/kekeperehdytys\/wp-json\/wp\/v2\/users\/3366"}],"replies":[{"embeddable":true,"href":"https:\/\/blog.edu.turku.fi\/kekeperehdytys\/wp-json\/wp\/v2\/comments?post=58"}],"version-history":[{"count":43,"href":"https:\/\/blog.edu.turku.fi\/kekeperehdytys\/wp-json\/wp\/v2\/pages\/58\/revisions"}],"predecessor-version":[{"id":572,"href":"https:\/\/blog.edu.turku.fi\/kekeperehdytys\/wp-json\/wp\/v2\/pages\/58\/revisions\/572"}],"wp:attachment":[{"href":"https:\/\/blog.edu.turku.fi\/kekeperehdytys\/wp-json\/wp\/v2\/media?parent=58"}],"curies":[{"name":"wp","href":"https:\/\/api.w.org\/{rel}","templated":true}]}}